{"id":10837,"date":"2025-01-27T15:45:25","date_gmt":"2025-01-27T14:45:25","guid":{"rendered":"https:\/\/finatnew.newhosting.intellijam.com\/prodotto\/nastro-resistente-per-marcatura-di-pavimenti-3m-971\/"},"modified":"2025-05-12T10:58:36","modified_gmt":"2025-05-12T08:58:36","slug":"nastro-resistente-per-marcatura-di-pavimenti-3m-971","status":"publish","type":"product","link":"https:\/\/finatsrl.it\/fr\/product\/nastro-resistente-per-marcatura-di-pavimenti-3m-971\/","title":{"rendered":"Nastro resistente per marcatura di pavimenti 3M 971"},"content":{"rendered":"<div class=\"product-bullet-block\">\n<div class=\"bullet n1\">STRUTTURA RESISTENTE: il supporto in vinile per operazioni pesanti \u00e8 ideale per le aree a traffico intenso<\/div>\n<div class=\"bullet n2\">RIMOZIONE SENZA RESIDUI: l&rsquo;esclusivo adesivo in gomma offre un fissaggio resistente e una rimozione senza residui<\/div>\n<div class=\"bullet n3\">APPLICA IL NASTRO COME PREFERISCI: la struttura senza liner facilita l&rsquo;applicazione a mano o con l&rsquo;applicatore per la delimitazione delle corsie 3M M1<\/div>\n<div class=\"bullet n4\">COLORE BRILLANTE CHE DURA A LUNGO: il supporto facile da pulire mantiene i colori vividi anche in caso di forte usura e lacerazioni<\/div>\n<div class=\"bullet n5\">IDEALE PER IL LEAN MANUFACTURING: usa la codifica a colori per organizzare e ottimizzare magazzini, impianti e centri di distribuzione secondo i moderni principi delle 5S<\/div>\n<div class=\"bullet n6\">Disponibile in varie larghezze fino a 609,6 mm<\/div>\n<div class=\"bullet n7\">Ideale per iniziative di produzione 5S<\/div>\n<\/div>\n<div class=\"product-description-block\">\n<div class=\"short\">Il nastro di marcatura per pavimenti resistente 3M 971 \u00e8 composto da un supporto in vinile per operazioni pesanti e un adesivo in gomma. Il supporto resistente e duraturo resiste al trascinamento dei pallet e all&rsquo;elevato traffico di carrelli elevatori ed \u00e8 facile da rimuovere. Questo nastro \u00e8 progettato per la marcatura affidabile e a lungo termine dei pavimenti, ma pu\u00f2 essere rimosso senza residui in un unico pezzo.<\/div>\n<div class=\"extended\">Un nastro adesivo per operazioni pesanti e traffico intenso Il nastro di marcatura per pavimenti resistente 3M 971 \u00e8 appositamente progettato per resistere in zone a traffico intenso, con colori che rimangono brillanti anche se esposti a forti abrasioni come la graffiatura da parte di pallet e attrezzature pesanti. Il robusto supporto \u00e8 caratterizzato da un basso profilo e dalla resistenza all&rsquo;arricciatura, che pu\u00f2 provocare il sollevamento dei bordi e ridurre la durata del nastro di marcatura per pavimenti. L&rsquo;adesivo in gomma garantisce un forte adesione ai pavimenti e favorisce la rimozione senza residui in un unico pezzo anche dopo un uso prolungato. Questo nastro \u00e8 privo di liner e pu\u00f2 essere facilmente applicato manualmente o con l&rsquo;applicatore per la delimitazione delle corsie 3M M-1. Questo nastro di marcatura per pavimenti \u00e8 ideale per le iniziative di Lean Manufacturing 5S ed \u00e8 disponibile in vari colori e larghezze fino a 610 mm.<\/div>\n<\/div>\n","protected":false},"excerpt":{"rendered":"<p>Il nastro di marcatura per pavimenti resistente 3M 971 \u00e8 composto da un supporto in vinile per operazioni pesanti e un adesivo in gomma. Il supporto resistente e duraturo resiste al trascinamento dei pallet e all&rsquo;elevato traffico di carrelli elevatori ed \u00e8 facile da rimuovere. Questo nastro \u00e8 progettato per la marcatura affidabile e a lungo termine dei pavimenti, ma pu\u00f2 essere rimosso senza residui in un unico pezzo.<\/p>\n","protected":false},"featured_media":8417,"template":"","meta":{"_acf_changed":false},"product_brand":[3337],"product_cat":[29,801],"product_tag":[1396,1397,1102,1394,1393,1390,1392,1391,1398,1395],"class_list":{"0":"post-10837","1":"product","2":"type-product","3":"status-publish","4":"has-post-thumbnail","6":"product_brand-3m","7":"product_cat-adesivi-e-nastri-industriali","8":"product_cat-nastri-per-schermature-e-alte-prestazioni","9":"product_tag-delimitazione-di-corsie","10":"product_tag-metodo-5s","11":"product_tag-nastro-adesivo","12":"product_tag-nastro-di-sicurezza","13":"product_tag-nastro-per-marcatura-di-pavimenti","14":"product_tag-nastro-per-marcatura-di-pavimenti-resistente","15":"product_tag-nastro-senza-liner","16":"product_tag-pavimenti-dei-magazzini","17":"product_tag-vernice-per-pavimenti-resistente","18":"product_tag-vertical-farm","20":"first","21":"instock","22":"product-type-simple"},"acf":{"short_description":"","long_description":"","feature_1":"","feature_2":"","feature_3":"","feature_4":"","feature_5":"","feature_6":"","feature_7":"","feature_8":"","feature_9":"","feature_10":""},"_links":{"self":[{"href":"https:\/\/finatsrl.it\/fr\/wp-json\/wp\/v2\/product\/10837","targetHints":{"allow":["GET"]}}],"collection":[{"href":"https:\/\/finatsrl.it\/fr\/wp-json\/wp\/v2\/product"}],"about":[{"href":"https:\/\/finatsrl.it\/fr\/wp-json\/wp\/v2\/types\/product"}],"wp:featuredmedia":[{"embeddable":true,"href":"https:\/\/finatsrl.it\/fr\/wp-json\/wp\/v2\/media\/8417"}],"wp:attachment":[{"href":"https:\/\/finatsrl.it\/fr\/wp-json\/wp\/v2\/media?parent=10837"}],"wp:term":[{"taxonomy":"product_brand","embeddable":true,"href":"https:\/\/finatsrl.it\/fr\/wp-json\/wp\/v2\/product_brand?post=10837"},{"taxonomy":"product_cat","embeddable":true,"href":"https:\/\/finatsrl.it\/fr\/wp-json\/wp\/v2\/product_cat?post=10837"},{"taxonomy":"product_tag","embeddable":true,"href":"https:\/\/finatsrl.it\/fr\/wp-json\/wp\/v2\/product_tag?post=10837"}],"curies":[{"name":"wp","href":"https:\/\/api.w.org\/{rel}","templated":true}]}}