{"id":10742,"date":"2025-02-01T10:31:13","date_gmt":"2025-02-01T09:31:13","guid":{"rendered":"https:\/\/finatnew.newhosting.intellijam.com\/prodotto\/nastro-3m-vhb-4941f\/"},"modified":"2025-02-20T16:21:54","modified_gmt":"2025-02-20T15:21:54","slug":"nastro-3m-vhb-4941f","status":"publish","type":"product","link":"https:\/\/finatsrl.it\/fr\/product\/nastro-3m-vhb-4941f\/","title":{"rendered":"Nastro 3M VHB 4941F"},"content":{"rendered":"<div class=\"product-bullet-block\">\n<div class=\"bullet n1\">Un metodo di incollaggio semplice e veloce che fornisce un&rsquo;elevata resistenza e una lunga durabilit\u00e0<\/div>\n<div class=\"bullet n2\">L&rsquo;adesivo sensibile alla pressione si fissa con il semplice contatto, garantendo un&rsquo;adesione immediata e a forte tenuta<\/div>\n<div class=\"bullet n3\">L&rsquo;aspetto praticamente invisibile del fissaggio aiuta a mantenere le superfici lisce e pulite<\/div>\n<div class=\"bullet n4\">Adesivo grigio di 1,1 mm e nucleo conformabile in schiuma per un corretto bilanciamento di tenuta e conformabilit\u00e0 nelle applicazioni pi\u00f9 impegnative, specialmente su substrati con alta e media energia superficiale<\/div>\n<div class=\"bullet n5\">Pu\u00f2 sostituire i sistemi di fissaggio meccanici (rivetti, saldature, viti) e gli adesivi liquidi, eliminando la necessit\u00e0 di trapanare, levigare, rifinire, avvitare, saldare e pulire<\/div>\n<div class=\"bullet n6\">La capacit\u00e0 di assorbimento delle sollecitazioni riduce la vibrazione e la sollecitazione d&rsquo;urto<\/div>\n<div class=\"bullet n7\">Crea un isolamento permanente da acqua, umidit\u00e0 e altri agenti<\/div>\n<\/div>\n<div class=\"product-description-block\">\n<div class=\"short\">Il nastro VHB 4941 di 3M \u00e8 un nastro espanso a cellule chiuse, acrilico, sensibile alla pressione, biadesivo e conformabile. Colore: grigio, spessore: 1,1 mm<\/div>\n<div class=\"extended\">Praticit\u00e0 unita a un&rsquo;elevata capacit\u00e0 di fissaggio Il nostro 3M VHB 4941 \u00e8 formato da un adesivo acrilico resistente con propriet\u00e0 viscoelastiche. \u00c8 quindi un nastro biadesivo in schiuma straordinariamente robusto che aderisce a una vasta gamma di substrati, tra cui alluminio, acciaio inox, acciaio zincato, compositi, plastiche, acrilico, policarbonato, ABS, legno verniciato o sigillato. Questi nastri per fissaggio offrono un&rsquo;elevata resistenza al taglio e alle alte temperature, conformabilit\u00e0 e adesivit\u00e0 alle superfici. Trovano generalmente impiego in applicazioni per vari settori, quali trasporti, elettronica, edilizia, segnaletica e nelle applicazioni industriali generiche. Consentono un&rsquo;adesione permanente tra vari materiali, garantendo resistenza e rapidit\u00e0. Applicazioni consigliate: parti tagliate e materiali decorativi, targhe e loghi, insegne elettroniche, pannelli su telai e rinforzi su pannelli. Immagina, progetta, produci con la famiglia di nastri 3M VHB 4941 Il nastro 3M VHB 4941 fa parte della famiglia 4941 di nastri 3M VHB. \u00c8 caratterizzato da un adesivo acrilico universale su entrambi i lati di un nucleo conformabile in schiuma. La combinazione di resistenza, conformabilit\u00e0 e adesivit\u00e0 rende questa linea una delle pi\u00f9 valide e versatili tra le famiglie di nastri 3M VHB. \u00c8 progettato appositamente per garantire una buona adesivit\u00e0 a metalli, vetro e altri supporti, oltre ad una vasta gamma di materiali ad alta energia superficiale. Offre inoltre una buona adesivit\u00e0 ad un&rsquo;ampia variet\u00e0 di plastiche, compreso il vinile plasticizzato. Questo nastro pu\u00f2 essere usato, tra l&rsquo;altro, per sigillare le lenti in policarbonato sui dispositivi LCD, per fissare i pannelli di controllo grazie alla compatibilit\u00e0 con diversi tipi di vernice e per montare condotti e canaline per la spiccata resistenza agli agenti plastificanti presenti nei prodotti vinilici. Nastro in schiuma non tradizionale I nastri VHB, inventati da 3M nel 1980, sono stati i primi della categoria. Questi esclusivi nastri uniscono la conformabilit\u00e0 a un fissaggio resistente permanente. Il risultato \u00e8 una famiglia di nastri estremamente resistenti, in grado di aderire a una vasta gamma di substrati. Il nastro 3M VHB \u00e8 un&rsquo;alternativa collaudata a viti, rivetti, saldature e altri metodi di fissaggio meccanico. Facciate continue, smartphone, segnaletica stradale, frigoriferi, finestre di design e altro ancora: il nastro VHB \u00e8 ideale per tutte queste applicazioni in una o pi\u00f9 fasi del processo di assemblaggio, montaggio, fissaggio e sigillatura. Questo nastro sicuro e affidabile offre un fissaggio uniforme, un&rsquo;eccezionale robustezza e un&rsquo;ottima resistenza a solventi e umidit\u00e0. 3M garantisce supporto per tutti i propri prodotti ed \u00e8 a disposizione per un aiuto specifico o per consigli sulle applicazioni se necessario. Affidabilit\u00e0 comprovata dei nastri 3M VHB Il nastro 3M VHB offre un fissaggio resistente e altri vantaggi che i fissaggi meccanici non possono garantire. Questo nastro migliora l&rsquo;aspetto dei prodotti finiti eliminando rivetti e viti e offrendo al tempo stesso la possibilit\u00e0 di movimentare immediatamente il prodotto assemblato. Nella maggior parte dei casi, il fissaggio con nastri 3M VHB consente un processo pi\u00f9 rapido del fissare con metodi meccanici o usare un adesivo liquido. Questa linea versatile di nastri pu\u00f2 essere usata in interno o esterno e in varie applicazioni, tra cui l&rsquo;assemblaggio di finestre, porte e insegne e in applicazioni per i settori dell&rsquo;elettronica, delle costruzioni e di molte altre applicazioni industriali. Il nastro 3M VHB \u00e8 resistente alle sostanze chimiche, non \u00e8 soggetto a variazioni dovute ai raggi UV o al variare della temperatura ed \u00e8 in grado di tollerare il caldo di Dubai e il freddo del Canada. L&rsquo;esclusiva composizione chimica dell&rsquo;adesivo acrilico \u00e8 particolarmente robusta, non si altera nel tempo e rende quindi questo prodotto un nastro duraturo e forte su cui fare affidamento. Far emergere idee migliori grazie alla scienza e all&rsquo;innovazione La divisione 3M Industrial Adhesives and Tapes applica la conoscenza scientifica dell&rsquo;adesivit\u00e0 per offrire soluzioni innovative che migliorano i processi aziendali di design e produzione in tutto il mondo. Queste tecnologie aiutano i clienti a lanciare sul mercato prodotti competitivi in modo pi\u00f9 efficiente e rapido.<\/div>\n<\/div>\n","protected":false},"excerpt":{"rendered":"<p>Il nastro VHB 4941 di 3M \u00e8 un nastro espanso a cellule chiuse, acrilico, sensibile alla pressione, biadesivo e conformabile. Colore: grigio, spessore: 1,1 mm<\/p>\n","protected":false},"featured_media":12665,"template":"","meta":{"_acf_changed":false},"product_brand":[3360],"product_cat":[29,269],"product_tag":[3338,3872,3873,3874,3875,3816,3397,3876,3805,2157,2158,1629,1973,3815,2309,3813,1489,1622,2297,2328,2326,3877,3803,3804,3799,2302,1102,1101,1597,3798,2568,2555,1941,1092,3808,3806,1706,1800,3878,1820,3801,1615,3809,3790,3814,3807],"class_list":{"0":"post-10742","1":"product","2":"type-product","3":"status-publish","4":"has-post-thumbnail","6":"product_brand-vhb","7":"product_cat-adesivi-e-nastri-industriali","8":"product_cat-nastri-in-schiuma","9":"product_tag-3m","10":"product_tag-adesivita-a-metalli","11":"product_tag-adesivita-a-plastiche","12":"product_tag-adesivita-a-vari-substrati","13":"product_tag-adesivita-a-vetro","14":"product_tag-adesivo-acrilico-resistente","15":"product_tag-adesivo-sensibile-alla-pressione","16":"product_tag-alta-durabilita","17":"product_tag-applicazione-segnaletica","18":"product_tag-applicazioni-edilizia","19":"product_tag-applicazioni-elettronica","20":"product_tag-applicazioni-industriali","21":"product_tag-applicazioni-trasporti","22":"product_tag-colore-grigio","23":"product_tag-fissaggio-permanente","24":"product_tag-fissaggio-uniforme","25":"product_tag-incollaggio-rapido","26":"product_tag-isolamento-da-acqua","27":"product_tag-legno-verniciato","28":"product_tag-loghi","29":"product_tag-materiali-decorativi","30":"product_tag-miglioramento-produttivitanastro-vhbnastro-estrudibilesoluzione-di-incollaggiosistema-di-incollaggioincollaggio-on-demandnastro-in-schiuma","31":"product_tag-montaggio-finestre","32":"product_tag-montaggio-porte","33":"product_tag-nastri-per-assemblaggio","34":"product_tag-nastro-acrilico","35":"product_tag-nastro-adesivo","36":"product_tag-nastro-biadesivo","37":"product_tag-nastro-conformabile","38":"product_tag-nastro-espanso","39":"product_tag-nastro-grigio","40":"product_tag-nastro-per-fissaggio","41":"product_tag-nastro-resistente","42":"product_tag-nastro-vhb","43":"product_tag-pannelli-su-telai","44":"product_tag-resistenza-agli-agenti-plastificanti","45":"product_tag-resistenza-ai-raggi-uv","46":"product_tag-resistenza-ai-solventi","47":"product_tag-resistenza-allumidita","48":"product_tag-resistenza-alle-alte-temperature","49":"product_tag-resistenza-alle-vibrazioni","50":"product_tag-resistenza-chimica","51":"product_tag-rinforzi-su-pannelli","52":"product_tag-sostituzione-fissaggi-meccanici","53":"product_tag-spessore-1-1-mm","54":"product_tag-tagliate","55":"pa_colore-grigio","57":"first","58":"instock","59":"product-type-simple"},"acf":{"short_description":"","long_description":"","feature_1":"","feature_2":"","feature_3":"","feature_4":"","feature_5":"","feature_6":"","feature_7":"","feature_8":"","feature_9":"","feature_10":""},"_links":{"self":[{"href":"https:\/\/finatsrl.it\/fr\/wp-json\/wp\/v2\/product\/10742","targetHints":{"allow":["GET"]}}],"collection":[{"href":"https:\/\/finatsrl.it\/fr\/wp-json\/wp\/v2\/product"}],"about":[{"href":"https:\/\/finatsrl.it\/fr\/wp-json\/wp\/v2\/types\/product"}],"wp:featuredmedia":[{"embeddable":true,"href":"https:\/\/finatsrl.it\/fr\/wp-json\/wp\/v2\/media\/12665"}],"wp:attachment":[{"href":"https:\/\/finatsrl.it\/fr\/wp-json\/wp\/v2\/media?parent=10742"}],"wp:term":[{"taxonomy":"product_brand","embeddable":true,"href":"https:\/\/finatsrl.it\/fr\/wp-json\/wp\/v2\/product_brand?post=10742"},{"taxonomy":"product_cat","embeddable":true,"href":"https:\/\/finatsrl.it\/fr\/wp-json\/wp\/v2\/product_cat?post=10742"},{"taxonomy":"product_tag","embeddable":true,"href":"https:\/\/finatsrl.it\/fr\/wp-json\/wp\/v2\/product_tag?post=10742"}],"curies":[{"name":"wp","href":"https:\/\/api.w.org\/{rel}","templated":true}]}}