{"id":10727,"date":"2025-01-27T15:44:39","date_gmt":"2025-01-27T14:44:39","guid":{"rendered":"https:\/\/finatnew.newhosting.intellijam.com\/prodotto\/nastro-3m-vhb-5925f\/"},"modified":"2025-06-27T10:19:09","modified_gmt":"2025-06-27T08:19:09","slug":"nastro-3m-vhb-5925f","status":"publish","type":"product","link":"https:\/\/finatsrl.it\/fr\/product\/nastro-3m-vhb-5925f\/","title":{"rendered":"Nastro 3M VHB 5925F"},"content":{"rendered":"<div class=\"product-bullet-block\">\n<div class=\"bullet n1\">Adesivo acrilico modificato, nero, 0.64 mm, con anima in schiuma acrilica molto conformabile<\/div>\n<div class=\"bullet n2\">Eccellente adesione ad un&rsquo;ampia variet\u00e0 di superfici, tra cui quelle verniciate a polvere<\/div>\n<div class=\"bullet n3\">Incollagi forti e duraturi su un&rsquo;ampia variet\u00e0 di substrati ad energia superficiale medio-alta come alluminio, acciaio inossidabile, acciaio galvanizzato, policarbonato, ABS<\/div>\n<div class=\"bullet n4\">Elevata resistenza all&rsquo;invecchiamento<\/div>\n<div class=\"bullet n5\">Crea una sigillatura permanente contro acqua, umidit\u00e0 e altro ancora<\/div>\n<div class=\"bullet n6\">L&rsquo;elevato assorbimento di stress dinamico riduce le vibrazioni e lo stress da urti<\/div>\n<div class=\"bullet n7\">Eliminazione di forature, rifiniture, avvitamenti, saldature e operazioni di pulizia<\/div>\n<\/div>\n<div class=\"product-description-block\">\n<div class=\"short\">Il modo forte, veloce e semplice per creare fissaggi durevoli e affidabili, eliminando rivetti, viti, bulloni e saldature. Il nastro 3M VHB 5925F offre elevata resistenza e durata nel tempo. Offre flessibilit\u00e0 di progettazione grazie alla sua viscoelasticit\u00e0 e alla potente capacit\u00e0 di incollare una variet\u00e0 di superfici.<\/div>\n<div class=\"extended\">Progettato per l&rsquo;incollaggio permanente su superfici irregolari verniciate a polvere e rigide. Offre una buona adesione alla pi\u00f9 ampia variet\u00e0 di superfici, tra cui altre materie plastiche e vernici ad alta e media energia, metalli e vetro.<\/div>\n<\/div>\n","protected":false},"excerpt":{"rendered":"<p>Il modo forte, veloce e semplice per creare fissaggi durevoli e affidabili, eliminando rivetti, viti, bulloni e saldature. Il nastro 3M VHB 5925F offre elevata resistenza e durata nel tempo. Offre flessibilit\u00e0 di progettazione grazie alla sua viscoelasticit\u00e0 e alla potente capacit\u00e0 di incollare una variet\u00e0 di superfici.<\/p>\n","protected":false},"featured_media":8180,"template":"","meta":{"_acf_changed":false},"product_brand":[3360],"product_cat":[29,269],"product_tag":[3338,3385,3539,3352,3437,3348,3351,2543,1493,2547,2548,2467,2468,2540,2518,2542,1499,1096,2549,2545,1829,2519,2318,1533,3887,2539,2550,1093,1097,1092,1657,2216,2546,2460,2551,2461,1095,1094,2454,1853,1756,1556,3888],"class_list":{"0":"post-10727","1":"product","2":"type-product","3":"status-publish","4":"has-post-thumbnail","6":"product_brand-vhb","7":"product_cat-adesivi-e-nastri-industriali","8":"product_cat-nastri-in-schiuma","9":"product_tag-3m","10":"product_tag-abs","11":"product_tag-acciaio-galvanizzato","12":"product_tag-acciaio-inossidabile","13":"product_tag-adesione-plastica","14":"product_tag-adesivo-acrilico","15":"product_tag-alluminio","16":"product_tag-assorbimento-stress-dinamico","17":"product_tag-edilizia","18":"product_tag-elettrica","19":"product_tag-elettronica-di-consumo","20":"product_tag-energia-eolica","21":"product_tag-energia-solare","22":"product_tag-fissaggi-durevoli","23":"product_tag-forte-adesione","24":"product_tag-incolla-superfici","25":"product_tag-incollaggio-e-assemblaggio","26":"product_tag-incollaggio-on-demand","27":"product_tag-industria-alimentare","28":"product_tag-industria-automotive","29":"product_tag-manutenzione-edifici","30":"product_tag-materiali-dissimili","31":"product_tag-materiali-leggeri","32":"product_tag-metalli","33":"product_tag-miglioramento-produttivita","34":"product_tag-nastro-3m-vhb-5925f","35":"product_tag-nastro-adesivoindustriale","36":"product_tag-nastro-estrudibile","37":"product_tag-nastro-in-schiuma","38":"product_tag-nastro-vhb","39":"product_tag-policarbonato","40":"product_tag-produzione-industriale","41":"product_tag-progettazione-architettonica","42":"product_tag-resistenza-invecchiamento","43":"product_tag-resistenza-vibrazioni","44":"product_tag-sigillatura-permanente","45":"product_tag-sistema-di-incollaggio","46":"product_tag-soluzione-di-incollaggio","47":"product_tag-sostituisce-rivetti","48":"product_tag-superfici-verniciate-a-polvere","49":"product_tag-uso-interno-ed-esterno","50":"product_tag-vetro","51":"product_tag-viscoelasticita","52":"pa_colore-nero","54":"first","55":"instock","56":"product-type-simple"},"acf":{"short_description":"","long_description":"","feature_1":"","feature_2":"","feature_3":"","feature_4":"","feature_5":"","feature_6":"","feature_7":"","feature_8":"","feature_9":"","feature_10":""},"_links":{"self":[{"href":"https:\/\/finatsrl.it\/fr\/wp-json\/wp\/v2\/product\/10727","targetHints":{"allow":["GET"]}}],"collection":[{"href":"https:\/\/finatsrl.it\/fr\/wp-json\/wp\/v2\/product"}],"about":[{"href":"https:\/\/finatsrl.it\/fr\/wp-json\/wp\/v2\/types\/product"}],"wp:featuredmedia":[{"embeddable":true,"href":"https:\/\/finatsrl.it\/fr\/wp-json\/wp\/v2\/media\/8180"}],"wp:attachment":[{"href":"https:\/\/finatsrl.it\/fr\/wp-json\/wp\/v2\/media?parent=10727"}],"wp:term":[{"taxonomy":"product_brand","embeddable":true,"href":"https:\/\/finatsrl.it\/fr\/wp-json\/wp\/v2\/product_brand?post=10727"},{"taxonomy":"product_cat","embeddable":true,"href":"https:\/\/finatsrl.it\/fr\/wp-json\/wp\/v2\/product_cat?post=10727"},{"taxonomy":"product_tag","embeddable":true,"href":"https:\/\/finatsrl.it\/fr\/wp-json\/wp\/v2\/product_tag?post=10727"}],"curies":[{"name":"wp","href":"https:\/\/api.w.org\/{rel}","templated":true}]}}