{"id":10715,"date":"2025-01-27T15:44:17","date_gmt":"2025-01-27T14:44:17","guid":{"rendered":"https:\/\/finatnew.newhosting.intellijam.com\/prodotto\/nastro-3m-vhb-4915f\/"},"modified":"2025-11-26T12:06:21","modified_gmt":"2025-11-26T11:06:21","slug":"nastro-3m-vhb-4915f","status":"publish","type":"product","link":"https:\/\/finatsrl.it\/fr\/product\/nastro-3m-vhb-4915f\/","title":{"rendered":"Nastro 3M VHB 4915F"},"content":{"rendered":"<div class=\"product-bullet-block\">\n<div class=\"bullet n1\">Adesivo acrilico generico, trasparente, 1.5 mm, con anima in schiuma acrilica solida<\/div>\n<div class=\"bullet n2\">La costruzione trasparente consente giunzioni di materiali trasparenti e linee di legame praticamente invisibili<\/div>\n<div class=\"bullet n3\">Incollaggi forti e duraturi su un&rsquo;ampia variet\u00e0 di substrati ad energia superficiale medio-alta come vernici, metalli e vetro, vetro acrilico (PMMA), policarbonato<\/div>\n<div class=\"bullet n4\">Prestazioni esterne superiori, resistenza ai raggi UV e ai solventi<\/div>\n<div class=\"bullet n5\">Elevata resistenza all&rsquo;invecchiamento<\/div>\n<div class=\"bullet n6\">Crea una sigillatura permanente contro acqua, umidit\u00e0 e altro ancora<\/div>\n<div class=\"bullet n7\">L&rsquo;elevato assorbimento di stress dinamico riduce le vibrazioni e lo stress da urti<\/div>\n<\/div>\n<div class=\"product-description-block\">\n<div class=\"short\">Il modo forte, rapido e semplice per creare legami durevoli e affidabili, eliminando rivetti, viti, bulloni e saldature. Il nastro 3M VHB 4915 \u00e8 progettato per l&rsquo;incollaggio di materiali trasparenti o ovunque sia necessario un legame trasparente.<\/div>\n<div class=\"extended\">Progettato per creare incollaggi duraturi e affidabili di materiali trasparenti o ovunque serva una legame trasparente.<\/div>\n<\/div>\n","protected":false},"excerpt":{"rendered":"<p>Il modo forte, rapido e semplice per creare legami durevoli e affidabili, eliminando rivetti, viti, bulloni e saldature. Il nastro 3M VHB 4915 \u00e8 progettato per l&rsquo;incollaggio di materiali trasparenti o ovunque sia necessario un legame trasparente.<\/p>\n","protected":false},"featured_media":8339,"template":"","meta":{"_acf_changed":false},"product_brand":[3360],"product_cat":[1052,1067],"product_tag":[1096,1093,1097,1092,1095,1094,1091],"class_list":{"0":"post-10715","1":"product","2":"type-product","3":"status-publish","4":"has-post-thumbnail","6":"product_brand-vhb","7":"product_cat-industrial-adhesives-tapes-de","8":"product_cat-foam-tapes-de","9":"product_tag-incollaggio-on-demand","10":"product_tag-nastro-estrudibile","11":"product_tag-nastro-in-schiuma","12":"product_tag-nastro-vhb","13":"product_tag-sistema-di-incollaggio","14":"product_tag-soluzione-di-incollaggio","15":"product_tag-vhb","16":"pa_colore-trasparente","18":"first","19":"instock","20":"product-type-simple"},"acf":{"short_description":"Il Nastro 3M VHB 4915F \u00e8 la soluzione ideale per applicazioni industriali che richiedono un'adesione forte e duratura. Perfetto per una variet\u00e0 di materiali, offre prestazioni eccezionali in ambienti difficili.","long_description":"<p>Il Nastro 3M VHB 4915F \u00e8 un nastro adesivo in schiuma altamente performante, progettato per soddisfare le esigenze delle applicazioni industriali pi\u00f9 impegnative. Questo nastro \u00e8 particolarmente indicato per l'assemblaggio di materiali dissimili, come metalli, plastica e vetro, garantendo una tenuta stagna e resistente nel tempo. La sua struttura in schiuma offre una capacit\u00e0 di assorbimento delle vibrazioni, rendendolo perfetto per applicazioni che richiedono un'ottima resistenza agli urti.<\/p>\n<p>La tecnologia VHB (Very High Bond) di 3M assicura che questo nastro fornisca una forza di adesione iniziale elevata, con una resistenza a lungo termine che supera le aspettative. Inoltre, il nastro \u00e8 resistente agli agenti atmosferici, ai raggi UV e ai solventi, rendendolo ideale per l'uso in ambienti esterni e industriali.<\/p>\n<p>Le applicazioni del Nastro 3M VHB 4915F sono praticamente illimitate: dall'assemblaggio di pannelli e facciate all'installazione di componenti elettronici, questo nastro \u00e8 la scelta perfetta per chi cerca soluzioni di alta qualit\u00e0. Grazie alla sua facilit\u00e0 di applicazione, \u00e8 possibile ridurre i tempi di lavorazione e migliorare l'efficienza produttiva. Infine, la sua versatilit\u00e0 lo rende un prodotto indispensabile per ogni professionista del settore.<\/p>","feature_1":"Adesione istantanea per un fissaggio veloce e sicuro","feature_2":"Struttura in schiuma per assorbire vibrazioni e urti","feature_3":"Resistente agli agenti atmosferici e ai raggi UV","feature_4":"Adatto per materiali dissimili: metallo, plastica, vetro","feature_5":"Alta resistenza alla temperatura fino a 120\u00b0C","feature_6":"Eccellente resistenza a solventi e chimici","feature_7":"Flessibilit\u00e0 per applicazioni su superfici irregolari","feature_8":"Facile da applicare senza necessit\u00e0 di attrezzature speciali","feature_9":"Durata nel tempo garantita per applicazioni industriali","feature_10":"Certificato per applicazioni in ambienti critici"},"_links":{"self":[{"href":"https:\/\/finatsrl.it\/fr\/wp-json\/wp\/v2\/product\/10715","targetHints":{"allow":["GET"]}}],"collection":[{"href":"https:\/\/finatsrl.it\/fr\/wp-json\/wp\/v2\/product"}],"about":[{"href":"https:\/\/finatsrl.it\/fr\/wp-json\/wp\/v2\/types\/product"}],"wp:featuredmedia":[{"embeddable":true,"href":"https:\/\/finatsrl.it\/fr\/wp-json\/wp\/v2\/media\/8339"}],"wp:attachment":[{"href":"https:\/\/finatsrl.it\/fr\/wp-json\/wp\/v2\/media?parent=10715"}],"wp:term":[{"taxonomy":"product_brand","embeddable":true,"href":"https:\/\/finatsrl.it\/fr\/wp-json\/wp\/v2\/product_brand?post=10715"},{"taxonomy":"product_cat","embeddable":true,"href":"https:\/\/finatsrl.it\/fr\/wp-json\/wp\/v2\/product_cat?post=10715"},{"taxonomy":"product_tag","embeddable":true,"href":"https:\/\/finatsrl.it\/fr\/wp-json\/wp\/v2\/product_tag?post=10715"}],"curies":[{"name":"wp","href":"https:\/\/api.w.org\/{rel}","templated":true}]}}