{"id":10710,"date":"2025-01-27T15:44:17","date_gmt":"2025-01-27T14:44:17","guid":{"rendered":"https:\/\/finatnew.newhosting.intellijam.com\/prodotto\/nastro-3m-vhb-5952f\/"},"modified":"2025-11-26T12:06:21","modified_gmt":"2025-11-26T11:06:21","slug":"nastro-3m-vhb-5952f","status":"publish","type":"product","link":"https:\/\/finatsrl.it\/fr\/product\/nastro-3m-vhb-5952f\/","title":{"rendered":"Nastro 3M VHB 5952F"},"content":{"rendered":"<div class=\"product-bullet-block\">\n<div class=\"bullet n1\">Adesivo acrilico modificato, nero, 1.1 mm, con anima in schiuma acrilica molto conformabile<\/div>\n<div class=\"bullet n2\">Eccellente adesione ad un&rsquo;ampia variet\u00e0 di superfici, comprese la maggior parte delle vernici a polvere, metalli, vetro, legno sigillato, acrilico, policarbonato, ABS<\/div>\n<div class=\"bullet n3\">Ottime prestazioni in condizioni estreme, resistenza ai raggi UV e ai solventi<\/div>\n<div class=\"bullet n4\">Elevata resistenza all&rsquo;invecchiamento<\/div>\n<div class=\"bullet n5\">Crea una sigillatura permanente contro acqua, umidit\u00e0 e altro ancora<\/div>\n<div class=\"bullet n6\">L&rsquo;elevato assorbimento di stress dinamico riduce le vibrazioni e lo stress da urti<\/div>\n<div class=\"bullet n7\">Eliminazione di forature, rifiniture, avvitamenti, saldature e operazioni di pulizia<\/div>\n<\/div>\n<div class=\"product-description-block\">\n<div class=\"short\">Il modo forte, veloce e semplice per creare fissaggi durevoli e affidabili, eliminando rivetti, viti, bulloni e saldature. Il nastro 3M VHB 5952 offre elevata resistenza e durata nel tempo. Offre flessibilit\u00e0 di progettazione grazie alla sua viscoelasticit\u00e0 e alla potente capacit\u00e0 di incollare una variet\u00e0 di superfici.<\/div>\n<div class=\"extended\">Progettato per l&rsquo;incollaggio permanente su superfici irregolari verniciate a polvere e rigide. Offre una buona adesione alla pi\u00f9 ampia variet\u00e0 di superfici, tra cui altre materie plastiche e vernici ad alta e media energia, metalli e vetro.<\/div>\n<\/div>\n","protected":false},"excerpt":{"rendered":"<p>Il modo forte, veloce e semplice per creare fissaggi durevoli e affidabili, eliminando rivetti, viti, bulloni e saldature. Il nastro 3M VHB 5952 offre elevata resistenza e durata nel tempo. Offre flessibilit\u00e0 di progettazione grazie alla sua viscoelasticit\u00e0 e alla potente capacit\u00e0 di incollare una variet\u00e0 di superfici.<\/p>\n","protected":false},"featured_media":8336,"template":"","meta":{"_acf_changed":false},"product_brand":[3360],"product_cat":[29,269],"product_tag":[1096,1093,1097,1092,1095,1094,1091],"class_list":{"0":"post-10710","1":"product","2":"type-product","3":"status-publish","4":"has-post-thumbnail","6":"product_brand-vhb","7":"product_cat-adesivi-e-nastri-industriali","8":"product_cat-nastri-in-schiuma","9":"product_tag-incollaggio-on-demand","10":"product_tag-nastro-estrudibile","11":"product_tag-nastro-in-schiuma","12":"product_tag-nastro-vhb","13":"product_tag-sistema-di-incollaggio","14":"product_tag-soluzione-di-incollaggio","15":"product_tag-vhb","16":"pa_colore-nero","18":"first","19":"instock","20":"product-type-simple"},"acf":{"short_description":"Il Nastro 3M VHB 5952F \u00e8 la soluzione perfetta per adesioni forti e durature in ambito industriale. Progettato per resistere in ambienti difficili, offre prestazioni eccezionali.","long_description":"<p>Il Nastro 3M VHB 5952F rappresenta una soluzione all'avanguardia nel settore degli adesivi e nastri industriali. Questo nastro in schiuma \u00e8 stato progettato per garantire una tenuta eccezionale, perfetta per applicazioni che richiedono una resistenza meccanica superiore e un'adesione duratura su diverse superfici, come metallo, plastica e vetro. Grazie alla sua formulazione unica, il VHB 5952F \u00e8 in grado di assorbire vibrazioni e supportare carichi pesanti, rendendolo ideale per l'industria automobilistica, elettronica e della costruzione.<\/p>\n<p>Le sue caratteristiche tecniche lo rendono un prodotto di scelta per professionisti che necessitano di prestazioni affidabili. Con uno spessore di 1,1 mm, questo nastro offre un'ottima capacit\u00e0 di adesione e isolamento termico, con una temperatura di servizio che varia da -40 \u00b0C a 90 \u00b0C. Inoltre, la sua resistenza ai solventi e agli agenti chimici lo rende adatto anche per ambienti pi\u00f9 esigenti.<\/p>\n<p>La facilit\u00e0 di applicazione \u00e8 un altro dei punti forti del Nastro 3M VHB 5952F. Grazie alla sua struttura a doppia faccia, \u00e8 possibile ottenere risultati precisi e puliti, senza necessit\u00e0 di attrezzature speciali. La pellicola di protezione consente una gestione agevole, riducendo i tempi di installazione e aumentando l'efficienza operativa. In aggiunta, questo prodotto \u00e8 compatibile con diverse tecnologie di assemblaggio e pu\u00f2 essere utilizzato anche in applicazioni di incollaggio strutturale.<\/p>\n<p>Scegliere il Nastro 3M VHB 5952F significa non solo optare per un prodotto di alta qualit\u00e0, ma anche per una soluzione che migliora la produttivit\u00e0 e la sicurezza delle operazioni industriali. Non perdere l'opportunit\u00e0 di migliorare i tuoi processi con questo nastro eccezionale, la scelta ideale per chi cerca performance elevate e affidabilit\u00e0 nel tempo.<\/p>","feature_1":"Spessore di 1,1 mm per una tenuta ottimale","feature_2":"Resistenza a temperature da -40 \u00b0C a 90 \u00b0C","feature_3":"Eccellente adesione su metallo, plastica e vetro","feature_4":"Propriet\u00e0 di assorbimento delle vibrazioni","feature_5":"Resistente a solventi e agenti chimici","feature_6":"Facile applicazione grazie alla struttura a doppia faccia","feature_7":"Compatibile con tecnologie di assemblaggio moderne","feature_8":"Durata prolungata in ambienti difficili","feature_9":"Riduce i tempi di installazione","feature_10":"Migliora la sicurezza delle operazioni industriali"},"_links":{"self":[{"href":"https:\/\/finatsrl.it\/fr\/wp-json\/wp\/v2\/product\/10710","targetHints":{"allow":["GET"]}}],"collection":[{"href":"https:\/\/finatsrl.it\/fr\/wp-json\/wp\/v2\/product"}],"about":[{"href":"https:\/\/finatsrl.it\/fr\/wp-json\/wp\/v2\/types\/product"}],"wp:featuredmedia":[{"embeddable":true,"href":"https:\/\/finatsrl.it\/fr\/wp-json\/wp\/v2\/media\/8336"}],"wp:attachment":[{"href":"https:\/\/finatsrl.it\/fr\/wp-json\/wp\/v2\/media?parent=10710"}],"wp:term":[{"taxonomy":"product_brand","embeddable":true,"href":"https:\/\/finatsrl.it\/fr\/wp-json\/wp\/v2\/product_brand?post=10710"},{"taxonomy":"product_cat","embeddable":true,"href":"https:\/\/finatsrl.it\/fr\/wp-json\/wp\/v2\/product_cat?post=10710"},{"taxonomy":"product_tag","embeddable":true,"href":"https:\/\/finatsrl.it\/fr\/wp-json\/wp\/v2\/product_tag?post=10710"}],"curies":[{"name":"wp","href":"https:\/\/api.w.org\/{rel}","templated":true}]}}