{"id":10701,"date":"2025-01-27T15:44:17","date_gmt":"2025-01-27T14:44:17","guid":{"rendered":"https:\/\/finatnew.newhosting.intellijam.com\/prodotto\/nastro-3m-vhb-4905f\/"},"modified":"2025-11-26T12:06:17","modified_gmt":"2025-11-26T11:06:17","slug":"nastro-3m-vhb-4905f","status":"publish","type":"product","link":"https:\/\/finatsrl.it\/fr\/product\/nastro-3m-vhb-4905f\/","title":{"rendered":"Nastro 3M VHB 4905F"},"content":{"rendered":"<div class=\"product-bullet-block\">\n<div class=\"bullet n1\">Adesivo acrilico generico, trasparente, 0.5 mm, con anima in schiuma acrilica solida<\/div>\n<div class=\"bullet n2\">La costruzione trasparente consente giunzioni di materiali trasparenti e linee di legame praticamente invisibili<\/div>\n<div class=\"bullet n3\">incollaggi forti e duraturi su un&rsquo;ampia variet\u00e0 di substrati ad energia superficiale medio-alta come vernici, metalli e vetro, vetro acrilico (PMMA), policarbonato<\/div>\n<div class=\"bullet n4\">Prestazioni esterne superiori, resistenza ai raggi UV e ai solventi<\/div>\n<div class=\"bullet n5\">Elevata resistenza all&rsquo;invecchiamento<\/div>\n<div class=\"bullet n6\">Crea una sigillatura permanente contro acqua, umidit\u00e0 e altro ancora<\/div>\n<div class=\"bullet n7\">L&rsquo;elevato assorbimento di stress dinamico riduce le vibrazioni e lo stress da urti<\/div>\n<\/div>\n<div class=\"product-description-block\">\n<div class=\"short\">Il modo forte, rapido e semplice per creare fissaggi durevoli e affidabili, eliminando rivetti, viti, bulloni e saldature. Il nastro 3M VHB 4905 \u00e8 progettato per l&rsquo;incollaggio di materiali trasparenti o ovunque sia necessario un legame trasparente.<\/div>\n<div class=\"extended\">Progettato per creare incollaggi duraturi e affidabili di materiali trasparenti o ovunque serva una legame trasparente.<\/div>\n<\/div>\n","protected":false},"excerpt":{"rendered":"<p>Il modo forte, rapido e semplice per creare fissaggi durevoli e affidabili, eliminando rivetti, viti, bulloni e saldature. Il nastro 3M VHB 4905 \u00e8 progettato per l&rsquo;incollaggio di materiali trasparenti o ovunque sia necessario un legame trasparente.<\/p>\n","protected":false},"featured_media":8329,"template":"","meta":{"_acf_changed":false},"product_brand":[3360],"product_cat":[29,269],"product_tag":[1096,1093,1097,1092,1095,1094,1091],"class_list":{"0":"post-10701","1":"product","2":"type-product","3":"status-publish","4":"has-post-thumbnail","6":"product_brand-vhb","7":"product_cat-adesivi-e-nastri-industriali","8":"product_cat-nastri-in-schiuma","9":"product_tag-incollaggio-on-demand","10":"product_tag-nastro-estrudibile","11":"product_tag-nastro-in-schiuma","12":"product_tag-nastro-vhb","13":"product_tag-sistema-di-incollaggio","14":"product_tag-soluzione-di-incollaggio","15":"product_tag-vhb","16":"pa_colore-trasparente","18":"first","19":"instock","20":"product-type-simple"},"acf":{"short_description":"Il nastro 3M VHB 4905F \u00e8 la soluzione ideale per applicazioni industriali che richiedono un'adesione forte e duratura. Scopri la sua versatilit\u00e0 e qualit\u00e0 superiore!","long_description":"<p>Il nastro 3M VHB 4905F \u00e8 un prodotto innovativo progettato per soddisfare le esigenze delle applicazioni industriali pi\u00f9 impegnative. Questo nastro in schiuma offre un'adesione eccezionale su una variet\u00e0 di superfici, rendendolo ideale per assemblaggi strutturali, montaggi e riparazioni. Con uno spessore di soli 0,5 mm, il nastro combina resistenza e flessibilit\u00e0, permettendo di adattarsi perfettamente a diverse geometrie e materiali.<br>\nIl suo adesivo acrilico a base di solventi garantisce una resistenza agli agenti atmosferici, agli UV e alle temperature estreme, rendendo il 3M VHB 4905F perfetto per applicazioni sia interne che esterne. Questo nastro \u00e8 particolarmente efficace su superfici come metallo, plastica, vetro e legno, offrendo una tenuta forte e duratura.<br>\nIn aggiunta, la facilit\u00e0 di applicazione del nastro 3M VHB 4905F consente un utilizzo rapido e senza necessit\u00e0 di attrezzature speciali, riducendo i tempi di produzione. La sua capacit\u00e0 di resistere a carichi pesanti senza compromettere la qualit\u00e0 dell'adesione lo rende un'ottima scelta per settori come automobilistico, edile e manifatturiero.<br>\nConforme agli standard di qualit\u00e0 3M, il nastro VHB 4905F \u00e8 una scelta affidabile per chi cerca prestazioni superiori nel campo degli adesivi e nastri industriali. Non compromettere la qualit\u00e0 dei tuoi progetti: scegli il nastro 3M VHB 4905F e ottieni risultati eccellenti sia in termini di durata che di affidabilit\u00e0.<\/p>","feature_1":"Spessore di 0,5 mm per una maggiore flessibilit\u00e0","feature_2":"Adesivo acrilico per una tenuta superiore","feature_3":"Resistente agli agenti atmosferici e agli UV","feature_4":"Eccellente adesione su metallo, plastica e vetro","feature_5":"Facile applicazione senza attrezzature speciali","feature_6":"Resistente a temperature da -40\u00b0C a +93\u00b0C","feature_7":"Ideale per assemblaggi strutturali e montaggi","feature_8":"Riduzione dei tempi di produzione grazie alla facilit\u00e0 d'uso","feature_9":"Perfetto per applicazioni interne ed esterne","feature_10":"Conformit\u00e0 agli standard di qualit\u00e0 3M"},"_links":{"self":[{"href":"https:\/\/finatsrl.it\/fr\/wp-json\/wp\/v2\/product\/10701","targetHints":{"allow":["GET"]}}],"collection":[{"href":"https:\/\/finatsrl.it\/fr\/wp-json\/wp\/v2\/product"}],"about":[{"href":"https:\/\/finatsrl.it\/fr\/wp-json\/wp\/v2\/types\/product"}],"wp:featuredmedia":[{"embeddable":true,"href":"https:\/\/finatsrl.it\/fr\/wp-json\/wp\/v2\/media\/8329"}],"wp:attachment":[{"href":"https:\/\/finatsrl.it\/fr\/wp-json\/wp\/v2\/media?parent=10701"}],"wp:term":[{"taxonomy":"product_brand","embeddable":true,"href":"https:\/\/finatsrl.it\/fr\/wp-json\/wp\/v2\/product_brand?post=10701"},{"taxonomy":"product_cat","embeddable":true,"href":"https:\/\/finatsrl.it\/fr\/wp-json\/wp\/v2\/product_cat?post=10701"},{"taxonomy":"product_tag","embeddable":true,"href":"https:\/\/finatsrl.it\/fr\/wp-json\/wp\/v2\/product_tag?post=10701"}],"curies":[{"name":"wp","href":"https:\/\/api.w.org\/{rel}","templated":true}]}}