{"id":10683,"date":"2025-01-27T15:44:17","date_gmt":"2025-01-27T14:44:17","guid":{"rendered":"https:\/\/finatnew.newhosting.intellijam.com\/prodotto\/nastro-adesivo-transfer-scotch-atg-904\/"},"modified":"2025-11-26T12:06:14","modified_gmt":"2025-11-26T11:06:14","slug":"nastro-adesivo-transfer-scotch-atg-904","status":"publish","type":"product","link":"https:\/\/finatsrl.it\/fr\/product\/nastro-adesivo-transfer-scotch-atg-904\/","title":{"rendered":"Nastro adesivo transfer Scotch&reg; ATG 904"},"content":{"rendered":"<div class=\"product-bullet-block\">\n<div class=\"bullet n1\">Fornisce legami puliti e permanenti a materiali leggeri<\/div>\n<div class=\"bullet n2\">Eccellente adesione iniziale per una migliore performance<\/div>\n<div class=\"bullet n3\">Si incolla bene su superfici lisce e moderatamente ruvide<\/div>\n<div class=\"bullet n4\">Offre una buona resistenza ai raggi UV e ai solventi<\/div>\n<div class=\"bullet n5\">Si adatta facilmente a curve e contorni<\/div>\n<div class=\"bullet n6\">Applicazione pulita. Non lascia residui o odori<\/div>\n<div class=\"bullet n7\"><\/div>\n<\/div>\n<div class=\"product-description-block\">\n<div class=\"short\">Il nastro adesivo transfer Scotch\u00ae ATG 904 unisce in modo rapido e permanente una vasta gamma di materiali, tra cui carta non patinata e patinata, cartoncino, cartone, stuoie, tessuti leggeri, fogli, plastica flessibile e cartone espanso. Offrendo un&rsquo;adesione elevata e un&rsquo;eccellente resistenza ai raggi UV, si lega facilmente a superfici difficili, varie e strutturate, comprese le aree con elevata umidit\u00e0 e luce solare.<\/div>\n<div class=\"extended\">Soluzione multiuso per applicazioni leggere. Offre un legame pulito e permanente con una variet\u00e0 di materiali come carta patinata e non, tessuti leggeri, pellicole, plastica flessibile e pannelli in schiuma.<\/div>\n<\/div>\n","protected":false},"excerpt":{"rendered":"<p>Il nastro adesivo transfer Scotch\u00ae ATG 904 unisce in modo rapido e permanente una vasta gamma di materiali, tra cui carta non patinata e patinata, cartoncino, cartone, stuoie, tessuti leggeri, fogli, plastica flessibile e cartone espanso. Offrendo un&rsquo;adesione elevata e un&rsquo;eccellente resistenza ai raggi UV, si lega facilmente a superfici difficili, varie e strutturate, comprese le aree con elevata umidit\u00e0 e luce solare.<\/p>\n","protected":false},"featured_media":8319,"template":"","meta":{"_acf_changed":false},"product_brand":[3337],"product_cat":[29,786],"product_tag":[1198,1180,1101,1181,1197,1196,1182],"class_list":{"0":"post-10683","1":"product","2":"type-product","3":"status-publish","4":"has-post-thumbnail","6":"product_brand-3m","7":"product_cat-adesivi-e-nastri-industriali","8":"product_cat-nastri-biadesivi-sottili","9":"product_tag-atg","10":"product_tag-biadesivo-acrilico","11":"product_tag-nastro-biadesivo","12":"product_tag-nastro-biadesivo-resistente","13":"product_tag-non-supportato","14":"product_tag-transfer","15":"product_tag-viscoelastico","17":"first","18":"instock","19":"product-type-simple"},"acf":{"short_description":"Il nastro adesivo transfer Scotch&reg; ATG 904 \u00e8 la soluzione ideale per applicazioni industriali che richiedono prestazioni elevate. La sua tecnologia innovativa garantisce un'adesione impeccabile, rendendolo perfetto per ogni esigenza di incollaggio.","long_description":"<p>Il nastro adesivo transfer Scotch&reg; ATG 904 \u00e8 un prodotto di alta qualit\u00e0, ideale per tutte le applicazioni industriali che richiedono una tenuta straordinaria. Questo nastro biadesivo sottile \u00e8 progettato per offrire una performance eccellente in vari contesti, dalla produzione alla lavorazione di materiali. Con una larghezza di 12 mm e una lunghezza di 50 m, il nastro \u00e8 perfetto per una vasta gamma di utilizzi, dal montaggio di componenti all'incollaggio di materiali.<\/p>\n<p>Realizzato con una tecnologia avanzata, il nastro adesivo transfer Scotch&reg; ATG 904 presenta un adesivo acrilico che garantisce una forte adesione su superfici diverse, inclusi plastica, carta e metallo. La sua formula resiste a temperature variabili, assicurando che la performance rimanga costante anche in condizioni sfavorevoli. Inoltre, il nastro \u00e8 facile da utilizzare, grazie al sistema di applicazione che riduce al minimo gli sprechi e aumenta l'efficienza nella lavorazione.<\/p>\n<p>Uno dei principali vantaggi del nastro Scotch&reg; ATG 904 \u00e8 la sua versatilit\u00e0. \u00c8 ideale per applicazioni in settori quali l'imballaggio, la produzione di cartotecnica e l'assemblaggio di componenti elettronici. La sua capacit\u00e0 di resistere a sollecitazioni meccaniche lo rende un alleato prezioso in ogni ambiente di lavoro.<\/p>\n<p>Inoltre, questo nastro \u00e8 privo di solventi, rendendolo una scelta ecologica per le aziende che desiderano ridurre il proprio impatto ambientale. La sua adesione rapida e duratura permette di ottenere risultati professionali in tempi brevi. Scegli il nastro adesivo transfer Scotch&reg; ATG 904 per le tue esigenze di incollaggio e scopri la differenza che un prodotto di qualit\u00e0 pu\u00f2 fare.<\/p>","feature_1":"Larghezza di 12 mm per applicazioni versatili","feature_2":"Lunghezza di 50 m per un utilizzo prolungato","feature_3":"Adesivo acrilico che garantisce una forte adesione","feature_4":"Resistente a temperature variabili, per prestazioni costanti","feature_5":"Facile applicazione con riduzione degli sprechi","feature_6":"Privo di solventi, ecologico e sicuro","feature_7":"Ideale per incollaggio su plastica, carta e metallo","feature_8":"Perfetto per imballaggio e assemblaggio di componenti","feature_9":"Ottima resistenza a sollecitazioni meccaniche","feature_10":"Risultati professionali in tempi rapidi grazie all'adesione rapida"},"_links":{"self":[{"href":"https:\/\/finatsrl.it\/fr\/wp-json\/wp\/v2\/product\/10683","targetHints":{"allow":["GET"]}}],"collection":[{"href":"https:\/\/finatsrl.it\/fr\/wp-json\/wp\/v2\/product"}],"about":[{"href":"https:\/\/finatsrl.it\/fr\/wp-json\/wp\/v2\/types\/product"}],"wp:featuredmedia":[{"embeddable":true,"href":"https:\/\/finatsrl.it\/fr\/wp-json\/wp\/v2\/media\/8319"}],"wp:attachment":[{"href":"https:\/\/finatsrl.it\/fr\/wp-json\/wp\/v2\/media?parent=10683"}],"wp:term":[{"taxonomy":"product_brand","embeddable":true,"href":"https:\/\/finatsrl.it\/fr\/wp-json\/wp\/v2\/product_brand?post=10683"},{"taxonomy":"product_cat","embeddable":true,"href":"https:\/\/finatsrl.it\/fr\/wp-json\/wp\/v2\/product_cat?post=10683"},{"taxonomy":"product_tag","embeddable":true,"href":"https:\/\/finatsrl.it\/fr\/wp-json\/wp\/v2\/product_tag?post=10683"}],"curies":[{"name":"wp","href":"https:\/\/api.w.org\/{rel}","templated":true}]}}