{"id":10648,"date":"2025-02-01T10:31:13","date_gmt":"2025-02-01T09:31:13","guid":{"rendered":"https:\/\/finatnew.newhosting.intellijam.com\/prodotto\/applicatore-per-cartucce-3m-scotch-weld-pur-easy-250\/"},"modified":"2025-11-26T12:05:56","modified_gmt":"2025-11-26T11:05:56","slug":"applicatore-per-cartucce-3m-scotch-weld-pur-easy-250","status":"publish","type":"product","link":"https:\/\/finatsrl.it\/fr\/product\/applicatore-per-cartucce-3m-scotch-weld-pur-easy-250\/","title":{"rendered":"Applicatore per cartucce 3M Scotch-Weld PUR Easy 250"},"content":{"rendered":"<div class=\"product-bullet-block\">\n<div class=\"bullet n1\">Lungo tempo aperto che consente di riposizionare le parti se necessario<\/div>\n<div class=\"bullet n2\">Crea adesioni tenaci, resistenti ai plasticizzanti<\/div>\n<div class=\"bullet n3\">Incolla vari materiali, inclusi legno, plastiche, vetro e metallo<\/div>\n<div class=\"bullet n4\">Formula 100% di solidi, senza COV<\/div>\n<div class=\"bullet n5\"><\/div>\n<div class=\"bullet n6\"><\/div>\n<div class=\"bullet n7\"><\/div>\n<\/div>\n<div class=\"product-description-block\">\n<div class=\"short\">L&rsquo;adesivo 3M Scotch-Weld PUR EZ250150 offre un tempo di impostazione generoso di 150 secondi per assemblaggi complessi e parti di grandi dimensioni ed \u00e8 efficace in un&rsquo;ampia gamma di temperature di servizio. \u00c8 ideale per incollare legno, plastica, vetro e metallo. Questa soluzione adesiva e dispenser all-in-one offre una pulizia rapida e facile e accessori pratici per soddisfare tutte le vostre esigenze di erogazione.<\/div>\n<div class=\"extended\">L&rsquo;adesivo 3M Scotch-Weld PUR Easy EZ250150 \u00e8 un adesivo con possibilit\u00e0 di applicazione spray ed estrusione con lungo tempo di apertura e di indurimento per legno, plastica e combinazioni di materiali, come alluminio o vetro su plastica o legno.<\/div>\n<\/div>\n","protected":false},"excerpt":{"rendered":"<p>L&rsquo;adesivo 3M Scotch-Weld PUR EZ250150 offre un tempo di impostazione generoso di 150 secondi per assemblaggi complessi e parti di grandi dimensioni ed \u00e8 efficace in un&rsquo;ampia gamma di temperature di servizio. \u00c8 ideale per incollare legno, plastica, vetro e metallo. Questa soluzione adesiva e dispenser all-in-one offre una pulizia rapida e facile e accessori pratici per soddisfare tutte le vostre esigenze di erogazione.<\/p>\n","protected":false},"featured_media":12622,"template":"","meta":{"_acf_changed":false},"product_brand":[3346],"product_cat":[1053,1079],"product_tag":[1113],"class_list":{"0":"post-10648","1":"product","2":"type-product","3":"status-publish","4":"has-post-thumbnail","6":"product_brand-scotch-weld","7":"product_cat-industrial-adhesives-tapes-fr","8":"product_cat-structural-adhesives-fr","9":"product_tag-poliuretano","11":"first","12":"instock","13":"product-type-simple"},"acf":{"short_description":"L'applicatore per cartucce 3M Scotch-Weld PUR Easy 250 \u00e8 la soluzione ideale per applicare adesivi e nastri industriali con facilit\u00e0. Progettato per garantire precisione e velocit\u00e0, \u00e8 perfetto per usi professionali e industriali.","long_description":"<p>L'applicatore per cartucce 3M Scotch-Weld PUR Easy 250 \u00e8 un dispositivo di alta qualit\u00e0 progettato per soddisfare le esigenze di applicazione di adesivi e nastri industriali. Questo strumento \u00e8 particolarmente utile nel settore delle soluzioni industriali, dove la precisione e l'affidabilit\u00e0 sono fondamentali. Grazie alla sua costruzione robusta e al design ergonomico, l'applicatore permette un utilizzo prolungato senza affaticare l'operatore.<\/p>\n<p>Le caratteristiche innovative di questo applicatore includono un sistema di dosaggio preciso, che consente di applicare la giusta quantit\u00e0 di adesivo senza sprechi. La compatibilit\u00e0 con le cartucce 3M Scotch-Weld PUR lo rende versatile e ideale per vari tipi di applicazioni, anche quelle pi\u00f9 complesse. Inoltre, la facilit\u00e0 di carico delle cartucce accelera i tempi di lavoro, rendendo questo strumento un must-have per professionisti e aziende.<\/p>\n<p>Il design leggero favorisce la maneggevolezza, permettendo di operare anche in spazi ristretti. Un altro punto di forza \u00e8 la rapida integrazione con i sistemi di incollaggio esistenti, riducendo i tempi di setup. Infine, la manutenzione semplice e veloce assicura che l'applicatore rimanga sempre in condizioni ottimali, garantendo risultati di alta qualit\u00e0 in ogni applicazione.<\/p>\n<p>In sintesi, l'applicatore per cartucce 3M Scotch-Weld PUR Easy 250 non \u00e8 solo un attrezzo, ma una soluzione integrata per migliorare la produttivit\u00e0 e la qualit\u00e0 delle applicazioni di adesivi strutturali nel tuo lavoro quotidiano. Scegli questo applicatore per un'esperienza di incollaggio senza pari.<\/p>","feature_1":"Compatibile con cartucce 3M Scotch-Weld PUR da 250 ml","feature_2":"Sistema di dosaggio preciso per ridurre gli sprechi","feature_3":"Design ergonomico per una presa confortevole","feature_4":"Facilit\u00e0 di carico delle cartucce per una rapida operativit\u00e0","feature_5":"Struttura robusta e resistente per utilizzo intensivo","feature_6":"Leggero e maneggevole, ideale per spazi ristretti","feature_7":"Integrazione rapida con sistemi di incollaggio esistenti","feature_8":"Manutenzione semplice per prestazioni sempre ottimali","feature_9":"Adatto per adesivi strutturali e applicazioni industriali","feature_10":"Ottimizzato per durata e affidabilit\u00e0 nel tempo"},"_links":{"self":[{"href":"https:\/\/finatsrl.it\/fr\/wp-json\/wp\/v2\/product\/10648","targetHints":{"allow":["GET"]}}],"collection":[{"href":"https:\/\/finatsrl.it\/fr\/wp-json\/wp\/v2\/product"}],"about":[{"href":"https:\/\/finatsrl.it\/fr\/wp-json\/wp\/v2\/types\/product"}],"wp:featuredmedia":[{"embeddable":true,"href":"https:\/\/finatsrl.it\/fr\/wp-json\/wp\/v2\/media\/12622"}],"wp:attachment":[{"href":"https:\/\/finatsrl.it\/fr\/wp-json\/wp\/v2\/media?parent=10648"}],"wp:term":[{"taxonomy":"product_brand","embeddable":true,"href":"https:\/\/finatsrl.it\/fr\/wp-json\/wp\/v2\/product_brand?post=10648"},{"taxonomy":"product_cat","embeddable":true,"href":"https:\/\/finatsrl.it\/fr\/wp-json\/wp\/v2\/product_cat?post=10648"},{"taxonomy":"product_tag","embeddable":true,"href":"https:\/\/finatsrl.it\/fr\/wp-json\/wp\/v2\/product_tag?post=10648"}],"curies":[{"name":"wp","href":"https:\/\/api.w.org\/{rel}","templated":true}]}}