{"id":10593,"date":"2025-01-27T15:43:40","date_gmt":"2025-01-27T14:43:40","guid":{"rendered":"https:\/\/finatnew.newhosting.intellijam.com\/prodotto\/nastro-da-imballo-rinforzato-per-uso-generico-scotch-8956\/"},"modified":"2025-11-26T12:05:51","modified_gmt":"2025-11-26T11:05:51","slug":"nastro-da-imballo-rinforzato-per-uso-generico-scotch-8956","status":"publish","type":"product","link":"https:\/\/finatsrl.it\/fr\/product\/nastro-da-imballo-rinforzato-per-uso-generico-scotch-8956\/","title":{"rendered":"Nastro da imballo rinforzato per uso generico Scotch&reg; 8956"},"content":{"rendered":"<div class=\"product-bullet-block\">\n<div class=\"bullet n1\">Rinforzati longitudinalmente in fibra di vetro<\/div>\n<div class=\"bullet n2\">Elevata aderenza iniziale alla maggior parte delle fibre, materie plastiche e superfici metalliche<\/div>\n<div class=\"bullet n3\">In grado di resistere a condizioni di spedizione e gestione difficili<\/div>\n<div class=\"bullet n4\">La trasparenza offre una chiara visibilit\u00e0 delle grafiche, stampe e illustazioni della scatola<\/div>\n<div class=\"bullet n5\">Il nastro resiste a intaccature, abrasioni, umidit\u00e0 e rigature<\/div>\n<div class=\"bullet n6\"><\/div>\n<div class=\"bullet n7\"><\/div>\n<\/div>\n<div class=\"product-description-block\">\n<div class=\"short\">Il nastro Filamenti 3M 8956 per uso generale, \u00e8 principalmente utilizzato per tenere scatole insieme su pallet, raggruppare prodotti leggeri, chiudere e rinforzare scatole di cartone.<\/div>\n<div class=\"extended\">Nastro Filament universale utilizzato principalmente per contenere scatole su pallet, raggruppamento di prodotti leggeri, chiusura e rinforzo di scatole di cartone.<\/div>\n<\/div>\n","protected":false},"excerpt":{"rendered":"<p>Il nastro Filamenti 3M 8956 per uso generale, \u00e8 principalmente utilizzato per tenere scatole insieme su pallet, raggruppare prodotti leggeri, chiudere e rinforzare scatole di cartone.<\/p>\n","protected":false},"featured_media":8258,"template":"","meta":{"_acf_changed":false},"product_brand":[3414],"product_cat":[29,891],"product_tag":[1248,1301],"class_list":{"0":"post-10593","1":"product","2":"type-product","3":"status-publish","4":"has-post-thumbnail","6":"product_brand-scotch","7":"product_cat-adesivi-e-nastri-industriali","8":"product_cat-nastri-rinforzati","9":"product_tag-nastro","10":"product_tag-rinforzato","11":"pa_colore-trasparente","13":"first","14":"instock","15":"product-type-simple"},"acf":{"short_description":"Il nastro da imballo rinforzato Scotch&reg; 8956 \u00e8 ideale per garantire imballaggi sicuri e resistenti. Perfetto per uso industriale e domestico, offre prestazioni eccellenti in qualsiasi situazione.","long_description":"<p>Il nastro da imballo rinforzato per uso generico Scotch&reg; 8956 rappresenta una soluzione versatile e altamente performante per tutte le necessit\u00e0 di imballaggio. Progettato per offrire una resistenza superiore, questo nastro \u00e8 la scelta ideale per aziende e privati che cercano un prodotto affidabile per garantire la sicurezza e l'integrit\u00e0 dei propri pacchi.<\/p>\n<p>Grazie alla sua struttura rinforzata, il nastro Scotch&reg; 8956 offre una resistenza eccezionale alla rottura, rendendolo perfetto per imballare oggetti pesanti o voluminosi. La sua adesione potente permette di sigillare in modo efficace scatole e pacchi, riducendo il rischio di aperture indesiderate durante il trasporto o la movimentazione.<\/p>\n<p>Realizzato con materiali di alta qualit\u00e0, il nastro \u00e8 resistente all'umidit\u00e0 e alle variazioni di temperatura, garantendo prestazioni ottimali anche in condizioni ambientali sfavorevoli. La facilit\u00e0 di utilizzo \u00e8 un ulteriore vantaggio: il nastro si stacca e si applica senza sforzo, risparmiando tempo prezioso nelle operazioni di imballaggio.<\/p>\n<p>Inoltre, il nastro da imballo Scotch&reg; 8956 \u00e8 compatibile con una variet\u00e0 di superfici, inclusi cartone, plastica e metallo, permettendo di adattarsi a diverse esigenze di utilizzo. La sua visibilit\u00e0 alta e il colore standardizzato rendono facile il riconoscimento, contribuendo a una gestione pi\u00f9 efficiente dei materiali.<\/p>\n<p>Scegliere il nastro da imballo rinforzato Scotch&reg; 8956 significa investire in un prodotto di qualit\u00e0 che combina robustezza, versatilit\u00e0 e praticit\u00e0. Che tu sia un professionista del settore o un privato, questo nastro rappresenta la soluzione ideale per tutte le tue necessit\u00e0 di imballaggio e spedizione.<\/p>","feature_1":"Resistenza alla rottura superiore per carichi pesanti","feature_2":"Adesione potente a diverse superfici per una sigillatura efficace","feature_3":"Resistente all'umidit\u00e0 e alle variazioni di temperatura","feature_4":"Facile da applicare e staccare, riduce i tempi di lavoro","feature_5":"Compatibile con cartone, plastica e metallo","feature_6":"Visibilit\u00e0 alta per un facile riconoscimento durante l'uso","feature_7":"Lunga durata, ideale per imballaggi a lungo termine","feature_8":"Design rinforzato per una maggiore sicurezza durante il trasporto","feature_9":"Utilizzabile per imballaggi industriali e domestici","feature_10":"Formato pratico per un utilizzo conveniente e versatile"},"_links":{"self":[{"href":"https:\/\/finatsrl.it\/fr\/wp-json\/wp\/v2\/product\/10593","targetHints":{"allow":["GET"]}}],"collection":[{"href":"https:\/\/finatsrl.it\/fr\/wp-json\/wp\/v2\/product"}],"about":[{"href":"https:\/\/finatsrl.it\/fr\/wp-json\/wp\/v2\/types\/product"}],"wp:featuredmedia":[{"embeddable":true,"href":"https:\/\/finatsrl.it\/fr\/wp-json\/wp\/v2\/media\/8258"}],"wp:attachment":[{"href":"https:\/\/finatsrl.it\/fr\/wp-json\/wp\/v2\/media?parent=10593"}],"wp:term":[{"taxonomy":"product_brand","embeddable":true,"href":"https:\/\/finatsrl.it\/fr\/wp-json\/wp\/v2\/product_brand?post=10593"},{"taxonomy":"product_cat","embeddable":true,"href":"https:\/\/finatsrl.it\/fr\/wp-json\/wp\/v2\/product_cat?post=10593"},{"taxonomy":"product_tag","embeddable":true,"href":"https:\/\/finatsrl.it\/fr\/wp-json\/wp\/v2\/product_tag?post=10593"}],"curies":[{"name":"wp","href":"https:\/\/api.w.org\/{rel}","templated":true}]}}