{"id":10578,"date":"2025-01-27T15:43:40","date_gmt":"2025-01-27T14:43:40","guid":{"rendered":"https:\/\/finatnew.newhosting.intellijam.com\/prodotto\/adesivo-a-caldo-3m-hot-melt-3748q\/"},"modified":"2025-11-26T12:05:50","modified_gmt":"2025-11-26T11:05:50","slug":"adesivo-a-caldo-3m-hot-melt-3748q","status":"publish","type":"product","link":"https:\/\/finatsrl.it\/fr\/product\/adesivo-a-caldo-3m-hot-melt-3748q\/","title":{"rendered":"Adesivo a caldo 3M Hot Melt 3748Q"},"content":{"rendered":"<div class=\"product-bullet-block\">\n<div class=\"bullet n1\">Le eccellenti propriet\u00e0 elettriche offrono una soluzione ideale per applicazioni elettriche<\/div>\n<div class=\"bullet n2\">Presenta eccellenti propriet\u00e0 di shock termico a bassa temperatura per un&rsquo;adesione ottimale a lungo termine<\/div>\n<div class=\"bullet n3\">La buona resistenza al calore offre durabilit\u00e0 attraverso temperature fluttuanti<\/div>\n<div class=\"bullet n4\">Le propriet\u00e0 non corrosive mantengono la qualit\u00e0 e la resistenza dell&rsquo;adesivo nel tempo<\/div>\n<div class=\"bullet n5\">L&rsquo;elevata adesione alla pelatura consente resistenza e resilienza a lungo termine<\/div>\n<div class=\"bullet n6\"><\/div>\n<div class=\"bullet n7\"><\/div>\n<\/div>\n<div class=\"product-description-block\">\n<div class=\"short\">L&rsquo;adesivo Hot Melt 3M 3748 \u00e8 un adesivo resistente e flessibile con eccezionali propriet\u00e0 di shock termico a bassa temperatura che \u00e8 in grado di fornire un&rsquo;adesione ottimale a temperature variabili.<\/div>\n<div class=\"extended\">Progettato per applicazioni elettroniche, laminazione di grandi superfici, sigillatura, invasatura e incapsulamento.<\/div>\n<\/div>\n","protected":false},"excerpt":{"rendered":"<p>L&rsquo;adesivo Hot Melt 3M 3748 \u00e8 un adesivo resistente e flessibile con eccezionali propriet\u00e0 di shock termico a bassa temperatura che \u00e8 in grado di fornire un&rsquo;adesione ottimale a temperature variabili.<\/p>\n","protected":false},"featured_media":8249,"template":"","meta":{"_acf_changed":false},"product_brand":[3337],"product_cat":[29,763],"product_tag":[3420,1122],"class_list":{"0":"post-10578","1":"product","2":"type-product","3":"status-publish","4":"has-post-thumbnail","6":"product_brand-3m","7":"product_cat-adesivi-e-nastri-industriali","8":"product_cat-adesivi-spray-e-adesivi-a-caldo","9":"product_tag-adesivo-a-caldo","10":"product_tag-hot-melt","12":"first","13":"instock","14":"product-type-simple"},"acf":{"short_description":"L'adesivo a caldo 3M Hot Melt 3748Q \u00e8 la soluzione perfetta per applicazioni industriali che richiedono adesione rapida e duratura. Progettato per garantire prestazioni superiori, \u00e8 adatto per una vasta gamma di materiali.","long_description":"<p>L'adesivo a caldo 3M Hot Melt 3748Q \u00e8 un prodotto di alta qualit\u00e0 progettato per soddisfare le esigenze delle applicazioni industriali pi\u00f9 impegnative. Questo adesivo rappresenta una soluzione versatile e altamente efficace per l'incollaggio di diversi materiali, tra cui carta, cartone, plastica e legno, rendendolo ideale per l'uso in vari settori come l'imballaggio, la lavorazione del legno e la produzione di articoli di consumo. Grazie alla sua formula avanzata, il 3M Hot Melt 3748Q offre un tempo di indurimento rapido, permettendo una lavorazione pi\u00f9 efficiente e una produttivit\u00e0 ottimizzata. Questo adesivo \u00e8 progettato per resistere a condizioni ambientali variabili, garantendo prestazioni stabili anche in situazioni di umidit\u00e0 o temperature elevate. Inoltre, la sua applicazione \u00e8 semplice e veloce, grazie al sistema di erogazione compatibile con le pistole per adesivi a caldo. Gli utenti possono beneficiare di un'adesione eccezionale senza compromettere la qualit\u00e0 del materiale, riducendo al contempo gli sprechi e migliorando la sostenibilit\u00e0 dei processi produttivi. Scegliere l'adesivo a caldo 3M Hot Melt 3748Q significa investire in un prodotto che non solo soddisfa, ma supera le aspettative, offrendo un valore eccezionale per ogni applicazione. Non aspettare oltre, aumenta la tua efficienza operativa con questo adesivo innovativo!<\/p>","feature_1":"Formula ad alta adesione per materiali diversi","feature_2":"Tempo di indurimento rapido per una maggiore produttivit\u00e0","feature_3":"Resistente a temperature elevate e umidit\u00e0","feature_4":"Facile applicazione con pistole per adesivi a caldo","feature_5":"Bassa emissione di vapori durante l'uso","feature_6":"Ottima resistenza alla trazione e allo strappo","feature_7":"Compatibile con una vasta gamma di substrati","feature_8":"Non tossico e sicuro per l'uso industriale","feature_9":"Riduce gli sprechi di adesivo grazie alla precisione di applicazione","feature_10":"Ideale per applicazioni di incollaggio in ambienti di produzione"},"_links":{"self":[{"href":"https:\/\/finatsrl.it\/fr\/wp-json\/wp\/v2\/product\/10578","targetHints":{"allow":["GET"]}}],"collection":[{"href":"https:\/\/finatsrl.it\/fr\/wp-json\/wp\/v2\/product"}],"about":[{"href":"https:\/\/finatsrl.it\/fr\/wp-json\/wp\/v2\/types\/product"}],"wp:featuredmedia":[{"embeddable":true,"href":"https:\/\/finatsrl.it\/fr\/wp-json\/wp\/v2\/media\/8249"}],"wp:attachment":[{"href":"https:\/\/finatsrl.it\/fr\/wp-json\/wp\/v2\/media?parent=10578"}],"wp:term":[{"taxonomy":"product_brand","embeddable":true,"href":"https:\/\/finatsrl.it\/fr\/wp-json\/wp\/v2\/product_brand?post=10578"},{"taxonomy":"product_cat","embeddable":true,"href":"https:\/\/finatsrl.it\/fr\/wp-json\/wp\/v2\/product_cat?post=10578"},{"taxonomy":"product_tag","embeddable":true,"href":"https:\/\/finatsrl.it\/fr\/wp-json\/wp\/v2\/product_tag?post=10578"}],"curies":[{"name":"wp","href":"https:\/\/api.w.org\/{rel}","templated":true}]}}