{"id":10555,"date":"2025-01-27T15:43:16","date_gmt":"2025-01-27T14:43:16","guid":{"rendered":"https:\/\/finatnew.newhosting.intellijam.com\/prodotto\/adesivo-epossidico-3m-scotch-weld-dp410\/"},"modified":"2025-11-26T12:05:46","modified_gmt":"2025-11-26T11:05:46","slug":"adesivo-epossidico-3m-scotch-weld-dp410","status":"publish","type":"product","link":"https:\/\/finatsrl.it\/fr\/product\/adesivo-epossidico-3m-scotch-weld-dp410\/","title":{"rendered":"Adesivo epossidico 3M Scotch-Weld DP410"},"content":{"rendered":"<div class=\"product-bullet-block\">\n<div class=\"bullet n1\">Fornisce legami forti e resistenti grazie ad un&rsquo;elevata resistenza al taglio e alla pelatura<\/div>\n<div class=\"bullet n2\">Eccezionale resistenza e stabilit\u00e0 sotto carichi statici e dinamici<\/div>\n<div class=\"bullet n3\">Buona resistenza ambientale<\/div>\n<div class=\"bullet n4\">Facile miscelazione ed erogazione, legami rigidi, bassa viscosit\u00e0, autolivellante.<\/div>\n<div class=\"bullet n5\">vita utile di 10 minuti, manipolabile approssimativamente in 30 minuti<\/div>\n<div class=\"bullet n6\"><\/div>\n<div class=\"bullet n7\"><\/div>\n<\/div>\n<div class=\"product-description-block\">\n<div class=\"short\">L&rsquo;adesivo epossidico 3M Scotch-Weld DP410 \u00e8 un adesivo bicomponente. \u00c8 progettato per usi in cui sono richiesti tenacit\u00e0, elevata resistenza e indurimento rapido. \u00c8 un adesivo a presa rapida ed elevate prestazioni.<\/div>\n<div class=\"extended\">Adesivo epossidico bicomponente con una buona stabilit\u00e0 sotto carichi statici e dinamici (vibrazioni e urti). Viscoplastico. vita utile pi\u00f9 breve.<\/div>\n<\/div>\n","protected":false},"excerpt":{"rendered":"<p>L&rsquo;adesivo epossidico 3M Scotch-Weld DP410 \u00e8 un adesivo bicomponente. \u00c8 progettato per usi in cui sono richiesti tenacit\u00e0, elevata resistenza e indurimento rapido. \u00c8 un adesivo a presa rapida ed elevate prestazioni.<\/p>\n","protected":false},"featured_media":8236,"template":"","meta":{"_acf_changed":false},"product_brand":[3346],"product_cat":[1052,1080],"product_tag":[3347,1160],"class_list":{"0":"post-10555","1":"product","2":"type-product","3":"status-publish","4":"has-post-thumbnail","6":"product_brand-scotch-weld","7":"product_cat-industrial-adhesives-tapes-de","8":"product_cat-structural-adhesives-de","9":"product_tag-adesivo-strutturale","10":"product_tag-epossidico","12":"first","13":"instock","14":"product-type-simple"},"acf":{"short_description":"L'adesivo epossidico 3M Scotch-Weld DP410 offre una resistenza straordinaria e una durata nel tempo, perfetto per ogni applicazione industriale. Facile da usare e altamente versatile, \u00e8 la scelta ideale per risultati professionali.","long_description":"<p>L'adesivo epossidico 3M Scotch-Weld DP410 \u00e8 una soluzione di alta qualit\u00e0 progettata per soddisfare le esigenze delle applicazioni industriali pi\u00f9 impegnative. Grazie alla sua formula innovativa, questo adesivo offre una resistenza eccezionale a trazione e shear, permettendo di incollare una vasta gamma di materiali, tra cui metalli, plastiche e compositi. La sua versatilit\u00e0 lo rende adatto per l'assemblaggio di strutture, la riparazione di componenti e la realizzazione di giunti durevoli.<\/p>\n<p>Una delle caratteristiche distintive del DP410 \u00e8 la sua eccellente resistenza alle temperature, che permette di operare in ambienti estremi senza compromettere le prestazioni. Questo adesivo epossidico si distingue anche per la sua capacit\u00e0 di resistere a solventi chimici e all'umidit\u00e0, garantendo cos\u00ec un'adesione duratura anche nelle condizioni pi\u00f9 avverse. Inoltre, il tempo di indurimento rapido consente di ridurre i tempi di attesa, aumentando l'efficienza del lavoro.<\/p>\n<p>La facilit\u00e0 d'uso \u00e8 un altro punto di forza dell'adesivo epossidico 3M Scotch-Weld DP410. La sua applicazione \u00e8 semplice e precisa grazie alla confezione in cartuccia, che consente di miscelare e applicare il prodotto senza difficolt\u00e0. Questo adesivo \u00e8 ideale per professionisti e aziende che cercano soluzioni rapide e affidabili.<\/p>\n<p>Inoltre, il DP410 \u00e8 conforme agli standard di sicurezza industriale, rendendolo una scelta sicura per qualsiasi applicazione. La sua formulazione \u00e8 priva di solventi, riducendo l'impatto ambientale e migliorando la salute degli operatori. Con tutte queste caratteristiche, l'adesivo epossidico 3M Scotch-Weld DP410 non \u00e8 solo un prodotto, ma una vera e propria soluzione per le sfide dell'industria moderna.<\/p>","feature_1":"Resistenza a trazione e shear eccellente per applicazioni strutturali","feature_2":"Indurimento rapido per ridurre i tempi di attesa","feature_3":"Elevata resistenza a temperature estreme da -40\u00b0C a +120\u00b0C","feature_4":"Compatibile con metalli, plastiche e compositi","feature_5":"Resistente a solventi chimici e umidit\u00e0","feature_6":"Facile applicazione grazie alla confezione in cartuccia","feature_7":"Privo di solventi per un minor impatto ambientale","feature_8":"Conforme agli standard di sicurezza industriale","feature_9":"Ideale per riparazioni e assemblaggi di precisione","feature_10":"Versatile per una vasta gamma di applicazioni industriali"},"_links":{"self":[{"href":"https:\/\/finatsrl.it\/fr\/wp-json\/wp\/v2\/product\/10555","targetHints":{"allow":["GET"]}}],"collection":[{"href":"https:\/\/finatsrl.it\/fr\/wp-json\/wp\/v2\/product"}],"about":[{"href":"https:\/\/finatsrl.it\/fr\/wp-json\/wp\/v2\/types\/product"}],"wp:featuredmedia":[{"embeddable":true,"href":"https:\/\/finatsrl.it\/fr\/wp-json\/wp\/v2\/media\/8236"}],"wp:attachment":[{"href":"https:\/\/finatsrl.it\/fr\/wp-json\/wp\/v2\/media?parent=10555"}],"wp:term":[{"taxonomy":"product_brand","embeddable":true,"href":"https:\/\/finatsrl.it\/fr\/wp-json\/wp\/v2\/product_brand?post=10555"},{"taxonomy":"product_cat","embeddable":true,"href":"https:\/\/finatsrl.it\/fr\/wp-json\/wp\/v2\/product_cat?post=10555"},{"taxonomy":"product_tag","embeddable":true,"href":"https:\/\/finatsrl.it\/fr\/wp-json\/wp\/v2\/product_tag?post=10555"}],"curies":[{"name":"wp","href":"https:\/\/api.w.org\/{rel}","templated":true}]}}