{"id":10536,"date":"2025-01-27T15:43:16","date_gmt":"2025-01-27T14:43:16","guid":{"rendered":"https:\/\/finatnew.newhosting.intellijam.com\/prodotto\/nastro-adesivo-transfer-scotch-atg-976\/"},"modified":"2025-11-26T12:05:45","modified_gmt":"2025-11-26T11:05:45","slug":"nastro-adesivo-transfer-scotch-atg-976","status":"publish","type":"product","link":"https:\/\/finatsrl.it\/fr\/product\/nastro-adesivo-transfer-scotch-atg-976\/","title":{"rendered":"Nastro adesivo transfer Scotch&reg; ATG 976"},"content":{"rendered":"<div class=\"product-bullet-block\">\n<div class=\"bullet n1\">Offre una buona adesione con poco spessore<\/div>\n<div class=\"bullet n2\">Offre una buona resistenza ai solventi e all&rsquo;umidit\u00e0<\/div>\n<div class=\"bullet n3\">Si lega bene alle superfici lisce e alla maggior parte delle materie plastiche<\/div>\n<div class=\"bullet n4\">Si adatta facilmente alle curve e ai contorni<\/div>\n<div class=\"bullet n5\">Applicazione pulita, non lascia residui n\u00e9 odori<\/div>\n<div class=\"bullet n6\"><\/div>\n<div class=\"bullet n7\"><\/div>\n<\/div>\n<div class=\"product-description-block\">\n<div class=\"short\">Il nastro adesivo transfer Scotch\u00ae ATG 976 \u00e8 ideale per l&rsquo;incollaggio di materiali con rivestimenti lucidi dove si desidera un adesivo aggressivo con elevata adesione iniziale e poco spessore. Offre un&rsquo;ottima resistenza ai prodotti chimici, all&rsquo;umidit\u00e0 e ai raggi UV medio-alti.<\/div>\n<div class=\"extended\">Progettato per l&rsquo;incollaggio di materiali con rivestimenti lucidi in cui si desidera un adesivo aggressivo con elevata adesione iniziale e poco spessore.<\/div>\n<\/div>\n","protected":false},"excerpt":{"rendered":"<p>Il nastro adesivo transfer Scotch\u00ae ATG 976 \u00e8 ideale per l&rsquo;incollaggio di materiali con rivestimenti lucidi dove si desidera un adesivo aggressivo con elevata adesione iniziale e poco spessore. Offre un&rsquo;ottima resistenza ai prodotti chimici, all&rsquo;umidit\u00e0 e ai raggi UV medio-alti.<\/p>\n","protected":false},"featured_media":8227,"template":"","meta":{"_acf_changed":false},"product_brand":[3414],"product_cat":[29,786],"product_tag":[1180,1101,1181,1197,1196,1182],"class_list":{"0":"post-10536","1":"product","2":"type-product","3":"status-publish","4":"has-post-thumbnail","6":"product_brand-scotch","7":"product_cat-adesivi-e-nastri-industriali","8":"product_cat-nastri-biadesivi-sottili","9":"product_tag-biadesivo-acrilico","10":"product_tag-nastro-biadesivo","11":"product_tag-nastro-biadesivo-resistente","12":"product_tag-non-supportato","13":"product_tag-transfer","14":"product_tag-viscoelastico","16":"first","17":"instock","18":"product-type-simple"},"acf":{"short_description":"Il nastro adesivo transfer Scotch&reg; ATG 976 \u00e8 la soluzione ideale per applicazioni industriali, garantendo performance elevate e una tenuta senza pari. Perfetto per ogni esigenza di incollaggio!","long_description":"<p>Il nastro adesivo transfer Scotch&reg; ATG 976 \u00e8 un prodotto di alta qualit\u00e0 progettato specificamente per soddisfare le esigenze delle applicazioni industriali pi\u00f9 impegnative. Grazie alla sua formula innovativa, questo nastro biadesivo offre un'eccezionale adesivit\u00e0 e resistenza, rendendolo ideale per una vasta gamma di materiali e superfici. Con una larghezza di 12 mm e una lunghezza di 50 metri, il nastro \u00e8 perfetto per utilizzi in ambienti di lavoro dove precisione e affidabilit\u00e0 sono fondamentali.<\/p>\n<p>La tecnologia avanzata di questo nastro adesivo garantisce una facile applicazione e una rapida adesione, consentendo di risparmiare tempo senza compromettere la qualit\u00e0 del lavoro. Che tu stia lavorando su progetti di packaging, assemblaggio o riparazione, il nastro adesivo transfer Scotch&reg; ATG 976 si distingue per la sua versatilit\u00e0 e performance.<\/p>\n<p>Inoltre, la sua composizione \u00e8 progettata per resistere a condizioni ambientali variabili, mantenendo l'integrit\u00e0 dell'adesione anche in presenza di umidit\u00e0 o temperature estreme. Non solo offre una tenuta forte, ma \u00e8 anche facile da rimuovere senza lasciare residui, rendendolo ideale per applicazioni temporanee.<\/p>\n<p>Con il nastro adesivo transfer Scotch&reg; ATG 976, puoi contare su un prodotto che supera gli standard di settore, fornendo risultati professionali e duraturi. Con la sua eccellente capacit\u00e0 di adesione e la sua affidabilit\u00e0, questo nastro \u00e8 un must-have per ogni professionista nel campo delle soluzioni industriali. Non aspettare oltre, scegli il nastro Scotch&reg; ATG 976 per i tuoi prossimi progetti e scopri la differenza che un adesivo di qualit\u00e0 pu\u00f2 fare!<\/p>","feature_1":"Larghezza: 12 mm per applicazioni precise","feature_2":"Lunghezza: 50 metri per un utilizzo prolungato","feature_3":"Adesivo acrilico di alta qualit\u00e0 per una tenuta duratura","feature_4":"Resistente a umidit\u00e0 e temperature estreme","feature_5":"Facile da applicare grazie al sistema di trasferimento","feature_6":"Rimozione semplice senza lasciare residui","feature_7":"Compatibile con una vasta gamma di materiali","feature_8":"Ideale per packaging, assemblaggio e riparazioni","feature_9":"Eccellente stabilit\u00e0 dimensionale per risultati uniformi","feature_10":"Certificato per uso industriale, garantendo standard elevati"},"_links":{"self":[{"href":"https:\/\/finatsrl.it\/fr\/wp-json\/wp\/v2\/product\/10536","targetHints":{"allow":["GET"]}}],"collection":[{"href":"https:\/\/finatsrl.it\/fr\/wp-json\/wp\/v2\/product"}],"about":[{"href":"https:\/\/finatsrl.it\/fr\/wp-json\/wp\/v2\/types\/product"}],"wp:featuredmedia":[{"embeddable":true,"href":"https:\/\/finatsrl.it\/fr\/wp-json\/wp\/v2\/media\/8227"}],"wp:attachment":[{"href":"https:\/\/finatsrl.it\/fr\/wp-json\/wp\/v2\/media?parent=10536"}],"wp:term":[{"taxonomy":"product_brand","embeddable":true,"href":"https:\/\/finatsrl.it\/fr\/wp-json\/wp\/v2\/product_brand?post=10536"},{"taxonomy":"product_cat","embeddable":true,"href":"https:\/\/finatsrl.it\/fr\/wp-json\/wp\/v2\/product_cat?post=10536"},{"taxonomy":"product_tag","embeddable":true,"href":"https:\/\/finatsrl.it\/fr\/wp-json\/wp\/v2\/product_tag?post=10536"}],"curies":[{"name":"wp","href":"https:\/\/api.w.org\/{rel}","templated":true}]}}