{"id":10173,"date":"2025-01-27T15:40:20","date_gmt":"2025-01-27T14:40:20","guid":{"rendered":"https:\/\/finatnew.newhosting.intellijam.com\/prodotto\/nastro-adesivo-transfer-scotch-atg-969\/"},"modified":"2025-11-26T12:03:12","modified_gmt":"2025-11-26T11:03:12","slug":"nastro-adesivo-transfer-scotch-atg-969","status":"publish","type":"product","link":"https:\/\/finatsrl.it\/fr\/product\/nastro-adesivo-transfer-scotch-atg-969\/","title":{"rendered":"Nastro adesivo transfer Scotch&reg; ATG 969"},"content":{"rendered":"<div class=\"product-bullet-block\">\n<div class=\"bullet n1\">Si lega bene su superfici lisce e moderatamente ruvide<\/div>\n<div class=\"bullet n2\">Tiene bene sulle superfici lucide e la maggior parte delle plastiche<\/div>\n<div class=\"bullet n3\">Offre una buona resistenza ai solventi e all&rsquo;umidit\u00e0<\/div>\n<div class=\"bullet n4\">Si adatta facilmente alle curve e ai contorni<\/div>\n<div class=\"bullet n5\">Applicazione pulita, non lascia residui n\u00e9 odori<\/div>\n<div class=\"bullet n6\">Si adatta facilmente a curve e contorni<\/div>\n<div class=\"bullet n7\">Applicazione pulita. Non lascia residui o odori<\/div>\n<\/div>\n<div class=\"product-description-block\">\n<div class=\"short\">Il nastro adesivo transfer Scotch\u00ae ATG 969 offre un&rsquo;adesione iniziale molto elevata e un buon potere di tenuta al taglio, per incollare la maggior parte delle materie plastiche e dei materiali patinati lucidi.<\/div>\n<div class=\"extended\">Progettato per applicazioni di incollaggio che richiedono un&rsquo;adesione iniziale molto elevata e un buon potere di tenuta al taglio per incollare la maggior parte delle materie plastiche, materiali patinati lucidi e superfici varie e strutturate. Offre una buona resistenza ai solventi e ai raggi UV.<\/div>\n<\/div>\n","protected":false},"excerpt":{"rendered":"<p>Il nastro adesivo transfer Scotch\u00ae ATG 969 offre un&rsquo;adesione iniziale molto elevata e un buon potere di tenuta al taglio, per incollare la maggior parte delle materie plastiche e dei materiali patinati lucidi.<\/p>\n","protected":false},"featured_media":8026,"template":"","meta":{"_acf_changed":false},"product_brand":[3414],"product_cat":[29,786],"product_tag":[1180,1101,1181,1197,1196,1182],"class_list":{"0":"post-10173","1":"product","2":"type-product","3":"status-publish","4":"has-post-thumbnail","6":"product_brand-scotch","7":"product_cat-adesivi-e-nastri-industriali","8":"product_cat-nastri-biadesivi-sottili","9":"product_tag-biadesivo-acrilico","10":"product_tag-nastro-biadesivo","11":"product_tag-nastro-biadesivo-resistente","12":"product_tag-non-supportato","13":"product_tag-transfer","14":"product_tag-viscoelastico","16":"first","17":"instock","18":"product-type-simple"},"acf":{"short_description":"Il nastro adesivo transfer Scotch&reg; ATG 969 \u00e8 la soluzione ideale per applicazioni industriali che richiedono precisione e resistenza. Perfetto per un'adesione rapida e duratura.","long_description":"<p>Il nastro adesivo transfer Scotch&reg; ATG 969 \u00e8 un prodotto di alta qualit\u00e0 progettato specificamente per soddisfare le esigenze delle applicazioni industriali. Questo nastro biadesivo \u00e8 ideale per l'assemblaggio di materiali, la creazione di etichette, il montaggio di componenti e molto altro. Grazie alla sua formulazione avanzata, offre un'eccellente adesione su una vasta gamma di superfici, tra cui plastica, metallo e carta, garantendo risultati professionali in ogni utilizzo.<\/p>\n<p>La tecnologia di adesione del nastro Scotch&reg; ATG 969 permette di ottenere un legame forte e duraturo, riducendo al contempo il rischio di sfilacciamento e strappi. La sua applicazione \u00e8 estremamente semplice e veloce, grazie al supporto in carta che facilita il posizionamento e la rimozione. Questo prodotto \u00e8 perfetto per chi cerca un nastro biadesivo sottile che non comprometta la qualit\u00e0 del lavoro.<\/p>\n<p>Il nastro adesivo transfer Scotch&reg; ATG 969 \u00e8 resistente agli agenti chimici e alle variazioni di temperatura, rendendolo adatto anche per ambienti industriali difficili. La sua versatilit\u00e0 lo rende un alleato indispensabile per professionisti e aziende che operano in settori diversi. Infine, la confezione da 50 metri garantisce un ottimo rapporto qualit\u00e0-prezzo, permettendo di affrontare anche i progetti pi\u00f9 impegnativi senza preoccuparsi di finire il materiale. Scegli il nastro adesivo transfer Scotch&reg; ATG 969 per risultati impeccabili e una lavorazione efficiente.<\/p>","feature_1":"Adesione forte e duratura su diverse superfici","feature_2":"Resistente a solventi e agenti chimici","feature_3":"Facile applicazione grazie al supporto in carta","feature_4":"Spessore sottile per un'aderenza discreta","feature_5":"Confezione da 50 metri per un utilizzo prolungato","feature_6":"Ottima resistenza alle variazioni di temperatura","feature_7":"Ideale per assemblaggio e montaggio di componenti","feature_8":"Riduce il rischio di sfilacciamento e strappi","feature_9":"Compatibile con applicatori ATG per maggiore precisione","feature_10":"Perfetto per applicazioni industriali e commerciali"},"_links":{"self":[{"href":"https:\/\/finatsrl.it\/fr\/wp-json\/wp\/v2\/product\/10173","targetHints":{"allow":["GET"]}}],"collection":[{"href":"https:\/\/finatsrl.it\/fr\/wp-json\/wp\/v2\/product"}],"about":[{"href":"https:\/\/finatsrl.it\/fr\/wp-json\/wp\/v2\/types\/product"}],"wp:featuredmedia":[{"embeddable":true,"href":"https:\/\/finatsrl.it\/fr\/wp-json\/wp\/v2\/media\/8026"}],"wp:attachment":[{"href":"https:\/\/finatsrl.it\/fr\/wp-json\/wp\/v2\/media?parent=10173"}],"wp:term":[{"taxonomy":"product_brand","embeddable":true,"href":"https:\/\/finatsrl.it\/fr\/wp-json\/wp\/v2\/product_brand?post=10173"},{"taxonomy":"product_cat","embeddable":true,"href":"https:\/\/finatsrl.it\/fr\/wp-json\/wp\/v2\/product_cat?post=10173"},{"taxonomy":"product_tag","embeddable":true,"href":"https:\/\/finatsrl.it\/fr\/wp-json\/wp\/v2\/product_tag?post=10173"}],"curies":[{"name":"wp","href":"https:\/\/api.w.org\/{rel}","templated":true}]}}