{"id":10102,"date":"2025-01-27T15:40:20","date_gmt":"2025-01-27T14:40:20","guid":{"rendered":"https:\/\/finatnew.newhosting.intellijam.com\/prodotto\/nastro-da-imballo-rinforzato-ad-alte-prestazioni-scotch-8981\/"},"modified":"2025-11-26T12:02:55","modified_gmt":"2025-11-26T11:02:55","slug":"nastro-da-imballo-rinforzato-ad-alte-prestazioni-scotch-8981","status":"publish","type":"product","link":"https:\/\/finatsrl.it\/fr\/product\/nastro-da-imballo-rinforzato-ad-alte-prestazioni-scotch-8981\/","title":{"rendered":"Nastro da imballo rinforzato ad alte prestazioni Scotch&reg; 8981"},"content":{"rendered":"<div class=\"product-bullet-block\">\n<div class=\"bullet n1\">L&rsquo;adesivo offre un eccellente equilibrio tra adesione iniziale e potere di tenuta a lungo termine<\/div>\n<div class=\"bullet n2\">Ottieni un ulteriore livello di sicurezza contro il furto di scatole o pacchi<\/div>\n<div class=\"bullet n3\">Alta resistenza alla trazione ideale per applicazioni di reggiatura, raggruppamento e rinforzo<\/div>\n<div class=\"bullet n4\">Fornisce un&rsquo;eccellente resistenza all&rsquo;abrasione e all&rsquo;umidit\u00e0<\/div>\n<div class=\"bullet n5\">In grado di resistere a condizioni di spedizione e gestione difficili<\/div>\n<div class=\"bullet n6\">La trasparenza offre una chiara visibilit\u00e0 delle grafiche, stampe e illustazioni della scatola<\/div>\n<div class=\"bullet n7\"><\/div>\n<\/div>\n<div class=\"product-description-block\">\n<div class=\"short\">Il nastro filament 3M 8981 ad alta resistenza e prestazioni, \u00e8 adatto per chiusure con clip a L e a U, per tabulazione e avvolgimento di bobine metalliche.<\/div>\n<div class=\"extended\">Nastro filament ad alte prestazioni, ideale per chiusure a L e a U, per tabulazione e avvolgimento di bobine metalliche.<\/div>\n<\/div>\n","protected":false},"excerpt":{"rendered":"<p>Il nastro filament 3M 8981 ad alta resistenza e prestazioni, \u00e8 adatto per chiusure con clip a L e a U, per tabulazione e avvolgimento di bobine metalliche.<\/p>\n","protected":false},"featured_media":7993,"template":"","meta":{"_acf_changed":false},"product_brand":[3414],"product_cat":[29,891],"product_tag":[1248,1301],"class_list":{"0":"post-10102","1":"product","2":"type-product","3":"status-publish","4":"has-post-thumbnail","6":"product_brand-scotch","7":"product_cat-adesivi-e-nastri-industriali","8":"product_cat-nastri-rinforzati","9":"product_tag-nastro","10":"product_tag-rinforzato","11":"pa_colore-trasparente","13":"first","14":"instock","15":"product-type-simple"},"acf":{"short_description":"Il nastro da imballo rinforzato Scotch&reg; 8981 offre prestazioni superiori per le tue operazioni di imballaggio. Resistente e versatile, \u00e8 la scelta ideale per le applicazioni industriali.","long_description":"<p>Il nastro da imballo rinforzato ad alte prestazioni Scotch\u00ae 8981 \u00e8 la soluzione perfetta per chi cerca un prodotto di alta qualit\u00e0 per imballaggi sicuri e duraturi. Questo nastro presenta una struttura rinforzata che garantisce una resistenza superiore, rendendolo particolarmente adatto per applicazioni industriali e logistiche. Grazie alla sua adesione potente, \u00e8 in grado di mantenere fermi anche i carichi pi\u00f9 pesanti, assicurando una protezione ottimale durante il trasporto.<\/p>\n<p>Realizzato con materiali di alta qualit\u00e0, il nastro Scotch\u00ae 8981 \u00e8 progettato per resistere a temperature estreme e condizioni ambientali difficili, senza compromettere la sua efficacia. La sua superficie liscia consente una facile applicazione e una lavorazione rapida, riducendo i tempi di imballaggio. Inoltre, il design trasparente del nastro permette di mantenere l'estetica del pacco, rendendolo ideale anche per imballaggi presentabili.<\/p>\n<p>Le dimensioni generose di 50 mm x 50 m offrono una lunga durata, permettendo di affrontare anche i progetti di imballaggio pi\u00f9 impegnativi senza la necessit\u00e0 di frequenti sostituzioni. Questo nastro \u00e8 anche resistente alla lacerazione, il che significa che pu\u00f2 essere utilizzato su materiali di vario tipo, senza il rischio di strappi o rotture.<\/p>\n<p>In aggiunta, il nastro da imballo Scotch\u00ae 8981 \u00e8 ecologico, contribuendo a ridurre l'impatto ambientale delle operazioni di imballaggio. Scegliere Scotch\u00ae significa optare per una qualit\u00e0 che fa la differenza, garantendo risultati eccellenti in ogni applicazione industriale. Non importa se si tratta di spedizioni a lungo raggio o di semplici imballaggi di sicurezza, il nastro rinforzato Scotch\u00ae 8981 \u00e8 la scelta ideale per ogni professionista.<\/p>","feature_1":"Resistenza alla lacerazione per imballaggi sicuri","feature_2":"Struttura rinforzata per carichi pesanti","feature_3":"Adesione potente su diverse superfici","feature_4":"Resistente a temperature estreme","feature_5":"Facile applicazione grazie alla superficie liscia","feature_6":"Design trasparente per un aspetto professionale","feature_7":"Dimensioni 50 mm x 50 m per una lunga durata","feature_8":"Ecologico e sostenibile","feature_9":"Compatibile con vari materiali di imballaggio","feature_10":"Perfetto per applicazioni industriali e logistiche"},"_links":{"self":[{"href":"https:\/\/finatsrl.it\/fr\/wp-json\/wp\/v2\/product\/10102","targetHints":{"allow":["GET"]}}],"collection":[{"href":"https:\/\/finatsrl.it\/fr\/wp-json\/wp\/v2\/product"}],"about":[{"href":"https:\/\/finatsrl.it\/fr\/wp-json\/wp\/v2\/types\/product"}],"wp:featuredmedia":[{"embeddable":true,"href":"https:\/\/finatsrl.it\/fr\/wp-json\/wp\/v2\/media\/7993"}],"wp:attachment":[{"href":"https:\/\/finatsrl.it\/fr\/wp-json\/wp\/v2\/media?parent=10102"}],"wp:term":[{"taxonomy":"product_brand","embeddable":true,"href":"https:\/\/finatsrl.it\/fr\/wp-json\/wp\/v2\/product_brand?post=10102"},{"taxonomy":"product_cat","embeddable":true,"href":"https:\/\/finatsrl.it\/fr\/wp-json\/wp\/v2\/product_cat?post=10102"},{"taxonomy":"product_tag","embeddable":true,"href":"https:\/\/finatsrl.it\/fr\/wp-json\/wp\/v2\/product_tag?post=10102"}],"curies":[{"name":"wp","href":"https:\/\/api.w.org\/{rel}","templated":true}]}}