{"id":10086,"date":"2025-01-27T15:40:20","date_gmt":"2025-01-27T14:40:20","guid":{"rendered":"https:\/\/finatnew.newhosting.intellijam.com\/prodotto\/nastro-da-imballo-rinforzato-universale-bidirezionale-scotch-8959\/"},"modified":"2025-11-26T12:02:54","modified_gmt":"2025-11-26T11:02:54","slug":"nastro-da-imballo-rinforzato-universale-bidirezionale-scotch-8959","status":"publish","type":"product","link":"https:\/\/finatsrl.it\/fr\/product\/nastro-da-imballo-rinforzato-universale-bidirezionale-scotch-8959\/","title":{"rendered":"Nastro da imballo rinforzato universale bidirezionale Scotch&reg; 8959"},"content":{"rendered":"<div class=\"product-bullet-block\">\n<div class=\"bullet n1\">Resistenza allo strappo in direzione della macchina e trasversale<\/div>\n<div class=\"bullet n2\">Si incolla facilmente alla maggior parte delle superfici con elevata adesione iniziale<\/div>\n<div class=\"bullet n3\">Resiste a intaccature, abrasioni, umidit\u00e0 e rigature<\/div>\n<div class=\"bullet n4\">In grado di resistere a condizioni di spedizione e gestione difficili<\/div>\n<div class=\"bullet n5\">La trasparenza offre una chiara visibilit\u00e0 delle grafiche, stampe e illustazioni della scatola<\/div>\n<div class=\"bullet n6\"><\/div>\n<div class=\"bullet n7\"><\/div>\n<\/div>\n<div class=\"product-description-block\">\n<div class=\"short\">Il nastro filament 3M 8959 per usi generici ad alta resistenza \u00e8 adatto ad applicazioni medie di reggiatura, raggruppamento, giunzioni e rinforzo. I filamenti in fibra di vetro scorrono in modo bidirezionale e offrono quindi un&rsquo;elevata resistenza alla trazione in tutta la larghezza e la lunghezza del nastro.<\/div>\n<div class=\"extended\">Nastro universale ad alta resistenza per uso generico ideale per applicazioni medie di reggiature, raggruppamento, giunzioni e rinforzi.<\/div>\n<\/div>\n","protected":false},"excerpt":{"rendered":"<p>Il nastro filament 3M 8959 per usi generici ad alta resistenza \u00e8 adatto ad applicazioni medie di reggiatura, raggruppamento, giunzioni e rinforzo. I filamenti in fibra di vetro scorrono in modo bidirezionale e offrono quindi un&rsquo;elevata resistenza alla trazione in tutta la larghezza e la lunghezza del nastro.<\/p>\n","protected":false},"featured_media":7985,"template":"","meta":{"_acf_changed":false},"product_brand":[3414],"product_cat":[29,891],"product_tag":[1248,1303,1304,1302,1305,1301],"class_list":{"0":"post-10086","1":"product","2":"type-product","3":"status-publish","4":"has-post-thumbnail","6":"product_brand-scotch","7":"product_cat-adesivi-e-nastri-industriali","8":"product_cat-nastri-rinforzati","9":"product_tag-nastro","10":"product_tag-nastro-a-filamento","11":"product_tag-nastro-a-filamento-incrociato","12":"product_tag-nastro-a-filamento-universale","13":"product_tag-nastro-rinforzato-con-filamento","14":"product_tag-rinforzato","15":"pa_colore-trasparente","17":"first","18":"instock","19":"product-type-simple"},"acf":{"short_description":"Il nastro da imballo rinforzato universale bidirezionale Scotch&reg; 8959 \u00e8 la soluzione ideale per imballaggi robusti e sicuri. Perfetto per ogni settore industriale, offre resistenza e versatilit\u00e0 senza pari.","long_description":"<p>Il nastro da imballo rinforzato universale bidirezionale Scotch&reg; 8959 \u00e8 progettato per soddisfare le esigenze pi\u00f9 elevate nel campo dell'imballaggio e della protezione dei materiali. Grazie alla sua costruzione rinforzata, questo nastro garantisce una tenuta superiore e una straordinaria resistenza alla lacerazione, rendendolo perfetto per l'uso in ambienti industriali. Con una larghezza di 50 mm e una lunghezza di 50 m, offre una copertura eccellente, permettendo di imballare pacchi di diverse dimensioni in modo rapido e sicuro. La colla di alta qualit\u00e0 assicura un'adesione immediata su una vasta gamma di superfici, inclusi cartone, plastica e metallo.<\/p>\n<p>Questo nastro \u00e8 anche resistente a temperature estreme, il che lo rende ideale per l'uso in condizioni climatiche variabili. La sua versatilit\u00e0 non si ferma qui: \u00e8 bidirezionale, il che significa che pu\u00f2 essere applicato in modo efficace sia in verticale che in orizzontale, aumentando la sua praticit\u00e0 in ogni situazione di imballaggio. Inoltre, il nastro Scotch&reg; 8959 \u00e8 progettato per resistere all'umidit\u00e0 e agli agenti chimici, garantendo che i tuoi imballaggi rimangano intatti anche in ambienti difficili.<\/p>\n<p>Scegliere il nastro da imballo rinforzato Scotch&reg; 8959 significa optare per un prodotto che unisce qualit\u00e0, resistenza e praticit\u00e0. Perfetto per aziende di logistica, magazzini e qualsiasi attivit\u00e0 che richieda imballaggi affidabili, questo nastro rappresenta una soluzione all'avanguardia nel settore degli adesivi e nastri industriali. Non lasciare nulla al caso: scegli la sicurezza e l'affidabilit\u00e0 del nastro Scotch&reg; 8959 per le tue esigenze di imballaggio.<\/p>","feature_1":"Larghezza di 50 mm per un'applicazione versatile.","feature_2":"Lunghezza di 50 m per un uso prolungato senza interruzioni.","feature_3":"Costruzione rinforzata per una resistenza alla lacerazione superiore.","feature_4":"Adesione immediata su cartone, plastica e metallo.","feature_5":"Resistente a temperature estreme, da -10 a +60\u00b0C.","feature_6":"Bidirezionale, per una maggiore versatilit\u00e0 nell'applicazione.","feature_7":"Resistente all'umidit\u00e0 e agli agenti chimici.","feature_8":"Facile da stoccare e maneggiare grazie al design compatto.","feature_9":"Ideale per imballaggi industriali e commerciali.","feature_10":"Compatibile con dispenser per una facile applicazione."},"_links":{"self":[{"href":"https:\/\/finatsrl.it\/fr\/wp-json\/wp\/v2\/product\/10086","targetHints":{"allow":["GET"]}}],"collection":[{"href":"https:\/\/finatsrl.it\/fr\/wp-json\/wp\/v2\/product"}],"about":[{"href":"https:\/\/finatsrl.it\/fr\/wp-json\/wp\/v2\/types\/product"}],"wp:featuredmedia":[{"embeddable":true,"href":"https:\/\/finatsrl.it\/fr\/wp-json\/wp\/v2\/media\/7985"}],"wp:attachment":[{"href":"https:\/\/finatsrl.it\/fr\/wp-json\/wp\/v2\/media?parent=10086"}],"wp:term":[{"taxonomy":"product_brand","embeddable":true,"href":"https:\/\/finatsrl.it\/fr\/wp-json\/wp\/v2\/product_brand?post=10086"},{"taxonomy":"product_cat","embeddable":true,"href":"https:\/\/finatsrl.it\/fr\/wp-json\/wp\/v2\/product_cat?post=10086"},{"taxonomy":"product_tag","embeddable":true,"href":"https:\/\/finatsrl.it\/fr\/wp-json\/wp\/v2\/product_tag?post=10086"}],"curies":[{"name":"wp","href":"https:\/\/api.w.org\/{rel}","templated":true}]}}