{"id":10081,"date":"2025-01-27T15:40:01","date_gmt":"2025-01-27T14:40:01","guid":{"rendered":"https:\/\/finatnew.newhosting.intellijam.com\/prodotto\/adesivo-nitrilico-per-plastiche-flessibili-ad-alte-prestazioni-3m-1099\/"},"modified":"2025-11-26T12:02:54","modified_gmt":"2025-11-26T11:02:54","slug":"adesivo-nitrilico-per-plastiche-flessibili-ad-alte-prestazioni-3m-1099","status":"publish","type":"product","link":"https:\/\/finatsrl.it\/fr\/product\/adesivo-nitrilico-per-plastiche-flessibili-ad-alte-prestazioni-3m-1099\/","title":{"rendered":"Adesivo nitrilico per plastiche flessibili ad alte prestazioni 3M 1099"},"content":{"rendered":"<div class=\"product-bullet-block\">\n<div class=\"bullet n1\">Incolla la maggior parte delle estrusioni di vinile, fogli e tessuti ad alta resistenza<\/div>\n<div class=\"bullet n2\">Resiste agli agenti atmosferici, acqua, olio, migrazione di plastificanti e carburanti<\/div>\n<div class=\"bullet n3\">Fornisce legami flessibili forti e ad asciugatura rapida<\/div>\n<div class=\"bullet n4\">Spruzzabile con attrezzature spray industriali<\/div>\n<div class=\"bullet n5\">Intervallo di tempo aperto di incollaggio fino a 40 minuti<\/div>\n<div class=\"bullet n6\"><\/div>\n<div class=\"bullet n7\"><\/div>\n<\/div>\n<div class=\"product-description-block\">\n<div class=\"short\">L&rsquo;adesivo nitrilico ad alte prestazioni 3M 1099 forma legami forti e flessibili sulla maggior parte dei vinili e delle materie plastiche. Resiste alle intemperie, all&rsquo;acqua, al petrolio, alla migrazione dei plastificanti e ai carburanti alfalitici.<\/div>\n<div class=\"extended\">Adesivo ad alte performance che incolla bene materie plastici e vinile, offrendo una buona resistenza alla migrazione di plastificante<\/div>\n<\/div>\n","protected":false},"excerpt":{"rendered":"<p>L&rsquo;adesivo nitrilico ad alte prestazioni 3M 1099 forma legami forti e flessibili sulla maggior parte dei vinili e delle materie plastiche. Resiste alle intemperie, all&rsquo;acqua, al petrolio, alla migrazione dei plastificanti e ai carburanti alfalitici.<\/p>\n","protected":false},"featured_media":7982,"template":"","meta":{"_acf_changed":false},"product_brand":[3337],"product_cat":[29,763],"product_tag":[1178],"class_list":{"0":"post-10081","1":"product","2":"type-product","3":"status-publish","4":"has-post-thumbnail","6":"product_brand-3m","7":"product_cat-adesivi-e-nastri-industriali","8":"product_cat-adesivi-spray-e-adesivi-a-caldo","9":"product_tag-nitrilico","11":"first","12":"instock","13":"product-type-simple"},"acf":{"short_description":"L'adesivo nitrilico 3M 1099 \u00e8 la soluzione ideale per incollare plastiche flessibili con risultati di alta qualit\u00e0. Scopri le sue prestazioni straordinarie!","long_description":"<p>L'adesivo nitrilico per plastiche flessibili ad alte prestazioni 3M 1099 rappresenta una soluzione innovativa e altamente efficace per le esigenze di incollaggio nel settore industriale. Progettato specificamente per l'assemblaggio di materiali plastici flessibili, questo adesivo offre una tenuta superiore e una versatilit\u00e0 senza pari, rendendolo un alleato indispensabile per professionisti e aziende. Grazie alla sua formula avanzata, l'adesivo nitrilico 3M 1099 garantisce un'adesione rapida e sicura, riducendo i tempi di lavorazione e aumentando l'efficienza operativa. \u00c8 ideale per l'incollaggio di gomma, vinile e altri materiali sintetici, assicurando risultati durevoli anche in condizioni di utilizzo estreme.<\/p>\n<p>Le applicazioni sono molteplici: dall'assemblaggio di componenti automotive alla realizzazione di prodotti artigianali, fino all'industria della moda e degli accessori. Inoltre, il 3M 1099 si distingue per la sua resistenza a temperature elevate e a solventi chimici, assicurando performance costanti nel tempo. Facile da applicare, grazie al suo pratico formato spray, permette di ottenere una distribuzione uniforme e precisa, riducendo sprechi e migliorando la qualit\u00e0 finale del lavoro.<\/p>\n<p>In sintesi, l'adesivo nitrilico 3M 1099 \u00e8 una scelta sicura per chi cerca un prodotto di alta qualit\u00e0 nel settore degli adesivi e nastri industriali. Scegliere 3M significa optare per innovazione, affidabilit\u00e0 e prestazioni elevate. Non perdere l\u2019opportunit\u00e0 di provare un adesivo che pu\u00f2 fare la differenza nei tuoi progetti!<\/p>","feature_1":"Formula nitrilica ad alte prestazioni per plastiche flessibili","feature_2":"Adesione rapida che riduce i tempi di lavorazione","feature_3":"Resistente a temperature elevate fino a 80\u00b0C","feature_4":"Ottima resistenza a solventi e sostanze chimiche","feature_5":"Facile applicazione grazie al formato spray","feature_6":"Finitura trasparente per un aspetto pulito","feature_7":"Ideale per una vasta gamma di materiali plastici","feature_8":"Non ingiallisce e mantiene la trasparenza nel tempo","feature_9":"Applicabile su superfici verticali senza colare","feature_10":"Compatibile con diverse tecniche di lavorazione e assemblaggio"},"_links":{"self":[{"href":"https:\/\/finatsrl.it\/fr\/wp-json\/wp\/v2\/product\/10081","targetHints":{"allow":["GET"]}}],"collection":[{"href":"https:\/\/finatsrl.it\/fr\/wp-json\/wp\/v2\/product"}],"about":[{"href":"https:\/\/finatsrl.it\/fr\/wp-json\/wp\/v2\/types\/product"}],"wp:featuredmedia":[{"embeddable":true,"href":"https:\/\/finatsrl.it\/fr\/wp-json\/wp\/v2\/media\/7982"}],"wp:attachment":[{"href":"https:\/\/finatsrl.it\/fr\/wp-json\/wp\/v2\/media?parent=10081"}],"wp:term":[{"taxonomy":"product_brand","embeddable":true,"href":"https:\/\/finatsrl.it\/fr\/wp-json\/wp\/v2\/product_brand?post=10081"},{"taxonomy":"product_cat","embeddable":true,"href":"https:\/\/finatsrl.it\/fr\/wp-json\/wp\/v2\/product_cat?post=10081"},{"taxonomy":"product_tag","embeddable":true,"href":"https:\/\/finatsrl.it\/fr\/wp-json\/wp\/v2\/product_tag?post=10081"}],"curies":[{"name":"wp","href":"https:\/\/api.w.org\/{rel}","templated":true}]}}