{"id":10029,"date":"2025-01-27T15:39:40","date_gmt":"2025-01-27T14:39:40","guid":{"rendered":"https:\/\/finatnew.newhosting.intellijam.com\/prodotto\/nastro-in-poliestere-3m-8905\/"},"modified":"2025-11-26T12:02:52","modified_gmt":"2025-11-26T11:02:52","slug":"nastro-in-poliestere-3m-8905","status":"publish","type":"product","link":"https:\/\/finatsrl.it\/fr\/product\/nastro-in-poliestere-3m-8905\/","title":{"rendered":"Nastro in poliestere 3M 8905"},"content":{"rendered":"<div class=\"product-bullet-block\">\n<div class=\"bullet n1\">Funziona in condizioni difficili e alte temperature che vanno da -50 \u00b0C a 204 \u00b0C<\/div>\n<div class=\"bullet n2\">Rimozione pulita durante operazioni di mascheratura ad elevate temperature come la verniciatura a polvere<\/div>\n<div class=\"bullet n3\">Eccellente resistenza termica, all&rsquo;abrasione e agli agenti chimici, mantenendo la flessibilit\u00e0<\/div>\n<div class=\"bullet n4\">Il supporto in blu traslucido offre facile identificazione e posizionamento<\/div>\n<div class=\"bullet n5\"><\/div>\n<div class=\"bullet n6\"><\/div>\n<div class=\"bullet n7\"><\/div>\n<\/div>\n<div class=\"product-description-block\">\n<div class=\"short\">Il nastro in poliestere 3M 8905 \u00e8 progettato per operazioni di mascheratura ad alta temperatura come verniciatura a polvere e verniciatura elettrostatica. Rimozione pulito e in un unico pezzo dalla maggior parte delle superfici, evitando schegge e rotture.<\/div>\n<div class=\"extended\">Nastro in poliestere conformabile ideale per applicazioni di mascheratura con verniciatura a polvere e giunzioni di guaine, pellicole e carte in silicone.<\/div>\n<\/div>\n","protected":false},"excerpt":{"rendered":"<p>Il nastro in poliestere 3M 8905 \u00e8 progettato per operazioni di mascheratura ad alta temperatura come verniciatura a polvere e verniciatura elettrostatica. Rimozione pulito e in un unico pezzo dalla maggior parte delle superfici, evitando schegge e rotture.<\/p>\n","protected":false},"featured_media":7920,"template":"","meta":{"_acf_changed":false},"product_brand":[3337],"product_cat":[1053,1063],"product_tag":[1314,1315,1312,1309,1254,1310,1313,1311,1317,1316],"class_list":{"0":"post-10029","1":"product","2":"type-product","3":"status-publish","4":"has-post-thumbnail","6":"product_brand-3m","7":"product_cat-industrial-adhesives-tapes-fr","8":"product_cat-enhancing-shielding-tapes-fr","9":"product_tag-mascheratura-ad-alta-temperatura","10":"product_tag-nastri-in-poliestere","11":"product_tag-nastro-ad-alta-temperatura","12":"product_tag-nastro-di-giunzione","13":"product_tag-nastro-in-poliestere","14":"product_tag-nastro-mascherante","15":"product_tag-nastro-mascherante-ad-alta-temperatura","16":"product_tag-nastro-per-rivestimento-in-polvere","17":"product_tag-nastro-resistente-al-calore","18":"product_tag-soluzioni-estreme-per-mascheratura","19":"pa_colore-blu","21":"first","22":"instock","23":"product-type-simple"},"acf":{"short_description":"Il nastro in poliestere 3M 8905 \u00e8 la scelta perfetta per chi cerca un'adesione potente e duratura. Ideale per schermature e applicazioni ad alte prestazioni.","long_description":"<p>Il nastro in poliestere 3M 8905 \u00e8 un prodotto di alta qualit\u00e0 progettato per soddisfare le esigenze delle applicazioni industriali pi\u00f9 esigenti. Realizzato con materiali di prima scelta, offre un'adesione eccezionale e una resistenza notevole, rendendolo ideale per una vasta gamma di utilizzi, dalle schermature elettriche alle applicazioni di isolamento. Questo nastro \u00e8 particolarmente apprezzato nel settore delle soluzioni industriali per le sue caratteristiche uniche che lo rendono superiore ai nastri tradizionali.<\/p>\n<p>Le sue caratteristiche includono una resistenza alla temperatura fino a 150\u00b0C, che consente di utilizzarlo anche in ambienti estremi senza compromettere le performance. Inoltre, il nastro presenta una bassa emissione di fumi e un'ottima resistenza chimica, rendendolo perfetto per applicazioni in ambienti industriali complessi. La superficie liscia garantisce un'applicazione uniforme e senza bolle, mentre la sua flessibilit\u00e0 lo rende facile da maneggiare e applicare su superfici curve o irregolari.<\/p>\n<p>Il nastro 3M 8905 \u00e8 anche progettato per offrire una resistenza all'umidit\u00e0, proteggendo i circuiti e le componenti elettroniche da possibili danni. La sua adesione immediata evita tempi di attesa, permettendo di velocizzare i processi produttivi. Inoltre, \u00e8 disponibile in diverse larghezze per adattarsi alle specifiche esigenze di ogni progetto. Scegliere il nastro in poliestere 3M 8905 significa investire in un prodotto che garantisce risultati ottimali e duraturi nel tempo, riducendo i costi di manutenzione e riparazione.<\/p>","feature_1":"Resistenza alla temperatura fino a 150\u00b0C","feature_2":"Bassa emissione di fumi durante l'applicazione","feature_3":"Eccellente resistenza chimica per ambienti industriali","feature_4":"Superficie liscia per un'applicazione uniforme","feature_5":"Flessibile, adatto anche per superfici curve","feature_6":"Alta adesione immediata per velocizzare i processi","feature_7":"Resistenza all'umidit\u00e0 per protezione elettronica","feature_8":"Disponibile in diverse larghezze per ogni esigenza","feature_9":"Ideale per schermature e applicazioni ad alte prestazioni","feature_10":"Certificato per uso industriale con standard di qualit\u00e0 elevati"},"_links":{"self":[{"href":"https:\/\/finatsrl.it\/fr\/wp-json\/wp\/v2\/product\/10029","targetHints":{"allow":["GET"]}}],"collection":[{"href":"https:\/\/finatsrl.it\/fr\/wp-json\/wp\/v2\/product"}],"about":[{"href":"https:\/\/finatsrl.it\/fr\/wp-json\/wp\/v2\/types\/product"}],"wp:featuredmedia":[{"embeddable":true,"href":"https:\/\/finatsrl.it\/fr\/wp-json\/wp\/v2\/media\/7920"}],"wp:attachment":[{"href":"https:\/\/finatsrl.it\/fr\/wp-json\/wp\/v2\/media?parent=10029"}],"wp:term":[{"taxonomy":"product_brand","embeddable":true,"href":"https:\/\/finatsrl.it\/fr\/wp-json\/wp\/v2\/product_brand?post=10029"},{"taxonomy":"product_cat","embeddable":true,"href":"https:\/\/finatsrl.it\/fr\/wp-json\/wp\/v2\/product_cat?post=10029"},{"taxonomy":"product_tag","embeddable":true,"href":"https:\/\/finatsrl.it\/fr\/wp-json\/wp\/v2\/product_tag?post=10029"}],"curies":[{"name":"wp","href":"https:\/\/api.w.org\/{rel}","templated":true}]}}