{"id":10009,"date":"2025-01-27T15:39:24","date_gmt":"2025-01-27T14:39:24","guid":{"rendered":"https:\/\/finatnew.newhosting.intellijam.com\/prodotto\/adesivo-a-caldo-3m-hot-melt-3762tc\/"},"modified":"2025-11-26T12:02:49","modified_gmt":"2025-11-26T11:02:49","slug":"adesivo-a-caldo-3m-hot-melt-3762tc","status":"publish","type":"product","link":"https:\/\/finatsrl.it\/fr\/product\/adesivo-a-caldo-3m-hot-melt-3762tc\/","title":{"rendered":"Adesivo a caldo 3M Hot Melt 3762TC"},"content":{"rendered":"<div class=\"product-bullet-block\">\n<div class=\"bullet n1\">L&rsquo;aggressiva aderenza a caldo raggiunge rapidamente la forza di manipolazione per imballaggi e altre applicazioni<\/div>\n<div class=\"bullet n2\">Il tempo aperto medio consente il posizionamento e l&rsquo;aggiustamento<\/div>\n<div class=\"bullet n3\">Incolla saldamente substrati difficili da sigillare come superfici leggermente cerate<\/div>\n<div class=\"bullet n4\">Praticamente invisibile una volta incollato, eliminando elementi di fissaggio meccanici poco attraenti<\/div>\n<div class=\"bullet n5\">Incollaggio di cartoni, cartoni ondulati, legno, pannelli truciolare, truciolare e schiume ammortizzanti<\/div>\n<div class=\"bullet n6\"><\/div>\n<div class=\"bullet n7\"><\/div>\n<\/div>\n<div class=\"product-description-block\">\n<div class=\"short\">L&rsquo;adesivo Hot Melt 3M 3762 \u00e8 un adesivo solido in resina, economico e a presa rapida. \u00c8 progettato per applicazioni generiche, nonch\u00e9 per la sigillatura manuale e di cartone ondulato e imballaggi generici.<\/div>\n<div class=\"extended\">Progettato per l&rsquo;imballaggio e la sigillatura di cartone ondulato, assemblaggio di giunti piccoli.<\/div>\n<\/div>\n","protected":false},"excerpt":{"rendered":"<p>L&rsquo;adesivo Hot Melt 3M 3762 \u00e8 un adesivo solido in resina, economico e a presa rapida. \u00c8 progettato per applicazioni generiche, nonch\u00e9 per la sigillatura manuale e di cartone ondulato e imballaggi generici.<\/p>\n","protected":false},"featured_media":7908,"template":"","meta":{"_acf_changed":false},"product_brand":[3337],"product_cat":[29,763],"product_tag":[3420,1122],"class_list":{"0":"post-10009","1":"product","2":"type-product","3":"status-publish","4":"has-post-thumbnail","6":"product_brand-3m","7":"product_cat-adesivi-e-nastri-industriali","8":"product_cat-adesivi-spray-e-adesivi-a-caldo","9":"product_tag-adesivo-a-caldo","10":"product_tag-hot-melt","12":"first","13":"instock","14":"product-type-simple"},"acf":{"short_description":"L'adesivo a caldo 3M Hot Melt 3762TC \u00e8 la soluzione ideale per le tue esigenze industriali. Con prestazioni superiori e una formula innovativa, garantisce risultati impeccabili in ogni applicazione.","long_description":"<p>L'adesivo a caldo 3M Hot Melt 3762TC \u00e8 progettato per offrire prestazioni ottimali in una vasta gamma di applicazioni industriali. Grazie alla sua formula avanzata, questo adesivo a caldo assicura una presa rapida e duratura su diversi materiali, rendendolo ideale per il montaggio, l'assemblaggio e la riparazione di componenti. Il prodotto si distingue per la sua versatilit\u00e0, potendo essere utilizzato su superfici in legno, plastica, metallo e tessuti, il che lo rende un alleato indispensabile per le aziende che cercano soluzioni efficaci e affidabili.<\/p>\n<p>Le sue propriet\u00e0 termoplastiche consentono di applicarlo facilmente con una pistola per adesivi, garantendo un'applicazione precisa e senza sprechi. Inoltre, l'adesivo 3M Hot Melt 3762TC \u00e8 resistente all'umidit\u00e0 e agli agenti chimici, assicurando che le giunzioni rimangano forti anche in condizioni difficili. Con una temperatura di applicazione compresa tra 180\u00b0C e 200\u00b0C, questo adesivo a caldo offre una lavorabilit\u00e0 eccellente, riducendo al minimo i tempi di attesa per il fissaggio.<\/p>\n<p>La sua bassa viscosit\u00e0 permette un flusso uniforme, mentre la rapida solidificazione garantisce una produzione efficiente. Scegliere 3M Hot Melt 3762TC significa investire in un prodotto di alta qualit\u00e0, in grado di soddisfare le esigenze pi\u00f9 elevate del settore industriale. Non lasciare nulla al caso, affida i tuoi progetti a un adesivo che fa la differenza!<\/p>","feature_1":"Formula avanzata per una presa rapida e duratura","feature_2":"Versatile: adatto per legno, plastica, metallo e tessuti","feature_3":"Resistente all'umidit\u00e0 e agli agenti chimici","feature_4":"Temperatura di applicazione ideale tra 180\u00b0C e 200\u00b0C","feature_5":"Bassa viscosit\u00e0 per un flusso uniforme e preciso","feature_6":"Facile da applicare con pistola per adesivi","feature_7":"Riduce i tempi di attesa per il fissaggio","feature_8":"Ottimale per montaggi, assemblaggi e riparazioni","feature_9":"Perfetto per applicazioni industriali e commerciali","feature_10":"Qualit\u00e0 garantita da 3M, leader nel settore degli adesivi"},"_links":{"self":[{"href":"https:\/\/finatsrl.it\/fr\/wp-json\/wp\/v2\/product\/10009","targetHints":{"allow":["GET"]}}],"collection":[{"href":"https:\/\/finatsrl.it\/fr\/wp-json\/wp\/v2\/product"}],"about":[{"href":"https:\/\/finatsrl.it\/fr\/wp-json\/wp\/v2\/types\/product"}],"wp:featuredmedia":[{"embeddable":true,"href":"https:\/\/finatsrl.it\/fr\/wp-json\/wp\/v2\/media\/7908"}],"wp:attachment":[{"href":"https:\/\/finatsrl.it\/fr\/wp-json\/wp\/v2\/media?parent=10009"}],"wp:term":[{"taxonomy":"product_brand","embeddable":true,"href":"https:\/\/finatsrl.it\/fr\/wp-json\/wp\/v2\/product_brand?post=10009"},{"taxonomy":"product_cat","embeddable":true,"href":"https:\/\/finatsrl.it\/fr\/wp-json\/wp\/v2\/product_cat?post=10009"},{"taxonomy":"product_tag","embeddable":true,"href":"https:\/\/finatsrl.it\/fr\/wp-json\/wp\/v2\/product_tag?post=10009"}],"curies":[{"name":"wp","href":"https:\/\/api.w.org\/{rel}","templated":true}]}}