{"id":7121,"date":"2024-10-17T12:43:42","date_gmt":"2024-10-17T10:43:42","guid":{"rendered":"https:\/\/finatnew.newhosting.intellijam.com\/?page_id=7121"},"modified":"2025-01-28T16:40:47","modified_gmt":"2025-01-28T15:40:47","slug":"terms-of-use","status":"publish","type":"page","link":"https:\/\/finatsrl.it\/fr\/terms-of-use\/","title":{"rendered":"Terms of Use"},"content":{"rendered":"<section class=\"l-section wpb_row us_custom_a9fce8e8 height_auto full_height valign_top\"><div class=\"l-section-h i-cf\"><div class=\"g-cols vc_row via_flex valign_top type_default reversed stacking_default\"><div class=\"vc_col-sm-8 wpb_column vc_column_container\"><div class=\"vc_column-inner us_custom_51c00d40\"><div class=\"wpb_wrapper\"><h1 class=\"w-text us_custom_0270bde3 hide_on_mobiles\"><span class=\"w-text-h\"><span class=\"w-text-value\">Terms of Use<\/span><\/span><\/h1><div class=\"wpb_text_column\"><div class=\"wpb_wrapper\"><h5 id=\"tc_1\">1. Introduction<\/h5>\n<p>Les pr\u00e9sentes conditions d&rsquo;utilisation (ci-apr\u00e8s d\u00e9nomm\u00e9es \u00ab\u00a0Conditions\u00a0\u00bb) r\u00e9gissent l&rsquo;acc\u00e8s et l&rsquo;utilisation du site Web www.finat.it (ci-apr\u00e8s d\u00e9nomm\u00e9 \u00ab\u00a0Site\u00a0\u00bb), propri\u00e9t\u00e9 de Finat S.r.l. (ci-apr\u00e8s d\u00e9nomm\u00e9e \u00ab\u00a0Soci\u00e9t\u00e9\u00a0\u00bb), dont le si\u00e8ge social est situ\u00e9 Via della Liberazione, 21 \u2013 20098 San Giuliano Milanese (MI)]. L&rsquo;acc\u00e8s et l&rsquo;utilisation du Site sont soumis \u00e0 l&rsquo;acceptation inconditionnelle des pr\u00e9sentes Conditions.<\/p>\n<h5 id=\"tc_2\">2. Objet<\/h5>\n<p>Le site est informatif et pr\u00e9sente une vitrine num\u00e9rique des produits adh\u00e9sifs sp\u00e9ciaux fabriqu\u00e9s par la soci\u00e9t\u00e9. Le site ne constitue pas une plateforme de commerce \u00e9lectronique et ne permet pas l&rsquo;achat direct des produits pr\u00e9sent\u00e9s.<\/p>\n<h5 id=\"tc_3\">3. Propri\u00e9t\u00e9 intellectuelle<\/h5>\n<p>3.1. Tout le contenu du site, y compris, mais sans s&rsquo;y limiter, les textes, les graphiques, les logos, les images, les vid\u00e9os, les fichiers audio, les codes et les logiciels, est la propri\u00e9t\u00e9 exclusive de la soci\u00e9t\u00e9 ou de ses conc\u00e9dants de licence et est prot\u00e9g\u00e9 par les lois sur la propri\u00e9t\u00e9 intellectuelle.<\/p>\n<p>3.2. Toutes les marques commerciales, d\u00e9pos\u00e9es ou non, et autres signes distinctifs pr\u00e9sents sur le Site ont \u00e9t\u00e9 d\u00fbment autoris\u00e9s par leurs propri\u00e9taires l\u00e9gitimes ou sont la propri\u00e9t\u00e9 de la Soci\u00e9t\u00e9. Aucun contenu du site ne peut \u00eatre interpr\u00e9t\u00e9 comme une licence implicite ou un droit d&rsquo;utilisation de toute marque qui y est affich\u00e9e.<\/p>\n<h5 id=\"tc_4\">4. Utilisation autoris\u00e9e<\/h5>\n<p>4.1. L&rsquo;utilisateur est autoris\u00e9 \u00e0\u00a0:<\/p>\n<ul>\n<li>Consulter le contenu du site \u00e0 des fins d&rsquo;information.<\/li>\n<li>Imprimer ou enregistrer des copies num\u00e9riques des pages du site pour un usage personnel et non commercial.<\/li>\n<li>Partager les liens vers les pages du site via les r\u00e9seaux sociaux ou par e-mail.<\/li>\n<\/ul>\n<p>4.2. Il est express\u00e9ment interdit de\u00a0:<\/p>\n<ul>\n<li>Reproduire, dupliquer, copier ou revendre toute partie du Site en violation des pr\u00e9sentes Conditions.<\/li>\n<li>Utiliser des techniques d&rsquo;exploration de donn\u00e9es, des robots ou des m\u00e9thodes similaires de collecte et d&rsquo;extraction de donn\u00e9es.<\/li>\n<li>Acc\u00e9der au site par des moyens automatis\u00e9s.<\/li>\n<li>Utiliser le site \u00e0 des fins ill\u00e9gales ou non autoris\u00e9es est strictement interdit.<\/li>\n<\/ul>\n<h5 id=\"tc_5\">5. Exactitude des informations<\/h5>\n<p>5.1. La Soci\u00e9t\u00e9 s&rsquo;efforce de maintenir les informations sur le Site aussi exactes et \u00e0 jour que possible. Toutefois, elle ne garantit pas que :<\/p>\n<ul>\n<li>le site sera toujours disponible ou exempt d&rsquo;erreurs<\/li>\n<li>les informations contenues sur le Site seront toujours compl\u00e8tes, exactes, \u00e0 jour ou fiables<\/li>\n<li>le site ou les serveurs qui le mettent \u00e0 disposition sont exempts de virus ou d&rsquo;autres \u00e9l\u00e9ments nuisibles.<\/li>\n<\/ul>\n<p>5.2. Les images des produits sont incluses \u00e0 des fins d&rsquo;illustration. Les caract\u00e9ristiques r\u00e9elles des produits peuvent varier.<\/p>\n<h5 id=\"tc_6\">6. Privacy et protection des donn\u00e9es<\/h5>\n<p>6.1. Le traitement des donn\u00e9es personnelles des utilisateurs du Site est r\u00e9gi par la Politique de confidentialit\u00e9, disponible dans la section concern\u00e9e du Site (<a href=\"\/fr\/privacy-policy\/\" target=\"_blank\" rel=\"noopener\">cliquez ici<\/a>), conform\u00e9ment au R\u00e8glement UE 2016\/679 (GDPR) et aux autres r\u00e9glementations applicables en mati\u00e8re de protection des donn\u00e9es.<\/p>\n<h5 id=\"tc_7\">7. Cookie<\/h5>\n<p>7.1. Le Site utilise des cookies et des technologies similaires telles que d\u00e9crites dans la Politique en mati\u00e8re de cookies, disponible dans la section appropri\u00e9e du Site (<a href=\"\/fr\/cookie-policy\/\" target=\"_blank\" rel=\"noopener\">cliquez ici<\/a>).<\/p>\n<h5 id=\"tc_8\">8. Liens vers des sites tiers<\/h5>\n<p>8.1. Le site peut contenir des liens vers des sites web de tiers. La Soci\u00e9t\u00e9 n&rsquo;a aucun contr\u00f4le sur ces sites et n&rsquo;en est pas responsable:<\/p>\n<ul>\n<li>du contenu de ces sites<\/li>\n<li>des changements ou des mises \u00e0 jour de ces sites<\/li>\n<li>l&rsquo;exactitude ou la l\u00e9galit\u00e9 du contenu de ces sites<\/li>\n<li>la transmission de donn\u00e9es vers ou \u00e0 partir de ces sites<\/li>\n<\/ul>\n<h5 id=\"tc_9\">9. Limitation de la responsabilit\u00e9<\/h5>\n<p>9.1. La Soci\u00e9t\u00e9 n&rsquo;est pas responsable:<\/p>\n<ul>\n<li>les dommages directs, indirects, cons\u00e9cutifs ou autres r\u00e9sultant de l&rsquo;utilisation ou de l&rsquo;impossibilit\u00e9 d&rsquo;utiliser le site<\/li>\n<li>des pertes \u00e9conomiques ou des pertes d&rsquo;opportunit\u00e9s commerciales r\u00e9sultant de l&rsquo;utilisation du site<\/li>\n<li>des interruptions ou des dysfonctionnements du site dus \u00e0 des cas de force majeure ou \u00e0 des circonstances ind\u00e9pendantes de sa volont\u00e9<\/li>\n<\/ul>\n<h5 id=\"tc_10\">10. Modifications des conditions<\/h5>\n<p>10.1. La Soci\u00e9t\u00e9 se r\u00e9serve le droit de modifier les pr\u00e9sentes conditions \u00e0 tout moment. Les modifications seront effectives d\u00e8s qu&rsquo;elles seront publi\u00e9es sur le site.<\/p>\n<p>10.2. La poursuite de l&rsquo;utilisation du site apr\u00e8s la publication des modifications vaudra acceptation de celles-ci.<\/p>\n<h5 id=\"tc_11\">11. Droit applicable et juridiction<\/h5>\n<p>11.1. Les pr\u00e9sentes conditions sont r\u00e9gies par le droit italien.<\/p>\n<p>11.2. Pour tout litige d\u00e9coulant de l&rsquo;utilisation du site ou li\u00e9 aux pr\u00e9sentes conditions, le tribunal de Milan est exclusivement comp\u00e9tent.<\/p>\n<h5 id=\"tc_12\">12. Contact<\/h5>\n<p>Pour toute question relative aux pr\u00e9sentes conditions, les utilisateurs peuvent contacter la soci\u00e9t\u00e9 aux adresses suivantes:<\/p>\n<p><strong>Finat Srl<\/strong><br \/>\nVia della Liberazione, 21<br \/>\n20098 San Giuliano Milanese (MI)<br \/>\n<strong>Email:<\/strong> <a href=\"mailto:finat@finatsrl.it\">finat@finatsrl.it<\/a><\/p>\n<h5 id=\"tc_13\">13. Dispositions finales<\/h5>\n<p>13.1. La nullit\u00e9 ou l&rsquo;inefficacit\u00e9 d&rsquo;une ou de plusieurs clauses des pr\u00e9sentes conditions n&rsquo;affecte pas la validit\u00e9 ou l&rsquo;efficacit\u00e9 des autres clauses.<\/p>\n<p>13.2. Les pr\u00e9sentes conditions constituent l&rsquo;int\u00e9gralit\u00e9 de l&rsquo;accord entre l&rsquo;utilisateur et la Soci\u00e9t\u00e9 en ce qui concerne l&rsquo;utilisation du site.<\/p>\n<hr \/>\n<p><em>Derni\u00e8re mise \u00e0 jour: <ins datetime=\"2025-01-20T09:31:50+00:00\">20-01-2025<\/ins><\/em><\/p>\n<\/div><\/div><\/div><\/div><\/div><div class=\"vc_col-sm-4 wpb_column vc_column_container\"><div class=\"vc_column-inner us_custom_bb5ac570 type_sticky\"><div class=\"wpb_wrapper\" style=\"top:80px\"><h1 class=\"w-text us_custom_dba64747 hide_on_default hide_on_laptops hide_on_tablets\"><span class=\"w-text-h\"><span class=\"w-text-value\">Terms of Use<\/span><\/span><\/h1><div class=\"wpb_text_column\"><div class=\"wpb_wrapper\"><ol>\n<li><a href=\"#tc_1\">Introduction<\/a><\/li>\n<li><a href=\"#tc_2\">Objet<\/a><\/li>\n<li><a href=\"#tc_3\">Propri\u00e9t\u00e9 intellectuelle<\/a><\/li>\n<li><a href=\"#tc_4\">Utilisation autoris\u00e9e<\/a><\/li>\n<li><a href=\"#tc_5\">Exactitude des informations<\/a><\/li>\n<li><a href=\"#tc_6\">Privacy et protection des donn\u00e9es<\/a><\/li>\n<li><a href=\"#tc_7\">Cookie<\/a><\/li>\n<li><a href=\"#tc_8\">Liens vers des sites tiers<\/a><\/li>\n<li><a href=\"#tc_9\">Limitation de la responsabilit\u00e9<\/a><\/li>\n<li><a href=\"#tc_10\">Modifications des conditions<\/a><\/li>\n<li><a href=\"#tc_11\">Droit applicable et juridiction<\/a><\/li>\n<li><a href=\"#tc_12\">Contact<\/a><\/li>\n<li><a href=\"#tc_13\">Dispositions finales<\/a><\/li>\n<\/ol>\n<\/div><\/div><\/div><\/div><\/div><\/div><\/div><\/section>\n","protected":false},"excerpt":{"rendered":"Terms of Use1. Introduction Les pr\u00e9sentes conditions d&rsquo;utilisation (ci-apr\u00e8s d\u00e9nomm\u00e9es \u00ab\u00a0Conditions\u00a0\u00bb) r\u00e9gissent l&rsquo;acc\u00e8s et l&rsquo;utilisation du site Web www.finat.it (ci-apr\u00e8s d\u00e9nomm\u00e9 \u00ab\u00a0Site\u00a0\u00bb), propri\u00e9t\u00e9 de Finat S.r.l. (ci-apr\u00e8s d\u00e9nomm\u00e9e \u00ab\u00a0Soci\u00e9t\u00e9\u00a0\u00bb), dont le si\u00e8ge social est situ\u00e9 Via della Liberazione, 21 \u2013 20098 San Giuliano Milanese (MI)]. L&rsquo;acc\u00e8s et l&rsquo;utilisation du Site sont soumis \u00e0 l&rsquo;acceptation inconditionnelle...","protected":false},"author":1,"featured_media":0,"parent":0,"menu_order":0,"comment_status":"closed","ping_status":"closed","template":"","meta":{"_acf_changed":false,"footnotes":""},"class_list":["post-7121","page","type-page","status-publish","hentry"],"acf":[],"_links":{"self":[{"href":"https:\/\/finatsrl.it\/fr\/wp-json\/wp\/v2\/pages\/7121","targetHints":{"allow":["GET"]}}],"collection":[{"href":"https:\/\/finatsrl.it\/fr\/wp-json\/wp\/v2\/pages"}],"about":[{"href":"https:\/\/finatsrl.it\/fr\/wp-json\/wp\/v2\/types\/page"}],"author":[{"embeddable":true,"href":"https:\/\/finatsrl.it\/fr\/wp-json\/wp\/v2\/users\/1"}],"replies":[{"embeddable":true,"href":"https:\/\/finatsrl.it\/fr\/wp-json\/wp\/v2\/comments?post=7121"}],"version-history":[{"count":11,"href":"https:\/\/finatsrl.it\/fr\/wp-json\/wp\/v2\/pages\/7121\/revisions"}],"predecessor-version":[{"id":12593,"href":"https:\/\/finatsrl.it\/fr\/wp-json\/wp\/v2\/pages\/7121\/revisions\/12593"}],"wp:attachment":[{"href":"https:\/\/finatsrl.it\/fr\/wp-json\/wp\/v2\/media?parent=7121"}],"curies":[{"name":"wp","href":"https:\/\/api.w.org\/{rel}","templated":true}]}}