{"id":1192,"date":"2024-10-19T15:20:44","date_gmt":"2024-10-19T13:20:44","guid":{"rendered":"https:\/\/finatnew.newhosting.intellijam.com\/?page_id=1192"},"modified":"2024-12-13T11:25:05","modified_gmt":"2024-12-13T10:25:05","slug":"cookie-policy","status":"publish","type":"page","link":"https:\/\/finatsrl.it\/fr\/cookie-policy\/","title":{"rendered":"Cookie Policy"},"content":{"rendered":"<h2>Politique en mati\u00e8re de cookies &#8211; <strong>www.finatsrl.it<\/strong><\/h2>\n<p>Ce document contient des informations sur les technologies qui permettent \u00e0 ce site web d&rsquo;atteindre les objectifs d\u00e9crits ci-dessous. Ces technologies permettent au Propri\u00e9taire de collecter et d&rsquo;enregistrer des informations (par exemple par l&rsquo;utilisation de cookies) ou d&rsquo;utiliser des ressources (par exemple en ex\u00e9cutant un script) sur l&rsquo;appareil de l&rsquo;Utilisateur lorsque ce dernier interagit avec ce site web.<\/p>\n<p>Par souci de simplicit\u00e9, dans le pr\u00e9sent document, ces technologies sont bri\u00e8vement appel\u00e9es \u00ab\u00a0outils de tra\u00e7age\u00a0\u00bb, \u00e0 moins qu&rsquo;il n&rsquo;y ait une raison de les diff\u00e9rencier.<br \/>\nPar exemple, bien que les cookies puissent \u00eatre utilis\u00e9s dans les navigateurs web et mobiles, il serait inappropri\u00e9 de parler de cookies dans le contexte des applications mobiles, puisqu&rsquo;il s&rsquo;agit d&rsquo;outils de tra\u00e7age qui n\u00e9cessitent la pr\u00e9sence d&rsquo;un navigateur. C&rsquo;est pourquoi, dans le pr\u00e9sent document, le terme \u00ab\u00a0cookie\u00a0\u00bb n&rsquo;est utilis\u00e9 que pour d\u00e9signer sp\u00e9cifiquement ce type particulier d&rsquo;outil de tra\u00e7age.<\/p>\n<p>Certaines des finalit\u00e9s pour lesquelles les outils de suivi sont utilis\u00e9s peuvent \u00e9galement n\u00e9cessiter le consentement de l&rsquo;utilisateur. Si le consentement est donn\u00e9, il peut \u00eatre librement r\u00e9voqu\u00e9 \u00e0 tout moment en suivant les instructions contenues dans le pr\u00e9sent document.<\/p>\n<p>Ce site Web utilise des outils de suivi exploit\u00e9s directement par le propri\u00e9taire (commun\u00e9ment appel\u00e9s outils de suivi \u00ab\u00a0de premi\u00e8re partie\u00a0\u00bb) et des outils de suivi qui permettent des services fournis par des tiers (commun\u00e9ment appel\u00e9s outils de suivi \u00ab\u00a0de tierce partie\u00a0\u00bb). Sauf indication contraire dans le pr\u00e9sent document, ces tiers ont acc\u00e8s \u00e0 leurs outils de tra\u00e7age respectifs.<br \/>\nLa dur\u00e9e et l&rsquo;expiration des cookies et autres outils de suivi similaires peuvent varier en fonction des param\u00e8tres d\u00e9finis par le contr\u00f4leur ou chaque fournisseur tiers. Certains d&rsquo;entre eux expirent \u00e0 la fin de la session de navigation de l&rsquo;utilisateur.<br \/>\nEn plus de ce qui est sp\u00e9cifi\u00e9 dans la description de chacune des cat\u00e9gories ci-dessous, les utilisateurs peuvent obtenir des informations plus d\u00e9taill\u00e9es et actualis\u00e9es sur la dur\u00e9e, ainsi que toute autre information pertinente &#8211; telle que la pr\u00e9sence d&rsquo;autres outils de suivi &#8211; dans les politiques de confidentialit\u00e9 des fournisseurs tiers respectifs (par le biais des liens fournis) ou en contactant le contr\u00f4leur.<\/p>\n<h3>Comment ce site Web utilise-t-il les outils de suivi ?<\/h3>\n<p><strong>N\u00e9cessaire<\/strong><\/p>\n<p>Ce site Web utilise des cookies commun\u00e9ment appel\u00e9s \u00ab\u00a0techniques\u00a0\u00bb ou d&rsquo;autres outils de suivi similaires pour effectuer des activit\u00e9s strictement n\u00e9cessaires pour assurer le fonctionnement ou la fourniture du service.<\/p>\n<p><strong>Outils de suivi exploit\u00e9s par des tiers<\/strong><\/p>\n<p><strong>Cloudflare (Cloudflare Inc.)<\/strong><\/p>\n<p>Cloudflare est un service d&rsquo;optimisation et de distribution du trafic fourni par Cloudflare Inc.<br \/>\nLa mani\u00e8re dont Cloudflare<br \/>\nest int\u00e9gr\u00e9 signifie qu&rsquo;il filtre tout le trafic sur ce site web, c&rsquo;est-\u00e0-dire la communication entre ce site web et le navigateur de l&rsquo;utilisateur, et permet \u00e9galement la collecte de donn\u00e9es statistiques \u00e0 ce sujet.<\/p>\n<p>Donn\u00e9es personnelles trait\u00e9es : Outil de suivi et divers types de donn\u00e9es tels que sp\u00e9cifi\u00e9s dans la politique de confidentialit\u00e9 du service.<\/p>\n<p>Lieu de traitement : \u00c9tats-Unis &#8211; <a href=\"https:\/\/www.cloudflare.com\/privacypolicy\/\" target=\"_blank\" rel=\"noopener\">Politique de confidentialit\u00e9<\/a>.<\/p>\n<p><strong>jsDelivr (jsdelivr.com)<\/strong><\/p>\n<p>jsDelivr est un service d&rsquo;optimisation et de distribution de trafic fourni par jsdelivr.com.<\/p>\n<p>Donn\u00e9es personnelles trait\u00e9es : Donn\u00e9es d&rsquo;utilisation et outil de suivi.<\/p>\n<p>Lieu de traitement : Pologne &#8211; <a href=\"https:\/\/www.jsdelivr.com\/terms\/privacy-policy-jsdelivr-net\" target=\"_blank\" rel=\"noopener\">Politique de confidentialit\u00e9<\/a>.<\/p>\n<p><strong>Exp\u00e9rience<\/strong><\/p>\n<p>Ce site web utilise des outils de suivi pour am\u00e9liorer la qualit\u00e9 de l&rsquo;exp\u00e9rience utilisateur et permettre des interactions avec des contenus, des r\u00e9seaux et des plateformes externes.<\/p>\n<p><strong>Outils de suivi exploit\u00e9s par des tiers<\/strong><\/p>\n<p><strong>YouTube Video Widget (Google Ireland Limited)<\/strong><\/p>\n<p>YouTube est un service d&rsquo;affichage de contenu vid\u00e9o exploit\u00e9 par Google Ireland Limited qui permet \u00e0 ce site Web d&rsquo;int\u00e9grer ce contenu dans ses pages.<\/p>\n<p>Donn\u00e9es personnelles trait\u00e9es : Donn\u00e9es d&rsquo;utilisation et outil de suivi.<\/p>\n<p>Lieu de traitement : Irlande &#8211; <a href=\"https:\/\/policies.google.com\/privacy\" target=\"_blank\" rel=\"noopener\">Politique de confidentialit\u00e9<\/a>.<\/p>\n<p>Dur\u00e9e de stockage :<\/p>\n<ul>\n<li>PREF : 8 mois<\/li>\n<li>VISITOR_INFO1_LIVE : 8 mois<\/li>\n<li>CSJ : dur\u00e9e de la session<\/li>\n<\/ul>\n<p><strong>Mesures<\/strong><\/p>\n<p>Ce site Web utilise des outils de suivi pour mesurer le trafic et analyser le comportement des utilisateurs afin d&rsquo;am\u00e9liorer le service.<\/p>\n<p><strong>Outils de suivi exploit\u00e9s par des tiers<\/strong><\/p>\n<p><strong>Google Analytics (Universal Analytics) avec IP anonyme (Google Ireland Limited)<\/strong><\/p>\n<p>Google Analytics (Universal Analytics) est un service d&rsquo;analyse du Web fourni par Google Ireland Limited (\u00ab\u00a0Google\u00a0\u00bb). Google utilise les donn\u00e9es personnelles collect\u00e9es afin de suivre et d&rsquo;examiner l&rsquo;utilisation de ce site Web, de compiler des rapports et de les partager avec d&rsquo;autres services d\u00e9velopp\u00e9s par Google.<br \/>\nGoogle peut utiliser les donn\u00e9es personnelles pour contextualiser et personnaliser les annonces de son r\u00e9seau publicitaire.<br \/>\nCette int\u00e9gration de Google Analytics anonymise votre adresse IP. L&rsquo;anonymisation fonctionne en raccourcissant l&rsquo;adresse IP des utilisateurs \u00e0 l&rsquo;int\u00e9rieur des fronti\u00e8res des \u00c9tats membres de l&rsquo;Union europ\u00e9enne ou dans d&rsquo;autres pays qui sont parties \u00e0 l&rsquo;accord sur l&rsquo;Espace \u00e9conomique europ\u00e9en. Ce n&rsquo;est que dans des cas exceptionnels que l&rsquo;adresse IP est envoy\u00e9e aux serveurs de Google et abr\u00e9g\u00e9e aux \u00c9tats-Unis.<\/p>\n<p>Pour comprendre l&rsquo;utilisation des donn\u00e9es par Google, veuillez vous r\u00e9f\u00e9rer \u00e0 <a href=\"https:\/\/www.google.com\/intl\/it\/policies\/privacy\/partners\/\" target=\"_blank\" rel=\"noopener\">la politique de partenariat de Google<\/a>.<\/p>\n<p>Donn\u00e9es personnelles trait\u00e9es : Cookies et donn\u00e9es d&rsquo;utilisation.<\/p>\n<p>Lieu de traitement : Irlande &#8211; <a href=\"https:\/\/business.safety.google\/privacy\/\" target=\"_blank\" rel=\"noopener\">Politique de confidentialit\u00e9<\/a> &#8211; <a href=\"https:\/\/tools.google.com\/dlpage\/gaoptout?hl=en\" target=\"_blank\" rel=\"noopener\">Opt Out<\/a>.<\/p>\n<p>Dur\u00e9e de stockage :<\/p>\n<ul>\n<li>AMP_TOKEN : 1 heure<\/li>\n<li>_ga : 2 ans<\/li>\n<li>_gac* : 3 mois<\/li>\n<li>_gat : 1 minute<\/li>\n<li>_gid : 1 jour<\/li>\n<\/ul>\n<h3>Comment g\u00e9rer vos pr\u00e9f\u00e9rences et donner ou retirer votre consentement sur ce site web ?<\/h3>\n<p>Lorsque l&rsquo;utilisation des traceurs est bas\u00e9e sur le consentement, vous pouvez donner ou retirer ce consentement en d\u00e9finissant ou en mettant \u00e0 jour vos pr\u00e9f\u00e9rences via le panneau de choix de confidentialit\u00e9 appropri\u00e9 disponible sur ce site web.<\/p>\n<p>En ce qui concerne les outils de suivi de tiers, les utilisateurs peuvent g\u00e9rer leurs pr\u00e9f\u00e9rences en visitant le lien d&rsquo;exclusion correspondant (s&rsquo;il existe), en utilisant les outils d\u00e9crits dans la politique de confidentialit\u00e9 du tiers ou en contactant directement le tiers.<\/p>\n<p><strong>Comment contr\u00f4ler ou supprimer les cookies et les technologies similaires via les param\u00e8tres de votre appareil ?<\/strong><\/p>\n<p>Les utilisateurs peuvent utiliser les param\u00e8tres de leur navigateur pour :<\/p>\n<ul>\n<li>Voir quels cookies ou autres technologies similaires ont \u00e9t\u00e9 install\u00e9s sur l&rsquo;appareil ;<\/li>\n<li>Bloquer les cookies ou les technologies similaires ;<\/li>\n<li>Supprimez les cookies ou technologies similaires de votre navigateur.<\/li>\n<\/ul>\n<p>Les param\u00e8tres du navigateur ne permettent toutefois pas un contr\u00f4le granulaire du consentement par cat\u00e9gorie.<\/p>\n<p>Les utilisateurs peuvent, par exemple, trouver des informations sur la mani\u00e8re de g\u00e9rer les cookies dans certains des navigateurs les plus populaires aux adresses suivantes :<\/p>\n<ul>\n<li><a href=\"https:\/\/support.google.com\/chrome\/answer\/95647?hl=it&amp;p=cpn_cookies\" target=\"_blank\" rel=\"noopener\">Google Chrome<\/a><\/li>\n<li><a href=\"https:\/\/support.mozilla.org\/it\/kb\/Attivare%20e%20disattivare%20i%20cookie\" target=\"_blank\" rel=\"noopener\">Mozilla Firefox<\/a><\/li>\n<li><a href=\"https:\/\/support.apple.com\/it-it\/guide\/safari\/manage-cookies-and-website-data-sfri11471\/\" target=\"_blank\" rel=\"noopener\">Apple Safari<\/a><\/li>\n<li><a href=\"http:\/\/windows.microsoft.com\/it-it\/windows-vista\/block-or-allow-cookies\" target=\"_blank\" rel=\"noopener\">Microsoft Internet Explorer<\/a><\/li>\n<li><a href=\"https:\/\/support.microsoft.com\/it-it\/help\/4027947\" target=\"_blank\" rel=\"noopener\">Microsoft Edge<\/a><\/li>\n<li><a href=\"https:\/\/support.brave.com\/hc\/articles\/360022806212-How-do-I-use-Shields-while-browsing\" target=\"_blank\" rel=\"noopener\">Courageux<\/a><\/li>\n<li><a href=\"https:\/\/help.opera.com\/latest\/web-preferences\/#cookies\" target=\"_blank\" rel=\"noopener\">Op\u00e9ra<\/a><\/li>\n<\/ul>\n<p>Les utilisateurs peuvent \u00e9galement g\u00e9rer certains outils de suivi des applications mobiles en les d\u00e9sactivant via les param\u00e8tres appropri\u00e9s de l&rsquo;appareil, tels que les param\u00e8tres de publicit\u00e9 mobile ou les param\u00e8tres de suivi en g\u00e9n\u00e9ral (les utilisateurs peuvent consulter les param\u00e8tres de leur appareil pour trouver le param\u00e8tre appropri\u00e9).<\/p>\n<p><strong>Cons\u00e9quences du refus d&rsquo;utiliser les outils de suivi<\/strong><\/p>\n<p>Les utilisateurs sont libres d&rsquo;autoriser ou non l&rsquo;utilisation des outils de suivi. Toutefois, veuillez noter que les outils de suivi permettent \u00e0 ce site web d&rsquo;offrir aux utilisateurs une meilleure exp\u00e9rience et des fonctionnalit\u00e9s am\u00e9lior\u00e9es (conform\u00e9ment aux objectifs d\u00e9crits dans le pr\u00e9sent document). Par cons\u00e9quent, si l&rsquo;utilisateur d\u00e9cide de bloquer l&rsquo;utilisation des outils de suivi, le contr\u00f4leur des donn\u00e9es peut ne pas \u00eatre en mesure de fournir les fonctionnalit\u00e9s correspondantes.<\/p>\n<h3>Contr\u00f4leur des donn\u00e9es<\/h3>\n<p><strong>Finat Srl <\/strong><br \/>\nVia della Liberazione, 21 &#8211; 20098 San Giuliano Milanese (MI)<br \/>\nP. Iva 09404820962<br \/>\n<strong>Adresse \u00e9lectronique du propri\u00e9taire <\/strong>: finat@finatsrl.it<\/p>\n<p>\u00c9tant donn\u00e9 que l&rsquo;utilisation d&rsquo;outils de suivi de tiers sur ce site web ne peut \u00eatre enti\u00e8rement contr\u00f4l\u00e9e par le propri\u00e9taire, toute r\u00e9f\u00e9rence sp\u00e9cifique \u00e0 des outils de suivi de tiers doit \u00eatre consid\u00e9r\u00e9e comme purement indicative. Pour des informations compl\u00e8tes, les utilisateurs sont invit\u00e9s \u00e0 consulter la politique de confidentialit\u00e9 des services tiers respectifs \u00e9num\u00e9r\u00e9s dans ce document.<\/p>\n<p>Compte tenu de la complexit\u00e9 objective de l&rsquo;identification des technologies de suivi, les utilisateurs sont invit\u00e9s \u00e0 contacter le contr\u00f4leur des donn\u00e9es s&rsquo;ils souhaitent recevoir des informations suppl\u00e9mentaires sur l&rsquo;utilisation de ces technologies sur ce site Web.<\/p>\n<h3>D\u00e9finitions et r\u00e9f\u00e9rences juridiques<\/h3>\n<p><strong>Donn\u00e9es personnelles (ou donn\u00e9es)<\/strong><\/p>\n<p>Les donn\u00e9es \u00e0 caract\u00e8re personnel sont toutes les informations qui, directement ou indirectement, m\u00eame en conjonction avec d&rsquo;autres informations, y compris un num\u00e9ro d&rsquo;identification personnel, permettent d&rsquo;identifier ou de reconna\u00eetre une personne physique.<\/p>\n<p><strong>Donn\u00e9es d&rsquo;utilisation<\/strong><\/p>\n<p>Il s&rsquo;agit des informations collect\u00e9es automatiquement par le biais de ce site web (y compris par les applications de tiers int\u00e9gr\u00e9es dans ce site web), notamment : les adresses IP ou les noms de domaine des ordinateurs utilis\u00e9s par l&rsquo;utilisateur qui se connecte \u00e0 ce site web, les adresses de notation URI (Uniform Resource Identifier), l&rsquo;heure de la demande, la m\u00e9thode utilis\u00e9e pour transmettre la demande au serveur, la taille du fichier obtenu en r\u00e9ponse, le code num\u00e9rique indiquant l&rsquo;\u00e9tat de la r\u00e9ponse du serveur (succ\u00e8s, erreur, etc.), le pays d&rsquo;origine, les caract\u00e9ristiques du navigateur et du syst\u00e8me d&rsquo;exploitation utilis\u00e9s par le visiteur, les diff\u00e9rentes connotations temporelles de la visite (par exemple, le temps pass\u00e9 sur chaque page) et les d\u00e9tails de l&rsquo;itin\u00e9raire suivi par l&rsquo;utilisateur.), le pays d&rsquo;origine, les caract\u00e9ristiques du navigateur et du syst\u00e8me d&rsquo;exploitation utilis\u00e9s par le visiteur, les diff\u00e9rentes connotations temporelles de la visite (par exemple le temps pass\u00e9 sur chaque page) et les d\u00e9tails de l&rsquo;itin\u00e9raire suivi au sein de l&rsquo;application, en particulier la s\u00e9quence des pages consult\u00e9es, les param\u00e8tres relatifs au syst\u00e8me d&rsquo;exploitation et \u00e0 l&rsquo;environnement informatique de l&rsquo;utilisateur.<\/p>\n<p><strong>Utilisateur<\/strong><\/p>\n<p>La personne qui utilise ce site web et qui, sauf indication contraire, est la personne concern\u00e9e.<\/p>\n<p><strong>Int\u00e9ress\u00e9<\/strong><\/p>\n<p>La personne physique \u00e0 laquelle se r\u00e9f\u00e8rent les donn\u00e9es \u00e0 caract\u00e8re personnel.<\/p>\n<p><strong>Processeur (ou gestionnaire)<\/strong><\/p>\n<p>La personne physique, l&rsquo;entit\u00e9 juridique, l&rsquo;administration publique et toute autre entit\u00e9 qui traite des donn\u00e9es \u00e0 caract\u00e8re personnel pour le compte du contr\u00f4leur, comme indiqu\u00e9 dans la pr\u00e9sente politique de confidentialit\u00e9.<\/p>\n<p><strong>Contr\u00f4leur des donn\u00e9es (ou propri\u00e9taire)<\/strong><\/p>\n<p>La personne physique ou morale, l&rsquo;autorit\u00e9 publique, le service ou tout autre organisme qui, individuellement ou conjointement avec d&rsquo;autres, d\u00e9termine les finalit\u00e9s et les moyens du traitement des donn\u00e9es \u00e0 caract\u00e8re personnel ainsi que les instruments adopt\u00e9s, y compris les mesures de s\u00e9curit\u00e9 relatives au fonctionnement et \u00e0 l&rsquo;utilisation de ce site web. Le contr\u00f4leur des donn\u00e9es, sauf indication contraire, est le propri\u00e9taire de ce site web.<\/p>\n<p><strong>Ce site web (ou cette application)<\/strong><\/p>\n<p>L&rsquo;outil mat\u00e9riel ou logiciel par lequel les donn\u00e9es personnelles des utilisateurs sont collect\u00e9es et trait\u00e9es.<\/p>\n<p><strong>Service<\/strong><\/p>\n<p>Le service fourni par ce site Web, tel que d\u00e9fini dans les conditions pertinentes (le cas \u00e9ch\u00e9ant) sur ce site\/cette application.<\/p>\n<p><strong>Union europ\u00e9enne (ou UE)<\/strong><\/p>\n<p>Sauf indication contraire, toute r\u00e9f\u00e9rence \u00e0 l&rsquo;Union europ\u00e9enne dans le pr\u00e9sent document est r\u00e9put\u00e9e s&rsquo;\u00e9tendre \u00e0 tous les \u00c9tats membres actuels de l&rsquo;Union europ\u00e9enne et de l&rsquo;Espace \u00e9conomique europ\u00e9en.<\/p>\n<p><strong>Cookies<\/strong><\/p>\n<p>Les cookies sont des outils de suivi qui consistent en de petites portions de donn\u00e9es stock\u00e9es dans le navigateur de l&rsquo;utilisateur.<\/p>\n<p><strong>Outil de suivi<\/strong><\/p>\n<p>Outil de suivi : toute technologie &#8211; par exemple les cookies, les identificateurs uniques, les pixels invisibles, les scripts int\u00e9gr\u00e9s, les \u00e9tiquettes \u00e9lectroniques et les empreintes digitales &#8211; qui permet de suivre les utilisateurs, par exemple en collectant ou en stockant des informations sur l&rsquo;appareil de l&rsquo;utilisateur.<\/p>\n<h3>R\u00e9f\u00e9rences juridiques<\/h3>\n<p>Sauf indication contraire, la pr\u00e9sente politique de confidentialit\u00e9 se rapporte exclusivement \u00e0 ce site web.<\/p>\n<p>&nbsp;<\/p>\n","protected":false},"excerpt":{"rendered":"<p>Politique en mati\u00e8re de cookies &#8211; www.finatsrl.it Ce document contient des informations sur les technologies qui permettent \u00e0 ce site web d&rsquo;atteindre les objectifs d\u00e9crits ci-dessous. Ces technologies permettent au Propri\u00e9taire de collecter et d&rsquo;enregistrer des informations (par exemple par l&rsquo;utilisation de cookies) ou d&rsquo;utiliser des ressources (par exemple en ex\u00e9cutant un script) sur l&rsquo;appareil&#8230;<\/p>\n","protected":false},"author":1,"featured_media":0,"parent":0,"menu_order":0,"comment_status":"closed","ping_status":"closed","template":"","meta":{"_acf_changed":false,"footnotes":""},"class_list":["post-1192","page","type-page","status-publish","hentry"],"acf":[],"_links":{"self":[{"href":"https:\/\/finatsrl.it\/fr\/wp-json\/wp\/v2\/pages\/1192","targetHints":{"allow":["GET"]}}],"collection":[{"href":"https:\/\/finatsrl.it\/fr\/wp-json\/wp\/v2\/pages"}],"about":[{"href":"https:\/\/finatsrl.it\/fr\/wp-json\/wp\/v2\/types\/page"}],"author":[{"embeddable":true,"href":"https:\/\/finatsrl.it\/fr\/wp-json\/wp\/v2\/users\/1"}],"replies":[{"embeddable":true,"href":"https:\/\/finatsrl.it\/fr\/wp-json\/wp\/v2\/comments?post=1192"}],"version-history":[{"count":3,"href":"https:\/\/finatsrl.it\/fr\/wp-json\/wp\/v2\/pages\/1192\/revisions"}],"predecessor-version":[{"id":7148,"href":"https:\/\/finatsrl.it\/fr\/wp-json\/wp\/v2\/pages\/1192\/revisions\/7148"}],"wp:attachment":[{"href":"https:\/\/finatsrl.it\/fr\/wp-json\/wp\/v2\/media?parent=1192"}],"curies":[{"name":"wp","href":"https:\/\/api.w.org\/{rel}","templated":true}]}}