{"id":1149,"date":"2024-10-18T15:19:24","date_gmt":"2024-10-18T13:19:24","guid":{"rendered":"https:\/\/finatnew.newhosting.intellijam.com\/?page_id=1149"},"modified":"2024-10-24T14:14:38","modified_gmt":"2024-10-24T12:14:38","slug":"technologies-adhesives","status":"publish","type":"page","link":"https:\/\/finatsrl.it\/fr\/technologies-adhesives\/","title":{"rendered":"Technologies adh\u00e9sives"},"content":{"rendered":"<section class=\"l-section wpb_row us_custom_19c9dae9 us_animate_this height_medium full_height valign_bottom color_secondary with_img\"><div class=\"l-section-img\" role=\"img\" aria-label=\"Image\" data-img-width=\"960\" data-img-height=\"680\" style=\"background-image: url(https:\/\/finatsrl.it\/wp-content\/uploads\/2024\/10\/FINAT_assemblare_1.jpg);background-repeat: no-repeat;\"><\/div><div class=\"l-section-overlay\" style=\"background:rgba(0,0,0,0.50)\"><\/div><div class=\"l-section-h i-cf\"><div class=\"g-cols vc_row via_flex valign_bottom type_default stacking_default\"><div class=\"vc_col-sm-12 wpb_column vc_column_container\"><div class=\"vc_column-inner\"><div class=\"wpb_wrapper\"><h1 class=\"w-text us_custom_bd333703 us_animate_this\"><span class=\"w-text-h\"><span class=\"w-text-value\">Technologies adh\u00e9sives<\/span><\/span><\/h1><div class=\"w-separator size_custom\" style=\"height:6vmax\" id=\"y32f\"><style>@media(max-width:600px){ #y32f{height:10vmax!important}}<\/style><\/div><\/div><\/div><\/div><\/div><\/div><\/section><section class=\"l-section wpb_row height_medium\"><div class=\"l-section-h i-cf\"><div class=\"g-cols vc_row via_flex valign_top type_default stacking_default\"><div class=\"vc_col-sm-12 wpb_column vc_column_container\"><div class=\"vc_column-inner\"><div class=\"wpb_wrapper\"><h2 class=\"w-text us_custom_06db6943 has_text_color us_animate_this\"><span class=\"w-text-h\"><span class=\"w-text-value\">Rev\u00eatement, \u00e9pissure, scellement, masquage, emballage, d\u00e9limitation<\/span><\/span><\/h2><\/div><\/div><\/div><\/div><\/div><\/section><section class=\"l-section wpb_row us_custom_4af741be height_auto width_full color_alternate\"><div class=\"l-section-h i-cf\"><div class=\"g-cols vc_row via_flex valign_top type_boxes\"><div class=\"vc_col-sm-6 wpb_column vc_column_container stretched\"><div class=\"vc_column-inner us_custom_4af741be type_sticky\"><div class=\"wpb_wrapper\" style=\"top:0\"><div class=\"w-slider us_custom_4af741be style_none fit_cover nav_none has_ratio count_7\" style=\"--aspect-ratio: 1\/1;\"><div class=\"w-slider-h\" aria-hidden=\"true\"><div class=\"royalSlider\"><div class=\"rsContent\"><a class=\"rsImg\" data-rsw=\"690\" data-rsh=\"960\" href=\"https:\/\/finatsrl.it\/wp-content\/uploads\/2024\/10\/FINAT_monoadesivi_7.jpg\"><span data-alt=\"\"><\/span><\/a><\/div><div class=\"rsContent\"><a class=\"rsImg\" data-rsw=\"1128\" data-rsh=\"1195\" href=\"https:\/\/finatsrl.it\/wp-content\/uploads\/2024\/10\/FINAT_monoadesivi_1.jpg\"><span data-alt=\"\"><\/span><\/a><\/div><div class=\"rsContent\"><a class=\"rsImg\" data-rsw=\"960\" data-rsh=\"717\" href=\"https:\/\/finatsrl.it\/wp-content\/uploads\/2024\/10\/FINAT_monoadesivi_5.jpg\"><span data-alt=\"\"><\/span><\/a><\/div><div class=\"rsContent\"><a class=\"rsImg\" data-rsw=\"980\" data-rsh=\"701\" href=\"https:\/\/finatsrl.it\/wp-content\/uploads\/2024\/10\/FINAT_monoadesivi_3.jpg\"><span data-alt=\"\"><\/span><\/a><\/div><div class=\"rsContent\"><a class=\"rsImg\" data-rsw=\"914\" data-rsh=\"1077\" href=\"https:\/\/finatsrl.it\/wp-content\/uploads\/2024\/10\/FINAT_monoadesivi_4.jpg\"><span data-alt=\"\"><\/span><\/a><\/div><div class=\"rsContent\"><a class=\"rsImg\" data-rsw=\"980\" data-rsh=\"667\" href=\"https:\/\/finatsrl.it\/wp-content\/uploads\/2024\/10\/FINAT_monoadesivi_2.jpg\"><span data-alt=\"\"><\/span><\/a><\/div><div class=\"rsContent\"><a class=\"rsImg\" data-rsw=\"960\" data-rsh=\"641\" href=\"https:\/\/finatsrl.it\/wp-content\/uploads\/2024\/10\/FINAT_monoadesivi_6.jpg\"><span data-alt=\"\"><\/span><\/a><\/div><\/div><img decoding=\"async\" src=\"https:\/\/finatsrl.it\/wp-content\/uploads\/2024\/10\/FINAT_monoadesivi_7.jpg\" width=\"690\" height=\"960\" loading=\"lazy\" alt=\"\"><\/div><div class=\"w-slider-json\" onclick='return {&quot;autoScaleSlider&quot;:false,&quot;addActiveClass&quot;:true,&quot;loop&quot;:true,&quot;fadeInLoadedSlide&quot;:false,&quot;slidesSpacing&quot;:0,&quot;imageScalePadding&quot;:0,&quot;numImagesToPreload&quot;:2,&quot;arrowsNav&quot;:false,&quot;arrowsNavAutoHide&quot;:false,&quot;transitionType&quot;:&quot;fade&quot;,&quot;transitionSpeed&quot;:300,&quot;block&quot;:{&quot;moveEffect&quot;:&quot;none&quot;,&quot;speed&quot;:300},&quot;thumbs&quot;:{&quot;fitInViewport&quot;:false,&quot;firstMargin&quot;:false,&quot;spacing&quot;:4},&quot;controlNavigation&quot;:&quot;none&quot;,&quot;autoplay&quot;:{&quot;enabled&quot;:true,&quot;pauseOnHover&quot;:false,&quot;delay&quot;:3000}}'><\/div><\/div><\/div><\/div><\/div><div data-us-scroll=\"{&quot;from_initial_position&quot;:&quot;0&quot;,&quot;start_position&quot;:&quot;0%&quot;,&quot;end_position&quot;:&quot;100%&quot;,&quot;delay&quot;:&quot;0.1s&quot;,&quot;translate_y_direction&quot;:&quot;up&quot;,&quot;translate_y_speed&quot;:&quot;0.4x&quot;}\" class=\"vc_col-sm-6 wpb_column vc_column_container no_scroll_effects has_scroll_effects has_translate_y\"><div class=\"vc_column-inner us_custom_fdcab3db\"><div class=\"wpb_wrapper\"><div class=\"wpb_text_column\"><div class=\"wpb_wrapper\"><h4>Diff\u00e9rents types de rubans monoadh\u00e9sifs face avec diff\u00e9rents mat\u00e9riaux de support\u2026<\/h4>\n<p>\u2026pour une grande vari\u00e9t\u00e9 d\u2019utilisations industrielles, chacune \u00e9tant sp\u00e9cifique au type de processus auquel le produit doit \u00eatre soumis, aux caract\u00e9ristiques du mat\u00e9riau, aux conditions et aux temps d\u2019application et d\u2019utilisation.<\/p>\n<p>Il s\u2019agit notamment de rubans pour la d\u00e9limitation de zones et la signalisation verticale ou horizontale, \u00e9galement pour les surfaces accessibles aux pi\u00e9tons ou aux v\u00e9hicules, telles que les quais ou les entrep\u00f4ts ; rubans pour le blindage thermique, EMI\/RFI et chimique, pour le masquage dans les processus de rev\u00eatement en poudre \u00e0 haute temp\u00e9rature, pour la protection contre les flammes, la chaleur et l\u2019abrasion, pour les bordures et le renforcement du papier, du film et d\u2019autres mat\u00e9riaux ; rubans antid\u00e9rapants (Safety Walk) pour augmenter la friction ou rubans antiadh\u00e9sifs UHMW pour faciliter le glissement ; rubans pour la jonction statique des films bout \u00e0 bout, y compris les rubans en silicone ou thermodurcissables pour la jonction des tissus en fibre de verre, des feutres et des mat\u00e9riaux de rev\u00eatement.<\/p>\n<p>Et encore: rubans respirants sp\u00e9cialement con\u00e7us pour les processus de moussage; rubans en aluminium hautement conformables et amortissant les vibrations pour r\u00e9duire les vibrations dans tous les assemblages soumis \u00e0 des mouvements et \u00e0 des oscillations; rubans d\u2019emballage en plastique ou en papier, \u00e9cologiques ou inviolables; rubans d\u2019\u00e9tanch\u00e9it\u00e9 pour divers types de rev\u00eatements ext\u00e9rieurs, panneaux et autres mat\u00e9riaux ; films pour un \u00e9tiquetage durable par transfert thermique et des pare-chocs en caoutchouc ur\u00e9thane pour amortir les chocs et les glissements.<\/p>\n<\/div><\/div><div class=\"w-separator size_medium\"><\/div><div class=\"w-iconbox us_custom_e39f027f has_text_color iconpos_left style_outlined color_primary align_left no_text\"><a href=\"#vantaggi-adesivi\" class=\"w-iconbox-link\" aria-label=\"Les avantages\"><div class=\"w-iconbox-icon\" style=\"font-size:20px;\"><i class=\"fal fa-star\"><\/i><\/div><\/a><div class=\"w-iconbox-meta\"><div class=\"w-iconbox-title\" style=\"font-size:1rem;\"><a href=\"#vantaggi-adesivi\" class=\"w-iconbox-link\" aria-label=\"Les avantages\">Les avantages<\/a><\/div><\/div><\/div><\/div><\/div><\/div><\/div><\/div><\/section><section class=\"l-section wpb_row height_medium\"><div class=\"l-section-h i-cf\"><div class=\"g-cols vc_row via_flex valign_top type_default stacking_default\"><div class=\"vc_col-sm-12 wpb_column vc_column_container\"><div class=\"vc_column-inner\"><div class=\"wpb_wrapper\"><h2 class=\"w-text us_custom_06db6943 has_text_color us_animate_this\"><span class=\"w-text-h\"><span class=\"w-text-value\">Assembler<\/span><\/span><\/h2><\/div><\/div><\/div><\/div><\/div><\/section><section class=\"l-section wpb_row us_custom_4af741be height_auto width_full color_alternate\"><div class=\"l-section-h i-cf\"><div class=\"g-cols vc_row via_flex valign_top type_boxes reversed\"><div data-us-scroll=\"{&quot;from_initial_position&quot;:&quot;0&quot;,&quot;start_position&quot;:&quot;0%&quot;,&quot;end_position&quot;:&quot;100%&quot;,&quot;delay&quot;:&quot;0.1s&quot;,&quot;translate_y_direction&quot;:&quot;up&quot;,&quot;translate_y_speed&quot;:&quot;0.4x&quot;}\" class=\"vc_col-sm-6 wpb_column vc_column_container no_scroll_effects has_scroll_effects has_translate_y\"><div class=\"vc_column-inner us_custom_fdcab3db\"><div class=\"wpb_wrapper\"><div class=\"wpb_text_column\"><div class=\"wpb_wrapper\"><h4>Une tr\u00e8s large gamme de produits qui permettent d\u2019assembler les combinaisons de mat\u00e9riaux les plus diverses\u2026<\/h4>\n<p>\u2026des grandes surfaces aux micro-composants pour obtenir des fixations permanentes, amovibles ou refermables, rigides ou flexibles, capables d\u2019\u00eatre expos\u00e9es aux temp\u00e9ratures et aux conditions environnementales les plus extr\u00eames.<\/p>\n<p>Adh\u00e9sifs en spray et liquides pour grandes surfaces; mono et bi-composants structurels, l\u00e9gers mais capables de r\u00e9sister \u00e0 des contraintes m\u00e9caniques \u00e9lev\u00e9es; adh\u00e9sifs thermofusibles ; mastics hybrides et polyur\u00e9thanes en cartouches qui combinent des performances d\u2019\u00e9tanch\u00e9it\u00e9 \u00e9lev\u00e9es avec les avantages d\u2019un mastic; cyanoacrylates pour un collage rapide et pr\u00e9cis; adh\u00e9sifs ana\u00e9robies adapt\u00e9s comme support pour les filetages, les joints, les raccords et les fermetures coaxiales, garantissant une \u00e9tanch\u00e9it\u00e9 \u00e9lev\u00e9e contre les fuites et la corrosion; produits sp\u00e9cifiques pour l\u2019impression flexographique.<\/p>\n<p>Rubans de transfert double face compos\u00e9s d\u2019un adh\u00e9sif sans support interne, avec des \u00e9paisseurs \u00e0 partir de 0,03 mm, applicables avec des distributeurs et \u00e9galement disponibles dans des formulations sp\u00e9ciales telles que conductrices, haute temp\u00e9rature ou ultra-transparentes.<\/p>\n<p>Rubans double-face avec support en papier, non-tiss\u00e9, film plastique ou mousse, \u00e9galement adapt\u00e9s \u00e0 l\u2019assemblage de mat\u00e9riaux dissemblables et de surfaces in\u00e9gales, pour combler les in\u00e9galit\u00e9s.<\/p>\n<p>Rubans en mousse acrylique VHB (Very High Bond) \u00e0 tr\u00e8s haute performance qui peuvent remplacer les syst\u00e8mes d\u2019assemblage m\u00e9caniques traditionnels tout en absorbant les contraintes dynamiques, ce qui permet d\u2019obtenir des assemblages d\u2019une qualit\u00e9 et d\u2019une solidit\u00e9 sup\u00e9rieures, plus esth\u00e9tiques, moins de vibrations et plus r\u00e9sistants \u00e0 la corrosion et aux agents ext\u00e9rieurs. Ils sont \u00e9galement disponibles pour une vari\u00e9t\u00e9 d\u2019exigences sp\u00e9cifiques telles que les applications \u00e0 basse temp\u00e9rature, les couches transparentes et le tout nouveau LSE, id\u00e9al pour les mat\u00e9riaux \u00e0 faible \u00e9nergie de surface tels que le polypropyl\u00e8ne et le poly\u00e9thyl\u00e8ne qui sont difficiles \u00e0 assembler avec les adh\u00e9sifs traditionnels.<\/p>\n<p>Les syst\u00e8mes de fixation refermables tels que le Dual Lock 3M et le Scotchmate 3M offrent une libert\u00e9 de conception et une commodit\u00e9 d\u2019assemblage maximales car ils sont con\u00e7us pour r\u00e9sister \u00e0 des milliers d\u2019ouvertures et de fermetures.<\/p>\n<\/div><\/div><div class=\"w-separator size_medium\"><\/div><div class=\"w-iconbox us_custom_e39f027f has_text_color iconpos_left style_outlined color_primary align_left no_text\"><a href=\"#vantaggi-adesivi\" class=\"w-iconbox-link\" aria-label=\"Les avantages\"><div class=\"w-iconbox-icon\" style=\"font-size:20px;\"><i class=\"fal fa-star\"><\/i><\/div><\/a><div class=\"w-iconbox-meta\"><div class=\"w-iconbox-title\" style=\"font-size:1rem;\"><a href=\"#vantaggi-adesivi\" class=\"w-iconbox-link\" aria-label=\"Les avantages\">Les avantages<\/a><\/div><\/div><\/div><\/div><\/div><\/div><div class=\"vc_col-sm-6 wpb_column vc_column_container stretched\"><div class=\"vc_column-inner us_custom_4af741be type_sticky\"><div class=\"wpb_wrapper\" style=\"top:0\"><div class=\"w-slider us_custom_4af741be style_none fit_cover nav_none has_ratio count_7\" style=\"--aspect-ratio: 1\/1;\"><div class=\"w-slider-h\" aria-hidden=\"true\"><div class=\"royalSlider\"><div class=\"rsContent\"><a class=\"rsImg\" data-rsw=\"1334\" data-rsh=\"2000\" href=\"https:\/\/finatsrl.it\/wp-content\/uploads\/2024\/10\/FINAT_assemblare_5-scaled.jpg\"><span data-alt=\"\"><\/span><\/a><\/div><div class=\"rsContent\"><a class=\"rsImg\" data-rsw=\"960\" data-rsh=\"845\" href=\"https:\/\/finatsrl.it\/wp-content\/uploads\/2024\/10\/FINAT_assemblare_3.jpg\"><span data-alt=\"\"><\/span><\/a><\/div><div class=\"rsContent\"><a class=\"rsImg\" data-rsw=\"960\" data-rsh=\"928\" href=\"https:\/\/finatsrl.it\/wp-content\/uploads\/2024\/10\/FINAT_assemblare_2.jpg\"><span data-alt=\"\"><\/span><\/a><\/div><div class=\"rsContent\"><a class=\"rsImg\" data-rsw=\"648\" data-rsh=\"960\" href=\"https:\/\/finatsrl.it\/wp-content\/uploads\/2024\/10\/FINAT_assemblare_7.jpg\"><span data-alt=\"\"><\/span><\/a><\/div><div class=\"rsContent\"><a class=\"rsImg\" data-rsw=\"960\" data-rsh=\"641\" href=\"https:\/\/finatsrl.it\/wp-content\/uploads\/2024\/10\/FINAT_assemblare_6.jpg\"><span data-alt=\"\"><\/span><\/a><\/div><div class=\"rsContent\"><a class=\"rsImg\" data-rsw=\"630\" data-rsh=\"837\" href=\"https:\/\/finatsrl.it\/wp-content\/uploads\/2024\/10\/FINAT_assemblare_4.jpg\"><span data-alt=\"\"><\/span><\/a><\/div><div class=\"rsContent\"><a class=\"rsImg\" data-rsw=\"960\" data-rsh=\"680\" href=\"https:\/\/finatsrl.it\/wp-content\/uploads\/2024\/10\/FINAT_assemblare_1.jpg\"><span data-alt=\"\"><\/span><\/a><\/div><\/div><img decoding=\"async\" src=\"https:\/\/finatsrl.it\/wp-content\/uploads\/2024\/10\/FINAT_assemblare_5-scaled.jpg\" width=\"1334\" height=\"2000\" loading=\"lazy\" alt=\"\"><\/div><div class=\"w-slider-json\" onclick='return {&quot;autoScaleSlider&quot;:false,&quot;addActiveClass&quot;:true,&quot;loop&quot;:true,&quot;fadeInLoadedSlide&quot;:false,&quot;slidesSpacing&quot;:0,&quot;imageScalePadding&quot;:0,&quot;numImagesToPreload&quot;:2,&quot;arrowsNav&quot;:false,&quot;arrowsNavAutoHide&quot;:false,&quot;transitionType&quot;:&quot;fade&quot;,&quot;transitionSpeed&quot;:300,&quot;block&quot;:{&quot;moveEffect&quot;:&quot;none&quot;,&quot;speed&quot;:300},&quot;thumbs&quot;:{&quot;fitInViewport&quot;:false,&quot;firstMargin&quot;:false,&quot;spacing&quot;:4},&quot;controlNavigation&quot;:&quot;none&quot;,&quot;autoplay&quot;:{&quot;enabled&quot;:true,&quot;pauseOnHover&quot;:false,&quot;delay&quot;:3000}}'><\/div><\/div><\/div><\/div><\/div><\/div><\/div><\/section><section class=\"l-section wpb_row height_medium\" id=\"vantaggi-adesivi\"><div class=\"l-section-h i-cf\"><div class=\"g-cols vc_row via_flex valign_top type_default stacking_default\"><div class=\"vc_col-sm-12 wpb_column vc_column_container\"><div class=\"vc_column-inner\"><div class=\"wpb_wrapper\"><div class=\"w-separator size_small\"><\/div><h2 class=\"w-text us_custom_06db6943 has_text_color us_animate_this\"><span class=\"w-text-h\"><span class=\"w-text-value\">Les avantages<\/span><\/span><\/h2><div class=\"w-separator size_small\"><\/div><section class=\"l-section wpb_row height_auto width_full\"><div class=\"l-section-h i-cf\"><div class=\"g-cols vc_row via_flex valign_top type_default stacking_default\"><div class=\"vc_col-sm-12 wpb_column vc_column_container\"><div class=\"vc_column-inner\"><div class=\"wpb_wrapper\">[vc_raw_html css=\u00a0\u00bb%7B%22default%22%3A%7B%22animation-name%22%3A%22afr%22%2C%22animation-delay%22%3A%220.5s%22%7D%7D\u00a0\u00bb]JTNDZGl2JTIwY2xhc3MlM0QlMjJmb290ZXItbGluZSUyMHJlbGF0aXZlJTIyJTNFJTBBJTNDZGl2JTIwY2xhc3MlM0QlMjJwb2ludCUyMHBvaW50LWxlZnQlMjIlM0UlM0MlMkZkaXYlM0UlMEElM0MlMkZkaXYlM0U=[\/vc_raw_html]<\/div><\/div><\/div><\/div><\/div><\/section>\n<div class=\"w-separator size_medium\"><\/div><div class=\"g-cols wpb_row via_flex valign_top type_default stacking_default\"><div class=\"vc_col-sm-6 wpb_column vc_column_container\"><div class=\"vc_column-inner us_custom_f70d789f us_animate_this\"><div class=\"wpb_wrapper\"><div class=\"w-iconbox iconpos_left style_default color_primary align_left\"><div class=\"w-iconbox-icon\" style=\"font-size:2rem;\"><i class=\"fal fa-thumbs-up\"><\/i><\/div><div class=\"w-iconbox-meta\"><h3 class=\"w-iconbox-title\" style=\"font-size:1.5rem;\">Efficacit\u00e9 de la production<\/h3><div class=\"w-iconbox-text\"><p>Les solutions adh\u00e9sives peuvent am\u00e9liorer l\u2019efficacit\u00e9 du processus de production en r\u00e9duisant le temps d\u2019assemblage et de manipulation des produits semi-finis, en simplifiant les op\u00e9rations, en r\u00e9duisant les co\u00fbts et en limitant les marges d\u2019erreur.<\/p>\n<\/div><\/div><\/div><\/div><\/div><\/div><div class=\"vc_col-sm-6 wpb_column vc_column_container\"><div class=\"vc_column-inner us_custom_f70d789f us_animate_this\"><div class=\"wpb_wrapper\"><div class=\"w-iconbox iconpos_left style_default color_primary align_left\"><div class=\"w-iconbox-icon\" style=\"font-size:2rem;\"><i class=\"fal fa-layer-group\"><\/i><\/div><div class=\"w-iconbox-meta\"><h3 class=\"w-iconbox-title\" style=\"font-size:1.5rem;\">Libert\u00e9 de choix des mat\u00e9riaux de composition<\/h3><div class=\"w-iconbox-text\"><p>La conception devient plus libre et sans contraintes. Avec les adh\u00e9sifs, il est possible d\u2019assembler des mat\u00e9riaux dissemblables ayant des taux de dilatation thermique diff\u00e9rents et, gr\u00e2ce \u00e0 des innovations r\u00e9centes, il est d\u00e9sormais possible de les utiliser m\u00eame avec des mat\u00e9riaux difficiles \u00e0 assembler tels que les plastiques \u00e0 faible \u00e9nergie de surface, les m\u00e9taux huileux et les caoutchoucs de silicone.<\/p>\n<\/div><\/div><\/div><\/div><\/div><\/div><\/div><div class=\"w-separator size_medium\"><\/div><div class=\"g-cols wpb_row via_flex valign_top type_default stacking_default\"><div class=\"vc_col-sm-6 wpb_column vc_column_container\"><div class=\"vc_column-inner us_custom_f70d789f us_animate_this\"><div class=\"wpb_wrapper\"><div class=\"w-iconbox iconpos_left style_default color_primary align_left\"><div class=\"w-iconbox-icon\" style=\"font-size:2rem;\"><i class=\"fal fa-image\"><\/i><\/div><div class=\"w-iconbox-meta\"><h3 class=\"w-iconbox-title\" style=\"font-size:1.5rem;\">Conception du produit<\/h3><div class=\"w-iconbox-text\"><p>Les adh\u00e9sifs emp\u00eachent que la conception des surfaces ext\u00e9rieures soit compromise par des vis, des t\u00eates de rivets, des \u00e9crous ou des boulons qui d\u00e9passent. Ils simplifient la conception et \u00e9vitent le co\u00fbt et le temps de finition des soudures. Dans une bonne conception d\u2019assemblage, les technologies adh\u00e9sives sont invisibles et l\u00e9g\u00e8res.<\/p>\n<\/div><\/div><\/div><\/div><\/div><\/div><div class=\"vc_col-sm-6 wpb_column vc_column_container\"><div class=\"vc_column-inner us_custom_f70d789f us_animate_this\"><div class=\"wpb_wrapper\"><div class=\"w-iconbox iconpos_left style_default color_primary align_left\"><div class=\"w-iconbox-icon\" style=\"font-size:2rem;\"><i class=\"fal fa-tachometer-alt-fastest\"><\/i><\/div><div class=\"w-iconbox-meta\"><h3 class=\"w-iconbox-title\" style=\"font-size:1.5rem;\">Performances du produit<\/h3><div class=\"w-iconbox-text\"><p>Les solutions adh\u00e9sives \u00e9vitent les probl\u00e8mes de corrosion et d\u2019oxydation des m\u00e9taux en cr\u00e9ant une barri\u00e8re protectrice contre l\u2019eau et les autres contaminants pr\u00e9sents dans l\u2019environnement. En outre, en raison de leurs propri\u00e9t\u00e9s visco\u00e9lastiques et de leur capacit\u00e9 \u00e0 r\u00e9partir la charge d\u2019assemblage sur une plus grande surface, ils absorbent mieux l\u2019\u00e9nergie, ce qui am\u00e9liore les performances du produit en termes de r\u00e9sistance aux vibrations, aux contraintes et \u00e0 l\u2019usure. Les performances du produit sont durables dans le temps et dans les conditions les plus extr\u00eames.<\/p>\n<\/div><\/div><\/div><\/div><\/div><\/div><\/div><\/div><\/div><\/div><\/div><\/div><\/section><section class=\"l-section wpb_row us_custom_500a5ca0 height_medium color_primary with_shape\"><div class=\"l-section-shape type_wave pos_top hor_flip\" style=\"height:8vmax;\"><svg xmlns=\"http:\/\/www.w3.org\/2000\/svg\" viewBox=\"0 4 64 4\" preserveAspectRatio=\"none\" width=\"100%\" height=\"100%\">\r\n\t<path fill=\"currentColor\" d=\"M64 6 C32 0 32 12 0 6 L0 8 L64 8 Z\"\/>\r\n<\/svg><\/div><div class=\"l-section-h i-cf\"><div class=\"g-cols vc_row via_flex valign_top type_default stacking_default\"><div class=\"vc_col-sm-12 wpb_column vc_column_container\"><div class=\"vc_column-inner\"><div class=\"wpb_wrapper\"><div class=\"w-hwrapper valign_middle wrap align_center\"><div class=\"wpb_text_column us_custom_e7ca866a\"><div class=\"wpb_wrapper\"><p>Nos experts peuvent vous aider!<\/p>\n<\/div><\/div><div class=\"w-btn-wrapper align_none\"><a class=\"w-btn us-btn-style_2\" href=\"\/fr\/contacts\/\"><span class=\"w-btn-label\">Contacts<\/span><\/a><\/div><\/div><\/div><\/div><\/div><\/div><\/div><\/section>\n","protected":false},"excerpt":{"rendered":"Technologies adh\u00e9sivesRev\u00eatement, \u00e9pissure, scellement, masquage, emballage, d\u00e9limitationDiff\u00e9rents types de rubans monoadh\u00e9sifs face avec diff\u00e9rents mat\u00e9riaux de support\u2026 \u2026pour une grande vari\u00e9t\u00e9 d\u2019utilisations industrielles, chacune \u00e9tant sp\u00e9cifique au type de processus auquel le produit doit \u00eatre soumis, aux caract\u00e9ristiques du mat\u00e9riau, aux conditions et aux temps d\u2019application et d\u2019utilisation. Il s\u2019agit notamment de rubans pour la...","protected":false},"author":1,"featured_media":411,"parent":0,"menu_order":0,"comment_status":"closed","ping_status":"closed","template":"","meta":{"_acf_changed":false,"footnotes":""},"class_list":["post-1149","page","type-page","status-publish","has-post-thumbnail","hentry"],"acf":[],"_links":{"self":[{"href":"https:\/\/finatsrl.it\/fr\/wp-json\/wp\/v2\/pages\/1149","targetHints":{"allow":["GET"]}}],"collection":[{"href":"https:\/\/finatsrl.it\/fr\/wp-json\/wp\/v2\/pages"}],"about":[{"href":"https:\/\/finatsrl.it\/fr\/wp-json\/wp\/v2\/types\/page"}],"author":[{"embeddable":true,"href":"https:\/\/finatsrl.it\/fr\/wp-json\/wp\/v2\/users\/1"}],"replies":[{"embeddable":true,"href":"https:\/\/finatsrl.it\/fr\/wp-json\/wp\/v2\/comments?post=1149"}],"version-history":[{"count":5,"href":"https:\/\/finatsrl.it\/fr\/wp-json\/wp\/v2\/pages\/1149\/revisions"}],"predecessor-version":[{"id":1154,"href":"https:\/\/finatsrl.it\/fr\/wp-json\/wp\/v2\/pages\/1149\/revisions\/1154"}],"wp:featuredmedia":[{"embeddable":true,"href":"https:\/\/finatsrl.it\/fr\/wp-json\/wp\/v2\/media\/411"}],"wp:attachment":[{"href":"https:\/\/finatsrl.it\/fr\/wp-json\/wp\/v2\/media?parent=1149"}],"curies":[{"name":"wp","href":"https:\/\/api.w.org\/{rel}","templated":true}]}}