{"id":1135,"date":"2024-10-21T09:09:20","date_gmt":"2024-10-21T07:09:20","guid":{"rendered":"https:\/\/finatnew.newhosting.intellijam.com\/?page_id=1135"},"modified":"2024-10-24T13:59:02","modified_gmt":"2024-10-24T11:59:02","slug":"autres-produits","status":"publish","type":"page","link":"https:\/\/finatsrl.it\/fr\/autres-produits\/","title":{"rendered":"Autres produits"},"content":{"rendered":"<section class=\"l-section wpb_row us_custom_19c9dae9 us_animate_this height_medium full_height valign_bottom color_secondary with_img\"><div class=\"l-section-img\" role=\"img\" aria-label=\"Image\" data-img-width=\"1200\" data-img-height=\"820\" style=\"background-image: url(https:\/\/finatsrl.it\/wp-content\/uploads\/2024\/10\/FINAT_dispositivi-protezione-1.jpg);background-repeat: no-repeat;\"><\/div><div class=\"l-section-overlay\" style=\"background:rgba(0,0,0,0.50)\"><\/div><div class=\"l-section-h i-cf\"><div class=\"g-cols vc_row via_flex valign_bottom type_default stacking_default\"><div class=\"vc_col-sm-12 wpb_column vc_column_container\"><div class=\"vc_column-inner\"><div class=\"wpb_wrapper\"><h1 class=\"w-text us_custom_bd333703 us_animate_this\"><span class=\"w-text-h\"><span class=\"w-text-value\">Autres produits<\/span><\/span><\/h1><div class=\"w-separator size_custom\" style=\"height:6vmax\" id=\"hd16\"><style>@media(max-width:600px){ #hd16{height:10vmax!important}}<\/style><\/div><\/div><\/div><\/div><\/div><\/div><\/section><section class=\"l-section wpb_row height_medium\"><div class=\"l-section-h i-cf\"><div class=\"g-cols vc_row via_flex valign_middle type_default stacking_default\"><div class=\"vc_col-sm-6 wpb_column vc_column_container\"><div class=\"vc_column-inner us_custom_4752709d us_animate_this\"><div class=\"wpb_wrapper\"><h3 class=\"w-text us_custom_9f4ba63a has_text_color\"><span class=\"w-text-h\"><span class=\"w-text-value\">Produits de pr\u00e9paration des surfaces<\/span><\/span><\/h3><div class=\"w-separator size_small\"><\/div><section class=\"l-section wpb_row height_auto width_full\"><div class=\"l-section-h i-cf\"><div class=\"g-cols vc_row via_flex valign_top type_default stacking_default\"><div class=\"vc_col-sm-12 wpb_column vc_column_container\"><div class=\"vc_column-inner\"><div class=\"wpb_wrapper\">[vc_raw_html css=\u00a0\u00bb%7B%22default%22%3A%7B%22animation-name%22%3A%22afr%22%2C%22animation-delay%22%3A%220.5s%22%7D%7D\u00a0\u00bb]JTNDZGl2JTIwY2xhc3MlM0QlMjJmb290ZXItbGluZSUyMHJlbGF0aXZlJTIyJTNFJTBBJTNDZGl2JTIwY2xhc3MlM0QlMjJwb2ludCUyMHBvaW50LWxlZnQlMjIlM0UlM0MlMkZkaXYlM0UlMEElM0MlMkZkaXYlM0U=[\/vc_raw_html]<\/div><\/div><\/div><\/div><\/div><\/section>\n<div class=\"w-separator size_small\"><\/div><div class=\"wpb_text_column\"><div class=\"wpb_wrapper\"><p><span>Tout ce dont vous avez besoin pour effectuer une pr\u00e9paration correcte des surfaces avant le collage, y compris:<\/span><\/p>\n<p><span>&#8211; des solutions d\u2019alcool isopropylique pour d\u00e9graisser et laver les surfaces avant le collage;<\/span><\/p>\n<p><span>&#8211; des nettoyants industriels pour \u00e9liminer les traces de graisse et les r\u00e9sidus de collage ant\u00e9rieur;<\/span><\/p>\n<p><span>&#8211; des promoteurs d\u2019adh\u00e9sion pour augmenter, si n\u00e9cessaire, la capacit\u00e9 d\u2019adh\u00e9sion du substrat \u00e0 coller, disponibles dans diff\u00e9rents formats selon l\u2019utilisation et dans diff\u00e9rentes formulations, g\u00e9n\u00e9riques pour une large gamme de surfaces ou sp\u00e9cifiques pour des substrats particuliers tels que le caoutchouc, les surfaces rev\u00eatues de poudre, le verre et le PVC.<\/span><\/p>\n<\/div><\/div><\/div><\/div><\/div><div class=\"vc_col-sm-6 wpb_column vc_column_container  has_bg_color stretched\"><div class=\"vc_column-inner us_custom_34e7a58b us_animate_this type_sticky\"><div class=\"wpb_wrapper\" style=\"top:0\"><\/div><\/div><\/div><\/div><\/div><\/section><section class=\"l-section wpb_row height_medium\"><div class=\"l-section-h i-cf\"><div class=\"g-cols vc_row via_flex valign_middle type_default reversed stacking_default\"><div class=\"vc_col-sm-6 wpb_column vc_column_container  has_bg_color stretched\"><div class=\"vc_column-inner us_custom_0defeff0 us_animate_this type_sticky\"><div class=\"wpb_wrapper\" style=\"top:0\"><\/div><\/div><\/div><div class=\"vc_col-sm-6 wpb_column vc_column_container\"><div class=\"vc_column-inner us_custom_56f7604d us_animate_this\"><div class=\"wpb_wrapper\"><h3 class=\"w-text us_custom_83a03b96 has_text_color\"><span class=\"w-text-h\"><span class=\"w-text-value\">\u00c9quipement de protection individuelle<\/span><\/span><\/h3><div class=\"w-separator size_small\"><\/div><section class=\"l-section wpb_row height_auto width_full\"><div class=\"l-section-h i-cf\"><div class=\"g-cols vc_row via_flex valign_middle type_default stacking_default\"><div class=\"vc_col-sm-12 wpb_column vc_column_container\"><div class=\"vc_column-inner\"><div class=\"wpb_wrapper\">[vc_raw_html css=\u00a0\u00bb%7B%22default%22%3A%7B%22animation-name%22%3A%22afl%22%2C%22animation-delay%22%3A%220.5s%22%7D%7D\u00a0\u00bb]JTNDZGl2JTIwY2xhc3MlM0QlMjJmb290ZXItbGluZSUyMHJlbGF0aXZlJTIyJTNFJTBBJTNDZGl2JTIwY2xhc3MlM0QlMjJwb2ludCUyMHBvaW50LXJpZ2h0JTIyJTNFJTNDJTJGZGl2JTNFJTBBJTNDJTJGZGl2JTNF[\/vc_raw_html]<\/div><\/div><\/div><\/div><\/div><\/section>\n<div class=\"w-separator size_small\"><\/div><div class=\"wpb_text_column\"><div class=\"wpb_wrapper\"><p>Une large gamme d\u2019\u00e9quipements de protection individuelle pour l\u2019industrie offrant aux travailleurs la protection la plus efficace possible.<\/p>\n<p>Masques faciaux filtrants pour la poussi\u00e8re, les fum\u00e9es et les brouillards\u00a0; demi-masques, masques complets, syst\u00e8mes \u00e9lectro-ventil\u00e9s et \u00e0 air comprim\u00e9, cagoules de protection P &amp; SA, casques et boucliers de protection P &amp; SA pour la protection respiratoire.<\/p>\n<p>Inserts et arceaux, casques passifs et bouchons d\u2019oreille \u00e9lectroniques pour la protection auditive.<\/p>\n<p>Lunettes de protection, lunettes-masques, \u00e9crans de soudage, casques de s\u00e9curit\u00e9, visi\u00e8res et v\u00eatements de protection.<\/p>\n<\/div><\/div><\/div><\/div><\/div><\/div><\/div><\/section><section class=\"l-section wpb_row height_medium\"><div class=\"l-section-h i-cf\"><div class=\"g-cols vc_row via_flex valign_middle type_default stacking_default\"><div class=\"vc_col-sm-6 wpb_column vc_column_container\"><div class=\"vc_column-inner us_custom_4752709d us_animate_this\"><div class=\"wpb_wrapper\"><h3 class=\"w-text us_custom_83a03b96 has_text_color\"><span class=\"w-text-h\"><span class=\"w-text-value\">Abrasifs<\/span><\/span><\/h3><div class=\"w-separator size_small\"><\/div><section class=\"l-section wpb_row height_auto width_full\"><div class=\"l-section-h i-cf\"><div class=\"g-cols vc_row via_flex valign_top type_default stacking_default\"><div class=\"vc_col-sm-12 wpb_column vc_column_container\"><div class=\"vc_column-inner\"><div class=\"wpb_wrapper\">[vc_raw_html css=\u00a0\u00bb%7B%22default%22%3A%7B%22animation-name%22%3A%22afr%22%2C%22animation-delay%22%3A%220.5s%22%7D%7D\u00a0\u00bb]JTNDZGl2JTIwY2xhc3MlM0QlMjJmb290ZXItbGluZSUyMHJlbGF0aXZlJTIyJTNFJTBBJTNDZGl2JTIwY2xhc3MlM0QlMjJwb2ludCUyMHBvaW50LWxlZnQlMjIlM0UlM0MlMkZkaXYlM0UlMEElM0MlMkZkaXYlM0U=[\/vc_raw_html]<\/div><\/div><\/div><\/div><\/div><\/section>\n<div class=\"w-separator size_small\"><\/div><div class=\"wpb_text_column\"><div class=\"wpb_wrapper\"><p>\u00c9ponges, tampons et disques abrasifs de diff\u00e9rentes compositions et granulom\u00e9tries en fonction de la finition de surface requise.<\/p>\n<\/div><\/div><\/div><\/div><\/div><div class=\"vc_col-sm-6 wpb_column vc_column_container  has_bg_color stretched\"><div class=\"vc_column-inner us_custom_025da711 us_animate_this type_sticky\"><div class=\"wpb_wrapper\" style=\"top:0\"><\/div><\/div><\/div><\/div><\/div><\/section><section class=\"l-section wpb_row us_custom_500a5ca0 height_medium color_primary with_shape\"><div class=\"l-section-shape type_wave pos_top hor_flip\" style=\"height:8vmax;\"><svg xmlns=\"http:\/\/www.w3.org\/2000\/svg\" viewBox=\"0 4 64 4\" preserveAspectRatio=\"none\" width=\"100%\" height=\"100%\">\r\n\t<path fill=\"currentColor\" d=\"M64 6 C32 0 32 12 0 6 L0 8 L64 8 Z\"\/>\r\n<\/svg><\/div><div class=\"l-section-h i-cf\"><div class=\"g-cols vc_row via_flex valign_top type_default stacking_default\"><div class=\"vc_col-sm-12 wpb_column vc_column_container\"><div class=\"vc_column-inner\"><div class=\"wpb_wrapper\"><div class=\"w-hwrapper valign_middle wrap align_center\"><div class=\"wpb_text_column us_custom_e7ca866a\"><div class=\"wpb_wrapper\"><p>Nos experts peuvent vous aider!<\/p>\n<\/div><\/div><div class=\"w-btn-wrapper align_none\"><a class=\"w-btn us-btn-style_2\" href=\"\/fr\/contacts\/\"><span class=\"w-btn-label\">Contacts<\/span><\/a><\/div><\/div><\/div><\/div><\/div><\/div><\/div><\/section>\n","protected":false},"excerpt":{"rendered":"Autres produitsProduits de pr\u00e9paration des surfaces[vc_raw_html css=\u00a0\u00bb%7B%22default%22%3A%7B%22animation-name%22%3A%22afr%22%2C%22animation-delay%22%3A%220.5s%22%7D%7D\u00a0\u00bb]JTNDZGl2JTIwY2xhc3MlM0QlMjJmb290ZXItbGluZSUyMHJlbGF0aXZlJTIyJTNFJTBBJTNDZGl2JTIwY2xhc3MlM0QlMjJwb2ludCUyMHBvaW50LWxlZnQlMjIlM0UlM0MlMkZkaXYlM0UlMEElM0MlMkZkaXYlM0U=[\/vc_raw_html] Tout ce dont vous avez besoin pour effectuer une pr\u00e9paration correcte des surfaces avant le collage, y compris: &#8211; des solutions d\u2019alcool isopropylique pour d\u00e9graisser et laver les surfaces avant le collage; &#8211; des nettoyants industriels pour \u00e9liminer les traces de graisse et les r\u00e9sidus de collage ant\u00e9rieur;...","protected":false},"author":1,"featured_media":439,"parent":0,"menu_order":0,"comment_status":"closed","ping_status":"closed","template":"","meta":{"_acf_changed":false,"footnotes":""},"class_list":["post-1135","page","type-page","status-publish","has-post-thumbnail","hentry"],"acf":[],"_links":{"self":[{"href":"https:\/\/finatsrl.it\/fr\/wp-json\/wp\/v2\/pages\/1135","targetHints":{"allow":["GET"]}}],"collection":[{"href":"https:\/\/finatsrl.it\/fr\/wp-json\/wp\/v2\/pages"}],"about":[{"href":"https:\/\/finatsrl.it\/fr\/wp-json\/wp\/v2\/types\/page"}],"author":[{"embeddable":true,"href":"https:\/\/finatsrl.it\/fr\/wp-json\/wp\/v2\/users\/1"}],"replies":[{"embeddable":true,"href":"https:\/\/finatsrl.it\/fr\/wp-json\/wp\/v2\/comments?post=1135"}],"version-history":[{"count":4,"href":"https:\/\/finatsrl.it\/fr\/wp-json\/wp\/v2\/pages\/1135\/revisions"}],"predecessor-version":[{"id":1144,"href":"https:\/\/finatsrl.it\/fr\/wp-json\/wp\/v2\/pages\/1135\/revisions\/1144"}],"wp:featuredmedia":[{"embeddable":true,"href":"https:\/\/finatsrl.it\/fr\/wp-json\/wp\/v2\/media\/439"}],"wp:attachment":[{"href":"https:\/\/finatsrl.it\/fr\/wp-json\/wp\/v2\/media?parent=1135"}],"curies":[{"name":"wp","href":"https:\/\/api.w.org\/{rel}","templated":true}]}}