{"id":1123,"date":"2024-10-17T18:37:48","date_gmt":"2024-10-17T16:37:48","guid":{"rendered":"https:\/\/finatnew.newhosting.intellijam.com\/?page_id=1123"},"modified":"2025-04-11T10:32:33","modified_gmt":"2025-04-11T08:32:33","slug":"a-propos-de-nous","status":"publish","type":"page","link":"https:\/\/finatsrl.it\/fr\/a-propos-de-nous\/","title":{"rendered":"\u00c0 propos de nous"},"content":{"rendered":"<section class=\"l-section wpb_row us_custom_19c9dae9 us_animate_this height_medium full_height valign_bottom color_secondary with_img with_shape\"><div class=\"l-section-img\" role=\"img\" aria-label=\"Image\" data-img-width=\"1200\" data-img-height=\"777\" style=\"background-image: url(https:\/\/finatsrl.it\/wp-content\/uploads\/2024\/10\/FINAT-chisiamo-1.jpg);background-position: bottom center;background-repeat: no-repeat;\"><\/div><div class=\"l-section-overlay\" style=\"background:rgba(0,0,0,0.50)\"><\/div><div class=\"l-section-shape type_wave pos_bottom\" style=\"height:8vmax;color:var(--color-custom-1)\"><svg xmlns=\"http:\/\/www.w3.org\/2000\/svg\" viewBox=\"0 4 64 4\" preserveAspectRatio=\"none\" width=\"100%\" height=\"100%\">\r\n\t<path fill=\"currentColor\" d=\"M64 6 C32 0 32 12 0 6 L0 8 L64 8 Z\"\/>\r\n<\/svg><\/div><div class=\"l-section-h i-cf\"><div class=\"g-cols vc_row via_flex valign_bottom type_default stacking_default\"><div class=\"vc_col-sm-12 wpb_column vc_column_container\"><div class=\"vc_column-inner\"><div class=\"wpb_wrapper\"><h1 class=\"w-text us_custom_bd333703 us_animate_this\"><span class=\"w-text-h\"><span class=\"w-text-value\">\u00c0 propos de nous<\/span><\/span><\/h1><div class=\"w-separator size_custom\" style=\"height:6vmax\" id=\"pb88\"><style>@media(max-width:600px){ #pb88{height:10vmax!important}}<\/style><\/div><\/div><\/div><\/div><\/div><\/div><\/section><section class=\"l-section wpb_row height_medium color_primary\"><div class=\"l-section-h i-cf\"><div class=\"g-cols vc_row via_flex valign_top type_default stacking_default\"><div class=\"vc_col-sm-12 wpb_column vc_column_container\"><div class=\"vc_column-inner\"><div class=\"wpb_wrapper\"><div class=\"wpb_text_column us_custom_e6680ff2 us_animate_this\"><div class=\"wpb_wrapper\"><h4 style=\"text-align: center;\">Nous choisissons nos partenaires commerciaux parmi les principaux fabricants mondiaux de technologies adh\u00e9sives<\/h4>\n<\/div><\/div><div class=\"w-separator size_custom\" style=\"height:3vmax\"><\/div><\/div><\/div><\/div><\/div><\/div><\/section><section class=\"l-section wpb_row height_auto width_full\"><div class=\"l-section-h i-cf\"><div class=\"g-cols vc_row via_flex valign_middle type_boxes\"><div class=\"vc_col-sm-3\/5 wpb_column vc_column_container\"><div class=\"vc_column-inner us_custom_fc4a560c\"><div class=\"wpb_wrapper\"><div class=\"wpb_text_column us_custom_106f74f3 us_animate_this\"><div class=\"wpb_wrapper\"><h2>Notre histoire<\/h2>\n<\/div><\/div><div class=\"w-separator size_small\"><\/div><div class=\"wpb_text_column us_custom_106f74f3 us_animate_this\"><div class=\"wpb_wrapper\"><h3>Nous avons plus de 40 ans d\u2019exp\u00e9rience dans la recherche de solutions adh\u00e9sives pour l\u2019industrie dans une grande vari\u00e9t\u00e9 de secteurs.<\/h3>\n<\/div><\/div><div class=\"w-separator size_small\"><\/div><div class=\"wpb_text_column us_custom_e8308ab0 us_animate_this\"><div class=\"wpb_wrapper\"><p>Finat a \u00e9t\u00e9 fond\u00e9 en\u00a01978 en tant que distributeur de la technologie adh\u00e9sive\u00a03M et depuis plus de 40\u00a0ans, nous sommes un convertisseur de technologie adh\u00e9sive offrant des solutions adh\u00e9sives fiables pour l\u2019industrie dans une grande vari\u00e9t\u00e9 de secteurs.<\/p>\n<p>Pour nous, \u00eatre un convertisseur de technologies adh\u00e9sives signifie transformer un produit adh\u00e9sif en une solution r\u00e9ussie pour l\u2019industrie gr\u00e2ce \u00e0 la comp\u00e9tence, au support client, \u00e0 la fiabilit\u00e9 et \u00e0 la capacit\u00e9 de traitement.<\/p>\n<p>Nous avons toujours \u00e9t\u00e9 convaincus que si elle est identifi\u00e9e et appliqu\u00e9e de mani\u00e8re id\u00e9ale, une solution adh\u00e9sive peut faire beaucoup plus que simplement coller. C\u2019est pourquoi notre mission est d\u2019\u00eatre le partenaire de nos clients dans le domaine des technologies adh\u00e9sives afin d\u2019identifier et de fournir la meilleure solution adh\u00e9sive pour atteindre une performance maximale du produit, une efficacit\u00e9 de production et une r\u00e9duction des co\u00fbts.<\/p>\n<p><strong>Nous choisissons nos partenaires commerciaux parmi les principaux fabricants mondiaux de technologies adh\u00e9sives<\/strong><span>\u00a0<\/span>qui r\u00e9pondent aux normes de qualit\u00e9 et de fiabilit\u00e9 les plus \u00e9lev\u00e9es du secteur et qui font de l\u2019innovation technologique un levier essentiel de leur r\u00e9ussite.<\/p>\n<\/div><\/div><\/div><\/div><\/div><div class=\"vc_col-sm-2\/5 wpb_column vc_column_container  has_bg_color\"><div class=\"vc_column-inner us_custom_1d6a8bfe us_animate_this\"><div class=\"wpb_wrapper\"><\/div><\/div><\/div><\/div><\/div><\/section><section class=\"l-section wpb_row us_custom_7b6ed9a5 height_medium color_alternate with_shape\"><div class=\"l-section-shape type_wave pos_bottom\" style=\"height:8vmax;color:var(--color-custom-1)\"><svg xmlns=\"http:\/\/www.w3.org\/2000\/svg\" viewBox=\"0 4 64 4\" preserveAspectRatio=\"none\" width=\"100%\" height=\"100%\">\r\n\t<path fill=\"currentColor\" d=\"M64 6 C32 0 32 12 0 6 L0 8 L64 8 Z\"\/>\r\n<\/svg><\/div><div class=\"l-section-h i-cf\"><div class=\"g-cols vc_row via_flex valign_middle type_default stacking_default\"><div class=\"vc_col-sm-12 wpb_column vc_column_container\"><div class=\"vc_column-inner\"><div class=\"wpb_wrapper\"><div class=\"wpb_text_column us_custom_e6680ff2 us_animate_this\"><div class=\"wpb_wrapper\"><h2 style=\"text-align: center;\">Nos certifications<\/h2>\n<\/div><\/div><div class=\"w-separator size_medium\"><\/div><div class=\"g-cols wpb_row via_flex valign_top type_default stacking_default\" style=\"--additional-gap:2rem;\"><div class=\"vc_col-sm-6 wpb_column vc_column_container\"><div class=\"vc_column-inner\"><div class=\"wpb_wrapper\"><div class=\"w-image us_custom_ad74c514 us_animate_this has_height align_center\"><div class=\"w-image-h\"><img decoding=\"async\" width=\"413\" height=\"138\" src=\"https:\/\/finatsrl.it\/wp-content\/uploads\/2024\/10\/3mpreferred2x-1.png\" class=\"attachment-medium size-medium\" alt=\"3M Preferred Converter\" loading=\"lazy\" \/><\/div><\/div><div class=\"w-separator size_small\"><\/div><div class=\"wpb_text_column us_custom_7e4ff026 us_animate_this\"><div class=\"wpb_wrapper\"><h5>3M Preferred Converter<\/h5>\n<p>Finat est 3M Preferred Converter: <strong>nous sommes reconnus par 3M avec la plus haute certification accord\u00e9e \u00e0 un partenaire 3M<\/strong> au niveau international dans le domaine de la conversion de technologie adh\u00e9sive pour nos normes \u00e9lev\u00e9es de qualit\u00e9, d\u2019expertise, d\u2019exp\u00e9rience, de fiabilit\u00e9 et de service \u00e0 la client\u00e8le.<\/p>\n<\/div><\/div><\/div><\/div><\/div><div class=\"vc_col-sm-6 wpb_column vc_column_container\"><div class=\"vc_column-inner\"><div class=\"wpb_wrapper\"><div class=\"w-image us_custom_ad74c514 us_animate_this has_height align_center\"><div class=\"w-image-h\"><img decoding=\"async\" width=\"444\" height=\"221\" src=\"https:\/\/finatsrl.it\/wp-content\/uploads\/2024\/10\/BV_certification_9k-9120.png\" class=\"attachment-medium size-medium\" alt=\"\" loading=\"lazy\"><\/div><\/div><div class=\"w-separator size_small\"><\/div><div class=\"wpb_text_column us_custom_7e4ff026 us_animate_this\"><div class=\"wpb_wrapper\"><h5>ISO 9001 e ISO 9120<\/h5>\n<p>Certificate numb. IT317994<br \/>\nNos normes de traitement internes sont certifi\u00e9es ISO 9001 e ISO 9120<\/p>\n<\/div><\/div><div class=\"w-separator size_custom\" style=\"height:1rem\"><\/div><div class=\"w-iconbox us_custom_492179a4 iconpos_left style_outlined color_primary align_center no_text\"><a target=\"_blank\" href=\"\/wp-content\/uploads\/2024\/10\/FINAT-SRL_CERTIFICAZIONE-ISO-9001-E-9120.pdf\" class=\"w-iconbox-link\" aria-label=\"T\u00e9l\u00e9charger\"><div class=\"w-iconbox-icon\" style=\"font-size:20px;\"><i class=\"fal fa-file-pdf\"><\/i><\/div><\/a><div class=\"w-iconbox-meta\"><div class=\"w-iconbox-title\"><a target=\"_blank\" href=\"\/wp-content\/uploads\/2024\/10\/FINAT-SRL_CERTIFICAZIONE-ISO-9001-E-9120.pdf\" class=\"w-iconbox-link\" aria-label=\"T\u00e9l\u00e9charger\">T\u00e9l\u00e9charger<\/a><\/div><\/div><\/div><\/div><\/div><\/div><\/div><\/div><\/div><\/div><\/div><\/div><\/section><section class=\"l-section wpb_row height_medium color_primary\"><div class=\"l-section-h i-cf\"><div class=\"g-cols vc_row via_flex valign_top type_default stacking_default\"><div class=\"vc_col-sm-12 wpb_column vc_column_container\"><div class=\"vc_column-inner\"><div class=\"wpb_wrapper\"><div class=\"wpb_text_column\"><div class=\"wpb_wrapper\"><p style=\"text-align: center;\">Finat Srl met \u00e0 disposition des informations sur l&rsquo;\u00e9tiquetage environnemental. <a href=\"https:\/\/finatsrl.it\/fr\/etiquetage\/\"><u>Cliquez ici<\/u><\/a><\/p>\n<\/div><\/div><div class=\"w-separator size_small\"><\/div><div class=\"w-hwrapper us_custom_f70d789f us_animate_this valign_middle stack_on_mobiles align_center\" style=\"--hwrapper-gap:1rem\"><div class=\"w-btn-wrapper align_none\"><a class=\"w-btn us-btn-style_4\" target=\"_blank\" href=\"\/wp-content\/uploads\/2025\/04\/politica-per-la-qualita_2025.pdf\"><span class=\"w-btn-label\">T\u00e9l\u00e9charger \u00ab\u00a0Politica per la Qualit\u00e0\u00a0\u00bb<\/span><\/a><\/div><div class=\"w-btn-wrapper align_none\"><a class=\"w-btn us-btn-style_4\" target=\"_blank\" href=\"\/wp-content\/uploads\/2024\/10\/Requisiti-generali-di-fornitura_R0.pdf\"><span class=\"w-btn-label\">T\u00e9l\u00e9charger \u00ab\u00a0Condizioni Generali di Fornitura\u00a0\u00bb<\/span><\/a><\/div><div class=\"w-btn-wrapper align_none\"><a class=\"w-btn us-btn-style_4\" href=\"\/fr\/contacts\/\"><span class=\"w-btn-label\">Contacts<\/span><\/a><\/div><\/div><\/div><\/div><\/div><\/div><\/div><\/section>\n","protected":false},"excerpt":{"rendered":"\u00c0 propos de nousNous choisissons nos partenaires commerciaux parmi les principaux fabricants mondiaux de technologies adh\u00e9sives Notre histoire Nous avons plus de 40 ans d\u2019exp\u00e9rience dans la recherche de solutions adh\u00e9sives pour l\u2019industrie dans une grande vari\u00e9t\u00e9 de secteurs. Finat a \u00e9t\u00e9 fond\u00e9 en\u00a01978 en tant que distributeur de la technologie adh\u00e9sive\u00a03M et depuis plus...","protected":false},"author":1,"featured_media":276,"parent":0,"menu_order":0,"comment_status":"closed","ping_status":"closed","template":"","meta":{"_acf_changed":false,"footnotes":""},"class_list":["post-1123","page","type-page","status-publish","has-post-thumbnail","hentry"],"acf":[],"_links":{"self":[{"href":"https:\/\/finatsrl.it\/fr\/wp-json\/wp\/v2\/pages\/1123","targetHints":{"allow":["GET"]}}],"collection":[{"href":"https:\/\/finatsrl.it\/fr\/wp-json\/wp\/v2\/pages"}],"about":[{"href":"https:\/\/finatsrl.it\/fr\/wp-json\/wp\/v2\/types\/page"}],"author":[{"embeddable":true,"href":"https:\/\/finatsrl.it\/fr\/wp-json\/wp\/v2\/users\/1"}],"replies":[{"embeddable":true,"href":"https:\/\/finatsrl.it\/fr\/wp-json\/wp\/v2\/comments?post=1123"}],"version-history":[{"count":7,"href":"https:\/\/finatsrl.it\/fr\/wp-json\/wp\/v2\/pages\/1123\/revisions"}],"predecessor-version":[{"id":15927,"href":"https:\/\/finatsrl.it\/fr\/wp-json\/wp\/v2\/pages\/1123\/revisions\/15927"}],"wp:featuredmedia":[{"embeddable":true,"href":"https:\/\/finatsrl.it\/fr\/wp-json\/wp\/v2\/media\/276"}],"wp:attachment":[{"href":"https:\/\/finatsrl.it\/fr\/wp-json\/wp\/v2\/media?parent=1123"}],"curies":[{"name":"wp","href":"https:\/\/api.w.org\/{rel}","templated":true}]}}