{"id":1076,"date":"2024-10-16T11:40:52","date_gmt":"2024-10-16T09:40:52","guid":{"rendered":"https:\/\/finatnew.newhosting.intellijam.com\/?page_id=1076"},"modified":"2026-03-02T14:40:50","modified_gmt":"2026-03-02T13:40:50","slug":"home","status":"publish","type":"page","link":"https:\/\/finatsrl.it\/fr\/","title":{"rendered":"Home"},"content":{"rendered":"<section class=\"l-section wpb_row us_custom_94be0cb5 height_auto full_height valign_center width_full color_secondary with_img\" id=\"banner-intro\"><div class=\"l-section-img\" role=\"img\" aria-label=\"Image\" data-img-width=\"1920\" data-img-height=\"1080\" style=\"background-image: url(https:\/\/finatsrl.it\/wp-content\/uploads\/revslider\/video-media\/Finat-C0027-light_1.jpeg);background-repeat: no-repeat;\"><\/div><div class=\"l-section-overlay\" style=\"background:rgba(0,0,0,0.60)\"><\/div><div class=\"l-section-h i-cf\"><div class=\"g-cols vc_row via_flex valign_middle type_default stacking_default\"><div class=\"vc_col-sm-12 wpb_column vc_column_container\"><div class=\"vc_column-inner\"><div class=\"wpb_wrapper\"><div class=\"w-content-carousel items_1\"><div class=\"owl-carousel valign_stretch dotstyle_circle navstyle_circle arrows-ver-pos_middle arrows-hor-pos_on_sides_outside arrows-disabled_hide owl-responsive-2000\" style=\"--items-gap:0px;--transition-duration:300ms;\" onclick=\"return {&quot;aria_labels&quot;:{&quot;prev&quot;:&quot;Pr\\u00e9c\\u00e9dent&quot;,&quot;next&quot;:&quot;Suivant&quot;},&quot;autoplayContinual&quot;:true,&quot;autoplayHoverPause&quot;:false,&quot;autoplayTimeout&quot;:3000,&quot;autoWidth&quot;:false,&quot;smartSpeed&quot;:300,&quot;margin&quot;:0,&quot;mouseDrag&quot;:false,&quot;rtl&quot;:false,&quot;slideBy&quot;:&quot;1&quot;,&quot;touchDrag&quot;:false,&quot;slideTransition&quot;:&quot;linear&quot;,&quot;animateIn&quot;:&quot;fadeIn&quot;,&quot;animateOut&quot;:&quot;fadeOut&quot;,&quot;responsive&quot;:{&quot;0&quot;:{&quot;autoHeight&quot;:true,&quot;autoplay&quot;:true,&quot;autoWidth&quot;:false,&quot;center&quot;:false,&quot;dots&quot;:false,&quot;items&quot;:1,&quot;loop&quot;:true,&quot;nav&quot;:false,&quot;stagePadding&quot;:0,&quot;slideBy&quot;:&quot;1&quot;},&quot;769&quot;:{&quot;autoHeight&quot;:true,&quot;autoplay&quot;:true,&quot;autoWidth&quot;:false,&quot;center&quot;:false,&quot;dots&quot;:false,&quot;items&quot;:1,&quot;loop&quot;:true,&quot;nav&quot;:false,&quot;stagePadding&quot;:0,&quot;slideBy&quot;:&quot;1&quot;},&quot;1025&quot;:{&quot;autoHeight&quot;:false,&quot;autoplay&quot;:true,&quot;autoWidth&quot;:false,&quot;center&quot;:false,&quot;dots&quot;:false,&quot;items&quot;:1,&quot;loop&quot;:true,&quot;nav&quot;:false,&quot;stagePadding&quot;:0}}}\">[vc_raw_html]JTNDdmlkZW8lMjBhdXRvcGxheSUzRCUyMiUyMiUyMGxvb3AlM0QlMjIlMjIlMjBtdXRlZCUzRCUyMiUyMiUyMHBsYXlzaW5saW5lJTNEJTIyJTIyJTIwcHJlbG9hZCUzRCUyMmF1dG8lMjIlM0UlM0Nzb3VyY2UlMjB0eXBlJTNEJTIydmlkZW8lMkZtcDQlMjIlMjBzcmMlM0QlMjIlMkZ3cC1jb250ZW50JTJGdXBsb2FkcyUyRjIwMjQlMkYxMCUyRkZpbmF0LUMwMDI3LWxpZ2h0Lm1wNCUyMiUzRSUzQyUyRnZpZGVvJTNF[\/vc_raw_html][vc_raw_html]JTNDdmlkZW8lMjBhdXRvcGxheSUzRCUyMiUyMiUyMGxvb3AlM0QlMjIlMjIlMjBtdXRlZCUzRCUyMiUyMiUyMHBsYXlzaW5saW5lJTNEJTIyJTIyJTIwcHJlbG9hZCUzRCUyMmF1dG8lMjIlM0UlM0Nzb3VyY2UlMjB0eXBlJTNEJTIydmlkZW8lMkZtcDQlMjIlMjBzcmMlM0QlMjIlMkZ3cC1jb250ZW50JTJGdXBsb2FkcyUyRjIwMjQlMkYxMCUyRkZpbmF0LUMwMDI3LWxpZ2h0Lm1wNCUyMiUzRSUzQyUyRnZpZGVvJTNF[\/vc_raw_html][vc_raw_html]JTNDdmlkZW8lMjBhdXRvcGxheSUzRCUyMiUyMiUyMGxvb3AlM0QlMjIlMjIlMjBtdXRlZCUzRCUyMiUyMiUyMHBsYXlzaW5saW5lJTNEJTIyJTIyJTIwcHJlbG9hZCUzRCUyMmF1dG8lMjIlM0UlM0Nzb3VyY2UlMjB0eXBlJTNEJTIydmlkZW8lMkZtcDQlMjIlMjBzcmMlM0QlMjIlMkZ3cC1jb250ZW50JTJGdXBsb2FkcyUyRjIwMjQlMkYxMCUyRkZpbmF0LUMwMDI1LWxpZ2h0Lm1wNCUyMiUzRSUzQyUyRnZpZGVvJTNF[\/vc_raw_html][vc_raw_html]JTNDdmlkZW8lMjBhdXRvcGxheSUzRCUyMiUyMiUyMGxvb3AlM0QlMjIlMjIlMjBtdXRlZCUzRCUyMiUyMiUyMHBsYXlzaW5saW5lJTNEJTIyJTIyJTIwcHJlbG9hZCUzRCUyMmF1dG8lMjIlM0UlM0Nzb3VyY2UlMjB0eXBlJTNEJTIydmlkZW8lMkZtcDQlMjIlMjBzcmMlM0QlMjIlMkZ3cC1jb250ZW50JTJGdXBsb2FkcyUyRjIwMjQlMkYxMCUyRkZpbmF0LUMwMDI5LWxpZ2h0Lm1wNCUyMiUzRSUzQyUyRnZpZGVvJTNF[\/vc_raw_html][vc_raw_html]JTNDdmlkZW8lMjBhdXRvcGxheSUzRCUyMiUyMiUyMGxvb3AlM0QlMjIlMjIlMjBtdXRlZCUzRCUyMiUyMiUyMHBsYXlzaW5saW5lJTNEJTIyJTIyJTIwcHJlbG9hZCUzRCUyMmF1dG8lMjIlM0UlM0Nzb3VyY2UlMjB0eXBlJTNEJTIydmlkZW8lMkZtcDQlMjIlMjBzcmMlM0QlMjIlMkZ3cC1jb250ZW50JTJGdXBsb2FkcyUyRjIwMjQlMkYxMCUyRkZpbmF0LUMwMDExLWxpZ2h0Lm1wNCUyMiUzRSUzQyUyRnZpZGVvJTNF[\/vc_raw_html][vc_raw_html]JTNDdmlkZW8lMjBhdXRvcGxheSUzRCUyMiUyMiUyMGxvb3AlM0QlMjIlMjIlMjBtdXRlZCUzRCUyMiUyMiUyMHBsYXlzaW5saW5lJTNEJTIyJTIyJTIwcHJlbG9hZCUzRCUyMmF1dG8lMjIlM0UlM0Nzb3VyY2UlMjB0eXBlJTNEJTIydmlkZW8lMkZtcDQlMjIlMjBzcmMlM0QlMjIlMkZ3cC1jb250ZW50JTJGdXBsb2FkcyUyRjIwMjQlMkYxMCUyRkZpbmF0LUMwMDA4LWxpZ2h0Lm1wNCUyMiUzRSUzQyUyRnZpZGVvJTNF[\/vc_raw_html][vc_raw_html]JTNDdmlkZW8lMjBhdXRvcGxheSUzRCUyMiUyMiUyMGxvb3AlM0QlMjIlMjIlMjBtdXRlZCUzRCUyMiUyMiUyMHBsYXlzaW5saW5lJTNEJTIyJTIyJTIwcHJlbG9hZCUzRCUyMmF1dG8lMjIlM0UlM0Nzb3VyY2UlMjB0eXBlJTNEJTIydmlkZW8lMkZtcDQlMjIlMjBzcmMlM0QlMjIlMkZ3cC1jb250ZW50JTJGdXBsb2FkcyUyRjIwMjQlMkYxMCUyRkZpbmF0LUMwMDE1LWxpZ2h0Lm1wNCUyMiUzRSUzQyUyRnZpZGVvJTNF[\/vc_raw_html]<\/div><\/div>[vc_raw_html el_id=\u00a0\u00bblaser-logo\u00a0\u00bb]JTNDb2JqZWN0JTIwY2xhc3MlM0QlMjJoLWFuaW0tc3ZnJTIyJTIwdHlwZSUzRCUyMmltYWdlJTJGc3ZnJTJCeG1sJTIyJTIwZGF0YSUzRCUyMiUyRndwLWNvbnRlbnQlMkZ1cGxvYWRzJTJGMjAyNCUyRjEwJTJGbG9nb19hbmltYXRlZF9ob21lLTIuc3ZnJTIyJTNFJTNDJTJGb2JqZWN0JTNFJTBBJTNDZGl2JTIwY2xhc3MlM0QlMjJpbnRyby10ZXh0JTIyJTNFUGx1cyUyMGRlJTIwNDAlMjBhbnMlMjBkJUUyJTgwJTk5ZXhwJUMzJUE5cmllbmNlJTIwZGFucyUyMGxhJTIwcmVjaGVyY2hlJTIwZGUlMjBzb2x1dGlvbnMlMjBhZGglQzMlQTlzaXZlcyUyMHBvdXIlMjBsJUUyJTgwJTk5aW5kdXN0cmllJTIwZGFucyUyMHVuJTIwbGFyZ2UlMjAlQzMlQTl2ZW50YWlsJTIwZGUlMjBzZWN0ZXVycy4lM0MlMkZkaXYlM0U=[\/vc_raw_html]<\/div><\/div><\/div><\/div><\/div><\/section><section class=\"l-section wpb_row height_medium full_height valign_center\"><div class=\"l-section-h i-cf\"><div class=\"g-cols vc_row via_flex valign_middle type_default stacking_default\" style=\"--additional-gap:1.5rem;\"><div class=\"vc_col-sm-6 wpb_column vc_column_container\"><div class=\"vc_column-inner us_custom_3a518cd2\"><div class=\"wpb_wrapper\">[vc_raw_html]JTNDdmlkZW8lMjBjbGFzcyUzRCUyMnctZnVsbCUyMiUyMGxvb3AlM0QlMjJ0cnVlJTIyJTIwYXV0b3BsYXklM0QlMjJhdXRvcGxheSUyMiUyMG11dGVkJTNEJTIyJTIyJTIwcGxheXNpbmxpbmUlM0QlMjIlMjIlM0UlM0Nzb3VyY2UlMjBzcmMlM0QlMjIlMkZ3cC1jb250ZW50JTJGdXBsb2FkcyUyRjIwMjQlMkYxMCUyRjAxX0hPTUVfTElLRV92MTEubXA0JTIyJTIwdHlwZSUzRCUyMnZpZGVvJTJGbXA0JTIyJTNFJTIwJTIwJTIwJTIwJTIwJTIwJTIwJTIwJTIwJTIwJTIwJTIwJTIwJTIwJTIwJTIwJTIwJTIwJTIwJTIwJTIwJTIwJTIwJTIwJTIwJTIwJTIwJTIwJTIwJTIwJTIwJTIwJTIwJTIwJTIwJTIwJTIwWW91ciUyMGJyb3dzZXIlMjBkb2VzJTIwbm90JTIwc3VwcG9ydCUyMHRoZSUyMHZpZGVvJTIwdGFnLiUyMCUyMCUyMCUyMCUyMCUyMCUyMCUyMCUyMCUyMCUyMCUyMCUyMCUyMCUyMCUyMCUyMCUyMCUyMCUyMCUyMCUyMCUyMCUyMCUyMCUyMCUyMCUyMCUyMCUyMCUyMCUyMCUyMCUzQyUyRnZpZGVvJTNF[\/vc_raw_html]<div class=\"w-separator size_large\"><\/div><section class=\"l-section wpb_row height_auto width_full\"><div class=\"l-section-h i-cf\"><div class=\"g-cols vc_row via_flex valign_middle type_default stacking_default\"><div class=\"vc_col-sm-12 wpb_column vc_column_container\"><div class=\"vc_column-inner\"><div class=\"wpb_wrapper\">[vc_raw_html css=\u00a0\u00bb%7B%22default%22%3A%7B%22animation-name%22%3A%22afl%22%2C%22animation-delay%22%3A%220.5s%22%7D%7D\u00a0\u00bb]JTNDZGl2JTIwY2xhc3MlM0QlMjJmb290ZXItbGluZSUyMHJlbGF0aXZlJTIyJTNFJTBBJTNDZGl2JTIwY2xhc3MlM0QlMjJwb2ludCUyMHBvaW50LXJpZ2h0JTIyJTNFJTNDJTJGZGl2JTNFJTBBJTNDJTJGZGl2JTNF[\/vc_raw_html]<\/div><\/div><\/div><\/div><\/div><\/section>\n<\/div><\/div><\/div><div class=\"vc_col-sm-6 wpb_column vc_column_container\"><div class=\"vc_column-inner\"><div class=\"wpb_wrapper\"><div class=\"wpb_text_column us_custom_845f7bc5\"><div class=\"wpb_wrapper\"><h3>Le bon choix de la <strong>technologie adh\u00e9sive<\/strong> est la cl\u00e9 d\u2019un collage r\u00e9ussi<\/h3>\n<\/div><\/div><div class=\"w-separator size_custom\" style=\"height:2rem\"><\/div><section class=\"l-section wpb_row height_auto width_full\"><div class=\"l-section-h i-cf\"><div class=\"g-cols vc_row via_flex valign_top type_default stacking_default\"><div class=\"vc_col-sm-12 wpb_column vc_column_container\"><div class=\"vc_column-inner\"><div class=\"wpb_wrapper\">[vc_raw_html css=\u00a0\u00bb%7B%22default%22%3A%7B%22animation-name%22%3A%22afr%22%2C%22animation-delay%22%3A%220.5s%22%7D%7D\u00a0\u00bb]JTNDZGl2JTIwY2xhc3MlM0QlMjJmb290ZXItbGluZSUyMHJlbGF0aXZlJTIyJTNFJTBBJTNDZGl2JTIwY2xhc3MlM0QlMjJwb2ludCUyMHBvaW50LWxlZnQlMjIlM0UlM0MlMkZkaXYlM0UlMEElM0MlMkZkaXYlM0U=[\/vc_raw_html]<\/div><\/div><\/div><\/div><\/div><\/section>\n<div class=\"w-separator size_custom\" style=\"height:1rem\"><\/div><div class=\"wpb_text_column us_custom_37a5f0ec us_animate_this\"><div class=\"wpb_wrapper\"><p>Nous avons plus de <strong>40 ans d\u2019exp\u00e9rience dans la recherche de solutions adh\u00e9sives pour l\u2019industrie<\/strong> dans un large \u00e9ventail de secteurs, et nous travaillons aux c\u00f4t\u00e9s de nos clients depuis la phase de conception jusqu\u2019aux conseils pratiques sur les techniques de collage id\u00e9ales.<\/p>\n<p>Nous sommes en mesure de traiter diff\u00e9rents types de rubans simples et double face afin de fournir un produit adapt\u00e9 \u00e0 vos besoins sp\u00e9cifiques en termes de taille, de forme et d\u2019application.<\/p>\n<p>Nous utilisons les technologies de d\u00e9coupe et d\u2019estampage les plus innovantes pour permettre toutes sortes de personnalisations et garantir la plus grande pr\u00e9cision afin de respecter les limites de tol\u00e9rance les plus strictes.<\/p>\n<\/div><\/div><div class=\"w-separator size_custom\" style=\"height:1rem\"><\/div><div class=\"w-btn-wrapper default_align_left laptops_align_left tablets_align_left mobiles_align_center\"><a class=\"w-btn us-btn-style_3 us_custom_0a1a4b2e us_animate_this icon_atleft\" href=\"\/fr\/usinages\"><i class=\"fal fa-layer-plus\"><\/i><span class=\"w-btn-label\">Usinages<\/span><\/a><\/div><\/div><\/div><\/div><\/div><\/div><\/section><section class=\"l-section wpb_row height_medium full_height valign_center\"><div class=\"l-section-h i-cf\"><div class=\"g-cols vc_row via_flex valign_middle type_default reversed stacking_default\" style=\"--additional-gap:1.5rem;\"><div class=\"vc_col-sm-6 wpb_column vc_column_container\"><div class=\"vc_column-inner\"><div class=\"wpb_wrapper\"><div class=\"wpb_text_column us_custom_845f7bc5\"><div class=\"wpb_wrapper\"><h3>Notre expertise pour<br \/>\nla r\u00e9ussite de <strong>vos projets<\/strong><\/h3>\n<\/div><\/div><div class=\"w-separator size_custom\" style=\"height:2rem\"><\/div><section class=\"l-section wpb_row height_auto width_full\"><div class=\"l-section-h i-cf\"><div class=\"g-cols vc_row via_flex valign_middle type_default stacking_default\"><div class=\"vc_col-sm-12 wpb_column vc_column_container\"><div class=\"vc_column-inner\"><div class=\"wpb_wrapper\">[vc_raw_html css=\u00a0\u00bb%7B%22default%22%3A%7B%22animation-name%22%3A%22afl%22%2C%22animation-delay%22%3A%220.5s%22%7D%7D\u00a0\u00bb]JTNDZGl2JTIwY2xhc3MlM0QlMjJmb290ZXItbGluZSUyMHJlbGF0aXZlJTIyJTNFJTBBJTNDZGl2JTIwY2xhc3MlM0QlMjJwb2ludCUyMHBvaW50LXJpZ2h0JTIyJTNFJTNDJTJGZGl2JTNFJTBBJTNDJTJGZGl2JTNF[\/vc_raw_html]<\/div><\/div><\/div><\/div><\/div><\/section>\n<div class=\"w-separator size_custom\" style=\"height:1rem\"><\/div><div class=\"wpb_text_column us_custom_37a5f0ec us_animate_this\"><div class=\"wpb_wrapper\"><p>Le choix de la bonne technologie adh\u00e9sive d\u00e9pend de la <strong>connaissance de la chimie de l\u2019adh\u00e9sif lui-m\u00eame et des mat\u00e9riaux<\/strong> sur lesquels il doit \u00eatre appliqu\u00e9. C\u2019est pourquoi nous faisons de la comp\u00e9tence notre valeur fondamentale et formons soigneusement notre personnel par des cours r\u00e9guliers de recyclage technique.<\/p>\n<p>Nous travaillons avec des m\u00e9thodes \u00e9tablies, offrant la possibilit\u00e9 de r\u00e9aliser des tests d\u2019adh\u00e9sivit\u00e9, de fournir des \u00e9chantillons et de r\u00e9aliser des tests en laboratoire avec des rapports d\u00e9taill\u00e9s.<\/p>\n<\/div><\/div><div class=\"w-separator size_custom\" style=\"height:1rem\"><\/div><div class=\"w-btn-wrapper default_align_left laptops_align_left tablets_align_left mobiles_align_center\"><a class=\"w-btn us-btn-style_3 us_custom_0a1a4b2e us_animate_this icon_atleft\" href=\"\/fr\/a-propos-de-nous\/\"><i class=\"fal fa-hand-receiving\"><\/i><span class=\"w-btn-label\">\u00c0 propos de nous<\/span><\/a><\/div><\/div><\/div><\/div><div class=\"vc_col-sm-6 wpb_column vc_column_container\"><div class=\"vc_column-inner us_custom_3a518cd2\"><div class=\"wpb_wrapper\">[vc_raw_html]JTNDdmlkZW8lMjBjbGFzcyUzRCUyMnctZnVsbCUyMiUyMGxvb3AlM0QlMjJ0cnVlJTIyJTIwYXV0b3BsYXklM0QlMjJhdXRvcGxheSUyMiUyMG11dGVkJTNEJTIyJTIyJTIwcGxheXNpbmxpbmUlM0QlMjIlMjIlM0UlM0Nzb3VyY2UlMjBzcmMlM0QlMjIlMkZ3cC1jb250ZW50JTJGdXBsb2FkcyUyRjIwMjQlMkYxMCUyRjAyX0hPTUVfRklOQVRfdjExLm1wNCUyMiUyMHR5cGUlM0QlMjJ2aWRlbyUyRm1wNCUyMiUzRSUyMCUyMCUyMCUyMCUyMCUyMCUyMCUyMCUyMCUyMCUyMCUyMCUyMCUyMCUyMCUyMCUyMCUyMCUyMCUyMCUyMCUyMCUyMCUyMCUyMCUyMCUyMCUyMCUyMCUyMCUyMCUyMCUyMCUyMCUyMCUyMCUyMFlvdXIlMjBicm93c2VyJTIwZG9lcyUyMG5vdCUyMHN1cHBvcnQlMjB0aGUlMjB2aWRlbyUyMHRhZy4lMjAlMjAlMjAlMjAlMjAlMjAlMjAlMjAlMjAlMjAlMjAlMjAlMjAlMjAlMjAlMjAlMjAlMjAlMjAlMjAlMjAlMjAlMjAlMjAlMjAlMjAlMjAlMjAlMjAlMjAlMjAlMjAlMjAlM0MlMkZ2aWRlbyUzRQ==[\/vc_raw_html]<div class=\"w-separator size_large\"><\/div><section class=\"l-section wpb_row height_auto width_full\"><div class=\"l-section-h i-cf\"><div class=\"g-cols vc_row via_flex valign_top type_default stacking_default\"><div class=\"vc_col-sm-12 wpb_column vc_column_container\"><div class=\"vc_column-inner\"><div class=\"wpb_wrapper\">[vc_raw_html css=\u00a0\u00bb%7B%22default%22%3A%7B%22animation-name%22%3A%22afr%22%2C%22animation-delay%22%3A%220.5s%22%7D%7D\u00a0\u00bb]JTNDZGl2JTIwY2xhc3MlM0QlMjJmb290ZXItbGluZSUyMHJlbGF0aXZlJTIyJTNFJTBBJTNDZGl2JTIwY2xhc3MlM0QlMjJwb2ludCUyMHBvaW50LWxlZnQlMjIlM0UlM0MlMkZkaXYlM0UlMEElM0MlMkZkaXYlM0U=[\/vc_raw_html]<\/div><\/div><\/div><\/div><\/div><\/section>\n<\/div><\/div><\/div><\/div><\/div><\/section><section class=\"l-section wpb_row height_medium full_height valign_center\"><div class=\"l-section-h i-cf\"><div class=\"g-cols vc_row via_flex valign_middle type_default stacking_default\" style=\"--additional-gap:1.5rem;\"><div class=\"vc_col-sm-6 wpb_column vc_column_container\"><div class=\"vc_column-inner us_custom_3a518cd2\"><div class=\"wpb_wrapper\">[vc_raw_html]JTNDdmlkZW8lMjBjbGFzcyUzRCUyMnctZnVsbCUyMiUyMGxvb3AlM0QlMjJ0cnVlJTIyJTIwYXV0b3BsYXklM0QlMjJhdXRvcGxheSUyMiUyMG11dGVkJTNEJTIyJTIyJTIwcGxheXNpbmxpbmUlM0QlMjIlMjIlM0UlM0Nzb3VyY2UlMjBzcmMlM0QlMjIlMkZ3cC1jb250ZW50JTJGdXBsb2FkcyUyRjIwMjQlMkYxMCUyRjAzX0hPTUVfQV92MTEubXA0JTIyJTIwdHlwZSUzRCUyMnZpZGVvJTJGbXA0JTIyJTNFWW91ciUyMGJyb3dzZXIlMjBkb2VzJTIwbm90JTIwc3VwcG9ydCUyMHRoZSUyMHZpZGVvJTIwdGFnLiUzQyUyRnZpZGVvJTNF[\/vc_raw_html]<div class=\"w-separator size_large\"><\/div><section class=\"l-section wpb_row height_auto width_full\"><div class=\"l-section-h i-cf\"><div class=\"g-cols vc_row via_flex valign_middle type_default stacking_default\"><div class=\"vc_col-sm-12 wpb_column vc_column_container\"><div class=\"vc_column-inner\"><div class=\"wpb_wrapper\">[vc_raw_html css=\u00a0\u00bb%7B%22default%22%3A%7B%22animation-name%22%3A%22afl%22%2C%22animation-delay%22%3A%220.5s%22%7D%7D\u00a0\u00bb]JTNDZGl2JTIwY2xhc3MlM0QlMjJmb290ZXItbGluZSUyMHJlbGF0aXZlJTIyJTNFJTBBJTNDZGl2JTIwY2xhc3MlM0QlMjJwb2ludCUyMHBvaW50LXJpZ2h0JTIyJTNFJTNDJTJGZGl2JTNFJTBBJTNDJTJGZGl2JTNF[\/vc_raw_html]<\/div><\/div><\/div><\/div><\/div><\/section>\n<\/div><\/div><\/div><div class=\"vc_col-sm-6 wpb_column vc_column_container\"><div class=\"vc_column-inner\"><div class=\"wpb_wrapper\"><div class=\"wpb_text_column us_custom_845f7bc5\"><div class=\"wpb_wrapper\"><h3>Tirer le meilleur parti des technologies adh\u00e9sives avec un <strong>partenaire qualifi\u00e9<\/strong><\/h3>\n<\/div><\/div><div class=\"w-separator size_custom\" style=\"height:2rem\"><\/div><section class=\"l-section wpb_row height_auto width_full\"><div class=\"l-section-h i-cf\"><div class=\"g-cols vc_row via_flex valign_top type_default stacking_default\"><div class=\"vc_col-sm-12 wpb_column vc_column_container\"><div class=\"vc_column-inner\"><div class=\"wpb_wrapper\">[vc_raw_html css=\u00a0\u00bb%7B%22default%22%3A%7B%22animation-name%22%3A%22afr%22%2C%22animation-delay%22%3A%220.5s%22%7D%7D\u00a0\u00bb]JTNDZGl2JTIwY2xhc3MlM0QlMjJmb290ZXItbGluZSUyMHJlbGF0aXZlJTIyJTNFJTBBJTNDZGl2JTIwY2xhc3MlM0QlMjJwb2ludCUyMHBvaW50LWxlZnQlMjIlM0UlM0MlMkZkaXYlM0UlMEElM0MlMkZkaXYlM0U=[\/vc_raw_html]<\/div><\/div><\/div><\/div><\/div><\/section>\n<div class=\"w-separator size_custom\" style=\"height:1rem\"><\/div><div class=\"wpb_text_column us_custom_37a5f0ec us_animate_this\"><div class=\"wpb_wrapper\"><p>Avec nous, vous pouvez concevoir l\u2019assemblage de vos produits <strong>pour obtenir un maximum de performance<\/strong>, de productivit\u00e9 et de design.<\/p>\n<p>En tant que 3M Preferred Converter nous pouvons compter sur le soutien technique sp\u00e9cialis\u00e9 des laboratoires d\u2019essai les plus avanc\u00e9s pour trouver des solutions aux d\u00e9fis les plus extr\u00eames.<\/p>\n<\/div><\/div><div class=\"w-separator size_custom\" style=\"height:1rem\"><\/div><div class=\"w-btn-wrapper default_align_left laptops_align_left tablets_align_left mobiles_align_center\"><a class=\"w-btn us-btn-style_3 us_custom_0a1a4b2e us_animate_this icon_atleft\" href=\"\/fr\/technologies-adhesives\/\"><i class=\"fal fa-dot-circle\"><\/i><span class=\"w-btn-label\">Technologies adh\u00e9sives<\/span><\/a><\/div><\/div><\/div><\/div><\/div><\/div><\/section><section class=\"l-section wpb_row us_custom_500a5ca0 height_medium color_primary with_shape\"><div class=\"l-section-shape type_wave pos_top hor_flip\" style=\"height:8vmax;\"><svg xmlns=\"http:\/\/www.w3.org\/2000\/svg\" viewBox=\"0 4 64 4\" preserveAspectRatio=\"none\" width=\"100%\" height=\"100%\">\r\n\t<path fill=\"currentColor\" d=\"M64 6 C32 0 32 12 0 6 L0 8 L64 8 Z\"\/>\r\n<\/svg><\/div><div class=\"l-section-h i-cf\"><div class=\"g-cols vc_row via_flex valign_top type_default stacking_default\"><div class=\"vc_col-sm-12 wpb_column vc_column_container\"><div class=\"vc_column-inner\"><div class=\"wpb_wrapper\"><div class=\"w-hwrapper valign_middle wrap align_center\"><div class=\"wpb_text_column us_custom_e7ca866a\"><div class=\"wpb_wrapper\"><p>Nos experts peuvent vous aider!<\/p>\n<\/div><\/div><div class=\"w-btn-wrapper align_none\"><a class=\"w-btn us-btn-style_2\" href=\"\/fr\/contacts\/\"><span class=\"w-btn-label\">Contacts<\/span><\/a><\/div><\/div><\/div><\/div><\/div><\/div><\/div><\/section>\n","protected":false},"excerpt":{"rendered":"[vc_raw_html]JTNDdmlkZW8lMjBhdXRvcGxheSUzRCUyMiUyMiUyMGxvb3AlM0QlMjIlMjIlMjBtdXRlZCUzRCUyMiUyMiUyMHBsYXlzaW5saW5lJTNEJTIyJTIyJTIwcHJlbG9hZCUzRCUyMmF1dG8lMjIlM0UlM0Nzb3VyY2UlMjB0eXBlJTNEJTIydmlkZW8lMkZtcDQlMjIlMjBzcmMlM0QlMjIlMkZ3cC1jb250ZW50JTJGdXBsb2FkcyUyRjIwMjQlMkYxMCUyRkZpbmF0LUMwMDI3LWxpZ2h0Lm1wNCUyMiUzRSUzQyUyRnZpZGVvJTNF[\/vc_raw_html][vc_raw_html]JTNDdmlkZW8lMjBhdXRvcGxheSUzRCUyMiUyMiUyMGxvb3AlM0QlMjIlMjIlMjBtdXRlZCUzRCUyMiUyMiUyMHBsYXlzaW5saW5lJTNEJTIyJTIyJTIwcHJlbG9hZCUzRCUyMmF1dG8lMjIlM0UlM0Nzb3VyY2UlMjB0eXBlJTNEJTIydmlkZW8lMkZtcDQlMjIlMjBzcmMlM0QlMjIlMkZ3cC1jb250ZW50JTJGdXBsb2FkcyUyRjIwMjQlMkYxMCUyRkZpbmF0LUMwMDI3LWxpZ2h0Lm1wNCUyMiUzRSUzQyUyRnZpZGVvJTNF[\/vc_raw_html][vc_raw_html]JTNDdmlkZW8lMjBhdXRvcGxheSUzRCUyMiUyMiUyMGxvb3AlM0QlMjIlMjIlMjBtdXRlZCUzRCUyMiUyMiUyMHBsYXlzaW5saW5lJTNEJTIyJTIyJTIwcHJlbG9hZCUzRCUyMmF1dG8lMjIlM0UlM0Nzb3VyY2UlMjB0eXBlJTNEJTIydmlkZW8lMkZtcDQlMjIlMjBzcmMlM0QlMjIlMkZ3cC1jb250ZW50JTJGdXBsb2FkcyUyRjIwMjQlMkYxMCUyRkZpbmF0LUMwMDI1LWxpZ2h0Lm1wNCUyMiUzRSUzQyUyRnZpZGVvJTNF[\/vc_raw_html][vc_raw_html]JTNDdmlkZW8lMjBhdXRvcGxheSUzRCUyMiUyMiUyMGxvb3AlM0QlMjIlMjIlMjBtdXRlZCUzRCUyMiUyMiUyMHBsYXlzaW5saW5lJTNEJTIyJTIyJTIwcHJlbG9hZCUzRCUyMmF1dG8lMjIlM0UlM0Nzb3VyY2UlMjB0eXBlJTNEJTIydmlkZW8lMkZtcDQlMjIlMjBzcmMlM0QlMjIlMkZ3cC1jb250ZW50JTJGdXBsb2FkcyUyRjIwMjQlMkYxMCUyRkZpbmF0LUMwMDI5LWxpZ2h0Lm1wNCUyMiUzRSUzQyUyRnZpZGVvJTNF[\/vc_raw_html][vc_raw_html]JTNDdmlkZW8lMjBhdXRvcGxheSUzRCUyMiUyMiUyMGxvb3AlM0QlMjIlMjIlMjBtdXRlZCUzRCUyMiUyMiUyMHBsYXlzaW5saW5lJTNEJTIyJTIyJTIwcHJlbG9hZCUzRCUyMmF1dG8lMjIlM0UlM0Nzb3VyY2UlMjB0eXBlJTNEJTIydmlkZW8lMkZtcDQlMjIlMjBzcmMlM0QlMjIlMkZ3cC1jb250ZW50JTJGdXBsb2FkcyUyRjIwMjQlMkYxMCUyRkZpbmF0LUMwMDExLWxpZ2h0Lm1wNCUyMiUzRSUzQyUyRnZpZGVvJTNF[\/vc_raw_html][vc_raw_html]JTNDdmlkZW8lMjBhdXRvcGxheSUzRCUyMiUyMiUyMGxvb3AlM0QlMjIlMjIlMjBtdXRlZCUzRCUyMiUyMiUyMHBsYXlzaW5saW5lJTNEJTIyJTIyJTIwcHJlbG9hZCUzRCUyMmF1dG8lMjIlM0UlM0Nzb3VyY2UlMjB0eXBlJTNEJTIydmlkZW8lMkZtcDQlMjIlMjBzcmMlM0QlMjIlMkZ3cC1jb250ZW50JTJGdXBsb2FkcyUyRjIwMjQlMkYxMCUyRkZpbmF0LUMwMDA4LWxpZ2h0Lm1wNCUyMiUzRSUzQyUyRnZpZGVvJTNF[\/vc_raw_html][vc_raw_html]JTNDdmlkZW8lMjBhdXRvcGxheSUzRCUyMiUyMiUyMGxvb3AlM0QlMjIlMjIlMjBtdXRlZCUzRCUyMiUyMiUyMHBsYXlzaW5saW5lJTNEJTIyJTIyJTIwcHJlbG9hZCUzRCUyMmF1dG8lMjIlM0UlM0Nzb3VyY2UlMjB0eXBlJTNEJTIydmlkZW8lMkZtcDQlMjIlMjBzcmMlM0QlMjIlMkZ3cC1jb250ZW50JTJGdXBsb2FkcyUyRjIwMjQlMkYxMCUyRkZpbmF0LUMwMDE1LWxpZ2h0Lm1wNCUyMiUzRSUzQyUyRnZpZGVvJTNF[\/vc_raw_html][vc_raw_html el_id=\"laser-logo\"]JTNDb2JqZWN0JTIwY2xhc3MlM0QlMjJoLWFuaW0tc3ZnJTIyJTIwdHlwZSUzRCUyMmltYWdlJTJGc3ZnJTJCeG1sJTIyJTIwZGF0YSUzRCUyMiUyRndwLWNvbnRlbnQlMkZ1cGxvYWRzJTJGMjAyNCUyRjEwJTJGbG9nb19hbmltYXRlZF9ob21lLTIuc3ZnJTIyJTNFJTNDJTJGb2JqZWN0JTNFJTBBJTNDZGl2JTIwY2xhc3MlM0QlMjJpbnRyby10ZXh0JTIyJTNFUGx1cyUyMGRlJTIwNDAlMjBhbnMlMjBkJUUyJTgwJTk5ZXhwJUMzJUE5cmllbmNlJTIwZGFucyUyMGxhJTIwcmVjaGVyY2hlJTIwZGUlMjBzb2x1dGlvbnMlMjBhZGglQzMlQTlzaXZlcyUyMHBvdXIlMjBsJUUyJTgwJTk5aW5kdXN0cmllJTIwZGFucyUyMHVuJTIwbGFyZ2UlMjAlQzMlQTl2ZW50YWlsJTIwZGUlMjBzZWN0ZXVycy4lM0MlMkZkaXYlM0U=[\/vc_raw_html][vc_raw_html]JTNDdmlkZW8lMjBjbGFzcyUzRCUyMnctZnVsbCUyMiUyMGxvb3AlM0QlMjJ0cnVlJTIyJTIwYXV0b3BsYXklM0QlMjJhdXRvcGxheSUyMiUyMG11dGVkJTNEJTIyJTIyJTIwcGxheXNpbmxpbmUlM0QlMjIlMjIlM0UlM0Nzb3VyY2UlMjBzcmMlM0QlMjIlMkZ3cC1jb250ZW50JTJGdXBsb2FkcyUyRjIwMjQlMkYxMCUyRjAxX0hPTUVfTElLRV92MTEubXA0JTIyJTIwdHlwZSUzRCUyMnZpZGVvJTJGbXA0JTIyJTNFJTIwJTIwJTIwJTIwJTIwJTIwJTIwJTIwJTIwJTIwJTIwJTIwJTIwJTIwJTIwJTIwJTIwJTIwJTIwJTIwJTIwJTIwJTIwJTIwJTIwJTIwJTIwJTIwJTIwJTIwJTIwJTIwJTIwJTIwJTIwJTIwJTIwWW91ciUyMGJyb3dzZXIlMjBkb2VzJTIwbm90JTIwc3VwcG9ydCUyMHRoZSUyMHZpZGVvJTIwdGFnLiUyMCUyMCUyMCUyMCUyMCUyMCUyMCUyMCUyMCUyMCUyMCUyMCUyMCUyMCUyMCUyMCUyMCUyMCUyMCUyMCUyMCUyMCUyMCUyMCUyMCUyMCUyMCUyMCUyMCUyMCUyMCUyMCUyMCUzQyUyRnZpZGVvJTNF[\/vc_raw_html][vc_raw_html css=\u00a0\u00bb%7B%22default%22%3A%7B%22animation-name%22%3A%22afl%22%2C%22animation-delay%22%3A%220.5s%22%7D%7D\u00a0\u00bb]JTNDZGl2JTIwY2xhc3MlM0QlMjJmb290ZXItbGluZSUyMHJlbGF0aXZlJTIyJTNFJTBBJTNDZGl2JTIwY2xhc3MlM0QlMjJwb2ludCUyMHBvaW50LXJpZ2h0JTIyJTNFJTNDJTJGZGl2JTNFJTBBJTNDJTJGZGl2JTNF[\/vc_raw_html] Le bon choix de la technologie adh\u00e9sive est la cl\u00e9 d\u2019un collage r\u00e9ussi [vc_raw_html css=\u00a0\u00bb%7B%22default%22%3A%7B%22animation-name%22%3A%22afr%22%2C%22animation-delay%22%3A%220.5s%22%7D%7D\u00a0\u00bb]JTNDZGl2JTIwY2xhc3MlM0QlMjJmb290ZXItbGluZSUyMHJlbGF0aXZlJTIyJTNFJTBBJTNDZGl2JTIwY2xhc3MlM0QlMjJwb2ludCUyMHBvaW50LWxlZnQlMjIlM0UlM0MlMkZkaXYlM0UlMEElM0MlMkZkaXYlM0U=[\/vc_raw_html] Nous avons plus de 40 ans d\u2019exp\u00e9rience dans la recherche de solutions adh\u00e9sives pour l\u2019industrie dans un large \u00e9ventail de secteurs, et nous travaillons aux c\u00f4t\u00e9s de nos clients depuis la phase de conception jusqu\u2019aux conseils pratiques...","protected":false},"author":1,"featured_media":0,"parent":0,"menu_order":0,"comment_status":"closed","ping_status":"closed","template":"","meta":{"_acf_changed":false,"footnotes":""},"class_list":["post-1076","page","type-page","status-publish","hentry"],"acf":[],"_links":{"self":[{"href":"https:\/\/finatsrl.it\/fr\/wp-json\/wp\/v2\/pages\/1076","targetHints":{"allow":["GET"]}}],"collection":[{"href":"https:\/\/finatsrl.it\/fr\/wp-json\/wp\/v2\/pages"}],"about":[{"href":"https:\/\/finatsrl.it\/fr\/wp-json\/wp\/v2\/types\/page"}],"author":[{"embeddable":true,"href":"https:\/\/finatsrl.it\/fr\/wp-json\/wp\/v2\/users\/1"}],"replies":[{"embeddable":true,"href":"https:\/\/finatsrl.it\/fr\/wp-json\/wp\/v2\/comments?post=1076"}],"version-history":[{"count":8,"href":"https:\/\/finatsrl.it\/fr\/wp-json\/wp\/v2\/pages\/1076\/revisions"}],"predecessor-version":[{"id":18302,"href":"https:\/\/finatsrl.it\/fr\/wp-json\/wp\/v2\/pages\/1076\/revisions\/18302"}],"wp:attachment":[{"href":"https:\/\/finatsrl.it\/fr\/wp-json\/wp\/v2\/media?parent=1076"}],"curies":[{"name":"wp","href":"https:\/\/api.w.org\/{rel}","templated":true}]}}