{"id":9994,"date":"2025-01-27T15:39:24","date_gmt":"2025-01-27T14:39:24","guid":{"rendered":"https:\/\/finatnew.newhosting.intellijam.com\/prodotto\/sigillante-adesivo-poliuretanico-rapido-3m-550\/"},"modified":"2025-11-26T12:13:33","modified_gmt":"2025-11-26T11:13:33","slug":"sigillante-adesivo-poliuretanico-rapido-3m-550","status":"publish","type":"product","link":"https:\/\/finatsrl.it\/en\/product\/sigillante-adesivo-poliuretanico-rapido-3m-550\/","title":{"rendered":"Sigillante adesivo poliuretanico rapido 3M 550"},"content":{"rendered":"<div class=\"product-bullet-block\">\n<div class=\"bullet n1\">Incollare giunti di dilatazione verticali e orizzontali, giunti di controllo in calcestruzzo e muratura<\/div>\n<div class=\"bullet n2\">Permanentemente elastico per consentire il movimento del giunto<\/div>\n<div class=\"bullet n3\">Offre un&#8217;eccellente resistenza agli agenti atmosferici<\/div>\n<div class=\"bullet n4\">Si incolla a materiali dissimili per una migliorata flessibilit\u00e0 di progettazione<\/div>\n<div class=\"bullet n5\">Verniciabile una volta polimerizzato per risultati professionali<\/div>\n<div class=\"bullet n6\">Tempo di pelle di 60 minuti<\/div>\n<div class=\"bullet n7\"><\/div>\n<\/div>\n<div class=\"product-description-block\">\n<div class=\"short\">L&#8217;adesivo poliuretanico 3M 550 Fast Cure \u00e8 un adesivo sigillante multiuso a bassa viscosit\u00e0, che sigilla e incolla una variet\u00e0 di substrati, tra cui calcestruzzo, legno, alluminio, la maggior parte dei metalli laccati, poliestere, vetro e pietra in modo rapido e semplice.<\/div>\n<div class=\"extended\">Adesivo sigillante multiuso che crea sigillature permanentemente elastiche (estensibilee fino all&#8217; 300%)<\/div>\n<\/div>\n","protected":false},"excerpt":{"rendered":"<p>L&#8217;adesivo poliuretanico 3M 550 Fast Cure \u00e8 un adesivo sigillante multiuso a bassa viscosit\u00e0, che sigilla e incolla una variet\u00e0 di substrati, tra cui calcestruzzo, legno, alluminio, la maggior parte dei metalli laccati, poliestere, vetro e pietra in modo rapido e semplice.<\/p>\n","protected":false},"featured_media":7897,"template":"","meta":{"_acf_changed":false},"product_brand":[3337],"product_cat":[29,784],"product_tag":[1113,1179],"class_list":{"0":"post-9994","1":"product","2":"type-product","3":"status-publish","4":"has-post-thumbnail","6":"product_brand-3m","7":"product_cat-adesivi-e-nastri-industriali","8":"product_cat-sigillanti-emfi-e-3m","9":"product_tag-poliuretano","10":"product_tag-sigillante","11":"pa_colore-bianco","12":"pa_colore-nero","13":"pa_colore-verde","15":"first","16":"instock","17":"product-type-variable","18":"has-default-attributes"},"acf":{"short_description":"Il sigillante adesivo poliuretanico rapido 3M 550 offre un'adesione eccezionale e una rapida asciugatura, ideale per le esigenze industriali. Perfetto per una vasta gamma di applicazioni, \u00e8 la scelta perfetta per garantire risultati duraturi e resistenti.","long_description":"<p>Il sigillante adesivo poliuretanico rapido 3M 550 rappresenta una soluzione innovativa nel settore degli adesivi e nastri industriali, progettato per offrire prestazioni superiori in un'ampia variet\u00e0 di applicazioni. Con un tempo di asciugatura rapido, questo prodotto permette di ridurre i tempi di lavorazione, assicurando al contempo un'adesione potente e duratura su molte superfici, tra cui metallo, legno, plastica e vetro.<\/p>\n<p>Tra le principali caratteristiche del sigillante adesivo poliuretanico 3M 550, troviamo una resistenza eccellente alle intemperie e ai raggi UV, rendendolo perfetto per applicazioni sia interne che esterne. Grazie alla sua formula avanzata, offre una flessibilit\u00e0 ottimale, che consente di resistere a stress meccanici e vibrazioni senza compromettere l'integrit\u00e0 del giunto. Inoltre, il suo basso contenuto di VOC (composti organici volatili) lo rende una scelta ecologica, rispettando le normative ambientali.<\/p>\n<p>Questo sigillante \u00e8 facile da applicare, grazie alla sua consistenza ideale che facilita la stesura e consente di ottenere risultati professionali senza la necessit\u00e0 di attrezzature specializzate. Pu\u00f2 essere utilizzato in una vasta gamma di settori, dalle costruzioni all'automotive, fino all'elettronica, dimostrando la sua versatilit\u00e0 e adattabilit\u00e0 alle diverse esigenze industriali.<\/p>\n<p>Infine, la qualit\u00e0 di questo prodotto \u00e8 garantita dal marchio 3M, noto per le sue soluzioni innovative e affidabili. Scegliere il sigillante adesivo poliuretanico rapido 3M 550 significa optare per un prodotto di alta gamma, in grado di soddisfare le sfide pi\u00f9 impegnative in ambito industriale, assicurando risultati sempre all'altezza delle aspettative.<\/p>","feature_1":"Adesione rapida e duratura su molte superfici","feature_2":"Resistente a intemperie e raggi UV","feature_3":"Flessibile e resistente a stress meccanici","feature_4":"Basso contenuto di VOC per un uso ecologico","feature_5":"Facile applicazione senza attrezzature specializzate","feature_6":"Eccellente per applicazioni interne ed esterne","feature_7":"Compatibile con metallo, legno, plastica e vetro","feature_8":"Riduco i tempi di lavorazione grazie all'asciugatura veloce","feature_9":"Soluzione versatile per diversi settori industriali","feature_10":"Garanzia di qualit\u00e0 3M, leader nel settore degli adesivi"},"_links":{"self":[{"href":"https:\/\/finatsrl.it\/en\/wp-json\/wp\/v2\/product\/9994","targetHints":{"allow":["GET"]}}],"collection":[{"href":"https:\/\/finatsrl.it\/en\/wp-json\/wp\/v2\/product"}],"about":[{"href":"https:\/\/finatsrl.it\/en\/wp-json\/wp\/v2\/types\/product"}],"wp:featuredmedia":[{"embeddable":true,"href":"https:\/\/finatsrl.it\/en\/wp-json\/wp\/v2\/media\/7897"}],"wp:attachment":[{"href":"https:\/\/finatsrl.it\/en\/wp-json\/wp\/v2\/media?parent=9994"}],"wp:term":[{"taxonomy":"product_brand","embeddable":true,"href":"https:\/\/finatsrl.it\/en\/wp-json\/wp\/v2\/product_brand?post=9994"},{"taxonomy":"product_cat","embeddable":true,"href":"https:\/\/finatsrl.it\/en\/wp-json\/wp\/v2\/product_cat?post=9994"},{"taxonomy":"product_tag","embeddable":true,"href":"https:\/\/finatsrl.it\/en\/wp-json\/wp\/v2\/product_tag?post=9994"}],"curies":[{"name":"wp","href":"https:\/\/api.w.org\/{rel}","templated":true}]}}