{"id":9706,"date":"2025-01-27T15:37:35","date_gmt":"2025-01-27T14:37:35","guid":{"rendered":"https:\/\/finatnew.newhosting.intellijam.com\/prodotto\/nastro-in-film-ptfe-3m-5490\/"},"modified":"2025-12-12T11:15:42","modified_gmt":"2025-12-12T10:15:42","slug":"nastro-in-film-ptfe-3m-5490","status":"publish","type":"product","link":"https:\/\/finatsrl.it\/en\/product\/nastro-in-film-ptfe-3m-5490\/","title":{"rendered":"Nastro in film PTFE 3M 5490"},"content":{"rendered":"<div class=\"product-bullet-block\">\n<div class=\"bullet n1\">La pellicola in PTFE antiaderente fornisce una superficie eccezionalmente liscia per una facile pulizia<\/div>\n<div class=\"bullet n2\">Rimozione pulita da una variet\u00e0 di superfici<\/div>\n<div class=\"bullet n3\">Lavora in un ampio intervatto di temperature e funziona bene su attrezzature e macchinari riscaldati<\/div>\n<div class=\"bullet n4\">L&#8217;eccellente resistenza chimica consente al nastro di resistere ad applicazioni difficili<\/div>\n<div class=\"bullet n5\">Resiste all&#8217;arricciatura quando viene srotolato e risulta pi\u00f9 piatto dei nastri di pellicola in PTFE<\/div>\n<div class=\"bullet n6\">Elevato potere di tenuta e resistenza all&#8217;abrasione per ridurre la frizione, rumori e casino delle macchine<\/div>\n<div class=\"bullet n7\"><\/div>\n<\/div>\n<div class=\"product-description-block\">\n<div class=\"short\">Il nastro 3M 5490 in pellicola PTFE offre un coefficiente di attrito estremamente basso che crea una superficie liscia e antiaderente su una variet\u00e0 di substrati per aiutare il movimento dei materiali in molti tipi di applicazioni piane.<\/div>\n<div class=\"extended\">Progettato per migliorare il movimento della superficie, eliminare scricchiolii e rumori vari e della macchina.<\/div>\n<\/div>\n","protected":false},"excerpt":{"rendered":"<p>Il nastro 3M 5490 in pellicola PTFE offre un coefficiente di attrito estremamente basso che crea una superficie liscia e antiaderente su una variet\u00e0 di substrati per aiutare il movimento dei materiali in molti tipi di applicazioni piane.<\/p>\n","protected":false},"featured_media":7683,"template":"","meta":{"_acf_changed":false},"product_brand":[3337],"product_cat":[29,801],"product_tag":[1329,1331,1330,1325,1328,1220,1326,1327,1332],"class_list":{"0":"post-9706","1":"product","2":"type-product","3":"status-publish","4":"has-post-thumbnail","6":"product_brand-3m","7":"product_cat-adesivi-e-nastri-industriali","8":"product_cat-nastri-per-schermature-e-alte-prestazioni","9":"product_tag-nastro-in-film-di-plastica-ptfe","10":"product_tag-nastro-in-film-di-ptfe","11":"product_tag-nastro-in-plastica-ptfe","12":"product_tag-nastro-in-politetrafluoroetilene","13":"product_tag-nastro-in-tessuto-di-vetro","14":"product_tag-nastro-per-riparazione-tubi","15":"product_tag-nastro-ptfe","16":"product_tag-uso-del-nastro-ptfe","17":"product_tag-utilizzando-il-nastro-ptfe","18":"pa_colore-marrone","20":"first","21":"instock","22":"product-type-simple"},"acf":{"short_description":"Il Nastro in film PTFE 3M 5490 \u00e8 progettato per resistere a temperature estreme e offre prestazioni superiori in ambienti industriali critici. Ideale per applicazioni di schermatura e isolamento, garantisce durabilit\u00e0 e affidabilit\u00e0.","long_description":"Il Nastro in film PTFE 3M 5490 \u00e8 la scelta perfetta per i professionisti che richiedono un prodotto di alta qualit\u00e0 per applicazioni industriali. Con una gamma di temperature operative da -54\u00b0C a 260\u00b0C, questo nastro offre un'eccellente resistenza termica, rendendolo ideale per ambienti di lavoro estremi. Grazie alla sua superficie liscia e non adesiva, \u00e8 particolarmente adatto per applicazioni di isolamento e schermatura, garantendo che le superfici rimangano protette e funzionanti anche nelle condizioni pi\u00f9 difficili.\r\n\r\nQuesto nastro \u00e8 realizzato in PTFE (politetrafluoroetilene), un materiale noto per le sue propriet\u00e0 chimiche e fisiche superiori. La sua resistenza agli agenti chimici lo rende perfetto per l'uso in settori come l'industria chimica, alimentare e elettronica. Inoltre, il Nastro in film PTFE 3M 5490 \u00e8 progettato per aderire a una vasta gamma di superfici, assicurando una protezione affidabile e duratura.\r\n\r\nLe sue caratteristiche uniche lo rendono un prodotto indispensabile per chi cerca soluzioni di alta qualit\u00e0 nel campo degli adesivi e nastri industriali. Non solo \u00e8 resistente all'acqua e agli agenti atmosferici, ma \u00e8 anche facile da applicare e rimuovere, senza lasciare residui. Questo lo rende l'opzione ideale per le aziende che necessitano di flessibilit\u00e0 e efficienza nei loro processi operativi. Sia che si tratti di schermature, isolamenti o altre applicazioni industriali, il Nastro in film PTFE 3M 5490 si distingue per la sua capacit\u00e0 di garantire risultati ottimali in ogni situazione.","feature_1":"Resistente a temperature da -54\u00b0C a 260\u00b0C","feature_2":"Realizzato in materiale PTFE di alta qualit\u00e0","feature_3":"Eccellente resistenza agli agenti chimici","feature_4":"Superficie liscia per un facile rilascio","feature_5":"Protegge da contaminazioni e danni superficiali","feature_6":"Facile da applicare e rimuovere senza residui","feature_7":"Resistente all'acqua e agli agenti atmosferici","feature_8":"Ideale per applicazioni di schermatura e isolamento","feature_9":"Compatibile con una vasta gamma di superfici","feature_10":"Durabilit\u00e0 e affidabilit\u00e0 in ambienti industriali critici"},"_links":{"self":[{"href":"https:\/\/finatsrl.it\/en\/wp-json\/wp\/v2\/product\/9706","targetHints":{"allow":["GET"]}}],"collection":[{"href":"https:\/\/finatsrl.it\/en\/wp-json\/wp\/v2\/product"}],"about":[{"href":"https:\/\/finatsrl.it\/en\/wp-json\/wp\/v2\/types\/product"}],"wp:featuredmedia":[{"embeddable":true,"href":"https:\/\/finatsrl.it\/en\/wp-json\/wp\/v2\/media\/7683"}],"wp:attachment":[{"href":"https:\/\/finatsrl.it\/en\/wp-json\/wp\/v2\/media?parent=9706"}],"wp:term":[{"taxonomy":"product_brand","embeddable":true,"href":"https:\/\/finatsrl.it\/en\/wp-json\/wp\/v2\/product_brand?post=9706"},{"taxonomy":"product_cat","embeddable":true,"href":"https:\/\/finatsrl.it\/en\/wp-json\/wp\/v2\/product_cat?post=9706"},{"taxonomy":"product_tag","embeddable":true,"href":"https:\/\/finatsrl.it\/en\/wp-json\/wp\/v2\/product_tag?post=9706"}],"curies":[{"name":"wp","href":"https:\/\/api.w.org\/{rel}","templated":true}]}}