{"id":19089,"date":"2026-05-12T13:01:34","date_gmt":"2026-05-12T11:01:34","guid":{"rendered":"https:\/\/finatsrl.it\/prodotto\/tesa-acxplus-73305-our-tesa-73305-tailored-for-powder-coating-applications\/"},"modified":"2026-05-12T15:13:54","modified_gmt":"2026-05-12T13:13:54","slug":"tesa-acxplus-73305-our-tesa-73305-tailored-for-powder-coating-applications","status":"publish","type":"product","link":"https:\/\/finatsrl.it\/en\/product\/tesa-acxplus-73305-our-tesa-73305-tailored-for-powder-coating-applications\/","title":{"rendered":"tesa ACXplus 73305 Our tesa 73305 tailored for powder coating applications"},"content":{"rendered":"<div class=\"tesa_prod\">\n<div class=\"mainapplications\">tesa 73305 \u00e8 adatto a una variet\u00e0 di applicazioni di incollaggio impegnative, tra cui:<br \/>Incollaggio di rifiniture decorative e pannelli in elettrodomestici ed elettronicaFissaggio di targhette e loghi su prodotti di consumo e industrialiMontaggio di display elettronici e pannelli touchAssemblaggi pannello-telaio e rinforzi-pannelloIncollaggio di vetro su metallo nelle porte di forni e lavatriciIncollaggi interni ed esterni su veicoli commerciali e treniFissaggio di insegne e displayIncollaggio di guarnizioni e sigillature in impianti HVAC ed elettrodomesticiIncollaggi strutturali in edilizia e nell&#8217;industria generale<\/div>\n<div class=\"additionalinfo\">tesa 73305 \u00e8 adatto sia per uso interno che esterno. Offre prestazioni affidabili su un&#8217;ampia gamma di temperature e condizioni ambientali. Per risultati ottimali, le superfici devono essere pulite, asciutte e prive di contaminanti. Si raccomanda di effettuare test specifici prima dell&#8217;applicazione su larga scala. Per supporto tecnico e migliori risultati di incollaggio, consultare uno specialista tesa.Opzioni di liner:PV25: liner in carta bianca (rivestito PE) \u0096 non marchiato (130 \u00b5m)Spessori disponibili aggiuntivi:tesa 73308 &#8211; 800\u00b5mtesa 73311- 1100\u00b5m<\/div>\n<div class=\"product-bullet-block\">* Soluzione di incollaggio permanente ad alta resistenza e durabilit\u00e0 nel tempo<br \/>* Nucleo in schiuma acrilica viscoelastica per eccellente adattabilit\u00e0 e dissipazione delle sollecitazioni<br \/>* Incolla efficacemente materiali con energia superficiale alta, media e bassa tra cui superfici verniciate a polvere, metalli, plastiche e vetroElimina la necessit\u00e0 di rivetti, viti, saldature o adesivi liquidi<br \/>* Colore nero con liner in carta per una facile gestione e applicazione discreta<br \/>* Eccellente resistenza all&#8217;umidit\u00e0, alla temperatura e agli stress ambientali<br \/>* Permette l&#8217;utilizzo di materiali pi\u00f9 sottili, leggeri e dissimili<br \/>* Resistenza immediata alla manipolazione con adesivo sensibile alla pressione<br \/>* Composizione priva di PFAS\/PFOS: prodotto senza sostanze perfluorurate, per soluzioni di incollaggio pi\u00f9 sicure e sostenibili<\/div>\n<div class=\"product-description-block\">\n<div class=\"short\">Il nostro tesa 73305 progettato per applicazioni con verniciatura a polvere<\/div>\n<div class=\"extended\">Il nastro con anima acrilica tesa 73305 \u00e8 un nastro in schiuma bifacciale ad alte prestazioni, studiato per applicazioni di incollaggio particolarmente impegnative. Grazie al suo nucleo acrilico nero, conformabile e spesso 500 \u00b5m, e all&#8217;adesivo acrilico modificato, garantisce incollaggi forti e duraturi. \u00c8 particolarmente adatto alla maggior parte delle superfici verniciate a polvere, nonch\u00e9 a vetro e molti materiali plastici, offrendo un&#8217;ampia versatilit\u00e0 di incollaggio su numerosi substrati. Progettato per sostituire i tradizionali fissaggi meccanici, consente di ottenere design eleganti e puliti senza compromettere la resistenza. Le sue propriet\u00e0 viscoelastiche assicurano un&#8217;eccellente dissipazione delle sollecitazioni e riempimento dei gap, anche su superfici irregolari. tesa 73305 \u00e8 ideale per incollaggi permanenti dove affidabilit\u00e0 ed estetica sono fondamentali.<\/div>\n<\/div>\n<\/div>\n","protected":false},"excerpt":{"rendered":"<p>Nastro in schiuma acrilica bifacciale da 500 \u00b5m<\/p>\n","protected":false},"featured_media":18910,"template":"","meta":{"_acf_changed":false},"product_brand":[6718],"product_cat":[29,269],"product_tag":[],"class_list":{"0":"post-19089","1":"product","2":"type-product","3":"status-publish","4":"has-post-thumbnail","6":"product_brand-tesa","7":"product_cat-adesivi-e-nastri-industriali","8":"product_cat-nastri-in-schiuma","9":"pa_colore-nero","11":"first","12":"instock","13":"product-type-simple"},"acf":{"short_description":"","long_description":"","feature_1":"","feature_2":"","feature_3":"","feature_4":"","feature_5":"","feature_6":"","feature_7":"","feature_8":"","feature_9":"","feature_10":""},"_links":{"self":[{"href":"https:\/\/finatsrl.it\/en\/wp-json\/wp\/v2\/product\/19089","targetHints":{"allow":["GET"]}}],"collection":[{"href":"https:\/\/finatsrl.it\/en\/wp-json\/wp\/v2\/product"}],"about":[{"href":"https:\/\/finatsrl.it\/en\/wp-json\/wp\/v2\/types\/product"}],"wp:featuredmedia":[{"embeddable":true,"href":"https:\/\/finatsrl.it\/en\/wp-json\/wp\/v2\/media\/18910"}],"wp:attachment":[{"href":"https:\/\/finatsrl.it\/en\/wp-json\/wp\/v2\/media?parent=19089"}],"wp:term":[{"taxonomy":"product_brand","embeddable":true,"href":"https:\/\/finatsrl.it\/en\/wp-json\/wp\/v2\/product_brand?post=19089"},{"taxonomy":"product_cat","embeddable":true,"href":"https:\/\/finatsrl.it\/en\/wp-json\/wp\/v2\/product_cat?post=19089"},{"taxonomy":"product_tag","embeddable":true,"href":"https:\/\/finatsrl.it\/en\/wp-json\/wp\/v2\/product_tag?post=19089"}],"curies":[{"name":"wp","href":"https:\/\/api.w.org\/{rel}","templated":true}]}}