{"id":19083,"date":"2026-05-12T13:01:20","date_gmt":"2026-05-12T11:01:20","guid":{"rendered":"https:\/\/finatsrl.it\/prodotto\/tesa-51966\/"},"modified":"2026-05-12T15:15:39","modified_gmt":"2026-05-12T13:15:39","slug":"tesa-51966","status":"publish","type":"product","link":"https:\/\/finatsrl.it\/en\/product\/tesa-51966\/","title":{"rendered":"tesa 51966"},"content":{"rendered":"<div class=\"tesa_prod\">\n<div class=\"mainapplications\">Varie applicazioni di fissaggio industriali a lungo termineProgettato appositamente per i converter e gli specialisti di nastri<\/div>\n<div class=\"additionalinfo\">Varianti di liner:PV06: film di MOPP rosso (80\u00b5m; 72g\/m\u00b2)PV20: carta siliconata marrone con logo(69\u00b5m; 80g\/m\u00b2)Secondo l&#8217;analisi VDA278, tesa 51966 non contiene alcuna sostanza soggetta alle restrizioni di cui alla bozza dei regolamenti GB (Cina) nonch\u00e9 alle linee guida sulla concentrazione in ambienti interni redatte del Ministero della Salute, del Lavoro e del Welfare (Giappone).<\/div>\n<div class=\"product-bullet-block\">* Eccellente combinazione di elevata adesivit\u00e0 iniziale e forza di fissaggio a lungo termine<br \/>* Idoneo ad applicazioni a lungo termine<br \/>* Eccezionali propriet\u00e0 di conversione<\/div>\n<div class=\"product-description-block\">\n<div class=\"short\"><\/div>\n<div class=\"extended\">tesa&nbsp;51966 \u00e8 un nastro biadesivo per fissaggio industriale trasparente con supporto in PET riciclato post-consumo (PCR) al 90% e un adesivo acrilico estremamente performante. The double-sided tape is especially designed for converter and tape specialist business and is able to withstand numerous environmental factors such as humidity, UV light and temperatures of up to 130\u00b0C for limited periods of time. Il nastro biadesivo \u00e8 appositamente progettato per i converter  e degli specialisti di nastri ed \u00e8 in grado di resistere a numerosi fattori esterni quali umidit\u00e0, raggi UV e temperature fino a 130\u00b0C, per periodi di tempo limitati. L&#8217;adesivo acrilicomodificato garantisce un&#8217;eccellente adesione su varie superfici, un&#8217;adesivit\u00e0 molto elevata e una buona resistenza al taglio. <\/p>\n<p>tesa 51966 contiene in media l&#8217;8% di contenuto riciclato post-consumo ed \u00e8 costituito per il 90% da supporto in PET riciclato. Il liner e l&#8217;anima del nastro sono considerati materiali di imballaggio e sono esclusi dai calcoli del contenuto riciclato. Questa \u00e8 una dichiarazione ambientale di terze parti convalidata rispetto alla procedura di convalida delle dichiarazioni ambientali UL 2809 per il contenuto riciclato. Il programma di convalida delle dichiarazioni ambientali di UL rientra nell&#8217;accreditamento ISO\/IEC 17025 di UL. Maggiori informazioni sul database UL SPOT sono disponibili all\u0092indirizzo https:\/\/spot.ul.com\/main-app\/products\/detail\/62a340de7501b678a13670cb?page_type=Products%20Catalog<\/p><\/div>\n<\/div>\n<\/div>\n","protected":false},"excerpt":{"rendered":"<p>Nastro in pellicola film di PET trasparente biadesivo da 200\u00b5m con il 90% di PET PCR contenuto nel supporto<\/p>\n","protected":false},"featured_media":18798,"template":"","meta":{"_acf_changed":false},"product_brand":[6718],"product_cat":[29,786],"product_tag":[],"class_list":{"0":"post-19083","1":"product","2":"type-product","3":"status-publish","4":"has-post-thumbnail","6":"product_brand-tesa","7":"product_cat-adesivi-e-nastri-industriali","8":"product_cat-nastri-biadesivi-sottili","9":"pa_colore-trasparente","11":"first","12":"instock","13":"product-type-simple"},"acf":{"short_description":"","long_description":"","feature_1":"","feature_2":"","feature_3":"","feature_4":"","feature_5":"","feature_6":"","feature_7":"","feature_8":"","feature_9":"","feature_10":""},"_links":{"self":[{"href":"https:\/\/finatsrl.it\/en\/wp-json\/wp\/v2\/product\/19083","targetHints":{"allow":["GET"]}}],"collection":[{"href":"https:\/\/finatsrl.it\/en\/wp-json\/wp\/v2\/product"}],"about":[{"href":"https:\/\/finatsrl.it\/en\/wp-json\/wp\/v2\/types\/product"}],"wp:featuredmedia":[{"embeddable":true,"href":"https:\/\/finatsrl.it\/en\/wp-json\/wp\/v2\/media\/18798"}],"wp:attachment":[{"href":"https:\/\/finatsrl.it\/en\/wp-json\/wp\/v2\/media?parent=19083"}],"wp:term":[{"taxonomy":"product_brand","embeddable":true,"href":"https:\/\/finatsrl.it\/en\/wp-json\/wp\/v2\/product_brand?post=19083"},{"taxonomy":"product_cat","embeddable":true,"href":"https:\/\/finatsrl.it\/en\/wp-json\/wp\/v2\/product_cat?post=19083"},{"taxonomy":"product_tag","embeddable":true,"href":"https:\/\/finatsrl.it\/en\/wp-json\/wp\/v2\/product_tag?post=19083"}],"curies":[{"name":"wp","href":"https:\/\/api.w.org\/{rel}","templated":true}]}}