{"id":19079,"date":"2026-05-12T13:01:20","date_gmt":"2026-05-12T11:01:20","guid":{"rendered":"https:\/\/finatsrl.it\/prodotto\/tesa-4965-original-next-gen\/"},"modified":"2026-05-12T15:14:56","modified_gmt":"2026-05-12T13:14:56","slug":"tesa-4965-original-next-gen","status":"publish","type":"product","link":"https:\/\/finatsrl.it\/en\/product\/tesa-4965-original-next-gen\/","title":{"rendered":"tesa 4965 Original Next Gen"},"content":{"rendered":"<div class=\"tesa_prod\">\n<div class=\"mainapplications\">tesa 4965 Original \u00e8 utilizzato in tutti i settori industrialiMontaggio di parti in plastica ABS per l\u0092industria automobilistica&nbsp;Fissaggio autoadesivo di profili in gomma\/EPDMMontaggio di modanature e profili decorativi nell\u0092industria del mobileMontaggio di batterie, lenti e touch-screen per dispositivi elettronici<\/div>\n<div class=\"additionalinfo\">Varianti di liner:<\/p>\n<p>PV0: film MOPP rosso (80\u00b5m; 72g\/m\u00b2)PV1: carta glassine marrone (69\u00b5m; 80g\/m\u00b2)PV2: carta glassine marrone (78\u00b5m; 90g\/m\u00b2)PV4: carta bianca PE spalmata (104\u00b5m; 120g\/m\u00b2) con marchioPer le bobine, si raccomanda l\u0092uso dei&nbsp;dispenser tesa per ottenere risultati ottimali.Basso&nbsp;VOC \u0096 misurato secondo analisi VDA 278,&nbsp;tesa 4965 non contiene sostanze soggette a restrizioni secondo la bozza delle normative GB (Cina).<\/p>\n<\/div>\n<div class=\"product-bullet-block\">* Idoneit\u00e0 per esigenze critiche come forti sollecitazioni e alte temperature <br \/>* Certificazione per contatto con la pelle secondo ISO 10993-5 e ISO 10993-10 <br \/>* In conformit\u00e0 con lo standard UL 969. File UL: MH 18055<br \/>* Adesione affidabile anche su superfici a bassa energia superficiale<br \/>* Immediata utilizzabilit\u00e0 subito dopo il montaggio<br \/>* Certificato secondo DIN EN 45545-2, conforme a 2R1+HL3<br \/>* Basso VOC \u0096 misurato secondo analisi VDA 278<br \/>* Certificato per il settore aerospaziale, approvazione Airbus secondo AIMS\/AIPS 10-05-031-01 e ABS 5648<\/div>\n<div class=\"product-description-block\">\n<div class=\"short\"><\/div>\n<div class=\"extended\">tesa 4965 Original \u00e8 un nastro biadesivo industriale trasparente&nbsp;composto da un supporto in PET e un adesivo acrilico tackificato. La sua tecnologia adesiva si basa su una formulazione di prodotto brevettata e protetta. In tutti i settori industriali, tesa 4965 Original viene utilizzato per migliorare processi e applicazioni. Basato sulla tecnologia brevettata e protetta di tesa 4965, le sue prestazioni uniche si manifestano in qualit\u00e0 eccezionali come versatilit\u00e0, durabilit\u00e0 e sicurezza. Il nastro biadesivo industriale \u00e8 in grado di resistere a numerosi fattori ambientali come umidit\u00e0, luce UV e temperature fino a 200\u00b0C per periodi limitati. L\u0092adesivo acrilico tackificato offre un\u0092eccellente tenuta su varie superfici, elevato tack e buona resistenza al taglio.Diversi prodotti sono dotati di questa progettazione unica e ad alte prestazioni. Insieme, questi prodotti costituiscono il Team 4965. Questa gamma di nastri biadesivi in film aiuta a selezionare facilmente il nastro pi\u00f9 efficiente in base alle esigenze del cliente, dei prodotti e dei processi. Scopri i vantaggi dell\u0092intera gamma tesa 4965 qui:https:\/\/www.tesa.com\/en\/industry\/general-applications\/mounting\/team-4965-assortment<\/div>\n<\/div>\n<\/div>\n","protected":false},"excerpt":{"rendered":"<p>Nastro in film PET trasparente bifacciale da 205\u00b5m<\/p>\n","protected":false},"featured_media":18770,"template":"","meta":{"_acf_changed":false},"product_brand":[6718],"product_cat":[1051,1081],"product_tag":[],"class_list":{"0":"post-19079","1":"product","2":"type-product","3":"status-publish","4":"has-post-thumbnail","6":"product_brand-tesa","7":"product_cat-industrial-adhesives-tapes-en","8":"product_cat-thin-bonding-tapes-en","9":"pa_colore-trasparente","11":"first","12":"instock","13":"product-type-simple"},"acf":{"short_description":"","long_description":"","feature_1":"","feature_2":"","feature_3":"","feature_4":"","feature_5":"","feature_6":"","feature_7":"","feature_8":"","feature_9":"","feature_10":""},"_links":{"self":[{"href":"https:\/\/finatsrl.it\/en\/wp-json\/wp\/v2\/product\/19079","targetHints":{"allow":["GET"]}}],"collection":[{"href":"https:\/\/finatsrl.it\/en\/wp-json\/wp\/v2\/product"}],"about":[{"href":"https:\/\/finatsrl.it\/en\/wp-json\/wp\/v2\/types\/product"}],"wp:featuredmedia":[{"embeddable":true,"href":"https:\/\/finatsrl.it\/en\/wp-json\/wp\/v2\/media\/18770"}],"wp:attachment":[{"href":"https:\/\/finatsrl.it\/en\/wp-json\/wp\/v2\/media?parent=19079"}],"wp:term":[{"taxonomy":"product_brand","embeddable":true,"href":"https:\/\/finatsrl.it\/en\/wp-json\/wp\/v2\/product_brand?post=19079"},{"taxonomy":"product_cat","embeddable":true,"href":"https:\/\/finatsrl.it\/en\/wp-json\/wp\/v2\/product_cat?post=19079"},{"taxonomy":"product_tag","embeddable":true,"href":"https:\/\/finatsrl.it\/en\/wp-json\/wp\/v2\/product_tag?post=19079"}],"curies":[{"name":"wp","href":"https:\/\/api.w.org\/{rel}","templated":true}]}}