{"id":19075,"date":"2026-05-12T13:01:20","date_gmt":"2026-05-12T11:01:20","guid":{"rendered":"https:\/\/finatsrl.it\/prodotto\/tesa-4434\/"},"modified":"2026-05-12T15:14:30","modified_gmt":"2026-05-12T13:14:30","slug":"tesa-4434","status":"publish","type":"product","link":"https:\/\/finatsrl.it\/en\/product\/tesa-4434\/","title":{"rendered":"tesa 4434"},"content":{"rendered":"<div class=\"tesa_prod\">\n<div class=\"mainapplications\">tesa 4434 \u00e8 ideale per la protezione delle parti di autoveicoli durante lavori professionali di verniciaturaIl nastro in carta piatta offre un&#8217;adesione perfetta anche su superfici difficili ed \u00e8 adatto per il rinforzo delle tomaietesa 4434 \u00e8 inoltre utilizzato come materiale stencil per la sabbiatura su oggetti come lapidi e monumenti (durata molto elevata 50 sec.\/4bar)Il nastro pu\u00f2 essere utilizzato come materiale protettivo per la smerigliatura in officina, come base protettiva o in altre lavorazioni industriali di protezione<\/div>\n<div class=\"additionalinfo\">tesa 4434 \u00e8 usato per sabbiature forti su lapidi e monumenti, per coprire incisioni in serie durante la rimozione di ruggine su imbarcazioni in acciaio e per la mascheratura durante la sabbiatura nella costruzione di ponti e macchinari.<\/div>\n<div class=\"product-bullet-block\">* Supporto in carta spesso e resistente per un&#8217;elevata durata durante applicazioni di smerigliatura o sabbiatura (50 sec.\/4bar)<br \/>* Ottima lavorabilit\u00e0 al plotter, ancoraggio della vernice e resistenza a temperature fino a 100\u00b0C<br \/>* Buona adesione su diverse superfici, rimozione pulita<\/div>\n<div class=\"product-description-block\">\n<div class=\"short\"><\/div>\n<div class=\"extended\">tesa 4434 \u00e8 composto da un supporto in carta piatta e resistente abbinato a un sistema adesivo in gomma naturale. Il nastro presenta un&#8217;eccellente adesivit\u00e0, un alto tack e una buona presa immediata. Offre inoltre un&#8217;ottima tracciabilit\u00e0 durante il taglio e l&#8217;ancoraggio della vernice. Il supporto in carta, robusto, spesso e resistente, \u00e8 stato sviluppato per il taglio manuale. Grazie alla sua resistenza elevata, tesa 4434 \u00e8 utilizzato principalmente come materiale protettivo per la smerigliatura nelle officine, come base protettiva nei tavoli durante il fustellaggio nell&#8217;industria calzaturiera, della pelle e della lavorazione dei metalli, nonch\u00e9 in altre applicazioni di protezione. Il nastro \u00e8 anche ideale come materiale stencil per applicazioni di sabbiatura.<\/div>\n<\/div>\n<\/div>\n","protected":false},"excerpt":{"rendered":"<p>Nastro Mascheratura con Carta di Alta Qualit\u00e0 per Sabbiatura, Protezione e Rinforzo<\/p>\n","protected":false},"featured_media":18718,"template":"","meta":{"_acf_changed":false},"product_brand":[6718],"product_cat":[29,801],"product_tag":[],"class_list":{"0":"post-19075","1":"product","2":"type-product","3":"status-publish","4":"has-post-thumbnail","6":"product_brand-tesa","7":"product_cat-adesivi-e-nastri-industriali","8":"product_cat-nastri-per-schermature-e-alte-prestazioni","9":"pa_colore-giallo","11":"first","12":"instock","13":"product-type-simple"},"acf":{"short_description":"","long_description":"","feature_1":"","feature_2":"","feature_3":"","feature_4":"","feature_5":"","feature_6":"","feature_7":"","feature_8":"","feature_9":"","feature_10":""},"_links":{"self":[{"href":"https:\/\/finatsrl.it\/en\/wp-json\/wp\/v2\/product\/19075","targetHints":{"allow":["GET"]}}],"collection":[{"href":"https:\/\/finatsrl.it\/en\/wp-json\/wp\/v2\/product"}],"about":[{"href":"https:\/\/finatsrl.it\/en\/wp-json\/wp\/v2\/types\/product"}],"wp:featuredmedia":[{"embeddable":true,"href":"https:\/\/finatsrl.it\/en\/wp-json\/wp\/v2\/media\/18718"}],"wp:attachment":[{"href":"https:\/\/finatsrl.it\/en\/wp-json\/wp\/v2\/media?parent=19075"}],"wp:term":[{"taxonomy":"product_brand","embeddable":true,"href":"https:\/\/finatsrl.it\/en\/wp-json\/wp\/v2\/product_brand?post=19075"},{"taxonomy":"product_cat","embeddable":true,"href":"https:\/\/finatsrl.it\/en\/wp-json\/wp\/v2\/product_cat?post=19075"},{"taxonomy":"product_tag","embeddable":true,"href":"https:\/\/finatsrl.it\/en\/wp-json\/wp\/v2\/product_tag?post=19075"}],"curies":[{"name":"wp","href":"https:\/\/api.w.org\/{rel}","templated":true}]}}