{"id":19074,"date":"2026-05-12T13:01:20","date_gmt":"2026-05-12T11:01:20","guid":{"rendered":"https:\/\/finatsrl.it\/prodotto\/tesa-4432\/"},"modified":"2026-05-12T15:14:23","modified_gmt":"2026-05-12T13:14:23","slug":"tesa-4432","status":"publish","type":"product","link":"https:\/\/finatsrl.it\/en\/product\/tesa-4432\/","title":{"rendered":"tesa 4432"},"content":{"rendered":"<div class=\"tesa_prod\">\n<div class=\"mainapplications\">tesa 4432 \u00e8 un nastro speciale e resistente utilizzato per applicazioni di giunzione e rinforzo. Il nastro di mascheratura in carta flatback \u00e8 adatto come stencil per applicazioni di verniciatura a spruzzo o per la sabbiatura di vetro, specchi e pietra con una durata di 6 sec.\/4 bartesa 4432 pu\u00f2 essere utilizzato come nastro di sicurezza antisfondamento, soddisfacendo i requisiti secondo la norma DIN EN 12600<\/div>\n<div class=\"additionalinfo\">La forte adesivit\u00e0 consente inoltre di fissare fibre deformate nelle industrie tessili e di fissare i tessuti su campionari cos\u00ec come per altre appllicazioni come il rinforzo, il cinturaggio ed il giuntaggio.<\/div>\n<div class=\"product-bullet-block\">* Supporto in carta flatback resistente con buona lavorabilit\u00e0 al plotter, ottimo ancoraggio della vernice, possibilit\u00e0 di strappo a mano e resistenza alle temperature fino a 100\u00b0C<br \/>* Eccellenti propriet\u00e0 adesive su diversi substrati<br \/>* Soddisfa i requisiti secondo la norma DIN EN 12600<\/div>\n<div class=\"product-description-block\">\n<div class=\"short\">Nastro in Carta Flatback tesa 4432 per Giunzione, Sabbiatura e Applicazioni di Sicurezza Antisfondamento<\/div>\n<div class=\"extended\">tesa 4432 \u00e8 un nastro di mascheratura speciale e resistente in carta flatback&nbsp;con un forte adesivo in gomma naturale. Grazie al forte adesivo, tesa 4432 \u00e8 ideale per applicazioni di giunzione e rinforzo e il supporto in carta resistente rende il nastro particolarmente adatto come materiale per stencil nelle applicazioni di verniciatura a spruzzo o per la sabbiatura di vetro, specchi e pietra, con una durata di 6 sec.\/4 bar. tesa 4432 pu\u00f2 anche essere laminato sul retro degli specchi come nastro di sicurezza antisfondamento e soddisfa i requisiti secondo la norma DIN EN 12600. Il nastro di mascheratura in carta flatback presenta eccellenti propriet\u00e0 adesive su diversi substrati, buona lavorabilit\u00e0 al plotter, elevata ancoraggio della vernice, possibilit\u00e0 di strappo a mano e resistenza alle temperature fino a 100\u00b0C.&nbsp;<\/p>\n<p><\/div>\n<\/div>\n<\/div>\n","protected":false},"excerpt":{"rendered":"<p>Nastro di Mascheratura in Carta di Qualit\u00e0 Media per Applicazioni di Sabbiatura, Giunzione e Rinforzo<\/p>\n","protected":false},"featured_media":18686,"template":"","meta":{"_acf_changed":false},"product_brand":[6718],"product_cat":[1052,1065],"product_tag":[],"class_list":{"0":"post-19074","1":"product","2":"type-product","3":"status-publish","4":"has-post-thumbnail","6":"product_brand-tesa","7":"product_cat-industrial-adhesives-tapes-de","8":"product_cat-enhancing-shielding-tapes-de","9":"pa_colore-chamois","11":"first","12":"instock","13":"product-type-simple"},"acf":{"short_description":"","long_description":"","feature_1":"","feature_2":"","feature_3":"","feature_4":"","feature_5":"","feature_6":"","feature_7":"","feature_8":"","feature_9":"","feature_10":""},"_links":{"self":[{"href":"https:\/\/finatsrl.it\/en\/wp-json\/wp\/v2\/product\/19074","targetHints":{"allow":["GET"]}}],"collection":[{"href":"https:\/\/finatsrl.it\/en\/wp-json\/wp\/v2\/product"}],"about":[{"href":"https:\/\/finatsrl.it\/en\/wp-json\/wp\/v2\/types\/product"}],"wp:featuredmedia":[{"embeddable":true,"href":"https:\/\/finatsrl.it\/en\/wp-json\/wp\/v2\/media\/18686"}],"wp:attachment":[{"href":"https:\/\/finatsrl.it\/en\/wp-json\/wp\/v2\/media?parent=19074"}],"wp:term":[{"taxonomy":"product_brand","embeddable":true,"href":"https:\/\/finatsrl.it\/en\/wp-json\/wp\/v2\/product_brand?post=19074"},{"taxonomy":"product_cat","embeddable":true,"href":"https:\/\/finatsrl.it\/en\/wp-json\/wp\/v2\/product_cat?post=19074"},{"taxonomy":"product_tag","embeddable":true,"href":"https:\/\/finatsrl.it\/en\/wp-json\/wp\/v2\/product_tag?post=19074"}],"curies":[{"name":"wp","href":"https:\/\/api.w.org\/{rel}","templated":true}]}}