{"id":12300,"date":"2025-01-27T15:54:07","date_gmt":"2025-01-27T14:54:07","guid":{"rendered":"https:\/\/finatnew.newhosting.intellijam.com\/prodotto\/nastro-adesivo-transfer-3m-6035pc\/"},"modified":"2025-11-26T12:10:07","modified_gmt":"2025-11-26T11:10:07","slug":"nastro-adesivo-transfer-3m-6035pc","status":"publish","type":"product","link":"https:\/\/finatsrl.it\/en\/product\/nastro-adesivo-transfer-3m-6035pc\/","title":{"rendered":"Nastro adesivo transfer 3M 6035PC"},"content":{"rendered":"<div class=\"product-bullet-block\">\n<div class=\"bullet n1\">Biadesivo acrilico trasparente testato in base alle specifiche SAE J1756<\/div>\n<div class=\"bullet n2\">Offre eccellente adesione su un&#8217;ampia gamma di superfici<\/div>\n<div class=\"bullet n3\">Resistenza al taglio e alla pelatura su molti substrati, incluso plastiche, legno, schiume, tessuti e metalli<\/div>\n<div class=\"bullet n4\">Ideale per aderire, assemblare, fissare, incollare, convertire, ammortizzare, sigillare, trattenere, isolare, unire, etichettare, laminare, montare, giuntare, nastrare e altro ancora.<\/div>\n<div class=\"bullet n5\"><\/div>\n<div class=\"bullet n6\"><\/div>\n<div class=\"bullet n7\"><\/div>\n<\/div>\n<div class=\"product-description-block\">\n<div class=\"short\">3M Nastro Adesivo Transfer 6035PC con adesivo 300MP.<\/div>\n<div class=\"extended\">Eccellente per l&#8217;incollaggio di plastiche, schiume, legno e tessuti. Il nastro adesivo transfer 3M 6035PC presenta un adesivo di 0,13 mm di spessore, steso su un liner in carta kraft politenata di 0,10 mm di spessore. L&#8217;adesivo \u00e8 stato sviluppato per fornire la massima trasparenza e adesione su molte superfici, incluso plastiche, legno, schiume, tessuti e metalli. Questo nastro adesivo transfer \u00e8 conforme alle specifiche delle case automobilistiche per applicazione di tessuti interni e pannelli.<\/div>\n<\/div>\n","protected":false},"excerpt":{"rendered":"<p>3M Nastro Adesivo Transfer 6035PC con adesivo 300MP.<\/p>\n","protected":false},"featured_media":9375,"template":"","meta":{"_acf_changed":false},"product_brand":[3337],"product_cat":[29,786],"product_tag":[1180,1101,1181,1197,1196,1182],"class_list":{"0":"post-12300","1":"product","2":"type-product","3":"status-publish","4":"has-post-thumbnail","6":"product_brand-3m","7":"product_cat-adesivi-e-nastri-industriali","8":"product_cat-nastri-biadesivi-sottili","9":"product_tag-biadesivo-acrilico","10":"product_tag-nastro-biadesivo","11":"product_tag-nastro-biadesivo-resistente","12":"product_tag-non-supportato","13":"product_tag-transfer","14":"product_tag-viscoelastico","16":"first","17":"instock","18":"product-type-simple"},"acf":{"short_description":"Il nastro adesivo transfer 3M 6035PC \u00e8 la soluzione ideale per chi cerca un'adesione impeccabile. Perfetto per applicazioni industriali e artigianali, garantisce risultati duraturi e di alta qualit\u00e0.","long_description":"<p>Il nastro adesivo transfer 3M 6035PC rappresenta l'eccellenza nel settore degli adesivi e nastri industriali. Progettato per offrire prestazioni superiori in una vasta gamma di applicazioni, questo nastro biadesivo sottile \u00e8 particolarmente adatto per il montaggio di componenti e per l'assemblaggio di materiali diversi. La sua struttura unica garantisce un'adesione immediata e duratura, riducendo i tempi di lavorazione e aumentando l'efficienza produttiva.<\/p>\n<p>Realizzato con tecnologia all'avanguardia, il nastro adesivo transfer 3M 6035PC si distingue per la sua incredibile versatilit\u00e0. \u00c8 perfetto per l'uso su superfici lisce e ruvide, e si applica facilmente senza lasciare residui. Inoltre, \u00e8 resistente a temperature elevate, garantendo prestazioni stabili anche in ambienti difficili. Non solo, ma la sua composizione lo rende adatto per l'uso in applicazioni interne ed esterne, ampliando ulteriormente il suo campo di utilizzo.<\/p>\n<p>Con una larghezza di 12 mm e una lunghezza di 50 metri, questo nastro offre una grande superficie di adesione, mentre il suo spessore sottile permette un'applicazione precisa e discreta. La resistenza alla trazione e all'umidit\u00e0 \u00e8 un altro fattore chiave che rende questo prodotto ideale per il settore industriale. Che tu stia lavorando nel settore automotive, elettronico o della stampa, il nastro adesivo transfer 3M 6035PC \u00e8 la scelta perfetta per garantire risultati eccellenti.<\/p>\n<p>Scegliere questo nastro significa investire in qualit\u00e0 e affidabilit\u00e0, assicurando che ogni progetto venga realizzato con la massima precisione. Non lasciare nulla al caso: opta per il nastro adesivo transfer 3M 6035PC e scopri la differenza che un prodotto di alta qualit\u00e0 pu\u00f2 fare nel tuo lavoro.<\/p>","feature_1":"Adesione immediata e duratura","feature_2":"Resistente a temperature elevate fino a 70\u00b0C","feature_3":"Applicazione facile e veloce","feature_4":"Superficie adesiva senza residui","feature_5":"Ideale per superfici lisce e ruvide","feature_6":"Compatibile con materiali diversi (plastica, metallo, carta)","feature_7":"Larghezza di 12 mm per una maggiore versatilit\u00e0","feature_8":"Lunghezza di 50 metri per un utilizzo prolungato","feature_9":"Spessore sottile per applicazioni precise","feature_10":"Resistente all'umidit\u00e0 e agli agenti atmosferici"},"_links":{"self":[{"href":"https:\/\/finatsrl.it\/en\/wp-json\/wp\/v2\/product\/12300","targetHints":{"allow":["GET"]}}],"collection":[{"href":"https:\/\/finatsrl.it\/en\/wp-json\/wp\/v2\/product"}],"about":[{"href":"https:\/\/finatsrl.it\/en\/wp-json\/wp\/v2\/types\/product"}],"wp:featuredmedia":[{"embeddable":true,"href":"https:\/\/finatsrl.it\/en\/wp-json\/wp\/v2\/media\/9375"}],"wp:attachment":[{"href":"https:\/\/finatsrl.it\/en\/wp-json\/wp\/v2\/media?parent=12300"}],"wp:term":[{"taxonomy":"product_brand","embeddable":true,"href":"https:\/\/finatsrl.it\/en\/wp-json\/wp\/v2\/product_brand?post=12300"},{"taxonomy":"product_cat","embeddable":true,"href":"https:\/\/finatsrl.it\/en\/wp-json\/wp\/v2\/product_cat?post=12300"},{"taxonomy":"product_tag","embeddable":true,"href":"https:\/\/finatsrl.it\/en\/wp-json\/wp\/v2\/product_tag?post=12300"}],"curies":[{"name":"wp","href":"https:\/\/api.w.org\/{rel}","templated":true}]}}