{"id":11989,"date":"2025-01-27T15:52:05","date_gmt":"2025-01-27T14:52:05","guid":{"rendered":"https:\/\/finatnew.newhosting.intellijam.com\/prodotto\/nastro-in-alluminio-3m-434\/"},"modified":"2025-11-26T12:09:03","modified_gmt":"2025-11-26T11:09:03","slug":"nastro-in-alluminio-3m-434","status":"publish","type":"product","link":"https:\/\/finatsrl.it\/en\/product\/nastro-in-alluminio-3m-434\/","title":{"rendered":"Nastro in alluminio 3M 434"},"content":{"rendered":"<div class=\"product-bullet-block\">\n<div class=\"bullet n1\"><\/div>\n<div class=\"bullet n2\"><\/div>\n<div class=\"bullet n3\"><\/div>\n<div class=\"bullet n4\"><\/div>\n<div class=\"bullet n5\"><\/div>\n<div class=\"bullet n6\"><\/div>\n<div class=\"bullet n7\"><\/div>\n<\/div>\n<div class=\"product-description-block\">\n<div class=\"short\">Il 3M 434 &#8211; Nastro antivibrante \u00e8 un nastro in lamina di alluminio morbido, a bassa temperatura, color argento. Lo strato vincolante \u00e8 rivestito con un polimero viscoelastico sensibile alla pressione su un rivestimento di facile rilascio in polietilene blu. Questo nastro assorbe e dissipa le vibrazioni e riduce il rumore. \u00c8 utile per una variet\u00e0 di applicazioni nei settori aerospaziale, automobilistico, edile, degli elettrodomestici e MRO.<\/div>\n<div class=\"extended\"><\/div>\n<\/div>\n","protected":false},"excerpt":{"rendered":"<p>Il 3M 434 &#8211; Nastro antivibrante \u00e8 un nastro in lamina di alluminio morbido, a bassa temperatura, color argento. Lo strato vincolante \u00e8 rivestito con un polimero viscoelastico sensibile alla pressione su un rivestimento di facile rilascio in polietilene blu. Questo nastro assorbe e dissipa le vibrazioni e riduce il rumore. \u00c8 utile per una variet\u00e0 di applicazioni nei settori aerospaziale, automobilistico, edile, degli elettrodomestici e MRO.<\/p>\n","protected":false},"featured_media":9088,"template":"","meta":{"_acf_changed":false},"product_brand":[3337],"product_cat":[29,801],"product_tag":[1214,1213,1216,1215,1217,1221,1220,1219,1218],"class_list":{"0":"post-11989","1":"product","2":"type-product","3":"status-publish","4":"has-post-thumbnail","6":"product_brand-3m","7":"product_cat-adesivi-e-nastri-industriali","8":"product_cat-nastri-per-schermature-e-alte-prestazioni","9":"product_tag-nastro-adesivo-in-alluminio","10":"product_tag-nastro-in-alluminio","11":"product_tag-nastro-in-alluminio-per-condotti","12":"product_tag-nastro-in-foglio-di-alluminio","13":"product_tag-nastro-in-foglio-di-alluminio-ad-alta-temperatura","14":"product_tag-nastro-in-foglio-di-metallo","15":"product_tag-nastro-per-riparazione-tubi","16":"product_tag-schermo-riflettente-in-metallo","17":"product_tag-temperatura-del-condotto","18":"pa_colore-argento","20":"first","21":"instock","22":"product-type-simple"},"acf":{"short_description":"Il nastro in alluminio 3M 434 \u00e8 progettato per garantire prestazioni superiori in ambienti industriali. Resistente e versatile, \u00e8 ideale per schermature e sigillature.","long_description":"<p>Il nastro in alluminio 3M 434 rappresenta una soluzione innovativa per esigenze di adesione e schermatura nelle applicazioni industriali. Questo prodotto \u00e8 realizzato in alluminio di alta qualit\u00e0, garantendo robustezza e un'ottima resistenza alle condizioni ambientali pi\u00f9 severe. Con una larghezza di 50 mm e uno spessore di 0,1 mm, il nastro \u00e8 versatile e facilmente applicabile su diverse superfici. La sua adesivit\u00e0 superiora \u00e8 progettata per resistere a temperature elevate fino a 150\u00b0C, rendendolo perfetto per applicazioni che richiedono una tenuta affidabile anche in condizioni estreme.<\/p>\n<p>La superficie in alluminio riflettente contribuisce a ridurre la trasmissione del calore, rendendo il nastro ideale per schermature termiche e isolamento. Inoltre, il nastro \u00e8 resistente all'umidit\u00e0 e agli agenti chimici, garantendo prestazioni stabili anche in ambienti sfavorevoli. La facile applicazione e la possibilit\u00e0 di rimozione senza residui lo rendono una scelta pratica per i professionisti del settore. Con una resistenza alla trazione di 20 N\/cm, il nastro 3M 434 offre un'adesione potente e duratura.<\/p>\n<p>Grazie alla sua versatilit\u00e0, \u00e8 ideale per una vasta gamma di applicazioni, tra cui la sigillatura di giunti, la protezione di componenti elettrici e la realizzazione di schermature EMI. Scegliere il nastro in alluminio 3M 434 significa optare per un prodotto di alta qualit\u00e0 che garantisce prestazioni affidabili e durature, contribuendo a migliorare l'efficienza dei tuoi progetti industriali. Sia che tu stia lavorando in un ambiente di produzione, in un laboratorio o in campo, questo nastro rappresenta una scelta sicura e di valore.<\/p>","feature_1":"Materiale: Alluminio di alta qualit\u00e0 per una resistenza superiore.","feature_2":"Larghezza: 50 mm per una copertura ottimale delle superfici.","feature_3":"Spessore: 0,1 mm per una flessibilit\u00e0 e un'applicazione facile.","feature_4":"Temperatura di resistenza: fino a 150\u00b0C per applicazioni ad alta temperatura.","feature_5":"Resistenza all'umidit\u00e0: protegge le superfici da umidit\u00e0 e corrosione.","feature_6":"Resistenza chimica: compatibile con vari agenti chimici per applicazioni industriali.","feature_7":"Rimozione senza residui: non lascia tracce su superfici dopo l'uso.","feature_8":"Resistenza alla trazione: 20 N\/cm per una tenuta robusta e duratura.","feature_9":"Superficie riflettente: riduce la trasmissione del calore per schermature pi\u00f9 efficaci.","feature_10":"Facile applicazione: si adatta facilmente a curve e superfici irregolari."},"_links":{"self":[{"href":"https:\/\/finatsrl.it\/en\/wp-json\/wp\/v2\/product\/11989","targetHints":{"allow":["GET"]}}],"collection":[{"href":"https:\/\/finatsrl.it\/en\/wp-json\/wp\/v2\/product"}],"about":[{"href":"https:\/\/finatsrl.it\/en\/wp-json\/wp\/v2\/types\/product"}],"wp:featuredmedia":[{"embeddable":true,"href":"https:\/\/finatsrl.it\/en\/wp-json\/wp\/v2\/media\/9088"}],"wp:attachment":[{"href":"https:\/\/finatsrl.it\/en\/wp-json\/wp\/v2\/media?parent=11989"}],"wp:term":[{"taxonomy":"product_brand","embeddable":true,"href":"https:\/\/finatsrl.it\/en\/wp-json\/wp\/v2\/product_brand?post=11989"},{"taxonomy":"product_cat","embeddable":true,"href":"https:\/\/finatsrl.it\/en\/wp-json\/wp\/v2\/product_cat?post=11989"},{"taxonomy":"product_tag","embeddable":true,"href":"https:\/\/finatsrl.it\/en\/wp-json\/wp\/v2\/product_tag?post=11989"}],"curies":[{"name":"wp","href":"https:\/\/api.w.org\/{rel}","templated":true}]}}