{"id":11801,"date":"2025-01-27T15:50:58","date_gmt":"2025-01-27T14:50:58","guid":{"rendered":"https:\/\/finatnew.newhosting.intellijam.com\/prodotto\/sigillante-industriale-3m-scotch-seal-800\/"},"modified":"2025-11-26T12:08:31","modified_gmt":"2025-11-26T11:08:31","slug":"sigillante-industriale-3m-scotch-seal-800","status":"publish","type":"product","link":"https:\/\/finatsrl.it\/en\/product\/sigillante-industriale-3m-scotch-seal-800\/","title":{"rendered":"Sigillante industriale 3M Scotch-Seal 800"},"content":{"rendered":"<div class=\"product-bullet-block\">\n<div class=\"bullet n1\">Marrone rossastro, sigillante spazzolabile<\/div>\n<div class=\"bullet n2\">Crea una tenuta durevole, resistente, flessibile e gommosa<\/div>\n<div class=\"bullet n3\">Tempo di asciugatura al tatto 5-10 minuti, per applicazione rapida<\/div>\n<div class=\"bullet n4\"><\/div>\n<div class=\"bullet n5\"><\/div>\n<div class=\"bullet n6\"><\/div>\n<div class=\"bullet n7\"><\/div>\n<\/div>\n<div class=\"product-description-block\">\n<div class=\"short\">3M Scotch-Seal Sigillante industriale 800 \u00e8 un sigillante marrone rossastro, spazzolabile che si asciuga all&#8217;aria fino a formare una sigillatura flessibile. Questo sigillante aderisce a molte superfici metalliche e una volta essiccato resiste all&#8217;acqua, agli oli, ai detergenti e al carburante. Inoltre, questo prodotto ha un&#8217;ampia gamma di temperature utili da -65\u00b0F \/ -54\u00b0C a 200\u00b0F \/ 93\u00b0C.<\/div>\n<div class=\"extended\"><\/div>\n<\/div>\n","protected":false},"excerpt":{"rendered":"<p>3M Scotch-Seal Sigillante industriale 800 \u00e8 un sigillante marrone rossastro, spazzolabile che si asciuga all&#8217;aria fino a formare una sigillatura flessibile. Questo sigillante aderisce a molte superfici metalliche e una volta essiccato resiste all&#8217;acqua, agli oli, ai detergenti e al carburante. Inoltre, questo prodotto ha un&#8217;ampia gamma di temperature utili da -65\u00b0F \/ -54\u00b0C a 200\u00b0F \/ 93\u00b0C.<\/p>\n","protected":false},"featured_media":8979,"template":"","meta":{"_acf_changed":false},"product_brand":[3675],"product_cat":[29,784],"product_tag":[1178,1179],"class_list":{"0":"post-11801","1":"product","2":"type-product","3":"status-publish","4":"has-post-thumbnail","6":"product_brand-scotch-seal","7":"product_cat-adesivi-e-nastri-industriali","8":"product_cat-sigillanti-emfi-e-3m","9":"product_tag-nitrilico","10":"product_tag-sigillante","11":"pa_colore-marrone-rossiccio","13":"first","14":"instock","15":"product-type-simple"},"acf":{"short_description":"Il sigillante industriale 3M Scotch-Seal 800 offre prestazioni superiori per le tue esigenze di sigillatura. Resistente e versatile, \u00e8 ideale per applicazioni in ambienti difficili.","long_description":"<p>Il sigillante industriale 3M Scotch-Seal 800 rappresenta una soluzione all'avanguardia per tutte le esigenze di sigillatura in ambito industriale. Grazie alla sua formula innovativa, questo prodotto offre una tenuta eccezionale, rendendolo ideale per un'ampia gamma di applicazioni. \u00c8 particolarmente efficace su superfici metalliche, plastiche e verniciate, garantendo un'adesione duratura e resistente nel tempo. La sua flessibilit\u00e0 consente di adattarsi ai movimenti delle superfici, prevenendo la formazione di fessure e perdite.<\/p>\n<p>La facilit\u00e0 di applicazione del Scotch-Seal 800 rende il lavoro pi\u00f9 rapido ed efficiente, permettendo di risparmiare tempo prezioso nei processi produttivi. Questo sigillante \u00e8 progettato per resistere a condizioni ambientali avverse, inclusi umidit\u00e0, temperature estreme e sostanze chimiche, il che lo rende perfetto per l'utilizzo in cantieri e ambienti industriali. La sua versatilit\u00e0 lo rende un alleato indispensabile in settori come l'automotive, l'edilizia e la produzione di macchinari.<\/p>\n<p>Inoltre, il sigillante 3M Scotch-Seal 800 \u00e8 conforme alle normative di sicurezza e qualit\u00e0, garantendo un utilizzo sicuro senza compromettere le prestazioni. Ogni cartuccia contiene 300 ml di prodotto, sufficiente per numerose applicazioni, riducendo cos\u00ec i costi complessivi. Scegliere il sigillante industriale 3M Scotch-Seal 800 significa investire in un prodotto di alta qualit\u00e0, progettato per offrire risultati eccezionali e duraturi. Non lasciare nulla al caso, migliora la tua efficienza produttiva con 3M.<\/p>","feature_1":"Formula resistente a temperature estreme da -40\u00b0C a +90\u00b0C","feature_2":"Ottima adesione a metalli, plastiche e vernici","feature_3":"Resistente all'umidit\u00e0 e agli agenti chimici","feature_4":"Flessibilit\u00e0 superiore per adattarsi ai movimenti delle superfici","feature_5":"Facile applicazione con cartuccia da 300 ml","feature_6":"Durata prolungata per sigillature durature","feature_7":"Conforme alle normative di sicurezza industriale","feature_8":"Ideale per applicazioni automotive ed edilizie","feature_9":"Compatibile con diversi substrati e materiali","feature_10":"Riduce i costi operativi grazie alla lunga durata"},"_links":{"self":[{"href":"https:\/\/finatsrl.it\/en\/wp-json\/wp\/v2\/product\/11801","targetHints":{"allow":["GET"]}}],"collection":[{"href":"https:\/\/finatsrl.it\/en\/wp-json\/wp\/v2\/product"}],"about":[{"href":"https:\/\/finatsrl.it\/en\/wp-json\/wp\/v2\/types\/product"}],"wp:featuredmedia":[{"embeddable":true,"href":"https:\/\/finatsrl.it\/en\/wp-json\/wp\/v2\/media\/8979"}],"wp:attachment":[{"href":"https:\/\/finatsrl.it\/en\/wp-json\/wp\/v2\/media?parent=11801"}],"wp:term":[{"taxonomy":"product_brand","embeddable":true,"href":"https:\/\/finatsrl.it\/en\/wp-json\/wp\/v2\/product_brand?post=11801"},{"taxonomy":"product_cat","embeddable":true,"href":"https:\/\/finatsrl.it\/en\/wp-json\/wp\/v2\/product_cat?post=11801"},{"taxonomy":"product_tag","embeddable":true,"href":"https:\/\/finatsrl.it\/en\/wp-json\/wp\/v2\/product_tag?post=11801"}],"curies":[{"name":"wp","href":"https:\/\/api.w.org\/{rel}","templated":true}]}}