{"id":11752,"date":"2025-01-27T15:50:37","date_gmt":"2025-01-27T14:50:37","guid":{"rendered":"https:\/\/finatnew.newhosting.intellijam.com\/prodotto\/primer-3m-94\/"},"modified":"2025-11-26T12:08:14","modified_gmt":"2025-11-26T11:08:14","slug":"primer-3m-94","status":"publish","type":"product","link":"https:\/\/finatsrl.it\/en\/product\/primer-3m-94\/","title":{"rendered":"Primer 3M 94"},"content":{"rendered":"<div class=\"product-bullet-block\">\n<div class=\"bullet n1\">Promotore di adesione<\/div>\n<div class=\"bullet n2\">Utile su una vasta gamma di substrati<\/div>\n<div class=\"bullet n3\">Resistente<\/div>\n<div class=\"bullet n4\">Pulisci le superfici contaminate con una soluzione 50:50 di alcol isopropilico e acqua prima dell&#8217;applicazione<\/div>\n<div class=\"bullet n5\"><\/div>\n<div class=\"bullet n6\"><\/div>\n<div class=\"bullet n7\"><\/div>\n<\/div>\n<div class=\"product-description-block\">\n<div class=\"short\">Il primer 3M VHB 94 \u00e8 il nostro promotore di adesione da usare insieme ai nastri 3M VHB. Favorisce l&#8217;adesione su substrati difficili quali PE, PP, ABS, miscele di PET\/PBT, cemento, legno, vetro, metallo e superfici in metallo verniciate.<\/div>\n<div class=\"extended\">Usa il primer 3M VHB 94 per fissare i nastri 3M su una vasta gamma di substrati. Il nostro primer per nastro \u00e8 un promotore di adesione resistente che favorisce l&#8217;adesione dei nastri VHB su polipropilene, ABS, miscele di PET\/PBT, gomma, cemento, legno, vetro, metallo nudo e superfici in metallo verniciate. Le superfici da fissare devono essere pressoch\u00e9 pulite e asciutte prima di usare il primer per nastro. Le superfici contaminate devono essere pulite con una soluzione 50:50 di alcol isopropilico e acqua e bisogna usare un panno pulito privo di pelucchi per passarlo sulla superficie.<\/div>\n<\/div>\n","protected":false},"excerpt":{"rendered":"<p>Il primer 3M VHB 94 \u00e8 il nostro promotore di adesione da usare insieme ai nastri 3M VHB. Favorisce l&#8217;adesione su substrati difficili quali PE, PP, ABS, miscele di PET\/PBT, cemento, legno, vetro, metallo e superfici in metallo verniciate.<\/p>\n","protected":false},"featured_media":8952,"template":"","meta":{"_acf_changed":false},"product_brand":[3337],"product_cat":[1053,1066],"product_tag":[1101,1092],"class_list":{"0":"post-11752","1":"product","2":"type-product","3":"status-publish","4":"has-post-thumbnail","6":"product_brand-3m","7":"product_cat-industrial-adhesives-tapes-fr","8":"product_cat-foam-tapes-fr","9":"product_tag-nastro-biadesivo","10":"product_tag-nastro-vhb","12":"first","13":"instock","14":"product-type-simple"},"acf":{"short_description":"Il Primer 3M 94 \u00e8 una soluzione innovativa per migliorare l'adesione di nastri e adesivi industriali. Progettato per garantire performance elevate, \u00e8 la scelta ideale per applicazioni professionali.","long_description":"<p>Il Primer 3M 94 rappresenta un prodotto di alta qualit\u00e0, progettato specificamente per migliorare l'adesione di adesivi e nastri industriali, in particolare quelli in schiuma. Questo primer \u00e8 formulato per offrire una preparazione ottimale della superficie, garantendo risultati duraturi e affidabili in un'ampia variet\u00e0 di applicazioni industriali. Grazie alla sua formula unica, il Primer 3M 94 \u00e8 in grado di penetrare e uniformare le superfici, creando un legame pi\u00f9 forte e resistente.<\/p>\n<p>Tra i suoi principali vantaggi, il Primer 3M 94 \u00e8 estremamente versatile, potendo essere utilizzato su diversi materiali, tra cui plastica, metallo e legno. La sua applicazione \u00e8 semplice e veloce, permettendo un risparmio di tempo nelle operazioni di incollaggio. Inoltre, \u00e8 resistente agli agenti chimici e all'umidit\u00e0, garantendo una prestazione ottimale anche in ambienti difficili. La rapida asciugatura del prodotto consente di aumentare la produttivit\u00e0, riducendo i tempi di attesa tra le fasi di lavorazione.<\/p>\n<p>In termini di sicurezza, il Primer 3M 94 \u00e8 conforme alle normative di settore, risultando una scelta sicura per gli utenti e per l'ambiente. \u00c8 disponibile in pratiche confezioni che facilitano l'applicazione e la conservazione. Scegliere il Primer 3M 94 significa investire in un prodotto di qualit\u00e0 superiore, in grado di soddisfare le esigenze pi\u00f9 elevate del settore delle soluzioni industriali. Non aspettare oltre, migliora la tua efficienza operativa con il Primer 3M 94, il tuo alleato ideale per adesivi e nastri industriali.<\/p>","feature_1":"Formula avanzata per migliorare l'adesione degli adesivi","feature_2":"Adatta per diverse superfici: plastica, metallo, legno","feature_3":"Resistente a umidit\u00e0 e agenti chimici","feature_4":"Asciugatura rapida per aumentare la produttivit\u00e0","feature_5":"Applicazione semplice e veloce","feature_6":"Conforme alle normative di sicurezza industriali","feature_7":"Compatibile con nastri in schiuma e adesivi vari","feature_8":"Aumenta la durata del legame adesivo","feature_9":"Riduce il rischio di sollevamento o distacco","feature_10":"Facile da stoccare e utilizzare grazie alla confezione ergonomica"},"_links":{"self":[{"href":"https:\/\/finatsrl.it\/en\/wp-json\/wp\/v2\/product\/11752","targetHints":{"allow":["GET"]}}],"collection":[{"href":"https:\/\/finatsrl.it\/en\/wp-json\/wp\/v2\/product"}],"about":[{"href":"https:\/\/finatsrl.it\/en\/wp-json\/wp\/v2\/types\/product"}],"wp:featuredmedia":[{"embeddable":true,"href":"https:\/\/finatsrl.it\/en\/wp-json\/wp\/v2\/media\/8952"}],"wp:attachment":[{"href":"https:\/\/finatsrl.it\/en\/wp-json\/wp\/v2\/media?parent=11752"}],"wp:term":[{"taxonomy":"product_brand","embeddable":true,"href":"https:\/\/finatsrl.it\/en\/wp-json\/wp\/v2\/product_brand?post=11752"},{"taxonomy":"product_cat","embeddable":true,"href":"https:\/\/finatsrl.it\/en\/wp-json\/wp\/v2\/product_cat?post=11752"},{"taxonomy":"product_tag","embeddable":true,"href":"https:\/\/finatsrl.it\/en\/wp-json\/wp\/v2\/product_tag?post=11752"}],"curies":[{"name":"wp","href":"https:\/\/api.w.org\/{rel}","templated":true}]}}