{"id":11662,"date":"2025-01-27T15:50:16","date_gmt":"2025-01-27T14:50:16","guid":{"rendered":"https:\/\/finatnew.newhosting.intellijam.com\/prodotto\/adesivo-a-contatto-3m-fastbond-2000nf\/"},"modified":"2026-03-25T10:56:43","modified_gmt":"2026-03-25T09:56:43","slug":"adesivo-a-contatto-3m-fastbond-2000nf","status":"publish","type":"product","link":"https:\/\/finatsrl.it\/en\/product\/adesivo-a-contatto-3m-fastbond-2000nf\/","title":{"rendered":"Adesivo a contatto 3M Fastbond 2000NF"},"content":{"rendered":"<div class=\"product-bullet-block\">\n<div class=\"bullet n1\">Adesivo a contatto a base d&#8217;acqua attivabile bicomponente<\/div>\n<div class=\"bullet n2\">Incollaggio e manipolazione immediati senza necessariamente asciugatura forzata<\/div>\n<div class=\"bullet n3\">Offre elevata tenuta e elevata resistenza alla temperatura<\/div>\n<div class=\"bullet n4\">Elevato contenuto di solidi per una soluzione di incollaggio efficace<\/div>\n<div class=\"bullet n5\">Certificato secondo lo standard di emissione del prodotto GREENGUARD&#8221; per materiale da costruzione interno a bassa emissione per edilizia dediciata a bambini e scuole<\/div>\n<div class=\"bullet n6\"><\/div>\n<div class=\"bullet n7\"><\/div>\n<\/div>\n<div class=\"product-description-block\">\n<div class=\"short\">L&#8217;adesivo a contatto Fastbond 2000NF di 3M \u00e8 un prodotto bicomponente in dispersione acquosa e con alto contenuto di solidi.<\/div>\n<div class=\"extended\">Elevata resistenza al calore ed elevata tenuta grazie all&#8217;adesivo da contatto Scotch-Weld 2000NF . Il nostro adesivo offre una tenuta e resistenza alla manipolazione immediate senza bisogno di asciugatura forzata. \u00c8 un adesivo ad alto contenuto di solidi, catalizzato e disperso in acqua che pu\u00f2 adesivizzare schiume flessibili di poliuretano e lattice, laminato plastico, legno, compensato, pannelli di particelle, tessuti, fibre, alluminio, acciaio zincato e molte plastiche.<\/div>\n<\/div>\n","protected":false},"excerpt":{"rendered":"<p>L&#8217;adesivo a contatto Fastbond 2000NF di 3M \u00e8 un prodotto bicomponente in dispersione acquosa e con alto contenuto di solidi.<\/p>\n","protected":false},"featured_media":18457,"template":"","meta":{"_acf_changed":false},"product_brand":[3655],"product_cat":[1051,1075],"product_tag":[3411,3412,1117,1129],"class_list":{"0":"post-11662","1":"product","2":"type-product","3":"status-publish","4":"has-post-thumbnail","6":"product_brand-fastbond","7":"product_cat-industrial-adhesives-tapes-en","8":"product_cat-sprayable-and-hot-melt-adhes-en","9":"product_tag-adesivo-a-contatto","10":"product_tag-adesivo-basso-odore","11":"product_tag-fastbond","12":"product_tag-incollaggio","13":"pa_colore-blu","14":"pa_colore-trasparente","16":"first","17":"instock","18":"product-type-simple"},"acf":{"short_description":"L'adesivo a contatto 3M Fastbond 2000NF \u00e8 la scelta perfetta per applicazioni industriali che richiedono resistenza e versatilit\u00e0. Con una formula innovativa, garantisce adesione rapida e sicura su diversi materiali.","long_description":"L'adesivo a contatto 3M Fastbond 2000NF \u00e8 un prodotto d'eccellenza per chi cerca soluzioni industriali efficaci e durature. Questo adesivo \u00e8 progettato specificamente per garantire un'adesione rapida e resistente su una vasta gamma di materiali, tra cui legno, metallo, plastica e tessuti. Grazie alla sua formula priva di solventi, Fastbond 2000NF non solo offre un'ottima adesione, ma contribuisce anche a un ambiente di lavoro pi\u00f9 sicuro e meno inquinato.\r\n\r\nCaratterizzato da un'eccellente resistenza all'acqua e a temperature estreme, questo adesivo \u00e8 ideale per applicazioni sia interne che esterne. La sua applicazione \u00e8 semplice e veloce, rendendolo perfetto per operazioni di produzione e assemblaggio in ambito industriale. Inoltre, la sua formula consente una lunga durata nel tempo, garantendo che i tuoi progetti resistano anche alle condizioni pi\u00f9 difficili.\r\n\r\nLa versatilit\u00e0 del 3M Fastbond 2000NF lo rende un alleato indispensabile per artigiani, professionisti e aziende che richiedono risultati impeccabili. Infatti, \u00e8 particolarmente indicato per l'uso in settori come l'arredamento, la lavorazione del legno, e nella produzione di imballaggi.\r\n\r\nInvestire in 3M Fastbond 2000NF significa scegliere un prodotto che non solo semplifica il lavoro, ma assicura anche risultati di alta qualit\u00e0. Non lasciare che materiali scadenti compromettano i tuoi progetti: opta per un adesivo che fa la differenza. Con il 3M Fastbond 2000NF, hai la certezza di una tenuta sicura e durevole, con una facilit\u00e0 d'uso che ti permetter\u00e0 di concentrarti su ci\u00f2 che conta davvero: la qualit\u00e0 del tuo lavoro.","feature_1":"Formula priva di solventi per un'adesione sicura e sostenibile","feature_2":"Resistenza all'acqua per applicazioni esterne e interne","feature_3":"Eccellente adesione su legno, metallo, plastica e tessuti","feature_4":"Applicazione rapida e semplice, ideale per operazioni di produzione","feature_5":"Resistente a temperature estreme per prestazioni affidabili","feature_6":"Tempo di asciugatura rapido per una maggiore efficienza","feature_7":"Non ingiallente, mantiene l'aspetto estetico nel tempo","feature_8":"Ideale per l'industria dell'arredamento e della lavorazione del legno","feature_9":"Compatibile con vari nastri e adesivi industriali","feature_10":"Formato conveniente per un utilizzo prolungato e senza sprechi"},"_links":{"self":[{"href":"https:\/\/finatsrl.it\/en\/wp-json\/wp\/v2\/product\/11662","targetHints":{"allow":["GET"]}}],"collection":[{"href":"https:\/\/finatsrl.it\/en\/wp-json\/wp\/v2\/product"}],"about":[{"href":"https:\/\/finatsrl.it\/en\/wp-json\/wp\/v2\/types\/product"}],"wp:featuredmedia":[{"embeddable":true,"href":"https:\/\/finatsrl.it\/en\/wp-json\/wp\/v2\/media\/18457"}],"wp:attachment":[{"href":"https:\/\/finatsrl.it\/en\/wp-json\/wp\/v2\/media?parent=11662"}],"wp:term":[{"taxonomy":"product_brand","embeddable":true,"href":"https:\/\/finatsrl.it\/en\/wp-json\/wp\/v2\/product_brand?post=11662"},{"taxonomy":"product_cat","embeddable":true,"href":"https:\/\/finatsrl.it\/en\/wp-json\/wp\/v2\/product_cat?post=11662"},{"taxonomy":"product_tag","embeddable":true,"href":"https:\/\/finatsrl.it\/en\/wp-json\/wp\/v2\/product_tag?post=11662"}],"curies":[{"name":"wp","href":"https:\/\/api.w.org\/{rel}","templated":true}]}}