{"id":11593,"date":"2025-01-27T15:49:55","date_gmt":"2025-01-27T14:49:55","guid":{"rendered":"https:\/\/finatnew.newhosting.intellijam.com\/prodotto\/adesivo-a-contatto-3m-fastbond-30nf\/"},"modified":"2025-11-26T12:11:17","modified_gmt":"2025-11-26T11:11:17","slug":"adesivo-a-contatto-3m-fastbond-30nf","status":"publish","type":"product","link":"https:\/\/finatsrl.it\/en\/product\/adesivo-a-contatto-3m-fastbond-30nf\/","title":{"rendered":"Adesivo a contatto 3M Fastbond 30NF"},"content":{"rendered":"<div class=\"product-bullet-block\">\n<div class=\"bullet n1\">Fissa moltissime plastiche espanse, laminati plastici, legno, compensato, legno impiallacciato, intonaco e tela a se stessi o tra di loro<\/div>\n<div class=\"bullet n2\">Crea un legame a fortissima tenuta resistente alle alte temperature con un tempo di fissaggio fino a 4 ore<\/div>\n<div class=\"bullet n3\">L&#8217;adesivo pu\u00f2 essere applicato a spruzzo, con un pennello o un rullo<\/div>\n<div class=\"bullet n4\">Quando \u00e8 bagnato, il prodotto ha propriet\u00e0 ignifughe.<\/div>\n<div class=\"bullet n5\"><\/div>\n<div class=\"bullet n6\"><\/div>\n<div class=\"bullet n7\"><\/div>\n<\/div>\n<div class=\"product-description-block\">\n<div class=\"short\">L&#8217;adesivo a contatto 3M Fastbond 30NF \u00e8 un adesivo ad alta tenuta con dispersione in acqua caratterizzato da elevata copertura, forza di fissaggio immediata, lunga durata e buona resistenza al calore. Il nostro adesivo fissa moltissime plastiche espanse, laminati plastici, legno, compensato, legno impiallacciato, intonaco e tela a se stessi o tra di loro.<\/div>\n<div class=\"extended\">L&#8217;adesivo a contatto 3M Fastbond 30NF crea un legame a fortissima tenuta resistente alle alte temperature con un tempo di fissaggio fino a 4 ore. Ideale per le applicazioni con laminato decorativo in cui sono preferibili qualit\u00e0 ignifughe e adesivi a base di acqua. Modellabile dopo l&#8217;applicazione e resistente al calore, \u00e8 ignifugo quando \u00e8 bagnato e pu\u00f2 quindi contribuire a ridurre il rischio di incendio e a preservare la conformit\u00e0 alle norme in materia di assicurazioni per i produttori. Non \u00e8 consigliato per la laminazione del cartongesso o per fissare superfici metalliche.<\/div>\n<\/div>\n","protected":false},"excerpt":{"rendered":"<p>L&#8217;adesivo a contatto 3M Fastbond 30NF \u00e8 un adesivo ad alta tenuta con dispersione in acqua caratterizzato da elevata copertura, forza di fissaggio immediata, lunga durata e buona resistenza al calore. Il nostro adesivo fissa moltissime plastiche espanse, laminati plastici, legno, compensato, legno impiallacciato, intonaco e tela a se stessi o tra di loro.<\/p>\n","protected":false},"featured_media":8862,"template":"","meta":{"_acf_changed":false},"product_brand":[3655],"product_cat":[1051,1075],"product_tag":[3411,1133],"class_list":{"0":"post-11593","1":"product","2":"type-product","3":"status-publish","4":"has-post-thumbnail","6":"product_brand-fastbond","7":"product_cat-industrial-adhesives-tapes-en","8":"product_cat-sprayable-and-hot-melt-adhes-en","9":"product_tag-adesivo-a-contatto","10":"product_tag-contatto","11":"pa_colore-blu","12":"pa_colore-neutro","13":"pa_colore-trasparente","15":"first","16":"instock","17":"product-type-variable","18":"has-default-attributes"},"acf":{"short_description":"L'adesivo a contatto 3M Fastbond 30NF \u00e8 la soluzione ideale per giunzioni forti e durature. Perfetto per applicazioni industriali, garantisce risultati eccellenti e un'ottima resistenza nel tempo.","long_description":"<p>L'adesivo a contatto 3M Fastbond 30NF \u00e8 un prodotto innovativo progettato per soddisfare le esigenze di professionisti e aziende nel settore delle soluzioni industriali. Questo adesivo, con una formula a base di solventi, offre una straordinaria adesione a una vasta gamma di materiali, tra cui legno, metallo, plastica e schiuma. Ideale per applicazioni che richiedono un legame rapido e affidabile, il Fastbond 30NF permette di ottenere risultati professionali in tempi ridotti, permettendo cos\u00ec di ottimizzare i processi produttivi.<\/p>\n<p>Le sue caratteristiche tecniche lo rendono un adesivo versatile e potente. Con un tempo di asciugatura rapido e una resistenza alla temperatura che raggiunge i 93\u00b0C, questo prodotto \u00e8 perfetto per ambienti di lavoro ad alte prestazioni. Inoltre, la sua formula \u00e8 progettata per garantire una presa iniziale forte, riducendo la necessit\u00e0 di tempi di attesa prolungati. Il 3M Fastbond 30NF \u00e8 anche resistente all'umidit\u00e0 e agli agenti chimici, il che lo rende adatto a una variet\u00e0 di applicazioni industriali, dalle lavorazioni del legno alla costruzione di mobili e all'assemblaggio di componenti elettronici.<\/p>\n<p>Inoltre, il suo applicatore spray facilita l'applicazione, consentendo un'ottimizzazione dei tempi di lavoro e una riduzione degli sprechi di prodotto. Che tu stia lavorando su un grande progetto o su un lavoro di precisione, l'adesivo a contatto 3M Fastbond 30NF rappresenta la scelta perfetta per garantire risultati duraturi e di alta qualit\u00e0. Non esitare a scegliere un adesivo che unisce prestazioni eccellenti a una facilit\u00e0 d'uso senza precedenti.<\/p>","feature_1":"Formula a base di solventi per adesione rapida e duratura","feature_2":"Resistente a temperature fino a 93\u00b0C","feature_3":"Compatibile con legno, metallo, plastica e schiuma","feature_4":"Resistente all'umidit\u00e0 e agli agenti chimici","feature_5":"Applicatore spray per una distribuzione uniforme","feature_6":"Tempo di asciugatura rapido per una lavorazione efficiente","feature_7":"Presa iniziale forte per ridurre i tempi di attesa","feature_8":"Ideale per applicazioni industriali e professionali","feature_9":"Versatile per una vasta gamma di settori e materiali","feature_10":"Facile da usare, riduce gli sprechi e ottimizza i processi"},"_links":{"self":[{"href":"https:\/\/finatsrl.it\/en\/wp-json\/wp\/v2\/product\/11593","targetHints":{"allow":["GET"]}}],"collection":[{"href":"https:\/\/finatsrl.it\/en\/wp-json\/wp\/v2\/product"}],"about":[{"href":"https:\/\/finatsrl.it\/en\/wp-json\/wp\/v2\/types\/product"}],"wp:featuredmedia":[{"embeddable":true,"href":"https:\/\/finatsrl.it\/en\/wp-json\/wp\/v2\/media\/8862"}],"wp:attachment":[{"href":"https:\/\/finatsrl.it\/en\/wp-json\/wp\/v2\/media?parent=11593"}],"wp:term":[{"taxonomy":"product_brand","embeddable":true,"href":"https:\/\/finatsrl.it\/en\/wp-json\/wp\/v2\/product_brand?post=11593"},{"taxonomy":"product_cat","embeddable":true,"href":"https:\/\/finatsrl.it\/en\/wp-json\/wp\/v2\/product_cat?post=11593"},{"taxonomy":"product_tag","embeddable":true,"href":"https:\/\/finatsrl.it\/en\/wp-json\/wp\/v2\/product_tag?post=11593"}],"curies":[{"name":"wp","href":"https:\/\/api.w.org\/{rel}","templated":true}]}}