{"id":11456,"date":"2025-01-27T15:49:06","date_gmt":"2025-01-27T14:49:06","guid":{"rendered":"https:\/\/finatnew.newhosting.intellijam.com\/prodotto\/spaziatore-per-tastiere-a-membrana-3m-7995mp\/"},"modified":"2025-11-26T12:07:34","modified_gmt":"2025-11-26T11:07:34","slug":"spaziatore-per-tastiere-a-membrana-3m-7995mp","status":"publish","type":"product","link":"https:\/\/finatsrl.it\/en\/product\/spaziatore-per-tastiere-a-membrana-3m-7995mp\/","title":{"rendered":"Spaziatore per tastiere a membrana 3M 7995MP"},"content":{"rendered":"<div class=\"product-bullet-block\">\n<div class=\"bullet n1\">Interruttore a membrana da 127 \u00b5m Distanziatore a rivestimento singolo con adesivo da 200 MP. Supporto in poliestere trasparente da 75 \u00b5m. Fodera in carta kraft patinata politenata da 94 libbre.<\/div>\n<div class=\"bullet n2\">Il supporto in poliestere trasparente rende visibili rivestimenti e tastiere eliminando la necessit\u00e0 del flood coating. Facile da fustellare e lavorare. Aspetto liscio e uniforme sulla parte esterna degli elementi grafici. Usalo per la fustellatura con lama in acciaio e taglio. Utilizzalo per proteggere i cavi, mantenere in posizione gli elementi contenitori o per spaziatori personalizzati.<\/div>\n<div class=\"bullet n3\">Resistenza eccellente all&#8217;umidit\u00e0 e ai solventi. Eccellente resistenza alle temperature estreme e al taglio. Resistente ai raggi UV. Semplice da applicare. Non cola. Facile da fustellare. Per la fustellatura selettiva.<\/div>\n<div class=\"bullet n4\">Utilizzalo per proteggere i cavi, mantenere in posizione gli elementi contenitori o per i spaziatori personalizzati<\/div>\n<div class=\"bullet n5\">Resistenza eccellente all&#8217;umidit\u00e0 e ai solventi. Eccellente resistenza alle temperature estreme e al taglio. Resistente ai raggi UV. Facile da applicare, non cola.<\/div>\n<div class=\"bullet n6\"><\/div>\n<div class=\"bullet n7\"><\/div>\n<\/div>\n<div class=\"product-description-block\">\n<div class=\"short\">3M Spaziatore\/Protettore per tastiere a membrane 7995MP monoadesivo \u00e8 un adesivo acrilico ad alte prestazioni da 50\u00b5m 200MP su un lato di un supporto in pellicola di poliestere bianco da 75\u00b5m su un supporto in carta kraft politenata #94 da 175\u00b5m<\/div>\n<div class=\"extended\"><\/div>\n<\/div>\n","protected":false},"excerpt":{"rendered":"<p>3M Spaziatore\/Protettore per tastiere a membrane 7995MP monoadesivo \u00e8 un adesivo acrilico ad alte prestazioni da 50\u00b5m 200MP su un lato di un supporto in pellicola di poliestere bianco da 75\u00b5m su un supporto in carta kraft politenata #94 da 175\u00b5m<\/p>\n","protected":false},"featured_media":8795,"template":"","meta":{"_acf_changed":false},"product_brand":[3337],"product_cat":[29,786],"product_tag":[1180,1273,1274,1101,1181,1182],"class_list":{"0":"post-11456","1":"product","2":"type-product","3":"status-publish","4":"has-post-thumbnail","6":"product_brand-3m","7":"product_cat-adesivi-e-nastri-industriali","8":"product_cat-nastri-biadesivi-sottili","9":"product_tag-biadesivo-acrilico","10":"product_tag-doppio-liner","11":"product_tag-fogli","12":"product_tag-nastro-biadesivo","13":"product_tag-nastro-biadesivo-resistente","14":"product_tag-viscoelastico","15":"pa_colore-trasparente","17":"first","18":"instock","19":"product-type-simple"},"acf":{"short_description":"Il nostro spaziatore per tastiere a membrana 3M 7995MP offre un\u2019adesione superiore e una precisione senza pari. Ideale per applicazioni industriali che richiedono materiali di alta qualit\u00e0.","long_description":"<p>Lo spaziatore per tastiere a membrana 3M 7995MP \u00e8 la soluzione ideale per applicazioni industriali che richiedono un'adesione precisa e duratura. Sviluppato da Finat SRL, questo prodotto \u00e8 stato progettato per garantire performance elevate, anche in condizioni difficili.<\/p>\n<p>Realizzato con materiali di alta qualit\u00e0, il 3M 7995MP \u00e8 dotato di una tecnologia avanzata di adesione, che assicura una tenuta eccellente su una variet\u00e0 di superfici. La sua versatilit\u00e0 lo rende perfetto per l'uso in diversi settori, dalle apparecchiature elettroniche ai dispositivi industriali. Grazie al suo design sottile, si integra perfettamente con le tastiere a membrana, offrendo un aspetto elegante senza compromettere le prestazioni.<\/p>\n<p>Inoltre, questo spaziatore \u00e8 resistente all'umidit\u00e0 e alle temperature estreme, il che lo rende adatto per ambienti di lavoro sfidanti. La sua applicazione \u00e8 semplice e veloce, riducendo i tempi di installazione e migliorando l'efficienza complessiva del progetto.<\/p>\n<p>Le dimensioni compatte e il peso leggero del prodotto facilitano anche il trasporto e lo stoccaggio, rendendolo una scelta pratica per le aziende. Scegliere il 3M 7995MP significa investire in un prodotto di alta affidabilit\u00e0 e prestazioni, che non deluder\u00e0 le aspettative.<\/p>\n<p>Non lasciare che i tuoi progetti siano penalizzati da materiali scadenti: opta per lo spaziatore per tastiere a membrana 3M 7995MP e scopri la differenza che pu\u00f2 fare nella tua produzione.<\/p>","feature_1":"Adesione forte e duratura su varie superfici","feature_2":"Resistente all'umidit\u00e0 e alle temperature estreme","feature_3":"Design sottile per un'integrazione perfetta con tastiere a membrana","feature_4":"Facile e veloce applicazione, riduce i tempi di installazione","feature_5":"Compatibile con diversi tipi di tastiere e apparecchiature","feature_6":"Materiali di alta qualit\u00e0 per massima affidabilit\u00e0","feature_7":"Leggero e compatto, facile da trasportare","feature_8":"Ideale per applicazioni industriali e commerciali","feature_9":"Prestazioni superiori rispetto ad altri spaziatori","feature_10":"Sviluppato da un marchio leader nel settore delle soluzioni industriali"},"_links":{"self":[{"href":"https:\/\/finatsrl.it\/en\/wp-json\/wp\/v2\/product\/11456","targetHints":{"allow":["GET"]}}],"collection":[{"href":"https:\/\/finatsrl.it\/en\/wp-json\/wp\/v2\/product"}],"about":[{"href":"https:\/\/finatsrl.it\/en\/wp-json\/wp\/v2\/types\/product"}],"wp:featuredmedia":[{"embeddable":true,"href":"https:\/\/finatsrl.it\/en\/wp-json\/wp\/v2\/media\/8795"}],"wp:attachment":[{"href":"https:\/\/finatsrl.it\/en\/wp-json\/wp\/v2\/media?parent=11456"}],"wp:term":[{"taxonomy":"product_brand","embeddable":true,"href":"https:\/\/finatsrl.it\/en\/wp-json\/wp\/v2\/product_brand?post=11456"},{"taxonomy":"product_cat","embeddable":true,"href":"https:\/\/finatsrl.it\/en\/wp-json\/wp\/v2\/product_cat?post=11456"},{"taxonomy":"product_tag","embeddable":true,"href":"https:\/\/finatsrl.it\/en\/wp-json\/wp\/v2\/product_tag?post=11456"}],"curies":[{"name":"wp","href":"https:\/\/api.w.org\/{rel}","templated":true}]}}