{"id":11432,"date":"2025-01-27T15:49:06","date_gmt":"2025-01-27T14:49:06","guid":{"rendered":"https:\/\/finatnew.newhosting.intellijam.com\/prodotto\/sigillante-butilico-3m-scotch-weld-5313\/"},"modified":"2025-11-26T12:07:21","modified_gmt":"2025-11-26T11:07:21","slug":"sigillante-butilico-3m-scotch-weld-5313","status":"publish","type":"product","link":"https:\/\/finatsrl.it\/en\/product\/sigillante-butilico-3m-scotch-weld-5313\/","title":{"rendered":"Sigillante butilico 3M Scotch-Weld 5313"},"content":{"rendered":"<div class=\"product-bullet-block\">\n<div class=\"bullet n1\">Eccellente resistenza ad acqua e intemperie<\/div>\n<div class=\"bullet n2\">Sigillante sintetico flessibile che consente di sigillare e riempire le fessure facilmente<\/div>\n<div class=\"bullet n3\">Prodotto non indurente, pronto una volta applicato<\/div>\n<div class=\"bullet n4\">Disponibile in varie lunghezze e profili pre-tagliati<\/div>\n<div class=\"bullet n5\"><\/div>\n<div class=\"bullet n6\"><\/div>\n<div class=\"bullet n7\"><\/div>\n<\/div>\n<div class=\"product-description-block\">\n<div class=\"short\">La striscia sigillante preformata 3M Scotch-Weld 5313 \u00e8 un&#8217;estrusione solida viscosa basata su una gomma sintetica. La resistenza dell&#8217;adesivo 5313, quando viene messo in tensione, \u00e8 sufficiente a causare la rottura coesiva del sigillante prima della perdita di adesione al substrato.<\/div>\n<div class=\"extended\">La striscia sigillante preformata 3M Scotch-Weld 5313 \u00e8 di tipo non indurente e conserva le stesse propriet\u00e0 e la stessa consistenza dopo l&#8217;invecchiamento in pi\u00f9 ambienti diversi, anche dopo l&#8217;esposizione alle intemperie.<\/div>\n<\/div>\n","protected":false},"excerpt":{"rendered":"<p>La striscia sigillante preformata 3M Scotch-Weld 5313 \u00e8 un&#8217;estrusione solida viscosa basata su una gomma sintetica. La resistenza dell&#8217;adesivo 5313, quando viene messo in tensione, \u00e8 sufficiente a causare la rottura coesiva del sigillante prima della perdita di adesione al substrato.<\/p>\n","protected":false},"featured_media":8783,"template":"","meta":{"_acf_changed":false},"product_brand":[3346],"product_cat":[29,784],"product_tag":[1445,1179],"class_list":{"0":"post-11432","1":"product","2":"type-product","3":"status-publish","4":"has-post-thumbnail","6":"product_brand-scotch-weld","7":"product_cat-adesivi-e-nastri-industriali","8":"product_cat-sigillanti-emfi-e-3m","9":"product_tag-butilico","10":"product_tag-sigillante","11":"pa_colore-nero","13":"first","14":"instock","15":"product-type-simple"},"acf":{"short_description":"Il sigillante butilico 3M Scotch-Weld 5313 offre un'adesione eccezionale su diverse superfici. Ideale per applicazioni industriali, garantisce una sigillatura duratura e resistente.","long_description":"<p>Il sigillante butilico 3M Scotch-Weld 5313 rappresenta una soluzione innovativa e altamente performante nel campo degli adesivi e nastri industriali. Progettato per offrire un'adesione superlativa su una vasta gamma di materiali, questo sigillante \u00e8 ideale per applicazioni in ambienti industriali dove la durabilit\u00e0 e la resistenza alle intemperie sono fondamentali. Grazie alla sua formula avanzata, il Scotch-Weld 5313 assicura una sigillatura efficace che resiste nel tempo, riducendo la necessit\u00e0 di manutenzione e riparazioni.<\/p>\n<p>Le sue caratteristiche tecniche lo rendono unico nel suo genere: il sigillante \u00e8 altamente elastico, permettendo un'ottima adattabilit\u00e0 a diverse superfici, sia rigide che flessibili. La sua applicazione \u00e8 semplice e veloce, permettendo di ottimizzare i tempi di lavoro senza compromettere la qualit\u00e0 del risultato finale. Inoltre, il prodotto \u00e8 resistente agli agenti atmosferici, garantendo una sigillatura sicura anche in condizioni estreme.<\/p>\n<p>L'assenza di solventi e la bassa emissione di VOC (composti organici volatili) fanno del 3M Scotch-Weld 5313 una scelta ecologica e sicura per l'industria, contribuendo a mantenere un ambiente di lavoro salutare. Pu\u00f2 essere utilizzato per una variet\u00e0 di applicazioni, tra cui la sigillatura di giunti, fessure e raccordi, ed \u00e8 compatibile con materiali come metallo, plastica e vetro.<\/p>\n<p>Inoltre, il sigillante butilico 3M \u00e8 progettato per resistere a temperature estreme e variazioni climatiche, assicurando prestazioni costanti anche in condizioni avverse. Scegliere il 3M Scotch-Weld 5313 significa investire in un prodotto di qualit\u00e0 superiore, capace di soddisfare le esigenze pi\u00f9 elevate nel settore delle soluzioni industriali.<\/p>","feature_1":"Adesione eccellente su diverse superfici: metallo, plastica, vetro","feature_2":"Formula elastica per un'ottima adattabilit\u00e0","feature_3":"Resistente agli agenti atmosferici e alle intemperie","feature_4":"Bassa emissione di VOC per un ambiente di lavoro pi\u00f9 sano","feature_5":"Facile applicazione che ottimizza i tempi di lavoro","feature_6":"Durabilit\u00e0 a lungo termine che riduce la necessit\u00e0 di manutenzione","feature_7":"Compatibile con una vasta gamma di materiali","feature_8":"Resistente a temperature estreme e variazioni climatiche","feature_9":"Ideale per la sigillatura di giunti, fessure e raccordi","feature_10":"Prodotto ecologico e sicuro per l'industria"},"_links":{"self":[{"href":"https:\/\/finatsrl.it\/en\/wp-json\/wp\/v2\/product\/11432","targetHints":{"allow":["GET"]}}],"collection":[{"href":"https:\/\/finatsrl.it\/en\/wp-json\/wp\/v2\/product"}],"about":[{"href":"https:\/\/finatsrl.it\/en\/wp-json\/wp\/v2\/types\/product"}],"wp:featuredmedia":[{"embeddable":true,"href":"https:\/\/finatsrl.it\/en\/wp-json\/wp\/v2\/media\/8783"}],"wp:attachment":[{"href":"https:\/\/finatsrl.it\/en\/wp-json\/wp\/v2\/media?parent=11432"}],"wp:term":[{"taxonomy":"product_brand","embeddable":true,"href":"https:\/\/finatsrl.it\/en\/wp-json\/wp\/v2\/product_brand?post=11432"},{"taxonomy":"product_cat","embeddable":true,"href":"https:\/\/finatsrl.it\/en\/wp-json\/wp\/v2\/product_cat?post=11432"},{"taxonomy":"product_tag","embeddable":true,"href":"https:\/\/finatsrl.it\/en\/wp-json\/wp\/v2\/product_tag?post=11432"}],"curies":[{"name":"wp","href":"https:\/\/api.w.org\/{rel}","templated":true}]}}