{"id":11381,"date":"2025-01-27T15:48:48","date_gmt":"2025-01-27T14:48:48","guid":{"rendered":"https:\/\/finatnew.newhosting.intellijam.com\/prodotto\/nastro-biadesivo-in-polietilene-3m-9520bf\/"},"modified":"2025-11-26T12:07:17","modified_gmt":"2025-11-26T11:07:17","slug":"nastro-biadesivo-in-polietilene-3m-9520bf","status":"publish","type":"product","link":"https:\/\/finatsrl.it\/en\/product\/nastro-biadesivo-in-polietilene-3m-9520bf\/","title":{"rendered":"Nastro biadesivo in polietilene 3M 9520BF"},"content":{"rendered":"<div class=\"product-bullet-block\">\n<div class=\"bullet n1\">Ampia gamma di temperature<\/div>\n<div class=\"bullet n2\">Pu\u00f2 essere utilizzato durante i processi di verniciatura a polvere<\/div>\n<div class=\"bullet n3\">Adatto per installazioni all&#8217;aperto<\/div>\n<div class=\"bullet n4\"><\/div>\n<div class=\"bullet n5\"><\/div>\n<div class=\"bullet n6\"><\/div>\n<div class=\"bullet n7\"><\/div>\n<\/div>\n<div class=\"product-description-block\">\n<div class=\"short\">Il nastro in schiuma a doppio rivestimento 3M 9520BF \u00e8 una schiuma di polietilene nera su entrambi i lati laminata con un adesivo acrilico. Questo adesivo acrilico fornisce un buon tack iniziale e una buona adesione su un&#8217;ampia variet\u00e0 di substrati.<\/div>\n<div class=\"extended\">Tale adesivo acrilico offre una buona aderenza iniziale e un&#8217;adesione su una vasta gamma di superfici.<\/div>\n<\/div>\n","protected":false},"excerpt":{"rendered":"<p>Il nastro in schiuma a doppio rivestimento 3M 9520BF \u00e8 una schiuma di polietilene nera su entrambi i lati laminata con un adesivo acrilico. Questo adesivo acrilico fornisce un buon tack iniziale e una buona adesione su un&#8217;ampia variet\u00e0 di substrati.<\/p>\n","protected":false},"featured_media":8264,"template":"","meta":{"_acf_changed":false},"product_brand":[3337],"product_cat":[29,269],"product_tag":[1101],"class_list":{"0":"post-11381","1":"product","2":"type-product","3":"status-publish","4":"has-post-thumbnail","6":"product_brand-3m","7":"product_cat-adesivi-e-nastri-industriali","8":"product_cat-nastri-in-schiuma","9":"product_tag-nastro-biadesivo","10":"pa_colore-nero","12":"first","13":"instock","14":"product-type-simple"},"acf":{"short_description":"Il nastro biadesivo in polietilene 3M 9520BF \u00e8 la scelta ideale per applicazioni industriali che richiedono un'adesione duratura e resistente. Grazie alla sua versatilit\u00e0, \u00e8 perfetto per una vasta gamma di materiali e superfici.","long_description":"<p>Il nastro biadesivo in polietilene 3M 9520BF \u00e8 un prodotto innovativo progettato per soddisfare le esigenze delle applicazioni industriali pi\u00f9 esigenti. Questo nastro offre un'adesione potente e duratura, rendendolo ideale per l'assemblaggio di materiali e per il montaggio di componenti in vari settori, dall'automotive all'elettronica. Realizzato in polietilene di alta qualit\u00e0, il 3M 9520BF garantisce una resistenza eccezionale agli agenti atmosferici e all'umidit\u00e0, rendendolo adatto anche per utilizzi esterni.<\/p>\n<p>Con una lunghezza di 50 metri e una larghezza di 12 mm, questo nastro \u00e8 facile da applicare e tagliare secondo le necessit\u00e0 del progetto. La sua formula adesiva \u00e8 progettata per aderire perfettamente a superfici lisce e ruvide, inclusi metalli, plastica e vetro, offrendo una versatilit\u00e0 senza precedenti. Il nastro biadesivo 3M 9520BF \u00e8 anche resistente a temperature elevate, fino a 100\u00b0C, permettendo l'uso in condizioni estreme senza compromettere l'adesione.<\/p>\n<p>In aggiunta, questo prodotto \u00e8 privo di solventi, contribuendo a un ambiente di lavoro pi\u00f9 sicuro e sostenibile. La sua facilit\u00e0 di rimozione senza lasciare residui adesivi rende il 3M 9520BF una scelta pratica per chi cerca efficienza e pulizia nel processo di assemblaggio. Sia che tu stia lavorando su progetti artigianali o in un contesto industriale, il nastro biadesivo in polietilene 3M 9520BF rappresenta la soluzione ideale per garantire risultati professionali e duraturi. Acquista ora per scoprire come questo nastro pu\u00f2 migliorare la tua produttivit\u00e0!<\/p>","feature_1":"Resistenza all'umidit\u00e0: ideale per applicazioni esterne","feature_2":"Adesione su superfici lisce e ruvide: versatile per vari materiali","feature_3":"Resistente a temperature fino a 100\u00b0C: adatto a condizioni estreme","feature_4":"Non lascia residui: facile rimozione senza tracce","feature_5":"Formula priva di solventi: sicuro per l'ambiente di lavoro","feature_6":"Lunghezza di 50 metri: adatto per progetti di grandi dimensioni","feature_7":"Facile da applicare: pu\u00f2 essere tagliato su misura","feature_8":"Ottima resistenza agli agenti atmosferici: garantisce durabilit\u00e0 nel tempo","feature_9":"Compatibile con metalli, plastica e vetro: massima versatilit\u00e0","feature_10":"Certificato per uso industriale: qualit\u00e0 garantita da un marchio leader"},"_links":{"self":[{"href":"https:\/\/finatsrl.it\/en\/wp-json\/wp\/v2\/product\/11381","targetHints":{"allow":["GET"]}}],"collection":[{"href":"https:\/\/finatsrl.it\/en\/wp-json\/wp\/v2\/product"}],"about":[{"href":"https:\/\/finatsrl.it\/en\/wp-json\/wp\/v2\/types\/product"}],"wp:featuredmedia":[{"embeddable":true,"href":"https:\/\/finatsrl.it\/en\/wp-json\/wp\/v2\/media\/8264"}],"wp:attachment":[{"href":"https:\/\/finatsrl.it\/en\/wp-json\/wp\/v2\/media?parent=11381"}],"wp:term":[{"taxonomy":"product_brand","embeddable":true,"href":"https:\/\/finatsrl.it\/en\/wp-json\/wp\/v2\/product_brand?post=11381"},{"taxonomy":"product_cat","embeddable":true,"href":"https:\/\/finatsrl.it\/en\/wp-json\/wp\/v2\/product_cat?post=11381"},{"taxonomy":"product_tag","embeddable":true,"href":"https:\/\/finatsrl.it\/en\/wp-json\/wp\/v2\/product_tag?post=11381"}],"curies":[{"name":"wp","href":"https:\/\/api.w.org\/{rel}","templated":true}]}}