{"id":11377,"date":"2025-02-01T10:32:30","date_gmt":"2025-02-01T09:32:30","guid":{"rendered":"https:\/\/finatnew.newhosting.intellijam.com\/prodotto\/nastro-biadesivo-in-schiuma-3m-9515b\/"},"modified":"2025-11-26T12:07:15","modified_gmt":"2025-11-26T11:07:15","slug":"nastro-biadesivo-in-schiuma-3m-9515b","status":"publish","type":"product","link":"https:\/\/finatsrl.it\/en\/product\/nastro-biadesivo-in-schiuma-3m-9515b\/","title":{"rendered":"Nastro biadesivo in schiuma 3M 9515B"},"content":{"rendered":"<div class=\"product-bullet-block\">\n<div class=\"bullet n1\">Ideale per assemblare materiali a basso costo<\/div>\n<div class=\"bullet n2\">Per l&#8217;incollaggio di vetro e plastica trasparente<\/div>\n<div class=\"bullet n3\">Pu\u00f2 essere utilizzato con policarbonato, acrilico, PVC<\/div>\n<div class=\"bullet n4\">Particolarmente adatto per applicazioni nell&#8217;industria dei display e delle insegne<\/div>\n<div class=\"bullet n5\">Ideal for permanently strong connections indoors and outdoors<\/div>\n<div class=\"bullet n6\"><\/div>\n<div class=\"bullet n7\"><\/div>\n<\/div>\n<div class=\"product-description-block\">\n<div class=\"short\">Il nastro biadesivo 3M 9515B \u00e8 un nastro in schiuma PR a celle chiuse con adesivo acrilato. \u00c8 ideale per connessioni resistenti e durature all&#8217;interno e all&#8217;esterno e combina i materiali in modo economico. \u00c8 antivibrante, assorbe le forze ed \u00e8 resistente alle alte temperature, agli agenti atmosferici, ai raggi UV e ai solventi. Le aree di applicazione del nastro sono la combinazione di materiali a bassa e alta energia come metalli, superfici verniciate, legno laccato, vetro, ceramica e molte materie plastiche. Colore del nastro: nero.<\/div>\n<div class=\"extended\">Tale adesivo acrilico offre una buona aderenza iniziale e un&#8217;adesione su una vasta gamma di superfici.<\/div>\n<\/div>\n","protected":false},"excerpt":{"rendered":"<p>Il nastro biadesivo 3M 9515B \u00e8 un nastro in schiuma PR a celle chiuse con adesivo acrilato. \u00c8 ideale per connessioni resistenti e durature all&#8217;interno e all&#8217;esterno e combina i materiali in modo economico. \u00c8 antivibrante, assorbe le forze ed \u00e8 resistente alle alte temperature, agli agenti atmosferici, ai raggi UV e ai solventi. Le aree di applicazione del nastro sono la combinazione di materiali a bassa e alta energia come metalli, superfici verniciate, legno laccato, vetro, ceramica e molte materie plastiche. Colore del nastro: nero.<\/p>\n","protected":false},"featured_media":12688,"template":"","meta":{"_acf_changed":false},"product_brand":[3337],"product_cat":[29,269],"product_tag":[1101],"class_list":{"0":"post-11377","1":"product","2":"type-product","3":"status-publish","4":"has-post-thumbnail","6":"product_brand-3m","7":"product_cat-adesivi-e-nastri-industriali","8":"product_cat-nastri-in-schiuma","9":"product_tag-nastro-biadesivo","10":"pa_colore-nero","12":"first","13":"instock","14":"product-type-simple"},"acf":{"short_description":"Il nastro biadesivo in schiuma 3M 9515B offre un'adesione eccezionale e una grande versatilit\u00e0, ideale per ogni esigenza industriale. Perfetto per fissaggi permanenti e resistenti.","long_description":"<p>Il nastro biadesivo in schiuma 3M 9515B \u00e8 la soluzione ideale per chi cerca un adesivo di alta qualit\u00e0 per applicazioni industriali. Prodotto da Finat SRL, questo nastro \u00e8 progettato per garantire prestazioni elevate in una vasta gamma di situazioni. Con una lunghezza di 33 metri e una larghezza di 12 mm, il nastro presenta uno spessore di 1,1 mm, permettendo una notevole capacit\u00e0 di carico e una resistenza agli agenti atmosferici e agli urti. La schiuma acrilica ad alta densit\u00e0 garantisce un'adesione forte e duratura su vari materiali, rendendolo perfetto per il fissaggio di componenti elettronici, pannelli, e molto altro.<\/p>\n<p>Grazie alla sua formulazione, il nastro biadesivo in schiuma 3M 9515B resiste a temperature da -40 \u00b0C a +120 \u00b0C, rendendolo estremamente versatile anche in ambienti estremi. La facilit\u00e0 di applicazione, unita alla trasparenza del nastro, consente un utilizzo discreto senza compromettere l'estetica del prodotto finale. Questo nastro \u00e8 anche resistente ai raggi UV, il che lo rende adatto per applicazioni sia interne che esterne.<\/p>\n<p>Inoltre, la sua capacit\u00e0 di assorbire vibrazioni rende questo nastro particolarmente efficace in applicazioni automotive e nel settore elettronico, dove le sollecitazioni meccaniche sono frequenti. Con il nastro biadesivo in schiuma 3M 9515B, puoi contare su un prodotto che supera le aspettative, garantendo risultati professionali e duraturi. Scopri come questo nastro pu\u00f2 migliorare la tua attivit\u00e0 industriale e rendere il tuo lavoro pi\u00f9 efficiente.<\/p>","feature_1":"Lunghezza: 33 metri per una lunga durata","feature_2":"Larghezza: 12 mm per applicazioni versatili","feature_3":"Spessore: 1,1 mm per un'adesione robusta","feature_4":"Resistente a temperature da -40 \u00b0C a +120 \u00b0C","feature_5":"Alta densit\u00e0 della schiuma per un'adesione duratura","feature_6":"Resistenza ai raggi UV per applicazioni esterne","feature_7":"Eccellente assorbimento delle vibrazioni","feature_8":"Applicazione facile e veloce senza attrezzi","feature_9":"Trasparente per un utilizzo estetico e discreto","feature_10":"Compatibile con molte superfici, inclusi metallo e plastica"},"_links":{"self":[{"href":"https:\/\/finatsrl.it\/en\/wp-json\/wp\/v2\/product\/11377","targetHints":{"allow":["GET"]}}],"collection":[{"href":"https:\/\/finatsrl.it\/en\/wp-json\/wp\/v2\/product"}],"about":[{"href":"https:\/\/finatsrl.it\/en\/wp-json\/wp\/v2\/types\/product"}],"wp:featuredmedia":[{"embeddable":true,"href":"https:\/\/finatsrl.it\/en\/wp-json\/wp\/v2\/media\/12688"}],"wp:attachment":[{"href":"https:\/\/finatsrl.it\/en\/wp-json\/wp\/v2\/media?parent=11377"}],"wp:term":[{"taxonomy":"product_brand","embeddable":true,"href":"https:\/\/finatsrl.it\/en\/wp-json\/wp\/v2\/product_brand?post=11377"},{"taxonomy":"product_cat","embeddable":true,"href":"https:\/\/finatsrl.it\/en\/wp-json\/wp\/v2\/product_cat?post=11377"},{"taxonomy":"product_tag","embeddable":true,"href":"https:\/\/finatsrl.it\/en\/wp-json\/wp\/v2\/product_tag?post=11377"}],"curies":[{"name":"wp","href":"https:\/\/api.w.org\/{rel}","templated":true}]}}