{"id":11375,"date":"2025-02-01T10:32:30","date_gmt":"2025-02-01T09:32:30","guid":{"rendered":"https:\/\/finatnew.newhosting.intellijam.com\/prodotto\/nastro-biadesivo-in-schiuma-3m-9508b\/"},"modified":"2025-11-26T12:07:15","modified_gmt":"2025-11-26T11:07:15","slug":"nastro-biadesivo-in-schiuma-3m-9508b","status":"publish","type":"product","link":"https:\/\/finatsrl.it\/en\/product\/nastro-biadesivo-in-schiuma-3m-9508b\/","title":{"rendered":"Nastro biadesivo in schiuma 3M 9508B"},"content":{"rendered":"<div class=\"product-bullet-block\">\n<div class=\"bullet n1\">Nastro in schiuma polietilenica a celle chiuse, di colore nero, spessore 0,8mm, con adesivo acrilico<\/div>\n<div class=\"bullet n2\">Incolla e unisce un elevato numero di materiali<\/div>\n<div class=\"bullet n3\">Tra le applicazioni previste sono incluse il montaggio di display, stemmi leggeri, targhe e cos\u00ec via.<\/div>\n<div class=\"bullet n4\"><\/div>\n<div class=\"bullet n5\"><\/div>\n<div class=\"bullet n6\"><\/div>\n<div class=\"bullet n7\"><\/div>\n<\/div>\n<div class=\"product-description-block\">\n<div class=\"short\">Il nastro biadesivo in schiuma di polietilene 3M 9508B \u00e8 il nostro nastro nero, dello spessore di 0,8 mm, in schiuma di polietilene biadesiva a cellule chiuse dotato di un adesivo acrilico.<\/div>\n<div class=\"extended\">Il nastro biadesivo in schiuma di polietilene 3M 9508B \u00e8 il nostro nastro nero, dello spessore di 0,8 mm, in schiuma di polietilene biadesiva a cellule chiuse della densit\u00e0 di 90 kg\/m\u00b3 dotato di un adesivo acrilico. L&#8217;adesivo acrilico fornisce una buona adesione iniziale su una vasta gamma di superfici lisce, tra cui metallo, superfici verniciate, vetro, ceramiche e numerose plastiche.<\/div>\n<\/div>\n","protected":false},"excerpt":{"rendered":"<p>Il nastro biadesivo in schiuma di polietilene 3M 9508B \u00e8 il nostro nastro nero, dello spessore di 0,8 mm, in schiuma di polietilene biadesiva a cellule chiuse dotato di un adesivo acrilico.<\/p>\n","protected":false},"featured_media":12693,"template":"","meta":{"_acf_changed":false},"product_brand":[3337],"product_cat":[29,269],"product_tag":[3825],"class_list":{"0":"post-11375","1":"product","2":"type-product","3":"status-publish","4":"has-post-thumbnail","6":"product_brand-3m","7":"product_cat-adesivi-e-nastri-industriali","8":"product_cat-nastri-in-schiuma","9":"product_tag-nastro-biadesivo-in-schiumanastro-schiuma-acrilica","10":"pa_colore-nero","12":"first","13":"instock","14":"product-type-simple"},"acf":{"short_description":"Il nastro biadesivo in schiuma 3M 9508B offre un'adesione superiore per applicazioni industriali. Resistente e versatile, \u00e8 la scelta ideale per ogni progetto.","long_description":"<p>Il nastro biadesivo in schiuma 3M 9508B \u00e8 una soluzione innovativa progettata per garantire un'adesione eccezionale in vari contesti industriali. Con una struttura in schiuma di alta qualit\u00e0, questo nastro offre una combinazione unica di flessibilit\u00e0 e robustezza, rendendolo ideale per l'assemblaggio di materiali diversi. Grazie alla sua capacit\u00e0 di adattarsi a superfici irregolari, \u00e8 perfetto per applicazioni in cui la precisione \u00e8 fondamentale. Il nastro presenta una resistenza all'umidit\u00e0 e ai solventi, assicurando prestazioni durature anche in ambienti difficili. Inoltre, la sua applicazione \u00e8 semplice e veloce, riducendo i tempi di lavorazione e aumentando l'efficienza operativa. Che si tratti di elettronica, automotive o costruzioni, il nastro biadesivo in schiuma 3M 9508B si distingue per la sua affidabilit\u00e0. Con una larghezza di 19 mm e una lunghezza di 25 m, \u00e8 facilmente adattabile a molteplici usi, garantendo una copertura ottimale. Scegliere il nastro biadesivo 3M significa optare per un prodotto di alta qualit\u00e0, supportato da anni di esperienza nel settore degli adesivi e nastri industriali. Non lasciare nulla al caso: assicurati un'adesione perfetta utilizzando il nastro biadesivo in schiuma 3M 9508B, la soluzione ideale per professionisti e aziende che cercano risultati di alta precisione.<\/p>","feature_1":"Adesione forte e duratura su una vasta gamma di superfici","feature_2":"Struttura in schiuma per adattamento a superfici irregolari","feature_3":"Resistente a umidit\u00e0 e solventi per prestazioni ottimali","feature_4":"Facile applicazione che riduce i tempi di lavorazione","feature_5":"Larghezza di 19 mm e lunghezza di 25 m per versatilit\u00e0","feature_6":"Elevata resistenza alla temperatura per applicazioni critiche","feature_7":"Compatibile con materiali come metallo, plastica e vetro","feature_8":"Non lascia residui appiccicosi alla rimozione","feature_9":"Ideale per assemblaggio in settori elettronici e automotive","feature_10":"Certificato per qualit\u00e0 e prestazioni da 3M, leader nel settore"},"_links":{"self":[{"href":"https:\/\/finatsrl.it\/en\/wp-json\/wp\/v2\/product\/11375","targetHints":{"allow":["GET"]}}],"collection":[{"href":"https:\/\/finatsrl.it\/en\/wp-json\/wp\/v2\/product"}],"about":[{"href":"https:\/\/finatsrl.it\/en\/wp-json\/wp\/v2\/types\/product"}],"wp:featuredmedia":[{"embeddable":true,"href":"https:\/\/finatsrl.it\/en\/wp-json\/wp\/v2\/media\/12693"}],"wp:attachment":[{"href":"https:\/\/finatsrl.it\/en\/wp-json\/wp\/v2\/media?parent=11375"}],"wp:term":[{"taxonomy":"product_brand","embeddable":true,"href":"https:\/\/finatsrl.it\/en\/wp-json\/wp\/v2\/product_brand?post=11375"},{"taxonomy":"product_cat","embeddable":true,"href":"https:\/\/finatsrl.it\/en\/wp-json\/wp\/v2\/product_cat?post=11375"},{"taxonomy":"product_tag","embeddable":true,"href":"https:\/\/finatsrl.it\/en\/wp-json\/wp\/v2\/product_tag?post=11375"}],"curies":[{"name":"wp","href":"https:\/\/api.w.org\/{rel}","templated":true}]}}