{"id":11298,"date":"2025-01-27T15:48:05","date_gmt":"2025-01-27T14:48:05","guid":{"rendered":"https:\/\/finatnew.newhosting.intellijam.com\/prodotto\/nastro-adesivo-transfer-3m-9472fl\/"},"modified":"2025-11-26T12:06:52","modified_gmt":"2025-11-26T11:06:52","slug":"nastro-adesivo-transfer-3m-9472fl","status":"publish","type":"product","link":"https:\/\/finatsrl.it\/en\/product\/nastro-adesivo-transfer-3m-9472fl\/","title":{"rendered":"Nastro adesivo transfer 3M 9472FL"},"content":{"rendered":"<div class=\"product-bullet-block\">\n<div class=\"bullet n1\">Nastro adesivo transfer da 127\u00b5m 300 LSE. Eccellente resistenza ai substrati con bassa energia superficiale incluso vernici in polvere e alle plastiche con bassa energia superficiale come polipropilene (PP)<\/div>\n<div class=\"bullet n2\">Alta aderenza ai metalli leggermente unti con olio e una vasta gamma di materiali ad alta energia superficiale, quindi \u00e8 adatto per incollare substrati differenti<\/div>\n<div class=\"bullet n3\">L&#8217;adesivo fornisce un&#8217;ottima resistenza alla tenuta e propriet\u00e0 anti-sollevamento<\/div>\n<div class=\"bullet n4\">Buona resistenza a prodotti chimici industriali, prodotti chimici di consumo e umidit\u00e0<\/div>\n<div class=\"bullet n5\">Soluzione ideale per uso generico per incollaggio e assemblaggio di una vasta gamma di materiali<\/div>\n<div class=\"bullet n6\">Soddisfa un&#8217;ampia gamma di specifiche automobilistiche e OEM<\/div>\n<div class=\"bullet n7\"><\/div>\n<\/div>\n<div class=\"product-description-block\">\n<div class=\"short\">Il Nastro adesivo transfer 9471LE 3M \u00e8 un adesivo acrilico ad elevata resistenza 300 LSE 50\u00b5m su un supporto di carta Kraft densificata da 107\u00b5m #58.<\/div>\n<div class=\"extended\">Per applicazioni che richiedono prestazioni premium e un profilo pi\u00f9 doppio dei nostri nastri da 50\u00b5m, usa il nostro Nastro adesivo transfer 9472FL 3M. Questo nastro \u00e8 una soluzione leader sul mercato per l&#8217;incollaggio di materiali plastici in numerose applicazioni e in una vasta gamma di settori. Offre buona resistenza alle sostanze chimiche e all&#8217;umidit\u00e0, nonch\u00e9 eccellenti prestazioni in un&#8217;ampia gamma di temperature (da -40 \u00baC a 148 \u00baC). La forza di fissaggio aumenta in funzione di tempo e temperatura; l&#8217;adesione iniziale \u00e8 molto alta. Questo nastro viene fornito su un liner in pellicola ideale per le applicazioni rotative di fustellatura. In quanto parte della famiglia di adesivi acrilici ad alta resistenza 300LSE 3M questo nastro viene prodotto utilizzando un processo di produzione senza solventi. Il Nastro adesivo transfer 9472FL 3M \u00e8 in linea con UL 969 (file di riferimento PGGU2.MH26206).<\/div>\n<\/div>\n","protected":false},"excerpt":{"rendered":"<p>Il Nastro adesivo transfer 9471LE 3M \u00e8 un adesivo acrilico ad elevata resistenza 300 LSE 50\u00b5m su un supporto di carta Kraft densificata da 107\u00b5m #58.<\/p>\n","protected":false},"featured_media":8678,"template":"","meta":{"_acf_changed":false},"product_brand":[3337],"product_cat":[29,786],"product_tag":[1180,1101,1181,1197,1196,1182],"class_list":{"0":"post-11298","1":"product","2":"type-product","3":"status-publish","4":"has-post-thumbnail","6":"product_brand-3m","7":"product_cat-adesivi-e-nastri-industriali","8":"product_cat-nastri-biadesivi-sottili","9":"product_tag-biadesivo-acrilico","10":"product_tag-nastro-biadesivo","11":"product_tag-nastro-biadesivo-resistente","12":"product_tag-non-supportato","13":"product_tag-transfer","14":"product_tag-viscoelastico","16":"first","17":"instock","18":"product-type-simple"},"acf":{"short_description":"Il nastro adesivo transfer 3M 9472FL \u00e8 la soluzione ideale per collegamenti permanenti e robusti in ambito industriale. Scopri la qualit\u00e0 3M e migliora le tue applicazioni con un prodotto affidabile.","long_description":"<p>Il nastro adesivo transfer 3M 9472FL \u00e8 un prodotto di alta qualit\u00e0 progettato per offrire prestazioni superiori in una variet\u00e0 di applicazioni industriali. Questo nastro biadesivo sottile \u00e8 ideale per l'adesione a diverse superfici, garantendo un collegamento robusto e duraturo. Grazie alla sua capacit\u00e0 di resistere a condizioni ambientali estreme, \u00e8 perfetto per l'uso in ambienti industriali dove la qualit\u00e0 \u00e8 fondamentale. Con un spessore di soli 0,1 mm, il 3M 9472FL permette di mantenere l'estetica dei tuoi progetti senza compromettere la resistenza. La tecnologia di trasferimento adesivo avanzata assicura che il nastro aderisca perfettamente anche su superfici irregolari, riducendo il rischio di sollevamento o distacco. Questo prodotto \u00e8 stato testato per la sua resistenza alla temperatura, garantendo un'ottima performance anche in condizioni di calore e umidit\u00e0. Inoltre, il nastro adesivo transfer 3M 9472FL \u00e8 facile da applicare, grazie al suo supporto liner che facilita il posizionamento e il taglio. \u00c8 ideale per l'assemblaggio di componenti elettronici, la creazione di segnaletica e per applicazioni di montaggio in generale. Non solo offre una tenuta forte, ma \u00e8 anche progettato per resistere a solventi e prodotti chimici, rendendolo un'ottima scelta per le industrie che richiedono un'adesione sicura e duratura. Scegliere il nastro adesivo transfer 3M 9472FL significa investire in un prodotto che non solo soddisfa ma supera le aspettative, fornendo risultati eccellenti in ogni utilizzo.<\/p>","feature_1":"Spessore di 0,1 mm per un'adesione discreta","feature_2":"Resistenza a temperature fino a 100\u00b0C","feature_3":"Ottima adesione su superfici irregolari","feature_4":"Facile applicazione grazie al supporto liner","feature_5":"Resistente a solventi e prodotti chimici","feature_6":"Ideale per assemblaggi elettronici","feature_7":"Perfetto per applicazioni di montaggio generali","feature_8":"Senza solventi, ecologico e sicuro","feature_9":"Durata prolungata grazie alla tecnologia 3M","feature_10":"Adatto per uso interno ed esterno"},"_links":{"self":[{"href":"https:\/\/finatsrl.it\/en\/wp-json\/wp\/v2\/product\/11298","targetHints":{"allow":["GET"]}}],"collection":[{"href":"https:\/\/finatsrl.it\/en\/wp-json\/wp\/v2\/product"}],"about":[{"href":"https:\/\/finatsrl.it\/en\/wp-json\/wp\/v2\/types\/product"}],"wp:featuredmedia":[{"embeddable":true,"href":"https:\/\/finatsrl.it\/en\/wp-json\/wp\/v2\/media\/8678"}],"wp:attachment":[{"href":"https:\/\/finatsrl.it\/en\/wp-json\/wp\/v2\/media?parent=11298"}],"wp:term":[{"taxonomy":"product_brand","embeddable":true,"href":"https:\/\/finatsrl.it\/en\/wp-json\/wp\/v2\/product_brand?post=11298"},{"taxonomy":"product_cat","embeddable":true,"href":"https:\/\/finatsrl.it\/en\/wp-json\/wp\/v2\/product_cat?post=11298"},{"taxonomy":"product_tag","embeddable":true,"href":"https:\/\/finatsrl.it\/en\/wp-json\/wp\/v2\/product_tag?post=11298"}],"curies":[{"name":"wp","href":"https:\/\/api.w.org\/{rel}","templated":true}]}}