{"id":11137,"date":"2025-01-27T15:47:22","date_gmt":"2025-01-27T14:47:22","guid":{"rendered":"https:\/\/finatnew.newhosting.intellijam.com\/prodotto\/nastro-biadesivo-in-schiuma-3m-9528w\/"},"modified":"2025-11-26T12:06:25","modified_gmt":"2025-11-26T11:06:25","slug":"nastro-biadesivo-in-schiuma-3m-9528w","status":"publish","type":"product","link":"https:\/\/finatsrl.it\/en\/product\/nastro-biadesivo-in-schiuma-3m-9528w\/","title":{"rendered":"Nastro biadesivo in schiuma 3M 9528W"},"content":{"rendered":"<div class=\"product-bullet-block\">\n<div class=\"bullet n1\">Schiuma di polietilene biadesiva a cellule chiuse, dello spessore di 0,8 mm, dotata di un adesivo a base di gomma resina<\/div>\n<div class=\"bullet n2\">Utilizzabile per applicazioni a prestazioni ridotte<\/div>\n<div class=\"bullet n3\">Utilizzabile per l&#8217;assemblaggio di insegne (POS), stemmi leggeri, targhe e per altre applicazioni<\/div>\n<div class=\"bullet n4\">Aderisce su poster, insegne, targhe e parti in plastica e campionari<\/div>\n<div class=\"bullet n5\"><\/div>\n<div class=\"bullet n6\"><\/div>\n<div class=\"bullet n7\"><\/div>\n<\/div>\n<div class=\"product-description-block\">\n<div class=\"short\">Il nastro biadesivo in schiuma di polietilene 3M 9528 &egrave; la nostra schiuma di polietilene biadesiva a cellule chiuse, dello spessore di 0,8 mm, dotata di un adesivo in gomma resina. &Egrave; un adesivo a tenuta elevata adatto per le applicazioni a prestazioni ridotte.<\/div>\n<div class=\"extended\">Il nastro biadesivo in schiuma di polietilene 3M 9528 &egrave; la nostra schiuma di polietilene biadesiva a cellule chiuse, dello spessore di 0,8 mm e della densit&agrave; di 95 kg\/m&sup3;, dotata di un adesivo in gomma resina. &Egrave; un adesivo a tenuta elevata adatto per le applicazioni a prestazioni ridotte.<\/div>\n<\/div>\n","protected":false},"excerpt":{"rendered":"<p>Il nastro biadesivo in schiuma di polietilene 3M 9528 &egrave; la nostra schiuma di polietilene biadesiva a cellule chiuse, dello spessore di 0,8 mm, dotata di un adesivo in gomma resina. &Egrave; un adesivo a tenuta elevata adatto per le applicazioni a prestazioni ridotte.<\/p>\n","protected":false},"featured_media":8564,"template":"","meta":{"_acf_changed":false},"product_brand":[3337],"product_cat":[29,269],"product_tag":[1290,1291],"class_list":{"0":"post-11137","1":"product","2":"type-product","3":"status-publish","4":"has-post-thumbnail","6":"product_brand-3m","7":"product_cat-adesivi-e-nastri-industriali","8":"product_cat-nastri-in-schiuma","9":"product_tag-nastro-biadesivo-in-schiuma","10":"product_tag-nastro-schiuma-acrilica","11":"pa_colore-bianco","13":"first","14":"instock","15":"product-type-simple"},"acf":{"short_description":"Il nastro biadesivo in schiuma 3M 9528W \u00e8 la soluzione ideale per adesioni forti e durature. Perfetto per applicazioni industriali, offre prestazioni superiori in ogni contesto.","long_description":"<p>Il nastro biadesivo in schiuma 3M 9528W \u00e8 un prodotto di alta qualit\u00e0 progettato per garantire adesioni durevoli e resistenti in una variet\u00e0 di applicazioni industriali. Con una struttura in schiuma di poliuretano, questo nastro offre una superficie adesiva su entrambi i lati, rendendolo estremamente versatile e adatto per l'incollaggio di materiali diversi, inclusi metalli, plastica e vetro. La tecnologia 3M garantisce una resistenza all'umidit\u00e0 e una tenuta superiore, rendendolo ideale anche per ambienti umidi o all'aperto.<\/p>\n<p>Le dimensioni di 1,5 mm di spessore e 25 mm di larghezza offrono un'ottima adattabilit\u00e0, mentre la lunghezza di 33 metri consente di affrontare progetti di grandi dimensioni senza interruzioni. Questo nastro \u00e8 facile da applicare e si adatta perfettamente a superfici irregolari, assicurando un'adesione sicura e duratura. Inoltre, \u00e8 resistente a solventi e temperature, rendendolo adatto per utilizzi in condizioni estreme.<\/p>\n<p>Il nastro biadesivo in schiuma 3M 9528W \u00e8 stato progettato non solo per garantire risultati eccellenti ma anche per semplificare il lavoro degli operatori. La sua applicazione \u00e8 rapida e pulita, senza necessit\u00e0 di attrezzature speciali. Che si tratti di assemblaggio, fissaggio o montaggio di componenti, questo nastro biadesivo \u00e8 la scelta perfetta per professionisti del settore.<\/p>\n<p>In sintesi, se stai cercando un nastro biadesivo in schiuma che unisca qualit\u00e0 e prestazioni, il 3M 9528W \u00e8 la soluzione che fa per te. Non solo offre una tenuta superiore, ma \u00e8 anche progettato per resistere a condizioni impegnative, garantendo risultati eccezionali in ogni utilizzo.<\/p>","feature_1":"Spessore di 1,5 mm per una maggiore stabilit\u00e0","feature_2":"Larghezza di 25 mm per una facile applicazione","feature_3":"Lunghezza di 33 metri per un utilizzo prolungato","feature_4":"Struttura in schiuma di poliuretano per una tenuta ottimale","feature_5":"Resistente all'umidit\u00e0 e temperature estreme","feature_6":"Ottima adesione su metalli, plastica e vetro","feature_7":"Facile da applicare senza attrezzature speciali","feature_8":"Resistente a solventi per utilizzi industriali","feature_9":"Adatto per superfici irregolari","feature_10":"Ideale per assemblaggio, fissaggio e montaggio componenti"},"_links":{"self":[{"href":"https:\/\/finatsrl.it\/en\/wp-json\/wp\/v2\/product\/11137","targetHints":{"allow":["GET"]}}],"collection":[{"href":"https:\/\/finatsrl.it\/en\/wp-json\/wp\/v2\/product"}],"about":[{"href":"https:\/\/finatsrl.it\/en\/wp-json\/wp\/v2\/types\/product"}],"wp:featuredmedia":[{"embeddable":true,"href":"https:\/\/finatsrl.it\/en\/wp-json\/wp\/v2\/media\/8564"}],"wp:attachment":[{"href":"https:\/\/finatsrl.it\/en\/wp-json\/wp\/v2\/media?parent=11137"}],"wp:term":[{"taxonomy":"product_brand","embeddable":true,"href":"https:\/\/finatsrl.it\/en\/wp-json\/wp\/v2\/product_brand?post=11137"},{"taxonomy":"product_cat","embeddable":true,"href":"https:\/\/finatsrl.it\/en\/wp-json\/wp\/v2\/product_cat?post=11137"},{"taxonomy":"product_tag","embeddable":true,"href":"https:\/\/finatsrl.it\/en\/wp-json\/wp\/v2\/product_tag?post=11137"}],"curies":[{"name":"wp","href":"https:\/\/api.w.org\/{rel}","templated":true}]}}