{"id":10737,"date":"2025-01-27T15:44:39","date_gmt":"2025-01-27T14:44:39","guid":{"rendered":"https:\/\/finatnew.newhosting.intellijam.com\/prodotto\/nastro-3m-vhb-4936f\/"},"modified":"2025-06-27T10:31:54","modified_gmt":"2025-06-27T08:31:54","slug":"nastro-3m-vhb-4936f","status":"publish","type":"product","link":"https:\/\/finatsrl.it\/en\/product\/nastro-3m-vhb-4936f\/","title":{"rendered":"Nastro 3M VHB 4936F"},"content":{"rendered":"<div class=\"product-bullet-block\">\n<div class=\"bullet n1\">Un metodo di incollaggio semplice e veloce che fornisce un&#8217;elevata resistenza e una lunga durabilit\u00e0<\/div>\n<div class=\"bullet n2\">L&#8217;adesivo sensibile alla pressione si fissa con il semplice contatto, garantendo un&#8217;adesione immediata e a forte tenuta<\/div>\n<div class=\"bullet n3\">Il fissaggio praticamente invisibile preserva l&#8217;uniformit\u00e0 delle superfici<\/div>\n<div class=\"bullet n4\">Adesivo grigio di 0,6 mm e nucleo conformabile in schiuma per un corretto bilanciamento di tenuta e conformabilit\u00e0 nelle applicazioni pi\u00f9 impegnative, specialmente su substrati con alta e media energia superficiale<\/div>\n<div class=\"bullet n5\">Pu\u00f2 sostituire i sistemi di fissaggio meccanici (rivetti, saldature, viti) e gli adesivi liquidi, eliminando la necessit\u00e0 di trapanare, levigare, rifinire, avvitare, saldare e pulire<\/div>\n<div class=\"bullet n6\">La capacit\u00e0 di assorbimento delle sollecitazioni riduce la vibrazione e la sollecitazione d&#8217;urto<\/div>\n<div class=\"bullet n7\">Crea un isolamento permanente da acqua, umidit\u00e0 e altri agenti<\/div>\n<\/div>\n<div class=\"product-description-block\">\n<div class=\"short\">Il nastro VHB 4936 di 3M \u00e8 un nastro di schiuma acrilica a celle chiuse, sensibile alla pressione, biadesivo e conformabile, colore grigio, spessore 0,64 mm.<\/div>\n<div class=\"extended\">Praticit\u00e0 unita a un&#8217;elevata capacit\u00e0 di fissaggio Il nostro 3M VHB 4936 utilizza un adesivo acrilico resistente con propriet\u00e0 viscoelastiche. \u00c8 quindi un nastro biadesivo in schiuma straordinariamente resistente che aderisce a una vasta gamma di substrati, tra cui alluminio, acciaio inox, acciaio zincato, compositi, plastiche, acrilico, policarbonato, ABS, legno verniciato o sigillato e cemento. Questi nastri per fissaggio offrono un&#8217;elevata resistenza al taglio e alle alte temperature, conformabilit\u00e0 e adesivit\u00e0 alle superfici. Trovano generalmente impiego in applicazioni per diversi settori, quali trasporti, elettronica, costruzioni, segnaletica e nelle applicazioni industriali generiche. Consentono un&#8217;adesione permanente tra vari materiali, garantendo resistenza e rapidit\u00e0. Applicazioni consigliate: parti tagliate e materiali decorativi, targhe e loghi, insegne elettroniche, pannelli su telai e rinforzi su pannelli. Immagina, progetta, produci con la famiglia di nastri 3M VHB 4941 Il nastro 3M VHB 4936 fa parte della famiglia 4941 di nastri 3M VHB. \u00c8 caratterizzato da un adesivo acrilico universale su entrambi i lati di un nucleo conformabile in schiuma. La combinazione di resistenza, conformabilit\u00e0 e adesivit\u00e0 rende questa linea una delle pi\u00f9 valide e versatili tra le famiglie di nastri 3M VHB. \u00c8 progettata appositamente per garantire un&#8217;ottima adesivit\u00e0 a metalli, vetro e altri supporti, oltre a vari substrati ad alta energia superficiale, inoltre offre una buona resistenza ai plastificanti. Questo nastro pu\u00f2 essere usato, tra l&#8217;altro, per fissare i rinforzi, sigillare le lenti in policarbonato sui dispositivi LCD, sigillare le aperture sui pannelli di controllo verniciati e montare condotti e canaline per cavi in vinile. Nastro in schiuma non tradizionale I nastri VHB, inventati da 3M nel 1980, sono stati i primi della categoria. Questi esclusivi nastri uniscono la conformabilit\u00e0 a un fissaggio resistente permanente. Il risultato \u00e8 una famiglia di nastri estremamente resistenti, in grado di aderire a una vasta gamma di substrati. Il nastro 3M VHB \u00e8 un&#8217;alternativa collaudata a viti, rivetti, saldature e altri metodi di fissaggio meccanico. Facciate continue, smartphone, segnaletica stradale, frigoriferi, finestre di design e altro ancora: il nastro VHB \u00e8 ideale per tutte queste applicazioni in una o pi\u00f9 fasi del processo di assemblaggio, montaggio, fissaggio e sigillatura. Questo nastro sicuro e affidabile offre un fissaggio uniforme, un&#8217;eccezionale robustezza e un&#8217;ottima resistenza a solventi e umidit\u00e0. 3M garantisce supporto per tutti i propri prodotti ed \u00e8 a disposizione per un aiuto specifico o per consigli sulle applicazioni se necessario. Affidabilit\u00e0 comprovata dei nastri 3M VHB Il nastro 3M VHB offre un fissaggio resistente e altri vantaggi che i fissaggi meccanici non possono garantire. Questo nastro migliora l&#8217;aspetto dei prodotti finiti eliminando rivetti e viti e offrendo al tempo stesso la possibilit\u00e0 di movimentare immediatamente il prodotto assemblato. Nella maggior parte dei casi, il fissaggio con nastri 3M VHB consente un processo pi\u00f9 rapido del fissare con metodi meccanici o usare un adesivo liquido. Questa linea versatile di nastri pu\u00f2 essere usata in interno o esterno e in varie applicazioni, tra cui l&#8217;assemblaggio di finestre, porte e insegne e in applicazioni per i settori dell&#8217;elettronica, delle costruzioni e di molte altre applicazioni industriali. Il nastro 3M VHB \u00e8 resistente alle sostanze chimiche, non \u00e8 soggetto a variazioni dovute ai raggi UV o al variare della temperatura ed \u00e8 in grado di tollerare il caldo di Dubai e il freddo del Canada. L&#8217;esclusiva composizione chimica dell&#8217;adesivo acrilico \u00e8 particolarmente robusta, non si altera nel tempo e rende quindi questo prodotto un nastro duraturo e forte su cui fare affidamento. Far emergere idee migliori grazie alla scienza e all&#8217;innovazione La divisione 3M Industrial Adhesives and Tapes applica la conoscenza scientifica dell&#8217;adesivit\u00e0 per offrire soluzioni innovative che migliorano i processi aziendali di design e produzione in tutto il mondo. Queste tecnologie aiutano i clienti a lanciare sul mercato prodotti competitivi in modo pi\u00f9 efficiente e rapido.<\/div>\n<\/div>\n","protected":false},"excerpt":{"rendered":"<p>Il nastro VHB 4936 di 3M \u00e8 un nastro di schiuma acrilica a celle chiuse, sensibile alla pressione, biadesivo e conformabile, colore grigio, spessore 0,64 mm.<\/p>\n","protected":false},"featured_media":8175,"template":"","meta":{"_acf_changed":false},"product_brand":[3360],"product_cat":[29,269],"product_tag":[3338,3542,3541,3435,3540,3521,3516,2564,2565,1492,6684,1676,2366,2467,2468,2563,1659,1096,6685,1733,2239,1502,3869,2104,1101,1597,2553,1093,1097,2489,1605,1516,2559,2505,2555,1515,2554,2560,1512,1941,1092,1615,2317,2525,1095,2360,1094,2311,2313,1784],"class_list":{"0":"post-10737","1":"product","2":"type-product","3":"status-publish","4":"has-post-thumbnail","6":"product_brand-vhb","7":"product_cat-adesivi-e-nastri-industriali","8":"product_cat-nastri-in-schiuma","9":"product_tag-3m","10":"product_tag-adesione-cemento","11":"product_tag-adesione-legno","12":"product_tag-adesione-metalli","13":"product_tag-adesione-plastiche","14":"product_tag-adesivo-grigio","15":"product_tag-adesivo-viscoelastico","16":"product_tag-applicazioni-indoor","17":"product_tag-applicazioni-outdoor","18":"product_tag-automotive","19":"product_tag-conformabilita-substrati-difficili","20":"product_tag-design-edilizia","21":"product_tag-elevata-resistenza","22":"product_tag-energia-eolica","23":"product_tag-energia-solare","24":"product_tag-family-4941","25":"product_tag-fissaggio-invisibile","26":"product_tag-incollaggio-on-demand","27":"product_tag-isolamento-acqua-e-umidita","28":"product_tag-lavorazione-del-legno","29":"product_tag-manutenzione-impianti","30":"product_tag-meccanica-e-metallurgia","31":"product_tag-miglioramento-della-produttivita","32":"product_tag-nastro-adesivo-acrilico","33":"product_tag-nastro-biadesivo","34":"product_tag-nastro-conformabile","35":"product_tag-nastro-di-schiuma","36":"product_tag-nastro-estrudibile","37":"product_tag-nastro-in-schiuma","38":"product_tag-nastro-industriale","39":"product_tag-nastro-per-alte-temperature","40":"product_tag-nastro-per-assemblaggio","41":"product_tag-nastro-per-costruzioni","42":"product_tag-nastro-per-elettronica","43":"product_tag-nastro-per-fissaggio","44":"product_tag-nastro-per-incollaggio","45":"product_tag-nastro-per-montaggio","46":"product_tag-nastro-per-segnaletica","47":"product_tag-nastro-per-trasporti","48":"product_tag-nastro-resistente","49":"product_tag-nastro-vhb","50":"product_tag-resistenza-chimica","51":"product_tag-riduzione-vibrazioni","52":"product_tag-sicurezza-stradale","53":"product_tag-sistema-di-incollaggio","54":"product_tag-sistemi-di-fissaggio-meccanici","55":"product_tag-soluzione-di-incollaggio","56":"product_tag-sostituzione-rivetti","57":"product_tag-sostituzione-viti","58":"product_tag-veicoli-commerciali","59":"pa_colore-grigio","61":"first","62":"instock","63":"product-type-simple"},"acf":{"short_description":"","long_description":"","feature_1":"","feature_2":"","feature_3":"","feature_4":"","feature_5":"","feature_6":"","feature_7":"","feature_8":"","feature_9":"","feature_10":""},"_links":{"self":[{"href":"https:\/\/finatsrl.it\/en\/wp-json\/wp\/v2\/product\/10737","targetHints":{"allow":["GET"]}}],"collection":[{"href":"https:\/\/finatsrl.it\/en\/wp-json\/wp\/v2\/product"}],"about":[{"href":"https:\/\/finatsrl.it\/en\/wp-json\/wp\/v2\/types\/product"}],"wp:featuredmedia":[{"embeddable":true,"href":"https:\/\/finatsrl.it\/en\/wp-json\/wp\/v2\/media\/8175"}],"wp:attachment":[{"href":"https:\/\/finatsrl.it\/en\/wp-json\/wp\/v2\/media?parent=10737"}],"wp:term":[{"taxonomy":"product_brand","embeddable":true,"href":"https:\/\/finatsrl.it\/en\/wp-json\/wp\/v2\/product_brand?post=10737"},{"taxonomy":"product_cat","embeddable":true,"href":"https:\/\/finatsrl.it\/en\/wp-json\/wp\/v2\/product_cat?post=10737"},{"taxonomy":"product_tag","embeddable":true,"href":"https:\/\/finatsrl.it\/en\/wp-json\/wp\/v2\/product_tag?post=10737"}],"curies":[{"name":"wp","href":"https:\/\/api.w.org\/{rel}","templated":true}]}}