{"id":9917,"date":"2025-01-27T15:39:02","date_gmt":"2025-01-27T14:39:02","guid":{"rendered":"https:\/\/finatnew.newhosting.intellijam.com\/prodotto\/adesivo-epossidico-3m-scotch-weld-7240-fr\/"},"modified":"2025-11-11T16:26:21","modified_gmt":"2025-11-11T15:26:21","slug":"adesivo-epossidico-3m-scotch-weld-7240-fr","status":"publish","type":"product","link":"https:\/\/finatsrl.it\/de\/product\/adesivo-epossidico-3m-scotch-weld-7240-fr\/","title":{"rendered":"Adesivo epossidico 3M Scotch-Weld 7240 FR"},"content":{"rendered":"<div class=\"product-bullet-block\">\n<div class=\"bullet n1\">Adesivo strutturale progettato per incollare metallo su metallo<\/div>\n<div class=\"bullet n2\">Adesivo ad alta resistenza con elevata adesione al taglio e alla pelatura<\/div>\n<div class=\"bullet n3\">Soddisfa i requisiti autoestinguenti di FAR25<\/div>\n<div class=\"bullet n4\">Contiene sfere di vetro per un accurato controllo della linea di colla<\/div>\n<div class=\"bullet n5\">Facile miscelazione ed erogazione<\/div>\n<div class=\"bullet n6\">Vita utile di 76 minuti, raggiunge la forza di manipolazione approssimativamente in 6 ore<\/div>\n<div class=\"bullet n7\"><\/div>\n<\/div>\n<div class=\"product-description-block\">\n<div class=\"short\">L&#8217;adesivo epossidico 3M Scotch-Weld DP7240 FR \u00e8 una scelta eccellente per l&#8217;incollaggio di metallo su metallo. Adesivo altamente resistente con elevata adesione al taglio e alla pelatura. Certificato per l&#8217;uso sui treni.<\/div>\n<div class=\"extended\">Adesivo epossidico bicomponente ad alta resistenza ed elevata adesione al taglio e alla pelatura, progettato per incollare metallo su metallo. Certificato per l&#8217;utilizzo ferroviario e navale.<\/div>\n<\/div>\n","protected":false},"excerpt":{"rendered":"<p>L&#8217;adesivo epossidico 3M Scotch-Weld DP7240 FR \u00e8 una scelta eccellente per l&#8217;incollaggio di metallo su metallo. Adesivo altamente resistente con elevata adesione al taglio e alla pelatura. Certificato per l&#8217;uso sui treni.<\/p>\n","protected":false},"featured_media":7859,"template":"","meta":{"_acf_changed":false},"product_brand":[3346],"product_cat":[29,288],"product_tag":[3347,1160,1166,1165],"class_list":{"0":"post-9917","1":"product","2":"type-product","3":"status-publish","4":"has-post-thumbnail","6":"product_brand-scotch-weld","7":"product_cat-adesivi-e-nastri-industriali","8":"product_cat-adesivi-strutturali","9":"product_tag-adesivo-strutturale","10":"product_tag-epossidico","11":"product_tag-ferroviario","12":"product_tag-nautica","14":"first","15":"instock","16":"product-type-simple"},"acf":{"short_description":"L'adesivo epossidico 3M Scotch-Weld 7240 FR offre una resistenza superiore e propriet\u00e0 ignifughe, ideale per applicazioni in ambienti industriali. Scopri la sua versatilit\u00e0 e durata eccezionale.","long_description":"L'adesivo epossidico 3M Scotch-Weld 7240 FR \u00e8 una soluzione all'avanguardia per chi cerca prestazioni elevate in applicazioni industriali. Questo adesivo bicomponente \u00e8 progettato per garantire una tenuta duratura e una resistenza straordinaria, rendendolo perfetto per il settore delle soluzioni industriali. La sua formula unica offre non solo una presa rapida, ma anche eccellenti propriet\u00e0 ignifughe, garantendo la sicurezza in ambienti dove \u00e8 richiesta una maggiore protezione contro il fuoco.\r\n\r\nGrazie alla sua capacit\u00e0 di aderire a una vasta gamma di materiali, tra cui metalli, plastica e legno, l'adesivo 3M Scotch-Weld 7240 FR si distingue per la sua versatilit\u00e0. La resistenza chimica lo rende ideale anche per applicazioni esposte a sostanze aggressive, mantenendo intatta la sua integrit\u00e0 nel tempo. Inoltre, la sua bassa viscosit\u00e0 facilita l'applicazione anche in spazi ristretti, senza compromettere la qualit\u00e0 della giunzione.\r\n\r\nIl tempo di indurimento dell'adesivo \u00e8 notevole, consentendo una rapida messa in opera, mentre la sua alta resistenza meccanica assicura che le giunzioni rimangano stabili anche sotto stress. Inoltre, l'adesivo 7240 FR \u00e8 progettato per resistere a temperature estreme, sia elevate che basse, rendendolo ideale per applicazioni in ambienti difficili.\r\n\r\nScegliere 3M Scotch-Weld 7240 FR significa optare per un prodotto di alta qualit\u00e0, che non solo soddisfa le esigenze tecniche, ma offre anche un valore aggiunto in termini di sicurezza e durata. Che si tratti di assemblaggi strutturali o di riparazioni, questo adesivo rappresenta una scelta sicura per ogni professionista del settore.","feature_1":"Formula bicomponente per una rapida indurimento","feature_2":"Resistenza ignifuga certificata per applicazioni sicure","feature_3":"Eccellente adesione a metalli, plastica e legno","feature_4":"Resistente a temperature estreme da -40\u00b0C a +120\u00b0C","feature_5":"Bassa viscosit\u00e0 per applicazioni in spazi ristretti","feature_6":"Resistenza chimica a solventi e sostanze aggressive","feature_7":"Alta resistenza meccanica per giunzioni stabili","feature_8":"Tempo di lavorazione esteso per una maggiore flessibilit\u00e0","feature_9":"Compatibile con processi di verniciatura e trattamenti superficiali","feature_10":"Facile da miscelare e applicare, riducendo il rischio di errori"},"_links":{"self":[{"href":"https:\/\/finatsrl.it\/de\/wp-json\/wp\/v2\/product\/9917","targetHints":{"allow":["GET"]}}],"collection":[{"href":"https:\/\/finatsrl.it\/de\/wp-json\/wp\/v2\/product"}],"about":[{"href":"https:\/\/finatsrl.it\/de\/wp-json\/wp\/v2\/types\/product"}],"wp:featuredmedia":[{"embeddable":true,"href":"https:\/\/finatsrl.it\/de\/wp-json\/wp\/v2\/media\/7859"}],"wp:attachment":[{"href":"https:\/\/finatsrl.it\/de\/wp-json\/wp\/v2\/media?parent=9917"}],"wp:term":[{"taxonomy":"product_brand","embeddable":true,"href":"https:\/\/finatsrl.it\/de\/wp-json\/wp\/v2\/product_brand?post=9917"},{"taxonomy":"product_cat","embeddable":true,"href":"https:\/\/finatsrl.it\/de\/wp-json\/wp\/v2\/product_cat?post=9917"},{"taxonomy":"product_tag","embeddable":true,"href":"https:\/\/finatsrl.it\/de\/wp-json\/wp\/v2\/product_tag?post=9917"}],"curies":[{"name":"wp","href":"https:\/\/api.w.org\/{rel}","templated":true}]}}