{"id":9904,"date":"2025-01-27T15:39:02","date_gmt":"2025-01-27T14:39:02","guid":{"rendered":"https:\/\/finatnew.newhosting.intellijam.com\/prodotto\/adesivo-nitrilico-per-gomma-e-guarnizioni-ad-alte-prestazioni-3m-847\/"},"modified":"2025-11-11T16:18:39","modified_gmt":"2025-11-11T15:18:39","slug":"adesivo-nitrilico-per-gomma-e-guarnizioni-ad-alte-prestazioni-3m-847","status":"publish","type":"product","link":"https:\/\/finatsrl.it\/de\/product\/adesivo-nitrilico-per-gomma-e-guarnizioni-ad-alte-prestazioni-3m-847\/","title":{"rendered":"Adesivo nitrilico per gomma e guarnizioni ad alte prestazioni 3M 847"},"content":{"rendered":"<div class=\"product-bullet-block\">\n<div class=\"bullet n1\">Adesivo ad alte prestazioni destinato all&#8217;adesione di guarnizioni<\/div>\n<div class=\"bullet n2\">Aderisce a gomma nitrilica, neoprene, SBR, butile, pelle, vinile e gomme varie<\/div>\n<div class=\"bullet n3\">Eccellente resistenza ai carburanti, petrolio e acqua<\/div>\n<div class=\"bullet n4\">Resiste al calore e all&#8217;umidit\u00e0, offrendo buone prestazioni con temperature fino a 300 \u00b0F\/148 \u00b0C<\/div>\n<div class=\"bullet n5\">Intervallo di tempo aperto di incollaggio fino a 15 minuti<\/div>\n<div class=\"bullet n6\"><\/div>\n<div class=\"bullet n7\"><\/div>\n<\/div>\n<div class=\"product-description-block\">\n<div class=\"short\">L&#8217;adesivo nitrilico 3M 847 ad alte prestazioni \u00e8 un adesivo versatile, a base solvente, con viscosit\u00e0 relativamente bassa per una facile applicazione. Offre una buona resistenza sia all&#8217;olio che al calore ed \u00e8 comunemente usato per incollare la maggior parte dei materiali in gomma e di guarnizioni.<\/div>\n<div class=\"extended\">Adesivo a base solvente ad elevate prestazioni, progettato per l&#8217;incollaggio della maggior parte dei materiali in gomma e di guarnizioni.<\/div>\n<\/div>\n","protected":false},"excerpt":{"rendered":"<p>L&#8217;adesivo nitrilico 3M 847 ad alte prestazioni \u00e8 un adesivo versatile, a base solvente, con viscosit\u00e0 relativamente bassa per una facile applicazione. Offre una buona resistenza sia all&#8217;olio che al calore ed \u00e8 comunemente usato per incollare la maggior parte dei materiali in gomma e di guarnizioni.<\/p>\n","protected":false},"featured_media":7852,"template":"","meta":{"_acf_changed":false},"product_brand":[3337],"product_cat":[29,763],"product_tag":[1178],"class_list":{"0":"post-9904","1":"product","2":"type-product","3":"status-publish","4":"has-post-thumbnail","6":"product_brand-3m","7":"product_cat-adesivi-e-nastri-industriali","8":"product_cat-adesivi-spray-e-adesivi-a-caldo","9":"product_tag-nitrilico","11":"first","12":"instock","13":"product-type-simple"},"acf":{"short_description":"L'adesivo nitrilico 3M 847 \u00e8 la soluzione ideale per unioni di alta qualit\u00e0 tra gomma e guarnizioni. Garantisci durabilit\u00e0 e resistenza con un prodotto di eccellenza.","long_description":"L'adesivo nitrilico per gomma e guarnizioni ad alte prestazioni 3M 847 rappresenta una delle soluzioni pi\u00f9 innovative nel campo degli adesivi industriali. Progettato specificamente per garantire un legame robusto e duraturo tra materiali di gomma e guarnizioni, questo adesivo offre prestazioni superiori in una vasta gamma di applicazioni. Grazie alla sua formulazione avanzata, \u00e8 in grado di resistere a condizioni ambientali estreme, tra cui umidit\u00e0 e temperature variabili.\r\n\r\nCaratterizzato da un'applicazione semplice e veloce, il 3M 847 si presenta in formato spray, facilitando una distribuzione uniforme e precisa. Questo adesivo nitrilico si asciuga rapidamente, riducendo i tempi di attesa e aumentando l'efficienza nel processo di produzione.\r\n\r\nCon una resistenza eccezionale a solventi e agenti chimici, l'adesivo nitrilico 3M 847 \u00e8 perfetto per l'uso in settori industriali dove la qualit\u00e0 e la resistenza sono fondamentali. Che si tratti di assemblaggio, riparazioni o manutenzione, questo prodotto risponde a tutte le esigenze di chi cerca un adesivo spray e adesivi a caldo di alta gamma.\r\n\r\nInoltre, l'adesivo \u00e8 progettato per resistere a carichi pesanti, garantendo che le giunzioni rimangano salde nel tempo. La sua versatilit\u00e0 lo rende idoneo per una vasta gamma di applicazioni, rendendolo un must-have per ogni professionista del settore. Scegli 3M 847 per un legame che dura nel tempo e che offre prestazioni senza pari nel tuo lavoro quotidiano.","feature_1":"Formula nitrilica ad alte prestazioni per legami robusti","feature_2":"Resistente a temperature estreme da -40\u00b0C a +80\u00b0C","feature_3":"Asciugatura rapida per massimizzare l'efficienza","feature_4":"Applicazione semplice e precisa grazie al formato spray","feature_5":"Eccellente resistenza a solventi e agenti chimici","feature_6":"Ideale per applicazioni industriali e riparazioni","feature_7":"Elevata adesione su gomma e guarnizioni","feature_8":"Durabilit\u00e0 garantita anche in condizioni di umidit\u00e0","feature_9":"Compatibile con una vasta gamma di materiali","feature_10":"Certificato per l'uso in applicazioni industriali severe"},"_links":{"self":[{"href":"https:\/\/finatsrl.it\/de\/wp-json\/wp\/v2\/product\/9904","targetHints":{"allow":["GET"]}}],"collection":[{"href":"https:\/\/finatsrl.it\/de\/wp-json\/wp\/v2\/product"}],"about":[{"href":"https:\/\/finatsrl.it\/de\/wp-json\/wp\/v2\/types\/product"}],"wp:featuredmedia":[{"embeddable":true,"href":"https:\/\/finatsrl.it\/de\/wp-json\/wp\/v2\/media\/7852"}],"wp:attachment":[{"href":"https:\/\/finatsrl.it\/de\/wp-json\/wp\/v2\/media?parent=9904"}],"wp:term":[{"taxonomy":"product_brand","embeddable":true,"href":"https:\/\/finatsrl.it\/de\/wp-json\/wp\/v2\/product_brand?post=9904"},{"taxonomy":"product_cat","embeddable":true,"href":"https:\/\/finatsrl.it\/de\/wp-json\/wp\/v2\/product_cat?post=9904"},{"taxonomy":"product_tag","embeddable":true,"href":"https:\/\/finatsrl.it\/de\/wp-json\/wp\/v2\/product_tag?post=9904"}],"curies":[{"name":"wp","href":"https:\/\/api.w.org\/{rel}","templated":true}]}}