{"id":9881,"date":"2025-01-27T15:38:32","date_gmt":"2025-01-27T14:38:32","guid":{"rendered":"https:\/\/finatnew.newhosting.intellijam.com\/prodotto\/nastro-per-la-segnaletica-di-sicurezza-3m-767i\/"},"modified":"2025-11-12T19:20:15","modified_gmt":"2025-11-12T18:20:15","slug":"nastro-per-la-segnaletica-di-sicurezza-3m-767i","status":"publish","type":"product","link":"https:\/\/finatsrl.it\/de\/product\/nastro-per-la-segnaletica-di-sicurezza-3m-767i\/","title":{"rendered":"Nastro per la segnaletica di sicurezza 3M 767i"},"content":{"rendered":"<div class=\"product-bullet-block\">\n<div class=\"bullet n1\">Ideale per applicazioni di marcatura di sicurezza in aree a traffico limitato<\/div>\n<div class=\"bullet n2\">Marcatura di punti o ingranaggi dell&#8217;attrezzatura a scopo di avvertimento<\/div>\n<div class=\"bullet n3\">Si applica istantaneamente ed \u00e8 subito pronto all&#8217;uso<\/div>\n<div class=\"bullet n4\">Si estente e adatta a superfici curve e intorno agli angoli<\/div>\n<div class=\"bullet n5\">I colori vivaci sono facili da identificare nell&#8217;ambienti di produzione<\/div>\n<div class=\"bullet n6\">Ideale per applicazioni di marcature di sicurezza in aree di traffico leggero<\/div>\n<div class=\"bullet n7\"><\/div>\n<\/div>\n<div class=\"product-description-block\">\n<div class=\"short\">Il nastro per avvertimento di pericolo per uso generico 3M 767 bianco e rosso, \u00e8 ideale per la marcatura di punti di presa o ingranaggi delle attrezzature a scopo di avvertimento. Pu\u00f2 essere utilizzato anche per la marcatura del pavimento in aree a traffico limitato e intorno ad attrezzature o sversamenti.<\/div>\n<div class=\"extended\">I nastri in vinile per uso generico a strisce rosse e bianche, ideali per la marcatura di punti di presa dell&#8217;attrezzatura o ingranaggi a scopo di avvertimento. Pu\u00f2 essere utilizzato anche per la marcatura del pavimento in aree a traffico limitato e intorno ad attrezzature o sversamenti.<\/div>\n<\/div>\n","protected":false},"excerpt":{"rendered":"<p>Il nastro per avvertimento di pericolo per uso generico 3M 767 bianco e rosso, \u00e8 ideale per la marcatura di punti di presa o ingranaggi delle attrezzature a scopo di avvertimento. Pu\u00f2 essere utilizzato anche per la marcatura del pavimento in aree a traffico limitato e intorno ad attrezzature o sversamenti.<\/p>\n","protected":false},"featured_media":7839,"template":"","meta":{"_acf_changed":false},"product_brand":[3337],"product_cat":[29,801],"product_tag":[1376,1377,1378,1375,1373,1372,1379,1371,1374,1370],"class_list":{"0":"post-9881","1":"product","2":"type-product","3":"status-publish","4":"has-post-thumbnail","6":"product_brand-3m","7":"product_cat-adesivi-e-nastri-industriali","8":"product_cat-nastri-per-schermature-e-alte-prestazioni","9":"product_tag-codifica-dei-colori","10":"product_tag-fasciatura","11":"product_tag-marcatura-di-sicurezza","12":"product_tag-nastri-a-strisce-di-sicurezza","13":"product_tag-nastro-di-avvertimento","14":"product_tag-nastro-di-pericolo","15":"product_tag-nastro-di-riparazione","16":"product_tag-nastro-in-vinile","17":"product_tag-nastro-pvc","18":"product_tag-nastro-segnaletico-per-pavimenti","19":"pa_colore-bianco","21":"first","22":"instock","23":"product-type-simple"},"acf":{"short_description":"Il Nastro per la segnaletica di sicurezza 3M 767i \u00e8 progettato per garantire visibilit\u00e0 e sicurezza in ambienti industriali. Resistente e duraturo, \u00e8 la scelta ideale per segnalare aree pericolose.","long_description":"Il Nastro per la segnaletica di sicurezza 3M 767i \u00e8 una soluzione innovativa e altamente efficace per garantire la sicurezza nei luoghi di lavoro. Progettato per resistere a condizioni ambientali avverse, questo nastro offre una visibilit\u00e0 eccezionale, permettendo di segnalare chiaramente aree pericolose o zone di accesso limitato.\r\n\r\nRealizzato con materiali di alta qualit\u00e0, il nastro 3M 767i presenta una superficie adesiva forte che garantisce un'applicazione rapida e duratura su diverse superfici, inclusi pavimenti, pareti e attrezzature. La sua resistenza alla temperatura, fino a 29\u00b0C, lo rende adatto per ambienti industriali dove le variazioni di temperatura possono essere un problema.\r\n\r\nLa sua finitura bianca, combinata con un forte contrasto visivo, rende il nastro facilmente identificabile, contribuendo a migliorare la sicurezza generale. \u00c8 ideale per l'uso in fabbriche, magazzini e ambienti di lavoro in cui la segnaletica \u00e8 fondamentale per evitare incidenti.\r\n\r\nInoltre, il Nastro per la segnaletica di sicurezza 3M 767i \u00e8 progettato per resistere all'usura e ai graffi, garantendo una lunga durata anche in condizioni di lavoro intensivo. Grazie alla sua versatilit\u00e0, pu\u00f2 essere utilizzato per creare linee di demarcazione, indicazioni di sicurezza e altre segnalazioni necessarie.\r\n\r\nAcquista il Nastro per la segnaletica di sicurezza 3M 767i per migliorare la sicurezza nel tuo ambiente di lavoro. Con il suo design robusto e la sua efficacia comprovata, non ti deluder\u00e0. Scegli la qualit\u00e0 3M e fai la differenza nella tua azienda!","feature_1":"Materiale di alta qualit\u00e0 per una lunga durata","feature_2":"Superficie adesiva forte per un'applicazione rapida","feature_3":"Resistente a temperature fino a 29\u00b0C","feature_4":"Finitura bianca per un'elevata visibilit\u00e0","feature_5":"Resistente all'usura e ai graffi","feature_6":"Facile da applicare su diverse superfici","feature_7":"Ideale per fabbriche e magazzini","feature_8":"Segnalazione chiara di aree pericolose","feature_9":"Versatile per linee di demarcazione e indicazioni","feature_10":"Conformit\u00e0 agli standard di sicurezza industriale"},"_links":{"self":[{"href":"https:\/\/finatsrl.it\/de\/wp-json\/wp\/v2\/product\/9881","targetHints":{"allow":["GET"]}}],"collection":[{"href":"https:\/\/finatsrl.it\/de\/wp-json\/wp\/v2\/product"}],"about":[{"href":"https:\/\/finatsrl.it\/de\/wp-json\/wp\/v2\/types\/product"}],"wp:featuredmedia":[{"embeddable":true,"href":"https:\/\/finatsrl.it\/de\/wp-json\/wp\/v2\/media\/7839"}],"wp:attachment":[{"href":"https:\/\/finatsrl.it\/de\/wp-json\/wp\/v2\/media?parent=9881"}],"wp:term":[{"taxonomy":"product_brand","embeddable":true,"href":"https:\/\/finatsrl.it\/de\/wp-json\/wp\/v2\/product_brand?post=9881"},{"taxonomy":"product_cat","embeddable":true,"href":"https:\/\/finatsrl.it\/de\/wp-json\/wp\/v2\/product_cat?post=9881"},{"taxonomy":"product_tag","embeddable":true,"href":"https:\/\/finatsrl.it\/de\/wp-json\/wp\/v2\/product_tag?post=9881"}],"curies":[{"name":"wp","href":"https:\/\/api.w.org\/{rel}","templated":true}]}}