{"id":9837,"date":"2025-01-27T15:38:32","date_gmt":"2025-01-27T14:38:32","guid":{"rendered":"https:\/\/finatnew.newhosting.intellijam.com\/prodotto\/nastro-per-la-segnaletica-di-sicurezza-3m-766\/"},"modified":"2025-11-26T12:10:54","modified_gmt":"2025-11-26T11:10:54","slug":"nastro-per-la-segnaletica-di-sicurezza-3m-766","status":"publish","type":"product","link":"https:\/\/finatsrl.it\/de\/product\/nastro-per-la-segnaletica-di-sicurezza-3m-766\/","title":{"rendered":"Nastro per la segnaletica di sicurezza 3M 766"},"content":{"rendered":"<div class=\"product-bullet-block\">\n<div class=\"bullet n1\">Ideale per applicazioni di marcatura di sicurezza in aree a traffico limitato<\/div>\n<div class=\"bullet n2\">Marcatura di punti o ingranaggi dell&#8217;attrezzatura a scopo di avvertimento<\/div>\n<div class=\"bullet n3\">Si applica istantaneamente ed \u00e8 subito pronto all&#8217;uso<\/div>\n<div class=\"bullet n4\">Si estente e adatta a superfici curve e intorno agli angoli<\/div>\n<div class=\"bullet n5\">I colori vivaci sono facili da identificare nell&#8217;ambienti di produzione<\/div>\n<div class=\"bullet n6\">Ideale per applicazioni di marcature di sicurezza in aree di traffico leggero<\/div>\n<div class=\"bullet n7\"><\/div>\n<\/div>\n<div class=\"product-description-block\">\n<div class=\"short\">Il nastro per avvertimento di pericolo per uso generico 3M 766 in nero e giallo \u00e8 ideale per la marcatura di punti di presa o ingranaggi delle attrezzature a scopo di avvertimento. Pu\u00f2 essere utilizzato anche per la marcatura del pavimento in aree a traffico limitato e intorno ad attrezzature o sversamenti.<\/div>\n<div class=\"extended\">Nastri in vinile per uso generico a strisce gialle e nere, ideali per la marcatura di punti di presa o ingranaggi di apparecchiature a scopo di avvertimento. Pu\u00f2 essere utilizzato anche per la marcatura del pavimento in aree a traffico limitato e intorno ad attrezzature o sversamenti.<\/div>\n<\/div>\n","protected":false},"excerpt":{"rendered":"<p>Il nastro per avvertimento di pericolo per uso generico 3M 766 in nero e giallo \u00e8 ideale per la marcatura di punti di presa o ingranaggi delle attrezzature a scopo di avvertimento. Pu\u00f2 essere utilizzato anche per la marcatura del pavimento in aree a traffico limitato e intorno ad attrezzature o sversamenti.<\/p>\n","protected":false},"featured_media":7820,"template":"","meta":{"_acf_changed":false},"product_brand":[3337],"product_cat":[1053,1063],"product_tag":[1376,1377,1378,1375,1373,1372,1379,1371,1374,1370],"class_list":{"0":"post-9837","1":"product","2":"type-product","3":"status-publish","4":"has-post-thumbnail","6":"product_brand-3m","7":"product_cat-industrial-adhesives-tapes-fr","8":"product_cat-enhancing-shielding-tapes-fr","9":"product_tag-codifica-dei-colori","10":"product_tag-fasciatura","11":"product_tag-marcatura-di-sicurezza","12":"product_tag-nastri-a-strisce-di-sicurezza","13":"product_tag-nastro-di-avvertimento","14":"product_tag-nastro-di-pericolo","15":"product_tag-nastro-di-riparazione","16":"product_tag-nastro-in-vinile","17":"product_tag-nastro-pvc","18":"product_tag-nastro-segnaletico-per-pavimenti","19":"pa_colore-giallo","20":"pa_colore-giallo-nero","22":"first","23":"instock","24":"product-type-variable","25":"has-default-attributes"},"acf":{"short_description":"Il nastro per la segnaletica di sicurezza 3M 766 \u00e8 la soluzione ideale per garantire alta visibilit\u00e0 e sicurezza in ogni ambiente di lavoro. Resistente e versatile, \u00e8 progettato per adattarsi a diverse superfici e condizioni. Ordina subito!","long_description":"<p>Il nastro per la segnaletica di sicurezza 3M 766 \u00e8 una scelta eccellente per chi cerca un prodotto di alta qualit\u00e0 per garantire la sicurezza in ambienti industriali e commerciali. Grazie alla sua eccezionale visibilit\u00e0, questo nastro \u00e8 perfetto per segnalare pericoli, delimitare aree e fornire indicazioni chiare a dipendenti e visitatori. Realizzato con materiali durevoli, il nastro 3M 766 resiste a condizioni atmosferiche avverse, garantendo prestazioni ottimali anche in ambienti esterni. La sua adesione forte e duratura assicura che rimanga in posizione anche su superfici irregolari o polverose. Questo prodotto \u00e8 progettato per l'uso su pavimenti, pareti e altre superfici, rendendolo estremamente versatile per qualsiasi esigenza di segnaletica. Con una larghezza di 5 cm e una lunghezza di 33 metri, il nastro offre ampie possibilit\u00e0 di utilizzo. La sua applicazione \u00e8 semplice e veloce, senza necessit\u00e0 di attrezzature speciali. Inoltre, il nastro per la segnaletica di sicurezza 3M 766 \u00e8 disponibile in diverse colorazioni, permettendo di scegliere la soluzione pi\u00f9 adatta alle specifiche esigenze di segnalazione. Non solo migliora la visibilit\u00e0, ma contribuisce anche a creare un ambiente di lavoro pi\u00f9 sicuro, riducendo il rischio di incidenti. Investire nel nastro 3M 766 significa scegliere un prodotto che unisce qualit\u00e0, sicurezza e convenienza. Non aspettare oltre, scegli il nastro per la segnaletica di sicurezza 3M 766 e garantisci un ambiente di lavoro sicuro e ordinato.<\/p>","feature_1":"Alta visibilit\u00e0 per una segnalazione efficace","feature_2":"Resistente agli agenti atmosferici per uso esterno","feature_3":"Adesione forte su diverse superfici","feature_4":"Facile da applicare senza attrezzature speciali","feature_5":"Larghezza di 5 cm per una segnalazione chiara","feature_6":"Lunghezza di 33 metri per molteplici utilizzi","feature_7":"Disponibile in diverse colorazioni per esigenze specifiche","feature_8":"Materiale durevole per una lunga durata nel tempo","feature_9":"Resistente all'usura per ambienti industriali","feature_10":"Versatile per uso su pavimenti e pareti"},"_links":{"self":[{"href":"https:\/\/finatsrl.it\/de\/wp-json\/wp\/v2\/product\/9837","targetHints":{"allow":["GET"]}}],"collection":[{"href":"https:\/\/finatsrl.it\/de\/wp-json\/wp\/v2\/product"}],"about":[{"href":"https:\/\/finatsrl.it\/de\/wp-json\/wp\/v2\/types\/product"}],"wp:featuredmedia":[{"embeddable":true,"href":"https:\/\/finatsrl.it\/de\/wp-json\/wp\/v2\/media\/7820"}],"wp:attachment":[{"href":"https:\/\/finatsrl.it\/de\/wp-json\/wp\/v2\/media?parent=9837"}],"wp:term":[{"taxonomy":"product_brand","embeddable":true,"href":"https:\/\/finatsrl.it\/de\/wp-json\/wp\/v2\/product_brand?post=9837"},{"taxonomy":"product_cat","embeddable":true,"href":"https:\/\/finatsrl.it\/de\/wp-json\/wp\/v2\/product_cat?post=9837"},{"taxonomy":"product_tag","embeddable":true,"href":"https:\/\/finatsrl.it\/de\/wp-json\/wp\/v2\/product_tag?post=9837"}],"curies":[{"name":"wp","href":"https:\/\/api.w.org\/{rel}","templated":true}]}}