{"id":9673,"date":"2025-01-27T15:37:08","date_gmt":"2025-01-27T14:37:08","guid":{"rendered":"https:\/\/finatnew.newhosting.intellijam.com\/prodotto\/nastro-in-piombo-3m-420\/"},"modified":"2026-01-09T14:11:42","modified_gmt":"2026-01-09T13:11:42","slug":"nastro-in-piombo-3m-420","status":"publish","type":"product","link":"https:\/\/finatsrl.it\/de\/product\/nastro-in-piombo-3m-420\/","title":{"rendered":"Nastro in piombo 3M 420"},"content":{"rendered":"<div class=\"product-bullet-block\">\n<div class=\"bullet n1\">Nastro conformabile che resiste a fiamme, umidit\u00e0, agenti atmosferici, degradazione da raggi UV, e molti prodotti chimici usati nei processi di galvanoplastica e anodizzazione<\/div>\n<div class=\"bullet n2\">Si lega bene ad una variet\u00e0 di superfici, tra cui la maggior parte dei metalli<\/div>\n<div class=\"bullet n3\">Funziona in un&#8217;ampia variet\u00e0 di temperature<\/div>\n<div class=\"bullet n4\">Facile rilascio del liner<\/div>\n<div class=\"bullet n5\">Il rivestimento consente di tagliare il nastro in forme specifiche per i processi di assemblaggio e fabbricazione<\/div>\n<div class=\"bullet n6\"><\/div>\n<div class=\"bullet n7\"><\/div>\n<\/div>\n<div class=\"product-description-block\">\n<div class=\"short\">Il nastro in lamina di piombo 3M 420 \u00e8 un nastro elettricamente e termicamente conduttivo. Questo nastro altamente conformabile resiste a fiamma, umidit\u00e0, agenti atmosferici, degrado per raggi UV, sostanze chimiche e radiazioni.<\/div>\n<div class=\"extended\">Nastro elettricamente e termicamente conduttivo per processi di galvanoplastica e anodizzazione.<\/div>\n<\/div>\n","protected":false},"excerpt":{"rendered":"<p>Il nastro in lamina di piombo 3M 420 \u00e8 un nastro elettricamente e termicamente conduttivo. Questo nastro altamente conformabile resiste a fiamma, umidit\u00e0, agenti atmosferici, degrado per raggi UV, sostanze chimiche e radiazioni.<\/p>\n","protected":false},"featured_media":7595,"template":"","meta":{"_acf_changed":false},"product_brand":[3337],"product_cat":[29,801],"product_tag":[3338,3368,3369,1606,1603,1323,1248,1597,1595,1593,1605,1516,1415,1608,1511,3370,1479,1609,1512,1596,1598,1602,1601,6663,1600,1607],"class_list":{"0":"post-9673","1":"product","2":"type-product","3":"status-publish","4":"has-post-thumbnail","6":"product_brand-3m","7":"product_cat-adesivi-e-nastri-industriali","8":"product_cat-nastri-per-schermature-e-alte-prestazioni","9":"product_tag-3m","10":"product_tag-3m-420","11":"product_tag-anodizzazione","12":"product_tag-facile-rilascio-del-liner","13":"product_tag-galvanoplastica","14":"product_tag-monoadesivo","15":"product_tag-nastro","16":"product_tag-nastro-conformabile","17":"product_tag-nastro-elettricamente-conduttivo","18":"product_tag-nastro-in-piombo","19":"product_tag-nastro-per-alte-temperature","20":"product_tag-nastro-per-assemblaggio","21":"product_tag-nastro-per-automotive","22":"product_tag-nastro-per-fabbricazione","23":"product_tag-nastro-per-industria","24":"product_tag-nastro-per-manutenzione-industriale","25":"product_tag-nastro-per-metalli","26":"product_tag-nastro-per-riparazioni-industriali","27":"product_tag-nastro-per-trasporti","28":"product_tag-nastro-termicamente-conduttivo","29":"product_tag-resistenza-a-fiamme","30":"product_tag-resistenza-a-prodotti-chimici","31":"product_tag-resistenza-a-raggi-uv","32":"product_tag-resistenza-a-umidita","33":"product_tag-resistenza-ad-agenti-atmosferici","34":"product_tag-taglio-personalizzato-nastro","35":"pa_colore-argento","36":"pa_colore-argento-scuro","38":"first","39":"instock","40":"product-type-simple"},"acf":{"short_description":"Il nastro in piombo 3M 420 \u00e8 la soluzione ideale per schermature di alta qualit\u00e0. Grazie alla sua resistenza e versatilit\u00e0, offre prestazioni superiori in applicazioni industriali.","long_description":"Il nastro in piombo 3M 420 rappresenta una scelta eccellente per professionisti e aziende che necessitano di soluzioni per schermature e alte prestazioni. Realizzato in un materiale di alta qualit\u00e0, questo nastro \u00e8 progettato per garantire un'ottima protezione contro le interferenze elettromagnetiche, rendendolo perfetto per applicazioni in ambienti industriali e tecnologici. Con una temperatura massima di utilizzo di 107\u00b0C, il nastro in piombo 3M 420 resiste a condizioni estreme senza compromettere la sua adesivit\u00e0 e integrit\u00e0.","feature_1":"Composizione in piombo per schermature efficaci","feature_2":"Resistente a temperature fino a 107\u00b0C","feature_3":"Ottima adesione su diverse superfici","feature_4":"Flessibile e facile da applicare","feature_5":"Design compatto per utilizzi in spazi ristretti","feature_6":"Alta resistenza chimica e fisica","feature_7":"Riduce le interferenze elettromagnetiche","feature_8":"Disponibile in rotoli di lunghezza variabile","feature_9":"Facile da rimuovere senza residui","feature_10":"Certificato per utilizzo in applicazioni industriali"},"_links":{"self":[{"href":"https:\/\/finatsrl.it\/de\/wp-json\/wp\/v2\/product\/9673","targetHints":{"allow":["GET"]}}],"collection":[{"href":"https:\/\/finatsrl.it\/de\/wp-json\/wp\/v2\/product"}],"about":[{"href":"https:\/\/finatsrl.it\/de\/wp-json\/wp\/v2\/types\/product"}],"wp:featuredmedia":[{"embeddable":true,"href":"https:\/\/finatsrl.it\/de\/wp-json\/wp\/v2\/media\/7595"}],"wp:attachment":[{"href":"https:\/\/finatsrl.it\/de\/wp-json\/wp\/v2\/media?parent=9673"}],"wp:term":[{"taxonomy":"product_brand","embeddable":true,"href":"https:\/\/finatsrl.it\/de\/wp-json\/wp\/v2\/product_brand?post=9673"},{"taxonomy":"product_cat","embeddable":true,"href":"https:\/\/finatsrl.it\/de\/wp-json\/wp\/v2\/product_cat?post=9673"},{"taxonomy":"product_tag","embeddable":true,"href":"https:\/\/finatsrl.it\/de\/wp-json\/wp\/v2\/product_tag?post=9673"}],"curies":[{"name":"wp","href":"https:\/\/api.w.org\/{rel}","templated":true}]}}